{"id":27014,"date":"2021-06-25T08:05:16","date_gmt":"2021-06-25T08:05:16","guid":{"rendered":"https:\/\/super-weddings.com\/?page_id=27014"},"modified":"2021-10-27T07:19:16","modified_gmt":"2021-10-27T07:19:16","slug":"palac-mala-wies-wesele","status":"publish","type":"page","link":"https:\/\/super-weddings.com\/pl\/palac-mala-wies-wesele\/","title":{"rendered":"Pa\u0142ac Ma\u0142a Wie\u015b &#8211; wesele w idealnym miejscu"},"content":{"rendered":"\n<p>Kiedy ju\u017c zapadnie decyzja o \u015blubie, pojawia si\u0119 podstawowa kwestia: gdzie zorganizowa\u0107 wesele. Ka\u017cdej m\u0142odej parze zale\u017cy, aby ich wesele by\u0142o jedyne w swoim rodzaju, dlatego odpowiednia lokalizacja ma kluczowe znaczenie. Miejscem, kt\u00f3re z pewno\u015bci\u0105 przypadnie do gustu nawet najbardziej wybrednym go\u015bciom, jest <strong>sala weselna Pa\u0142ac Ma\u0142a Wie\u015b<\/strong>. <\/p>\n\n\n\n<p>Jest to wymarzony obiekt na organizacj\u0119 uroczysto\u015bci weselnej, czego dowodem s\u0105 nie tylko znakomite opinie umieszczone w Internecie przez nowo\u017ce\u0144c\u00f3w, ich go\u015bci i rodzic\u00f3w, ale tak\u017ce fakt, i\u017c w tym miejscu organizuj\u0105 swoje <a href=\"https:\/\/super-weddings.com\/pl\/poradnik\/sluby-vip-celebrytow\/\" data-type=\"URL\" data-id=\"https:\/\/super-weddings.com\/pl\/poradnik\/sluby-vip-celebrytow\/\">\u015bluby znani celebryci<\/a>. <\/p>\n\n\n\n<p>Jedn\u0105 z takich os\u00f3b by\u0142 Agustin Egurrola, nasze zdj\u0119cia i film ze \u015blubu znanego tancerza, choreografa i jego wybranki pokazuj\u0105 urod\u0119 i klimat tego miejsca. Tancerz m\u00f3wi o tym miejscu tak: Przysi\u0119g\u0119 sk\u0142adali\u015bmy w Gloriecie, w zachwycaj\u0105cych ogrodach pa\u0142acu. Ca\u0142y czas \u015bwieci\u0142o pi\u0119kne s\u0142o\u0144ce. A przyj\u0119cie odby\u0142o si\u0119 200 metr\u00f3w dalej, w przepi\u0119knej oran\u017cerii. <\/p>\n\n\n\n<figure class=\"wp-block-gallery columns-1 is-cropped wp-block-gallery-1 is-layout-flex wp-block-gallery-is-layout-flex\"><ul class=\"blocks-gallery-grid\"><li class=\"blocks-gallery-item\"><figure><img loading=\"lazy\" decoding=\"async\" width=\"1000\" height=\"667\" src=\"https:\/\/super-weddings.com\/wp-content\/uploads\/2021\/06\/23\/palac_mala_wies_wesele4-1000x667.jpg\" alt=\"pa\u0142ac ma\u0142a wie\u015b wesele Augistina Egurolii\" data-id=\"27028\" data-full-url=\"https:\/\/super-weddings.com\/wp-content\/uploads\/2021\/06\/23\/palac_mala_wies_wesele4.jpg\" data-link=\"https:\/\/super-weddings.com\/pl\/?attachment_id=27028#main\" class=\"wp-image-27028\" title=\"\" srcset=\"https:\/\/super-weddings.com\/wp-content\/uploads\/2021\/06\/23\/palac_mala_wies_wesele4-1000x667.jpg 1000w, https:\/\/super-weddings.com\/wp-content\/uploads\/2021\/06\/23\/palac_mala_wies_wesele4-800x533.jpg 800w, https:\/\/super-weddings.com\/wp-content\/uploads\/2021\/06\/23\/palac_mala_wies_wesele4-768x512.jpg 768w, https:\/\/super-weddings.com\/wp-content\/uploads\/2021\/06\/23\/palac_mala_wies_wesele4-1536x1024.jpg 1536w, https:\/\/super-weddings.com\/wp-content\/uploads\/2021\/06\/23\/palac_mala_wies_wesele4-1200x800.jpg 1200w, https:\/\/super-weddings.com\/wp-content\/uploads\/2021\/06\/23\/palac_mala_wies_wesele4.jpg 2048w\" sizes=\"auto, (max-width: 1000px) 100vw, 1000px\" \/><\/figure><\/li><\/ul><\/figure>\n\n\n\n<p>Ju\u017c sama wypowied\u017a Agustina Egurroli jest doskona\u0142ym dowodem na to, \u017ce <strong>sala weselna Ma\u0142a Wie\u015b<\/strong> to najlepsze miejsce na wesele, ponadto obiekt spe\u0142nia podstawowe, uniwersalne warunki, jakich oczekuj\u0105 m\u0142odzi i go\u015bcie. Ma wspania\u0142\u0105 lokalizacj\u0119, jest dostosowany do wszystkich go\u015bci, zar\u00f3wno tych, kt\u00f3rzy pragn\u0105 si\u0119 odda\u0107 tanecznemu szale\u0144stwu, jak i tych, kt\u00f3rzy zechc\u0105 porozmawia\u0107 z dawno niewidzianymi krewnymi. Pa\u0142ac posiada te\u017c wspania\u0142e otoczenie i co najwa\u017cniejsze, oferuje znakomite menu sprzyjaj\u0105ce najbardziej wysublimowanym gustom.<\/p>\n\n\n\n<figure class=\"wp-block-image size-large\"><img loading=\"lazy\" decoding=\"async\" width=\"1000\" height=\"667\" src=\"https:\/\/super-weddings.com\/wp-content\/uploads\/2021\/06\/23\/palac_mala_wies_wesele_-1000x667.jpg\" alt=\"agustin egurolla podczas wesele palac mala wies\" class=\"wp-image-27016\" title=\"\" srcset=\"https:\/\/super-weddings.com\/wp-content\/uploads\/2021\/06\/23\/palac_mala_wies_wesele_-1000x667.jpg 1000w, https:\/\/super-weddings.com\/wp-content\/uploads\/2021\/06\/23\/palac_mala_wies_wesele_-800x533.jpg 800w, https:\/\/super-weddings.com\/wp-content\/uploads\/2021\/06\/23\/palac_mala_wies_wesele_-768x512.jpg 768w, https:\/\/super-weddings.com\/wp-content\/uploads\/2021\/06\/23\/palac_mala_wies_wesele_-1536x1024.jpg 1536w, https:\/\/super-weddings.com\/wp-content\/uploads\/2021\/06\/23\/palac_mala_wies_wesele_-1200x800.jpg 1200w, https:\/\/super-weddings.com\/wp-content\/uploads\/2021\/06\/23\/palac_mala_wies_wesele_.jpg 2048w\" sizes=\"auto, (max-width: 1000px) 100vw, 1000px\" \/><\/figure>\n\n\n\n<h2 class=\"wp-block-heading\">Pa\u0142ac Ma\u0142a Wie\u015b &#8211; wesela i opinie<\/h2>\n\n\n\n<p>Je\u017celi szukacie odpowiedniego miejsca na przyj\u0119cie weselne i zastanawiacie si\u0119, czy <a href=\"https:\/\/palacmalawies.pl\/\" target=\"_blank\" rel=\"noreferrer noopener\"><span style=\"text-decoration: underline;\">Pa\u0142ac Ma\u0142a Wie\u015b<\/span> <\/a>i wesele to dobre po\u0142\u0105czenie, musicie koniecznie przeczyta\u0107, co o tym wszystkim my\u015blimy. Na co dzie\u0144 zajmujemy si\u0119 filmami i fotografi\u0105 \u015blubn\u0105 i ju\u017c wielokrotnie uczestniczyli\u015bmy w przyj\u0119ciach \u015blubnych organizowanych w Pa\u0142acu Ma\u0142a Wie\u015b. Chcieliby\u015bmy podzieli\u0107 si\u0119 z wami naszymi przemy\u015bleniami na temat obiektu Pa\u0142ac Ma\u0142a Wie\u015b, opinie nasze powinny pom\u00f3c wam podj\u0105\u0107 jak najlepsz\u0105 decyzj\u0119 i zorganizowa\u0107 imprez\u0119, o kt\u00f3rej b\u0119dziecie pami\u0119ta\u0107 ca\u0142e \u017cycie.<\/p>\n\n\n\n<p>Wg naszej opinii, Pa\u0142ac Ma\u0142a Wie\u015b to jedno z bardziej urokliwych i eleganckich miejsc na wesele w woj. Mazowieckim. Sala weselna idealna na <a href=\"https:\/\/super-weddings.com\/pl\/poradnik\/wesele-glamour-eleganckie-sluby\/\" data-type=\"URL\" data-id=\"https:\/\/super-weddings.com\/pl\/poradnik\/wesele-glamour-eleganckie-sluby\/\">wesele glamour<\/a> z du\u017c\u0105 oran\u017ceri\u0105 lub szklarnia na wesela w stylu boho lub industrialnym. <\/p>\n\n\n\n<figure class=\"wp-block-gallery columns-1 is-cropped wp-block-gallery-2 is-layout-flex wp-block-gallery-is-layout-flex\"><ul class=\"blocks-gallery-grid\"><li class=\"blocks-gallery-item\"><figure><img loading=\"lazy\" decoding=\"async\" width=\"1000\" height=\"667\" src=\"https:\/\/super-weddings.com\/wp-content\/uploads\/2021\/06\/23\/palac_mala_wies_wesele2-1000x667.jpg\" alt=\"\" data-id=\"27024\" data-full-url=\"https:\/\/super-weddings.com\/wp-content\/uploads\/2021\/06\/23\/palac_mala_wies_wesele2.jpg\" data-link=\"https:\/\/super-weddings.com\/pl\/?attachment_id=27024#main\" class=\"wp-image-27024\" title=\"\" srcset=\"https:\/\/super-weddings.com\/wp-content\/uploads\/2021\/06\/23\/palac_mala_wies_wesele2-1000x667.jpg 1000w, https:\/\/super-weddings.com\/wp-content\/uploads\/2021\/06\/23\/palac_mala_wies_wesele2-800x533.jpg 800w, https:\/\/super-weddings.com\/wp-content\/uploads\/2021\/06\/23\/palac_mala_wies_wesele2-768x512.jpg 768w, https:\/\/super-weddings.com\/wp-content\/uploads\/2021\/06\/23\/palac_mala_wies_wesele2-1536x1024.jpg 1536w, https:\/\/super-weddings.com\/wp-content\/uploads\/2021\/06\/23\/palac_mala_wies_wesele2-1200x800.jpg 1200w, https:\/\/super-weddings.com\/wp-content\/uploads\/2021\/06\/23\/palac_mala_wies_wesele2.jpg 2048w\" sizes=\"auto, (max-width: 1000px) 100vw, 1000px\" \/><\/figure><\/li><\/ul><\/figure>\n\n\n\n<h2 class=\"wp-block-heading\">Pa\u0142ac Ma\u0142a Wie\u015b &#8211; sen o \u015blubie jak z bajki<\/h2>\n\n\n\n<p>Pa\u0142ac Ma\u0142a Wie\u015b pod Warszaw\u0105 to niezwyk\u0142e miejsce pe\u0142ne elegancji i szyku. Obiekt jest doskonale zachowany i pieczo\u0142owicie odrestaurowany. Pa\u0142ac zosta\u0142 zaprojektowany w stylu klasycystycznym przez Hilarego Szpilowskiego dla Bazylego Walickiego, powsta\u0142 w latach 1783-1786. Jest to dwupi\u0119trowy obiekt ozdobiony od przodu portykiem podpartym na o\u015bmiu kolumnach, posiada pi\u0119kny podjazd. Po renowacji przeprowadzonej w latach 2013\u20132016 Pa\u0142ac zosta\u0142 zaadaptowany do cel\u00f3w us\u0142ugowych. W miejscu starego pawilonu recepcyjnego powsta\u0142 wielofunkcyjny obiekt \u2013 Nowa Oran\u017ceria. Jest to jedno z najatrakcyjniejszych miejsc, jakie posiada Pa\u0142ac Ma\u0142a Wie\u015b. Oran\u017ceria to wspania\u0142a przestrze\u0144 bankietowa, przepi\u0119kny budynek z wysokimi oknami otwarty na pa\u0142acowe ogrody, co z pewno\u015bci\u0105 doda szyku uroczysto\u015bci weselnej. Zalet\u0105 Oran\u017cerii jest r\u00f3wnie\u017c to, \u017ce mo\u017cna j\u0105 zaaran\u017cowa\u0107 w dowolny, wybrany przez pa\u0144stwa m\u0142odych spos\u00f3b. Cztery przypa\u0142acowe oficyny zosta\u0142y zaadaptowane na pokoje hotelowe, kt\u00f3re mog\u0105 s\u0142u\u017cy\u0107 weselnym go\u015bciom spragnionym odpoczynku. Niezwyk\u0142\u0105 atrakcj\u0119 stanowi francuski ogr\u00f3d, kt\u00f3ry niegdy\u015b uchodzi\u0142 za jeden z najpi\u0119kniejszych w \u015brodkowej Europie, a i dzisiaj zachwyca go\u015bci. Jego najwi\u0119ksz\u0105 ozdob\u0105 jest ogr\u00f3d r\u00f3\u017cany, kt\u00f3ry mo\u017ce by\u0107 znakomitym plenerem dla \u015blubnych zdj\u0119\u0107. Pa\u0142ac Ma\u0142a Wie\u015b znajduje si\u0119 oko\u0142o 50 km od <a href=\"https:\/\/super-weddings.com\/pl\/fotograf-i-kamerzysta-na-wesele-warszawa\/\" data-type=\"page\" data-id=\"15476\">Warszawy<\/a>, obs\u0142uga rekomenduje dojazd drog\u0105 krajow\u0105 nr 7.<\/p>\n\n\n\n<figure class=\"wp-block-gallery columns-3 is-cropped wp-block-gallery-3 is-layout-flex wp-block-gallery-is-layout-flex\"><ul class=\"blocks-gallery-grid\"><li class=\"blocks-gallery-item\"><figure><img loading=\"lazy\" decoding=\"async\" width=\"810\" height=\"1080\" src=\"https:\/\/super-weddings.com\/wp-content\/uploads\/2021\/06\/23\/palac_mala_wies_opinie1.jpg\" alt=\"\" data-id=\"27032\" data-full-url=\"https:\/\/super-weddings.com\/wp-content\/uploads\/2021\/06\/23\/palac_mala_wies_opinie1.jpg\" data-link=\"https:\/\/super-weddings.com\/pl\/?attachment_id=27032#main\" class=\"wp-image-27032\" title=\"\" srcset=\"https:\/\/super-weddings.com\/wp-content\/uploads\/2021\/06\/23\/palac_mala_wies_opinie1.jpg 810w, https:\/\/super-weddings.com\/wp-content\/uploads\/2021\/06\/23\/palac_mala_wies_opinie1-800x1067.jpg 800w, https:\/\/super-weddings.com\/wp-content\/uploads\/2021\/06\/23\/palac_mala_wies_opinie1-768x1024.jpg 768w\" sizes=\"auto, (max-width: 810px) 100vw, 810px\" \/><\/figure><\/li><li class=\"blocks-gallery-item\"><figure><img loading=\"lazy\" decoding=\"async\" width=\"810\" height=\"1080\" src=\"https:\/\/super-weddings.com\/wp-content\/uploads\/2021\/06\/23\/palac_mala_wies_wesele_opinie2.jpg\" alt=\"\" data-id=\"27040\" data-full-url=\"https:\/\/super-weddings.com\/wp-content\/uploads\/2021\/06\/23\/palac_mala_wies_wesele_opinie2.jpg\" data-link=\"https:\/\/super-weddings.com\/pl\/?attachment_id=27040#main\" class=\"wp-image-27040\" title=\"\" srcset=\"https:\/\/super-weddings.com\/wp-content\/uploads\/2021\/06\/23\/palac_mala_wies_wesele_opinie2.jpg 810w, https:\/\/super-weddings.com\/wp-content\/uploads\/2021\/06\/23\/palac_mala_wies_wesele_opinie2-800x1067.jpg 800w, https:\/\/super-weddings.com\/wp-content\/uploads\/2021\/06\/23\/palac_mala_wies_wesele_opinie2-768x1024.jpg 768w\" sizes=\"auto, (max-width: 810px) 100vw, 810px\" \/><\/figure><\/li><li class=\"blocks-gallery-item\"><figure><img loading=\"lazy\" decoding=\"async\" width=\"810\" height=\"1080\" src=\"https:\/\/super-weddings.com\/wp-content\/uploads\/2021\/06\/23\/palac_mala_wies_wesele_opinie.jpg\" alt=\"\" data-id=\"27036\" data-full-url=\"https:\/\/super-weddings.com\/wp-content\/uploads\/2021\/06\/23\/palac_mala_wies_wesele_opinie.jpg\" data-link=\"https:\/\/super-weddings.com\/pl\/?attachment_id=27036#main\" class=\"wp-image-27036\" title=\"\" srcset=\"https:\/\/super-weddings.com\/wp-content\/uploads\/2021\/06\/23\/palac_mala_wies_wesele_opinie.jpg 810w, https:\/\/super-weddings.com\/wp-content\/uploads\/2021\/06\/23\/palac_mala_wies_wesele_opinie-800x1067.jpg 800w, https:\/\/super-weddings.com\/wp-content\/uploads\/2021\/06\/23\/palac_mala_wies_wesele_opinie-768x1024.jpg 768w\" sizes=\"auto, (max-width: 810px) 100vw, 810px\" \/><\/figure><\/li><\/ul><\/figure>\n\n\n\n<h2 class=\"wp-block-heading\">Pa\u0142ac Ma\u0142a Wie\u015b &#8211; wesele na filmach i zdj\u0119ciach<\/h2>\n\n\n\n<p>Nawet najpi\u0119kniejszy opis nie odda urody takiego obiektu, jaki znajduje si\u0119 w miejscowo\u015bci Ma\u0142a Wie\u015b. Pa\u0142ac, wesela i inne uroczysto\u015bci mo\u017cna zobaczy\u0107 na wspania\u0142ych zdj\u0119ciach i filmach, jakie wykonali\u015bmy podczas wielu \u015blub\u00f3w i wesel. Wszystkie pary, kt\u00f3re zamierzaj\u0105 powierzy\u0107 organizacj\u0119 swojej uroczysto\u015bci weselnej obs\u0142udze Pa\u0142acu, powinny obejrze\u0107 nasz\u0105 dokumentacj\u0119 fotograficzn\u0105, kt\u00f3ra nie tylko jest uczt\u0105 dla oka, ale przede wszystkim mo\u017ce stanowi\u0107 znakomit\u0105 inspiracj\u0119 przy przygotowywaniu w\u0142asnego wesela. Jeste\u015bmy przekonani, \u017ce nasze zdj\u0119cia i filmy pomog\u0105 niejednej parze w podj\u0119ciu w\u0142a\u015bciwej decyzji i wyborze tego w\u0142a\u015bnie miejsca na swoje wesele, a by\u0107 mo\u017ce tak\u017ce na \u015blub.<\/p>\n\n\n\n<figure class=\"wp-block-gallery columns-3 is-cropped wp-block-gallery-4 is-layout-flex wp-block-gallery-is-layout-flex\"><ul class=\"blocks-gallery-grid\"><li class=\"blocks-gallery-item\"><figure><img loading=\"lazy\" decoding=\"async\" width=\"1000\" height=\"667\" src=\"https:\/\/super-weddings.com\/wp-content\/uploads\/2021\/06\/23\/palac_mala_wies_wesele_3-1000x667.jpg\" alt=\"\" data-id=\"27060\" data-full-url=\"https:\/\/super-weddings.com\/wp-content\/uploads\/2021\/06\/23\/palac_mala_wies_wesele_3.jpg\" data-link=\"https:\/\/super-weddings.com\/pl\/?attachment_id=27060#main\" class=\"wp-image-27060\" title=\"\" srcset=\"https:\/\/super-weddings.com\/wp-content\/uploads\/2021\/06\/23\/palac_mala_wies_wesele_3-1000x667.jpg 1000w, https:\/\/super-weddings.com\/wp-content\/uploads\/2021\/06\/23\/palac_mala_wies_wesele_3-800x533.jpg 800w, https:\/\/super-weddings.com\/wp-content\/uploads\/2021\/06\/23\/palac_mala_wies_wesele_3-768x512.jpg 768w, https:\/\/super-weddings.com\/wp-content\/uploads\/2021\/06\/23\/palac_mala_wies_wesele_3-1536x1024.jpg 1536w, https:\/\/super-weddings.com\/wp-content\/uploads\/2021\/06\/23\/palac_mala_wies_wesele_3-1200x800.jpg 1200w, https:\/\/super-weddings.com\/wp-content\/uploads\/2021\/06\/23\/palac_mala_wies_wesele_3.jpg 2048w\" sizes=\"auto, (max-width: 1000px) 100vw, 1000px\" \/><\/figure><\/li><li class=\"blocks-gallery-item\"><figure><img loading=\"lazy\" decoding=\"async\" width=\"1000\" height=\"667\" src=\"https:\/\/super-weddings.com\/wp-content\/uploads\/2021\/06\/23\/palac_mala_wies_wesele-1-1000x667.jpg\" alt=\"\" data-id=\"27056\" data-full-url=\"https:\/\/super-weddings.com\/wp-content\/uploads\/2021\/06\/23\/palac_mala_wies_wesele-1.jpg\" data-link=\"https:\/\/super-weddings.com\/pl\/?attachment_id=27056#main\" class=\"wp-image-27056\" title=\"\" srcset=\"https:\/\/super-weddings.com\/wp-content\/uploads\/2021\/06\/23\/palac_mala_wies_wesele-1-1000x667.jpg 1000w, https:\/\/super-weddings.com\/wp-content\/uploads\/2021\/06\/23\/palac_mala_wies_wesele-1-800x533.jpg 800w, https:\/\/super-weddings.com\/wp-content\/uploads\/2021\/06\/23\/palac_mala_wies_wesele-1-768x512.jpg 768w, https:\/\/super-weddings.com\/wp-content\/uploads\/2021\/06\/23\/palac_mala_wies_wesele-1-1536x1024.jpg 1536w, https:\/\/super-weddings.com\/wp-content\/uploads\/2021\/06\/23\/palac_mala_wies_wesele-1-1200x800.jpg 1200w, https:\/\/super-weddings.com\/wp-content\/uploads\/2021\/06\/23\/palac_mala_wies_wesele-1.jpg 2048w\" sizes=\"auto, (max-width: 1000px) 100vw, 1000px\" \/><\/figure><\/li><li class=\"blocks-gallery-item\"><figure><img loading=\"lazy\" decoding=\"async\" width=\"1000\" height=\"667\" src=\"https:\/\/super-weddings.com\/wp-content\/uploads\/2021\/06\/23\/palac_mala_wies_wesele_5-1000x667.jpg\" alt=\"\" data-id=\"27064\" data-full-url=\"https:\/\/super-weddings.com\/wp-content\/uploads\/2021\/06\/23\/palac_mala_wies_wesele_5.jpg\" data-link=\"https:\/\/super-weddings.com\/pl\/?attachment_id=27064#main\" class=\"wp-image-27064\" title=\"\" srcset=\"https:\/\/super-weddings.com\/wp-content\/uploads\/2021\/06\/23\/palac_mala_wies_wesele_5-1000x667.jpg 1000w, https:\/\/super-weddings.com\/wp-content\/uploads\/2021\/06\/23\/palac_mala_wies_wesele_5-800x533.jpg 800w, https:\/\/super-weddings.com\/wp-content\/uploads\/2021\/06\/23\/palac_mala_wies_wesele_5-768x512.jpg 768w, https:\/\/super-weddings.com\/wp-content\/uploads\/2021\/06\/23\/palac_mala_wies_wesele_5-1536x1024.jpg 1536w, https:\/\/super-weddings.com\/wp-content\/uploads\/2021\/06\/23\/palac_mala_wies_wesele_5-1200x800.jpg 1200w, https:\/\/super-weddings.com\/wp-content\/uploads\/2021\/06\/23\/palac_mala_wies_wesele_5.jpg 2048w\" sizes=\"auto, (max-width: 1000px) 100vw, 1000px\" \/><\/figure><\/li><\/ul><\/figure>\n\n\n\n<h2 class=\"wp-block-heading\">Pa\u0142ac Ma\u0142a Wie\u015b &#8211; Wesele: cena<\/h2>\n\n\n\n<p>Wynajem sali weselnej stanowi istotny sk\u0142adnik weselnego bud\u017cetu, dlatego nale\u017cy dowiedzie\u0107 si\u0119 wcze\u015bniej, jak\u0105 kwot\u0119 trzeba przeznaczy\u0107 na organizacj\u0119 przyj\u0119cia weselnego w Pa\u0142acu Ma\u0142a Wie\u015b. Zamawiaj\u0105c menu w Pa\u0142acu, mo\u017cna liczy\u0107 na wspania\u0142e i wykwintne posi\u0142ki skomponowane indywidualnie zgodnie z \u017cyczeniem pa\u0144stwa m\u0142odych. Opr\u00f3cz podstawowego menu przyj\u0119cia weselne mog\u0105 u\u015bwietni\u0107 dodatkowe atrakcje kulinarne w postaci bufet\u00f3w tematycznych i r\u00f3\u017cnorodnych live cooking. Oran\u017ceria mo\u017ce przyj\u0105\u0107 od 150 do 300 go\u015bci, natomiast koszt za jednego go\u015bcia wynosi od 320 do 420 z\u0142otych. Pa\u0142ac wsp\u00f3\u0142pracuje tak\u017ce z cukierniami, kt\u00f3re swoje rzemios\u0142o opanowa\u0142y do perfekcji.<\/p>\n\n\n\n<h2 class=\"wp-block-heading\">\u015alub ko\u015bcielny w plenerze na terenie Pa\u0142acu Ma\u0142a Wie\u015b<\/h2>\n\n\n\n<figure class=\"wp-block-gallery columns-3 is-cropped wp-block-gallery-5 is-layout-flex wp-block-gallery-is-layout-flex\"><ul class=\"blocks-gallery-grid\"><li class=\"blocks-gallery-item\"><figure><img loading=\"lazy\" decoding=\"async\" width=\"1000\" height=\"750\" src=\"https:\/\/super-weddings.com\/wp-content\/uploads\/2021\/06\/23\/Slub-koscielny-w-plenerze-na-terenie-Palacu-Mala-Wies-1000x750.jpg\" alt=\"\" data-id=\"27044\" data-full-url=\"https:\/\/super-weddings.com\/wp-content\/uploads\/2021\/06\/23\/Slub-koscielny-w-plenerze-na-terenie-Palacu-Mala-Wies.jpg\" data-link=\"https:\/\/super-weddings.com\/pl\/?attachment_id=27044#main\" class=\"wp-image-27044\" title=\"\" srcset=\"https:\/\/super-weddings.com\/wp-content\/uploads\/2021\/06\/23\/Slub-koscielny-w-plenerze-na-terenie-Palacu-Mala-Wies-1000x750.jpg 1000w, https:\/\/super-weddings.com\/wp-content\/uploads\/2021\/06\/23\/Slub-koscielny-w-plenerze-na-terenie-Palacu-Mala-Wies-800x600.jpg 800w, https:\/\/super-weddings.com\/wp-content\/uploads\/2021\/06\/23\/Slub-koscielny-w-plenerze-na-terenie-Palacu-Mala-Wies-768x576.jpg 768w, https:\/\/super-weddings.com\/wp-content\/uploads\/2021\/06\/23\/Slub-koscielny-w-plenerze-na-terenie-Palacu-Mala-Wies-1536x1152.jpg 1536w, https:\/\/super-weddings.com\/wp-content\/uploads\/2021\/06\/23\/Slub-koscielny-w-plenerze-na-terenie-Palacu-Mala-Wies.jpg 2048w\" sizes=\"auto, (max-width: 1000px) 100vw, 1000px\" \/><\/figure><\/li><li class=\"blocks-gallery-item\"><figure><img loading=\"lazy\" decoding=\"async\" width=\"1000\" height=\"750\" src=\"https:\/\/super-weddings.com\/wp-content\/uploads\/2021\/06\/23\/Slub-koscielny-w-plenerze-na-terenie-Palacu-Mala-Wies1-1000x750.jpg\" alt=\"\" data-id=\"27048\" data-full-url=\"https:\/\/super-weddings.com\/wp-content\/uploads\/2021\/06\/23\/Slub-koscielny-w-plenerze-na-terenie-Palacu-Mala-Wies1.jpg\" data-link=\"https:\/\/super-weddings.com\/pl\/?attachment_id=27048#main\" class=\"wp-image-27048\" title=\"\" srcset=\"https:\/\/super-weddings.com\/wp-content\/uploads\/2021\/06\/23\/Slub-koscielny-w-plenerze-na-terenie-Palacu-Mala-Wies1-1000x750.jpg 1000w, https:\/\/super-weddings.com\/wp-content\/uploads\/2021\/06\/23\/Slub-koscielny-w-plenerze-na-terenie-Palacu-Mala-Wies1-800x600.jpg 800w, https:\/\/super-weddings.com\/wp-content\/uploads\/2021\/06\/23\/Slub-koscielny-w-plenerze-na-terenie-Palacu-Mala-Wies1-768x576.jpg 768w, https:\/\/super-weddings.com\/wp-content\/uploads\/2021\/06\/23\/Slub-koscielny-w-plenerze-na-terenie-Palacu-Mala-Wies1-1536x1152.jpg 1536w, https:\/\/super-weddings.com\/wp-content\/uploads\/2021\/06\/23\/Slub-koscielny-w-plenerze-na-terenie-Palacu-Mala-Wies1.jpg 2048w\" sizes=\"auto, (max-width: 1000px) 100vw, 1000px\" \/><\/figure><\/li><li class=\"blocks-gallery-item\"><figure><img loading=\"lazy\" decoding=\"async\" width=\"1000\" height=\"750\" src=\"https:\/\/super-weddings.com\/wp-content\/uploads\/2021\/06\/23\/Slub-koscielny-w-plenerze-na-terenie-Palacu-Mala-Wies2-1000x750.jpg\" alt=\"\" data-id=\"27052\" data-full-url=\"https:\/\/super-weddings.com\/wp-content\/uploads\/2021\/06\/23\/Slub-koscielny-w-plenerze-na-terenie-Palacu-Mala-Wies2.jpg\" data-link=\"https:\/\/super-weddings.com\/pl\/?attachment_id=27052#main\" class=\"wp-image-27052\" title=\"\" srcset=\"https:\/\/super-weddings.com\/wp-content\/uploads\/2021\/06\/23\/Slub-koscielny-w-plenerze-na-terenie-Palacu-Mala-Wies2-1000x750.jpg 1000w, https:\/\/super-weddings.com\/wp-content\/uploads\/2021\/06\/23\/Slub-koscielny-w-plenerze-na-terenie-Palacu-Mala-Wies2-800x600.jpg 800w, https:\/\/super-weddings.com\/wp-content\/uploads\/2021\/06\/23\/Slub-koscielny-w-plenerze-na-terenie-Palacu-Mala-Wies2-768x576.jpg 768w, https:\/\/super-weddings.com\/wp-content\/uploads\/2021\/06\/23\/Slub-koscielny-w-plenerze-na-terenie-Palacu-Mala-Wies2-1536x1152.jpg 1536w, https:\/\/super-weddings.com\/wp-content\/uploads\/2021\/06\/23\/Slub-koscielny-w-plenerze-na-terenie-Palacu-Mala-Wies2.jpg 2048w\" sizes=\"auto, (max-width: 1000px) 100vw, 1000px\" \/><\/figure><\/li><\/ul><\/figure>\n\n\n\n<p>Wiele par marzy o \u015blubie w plenerze. O ile \u015blub cywilny w plenerze jest spotykany coraz cz\u0119\u015bciej, \u015bluby ko\u015bcielne z regu\u0142y odbywaj\u0105 si\u0119 w ko\u015bciele. I tu niespodzianka! Pa\u0142ac Ma\u0142a Wie\u015b stwarza mo\u017cliwo\u015b\u0107 wzi\u0119cia \u015blubu ko\u015bcielnego w plenerze. Przepi\u0119kna Glorieta usytuowana we francuskim ogrodzie to niezwyk\u0142e miejsce, w kt\u00f3rym mo\u017cna zorganizowa\u0107 zar\u00f3wno \u015blub cywilny, jak i \u015blub ko\u015bcielny w plenerze, co jest naprawd\u0119 rzadko\u015bci\u0105. Poza Gloriet\u0105 ceremonie \u015blubne mog\u0105 si\u0119 odby\u0107 w zabytkowej kaplicy, ogrodzie r\u00f3\u017canym, na pomo\u015bcie oraz w samym Pa\u0142acu.<\/p>\n\n\n\n<p>Miejsce wesela: Hotel <a href=\"https:\/\/palacmalawies.pl\/wesela\" target=\"_blank\" data-type=\"URL\" data-id=\"https:\/\/palacmalawies.pl\/wesela\" rel=\"noreferrer noopener\">Pa\u0142ac Ma\u0142a Wie\u015b<\/a> ****<\/p>\n\n\n\n<div class=\"wp-block-media-text alignwide is-stacked-on-mobile\"><figure class=\"wp-block-media-text__media\"><img loading=\"lazy\" decoding=\"async\" width=\"1000\" height=\"563\" src=\"https:\/\/super-weddings.com\/wp-content\/uploads\/2020\/12\/28\/folwark_ruchenka_film_slubny-1000x563.jpg\" alt=\"folwark ruchenka film slubny\" class=\"wp-image-24831 size-full\" title=\"\" srcset=\"https:\/\/super-weddings.com\/wp-content\/uploads\/2020\/12\/28\/folwark_ruchenka_film_slubny-1000x563.jpg 1000w, https:\/\/super-weddings.com\/wp-content\/uploads\/2020\/12\/28\/folwark_ruchenka_film_slubny-800x451.jpg 800w, https:\/\/super-weddings.com\/wp-content\/uploads\/2020\/12\/28\/folwark_ruchenka_film_slubny-768x433.jpg 768w, https:\/\/super-weddings.com\/wp-content\/uploads\/2020\/12\/28\/folwark_ruchenka_film_slubny.jpg 1278w\" sizes=\"auto, (max-width: 1000px) 100vw, 1000px\" \/><\/figure><div class=\"wp-block-media-text__content\">\n<p class=\"has-large-font-size\">Chcesz zobaczy\u0107 przyk\u0142ad naszych realizacji z innych miejsc w Warszawie? <\/p>\n\n\n\n<div class=\"wp-block-buttons is-layout-flex wp-block-buttons-is-layout-flex\">\n<div class=\"wp-block-button\"><a class=\"wp-block-button__link\" href=\"https:\/\/super-weddings.com\/pl\/film\/folwark-ruchenka-wesele-slub-w-stodole\/\">Zobacz<\/a><\/div>\n<\/div>\n<\/div><\/div>\n\n\n\n<p><\/p>\n","protected":false},"excerpt":{"rendered":"<p>Kiedy ju\u017c zapadnie decyzja o \u015blubie, pojawia si\u0119 podstawowa kwestia: gdzie zorganizowa\u0107 wesele. Ka\u017cdej m\u0142odej parze zale\u017cy, aby ich wesele by\u0142o jedyne w swoim rodzaju, dlatego odpowiednia lokalizacja ma kluczowe znaczenie. Miejscem, kt\u00f3re z pewno\u015bci\u0105 przypadnie do gustu nawet najbardziej wybrednym go\u015bciom, jest sala weselna Pa\u0142ac Ma\u0142a Wie\u015b. Jest to wymarzony obiekt na organizacj\u0119 uroczysto\u015bci &#8230; <a title=\"Pa\u0142ac Ma\u0142a Wie\u015b &#8211; wesele w idealnym miejscu\" class=\"read-more\" href=\"https:\/\/super-weddings.com\/pl\/palac-mala-wies-wesele\/\" aria-label=\"Dowiedz si\u0119 wi\u0119cej o Pa\u0142ac Ma\u0142a Wie\u015b &#8211; wesele w idealnym miejscu\">Czytaj dalej<\/a><\/p>\n","protected":false},"author":2,"featured_media":27016,"parent":0,"menu_order":0,"comment_status":"closed","ping_status":"closed","template":"","meta":{"_gspb_post_css":"","footnotes":""},"class_list":["post-27014","page","type-page","status-publish","has-post-thumbnail"],"featured_image_src":"https:\/\/super-weddings.com\/wp-content\/uploads\/2021\/06\/23\/palac_mala_wies_wesele_.jpg","jetpack_sharing_enabled":true,"_links":{"self":[{"href":"https:\/\/super-weddings.com\/pl\/wp-json\/wp\/v2\/pages\/27014","targetHints":{"allow":["GET"]}}],"collection":[{"href":"https:\/\/super-weddings.com\/pl\/wp-json\/wp\/v2\/pages"}],"about":[{"href":"https:\/\/super-weddings.com\/pl\/wp-json\/wp\/v2\/types\/page"}],"author":[{"embeddable":true,"href":"https:\/\/super-weddings.com\/pl\/wp-json\/wp\/v2\/users\/2"}],"replies":[{"embeddable":true,"href":"https:\/\/super-weddings.com\/pl\/wp-json\/wp\/v2\/comments?post=27014"}],"version-history":[{"count":7,"href":"https:\/\/super-weddings.com\/pl\/wp-json\/wp\/v2\/pages\/27014\/revisions"}],"predecessor-version":[{"id":27694,"href":"https:\/\/super-weddings.com\/pl\/wp-json\/wp\/v2\/pages\/27014\/revisions\/27694"}],"wp:featuredmedia":[{"embeddable":true,"href":"https:\/\/super-weddings.com\/pl\/wp-json\/wp\/v2\/media\/27016"}],"wp:attachment":[{"href":"https:\/\/super-weddings.com\/pl\/wp-json\/wp\/v2\/media?parent=27014"}],"curies":[{"name":"wp","href":"https:\/\/api.w.org\/{rel}","templated":true}]}}