{"id":23918,"date":"2020-11-12T10:35:34","date_gmt":"2020-11-12T10:35:34","guid":{"rendered":"https:\/\/super.robak.dev\/wedding-planning\/"},"modified":"2024-07-22T14:01:00","modified_gmt":"2024-07-22T14:01:00","slug":"planowanie-slubu","status":"publish","type":"page","link":"https:\/\/super-weddings.com\/pl\/planowanie-slubu\/","title":{"rendered":"Planowanie \u015alubu"},"content":{"rendered":"<div class=\"gb-container gb-container-9406b663\"><div class=\"gb-inside-container\">\n\n<h2 class=\"gb-headline gb-headline-d1099973 gb-headline-text\">Wskaz\u00f3wki i porady dotycz\u0105ce planowania \u015blubu<\/h2>\n\n\n<div class=\"gb-container gb-container-d3a34919\"><div class=\"gb-inside-container\">\n\n<p class=\"has-text-align-center\">Jeste\u015bmy zapraszani na \u015bluby w ca\u0142ej Polsce ale r\u00f3wnie\u017c na \u015awiecie. Byli\u015bmy w takich miejscach jak Toskania, Sycylia, Szkocja, Australia, Dubai czy USA. Pracujemy zar\u00f3wno na bardzo ma\u0142ych i klimatycznych \u015blubach jak r\u00f3wnie\u017c na bardzo du\u017cych mi\u0119dzynarodowych ceremoniach. Jednym s\u0142owem &#8211; widzieli\u015bmy bardzo du\u017co. Teraz chcieliby\u015bmy podzieli\u0107 si\u0119 nasz\u0105 wiedz\u0105 i do\u015bwiadczeniem z wami. <br>W tym celu powsta\u0142 <strong>poradnik \u015blubny dla par<\/strong> gdzie b\u0119dziemy umieszcza\u0107 szereg informacji o tym wszystkim co mo\u017ce was zainspirowa\u0107 i pom\u00f3c w planowaniu waszego \u015blubu. <\/p>\n\n<\/div><\/div>\n<\/div><\/div>\n\n<div class=\"gb-container gb-container-4aa2e354\"><div class=\"gb-inside-container\">\n\n<div class=\"wp-block-ultimate-post-post-grid-parent ultp-post-grid-parent\" data-postid=\"23918\" data-grids=\"[{&quot;blockId&quot;:&quot;51bc93&quot;,&quot;name&quot;:&quot;ultimate-post_post-grid-2&quot;}]\" data-pagi=\"[&quot;ultp-block-1dc32f&quot;]\"><div  class=\"ultp-post-grid-block wp-block-ultimate-post-post-grid-2 ultp-block-51bc93 aligncenter\"><div class=\"ultp-block-wrapper\"><div class=\"ultp-loading\"><div class=\"ultp-loading-blocks\" style=\"width:100%;height:100%;\"><div style=\"left: 0;top: 0;animation-delay:0s;\"><\/div><div style=\"left: 21px;top: 0;animation-delay:0.125s;\"><\/div><div style=\"left: 42px;top: 0;animation-delay:0.25s;\"><\/div><div style=\"left: 0;top: 21px;animation-delay:0.875s;\"><\/div><div style=\"left: 42px;top: 21px;animation-delay:0.375s;\"><\/div><div style=\"left: 0;top: 42px;animation-delay:0.75s;\"><\/div><div style=\"left: 42px;top: 42px;animation-delay:0.625s;\"><\/div><div style=\"left: 21px;top: 42px;animation-delay:0.5s;\"><\/div><\/div><\/div><div class=\"ultp-block-items-wrap ultp-block-row\"><div class=\"ultp-block-item post-id-51389\"><div class=\"ultp-block-content-wrap ultp-block-content-overlay\"><div class=\"ultp-block-image ultp-block-image-none\"><a href=\"https:\/\/super-weddings.com\/pl\/poradnik\/miejsca-na-slub-warszawa\/\" ><img decoding=\"async\" alt=\"Najlepsze miejsca na \u015blub Warszawa 2026 \u2013 luksusowe sale weselne\" src=\"https:\/\/super-weddings.com\/wp-content\/uploads\/2025\/12\/Najlepsze-miejsca-na-slub-Warszawa-2026-\u2013-luksusowe-sale-weselne-870x570.jpeg\" title=\"\"><\/a><\/div><div class=\"ultp-block-content ultp-block-content-bottomPosition\"><div class=\"ultp-block-content-inner\"><h3 class=\"ultp-block-title \"><a href=\"https:\/\/super-weddings.com\/pl\/poradnik\/miejsca-na-slub-warszawa\/\" >Najlepsze miejsca na \u015blub Warszawa 2026 \u2013 luksusowe sale weselne<\/a><\/h3><\/div><\/div><\/div><\/div><div class=\"ultp-block-item post-id-27855\"><div class=\"ultp-block-content-wrap ultp-block-content-overlay\"><div class=\"ultp-block-image ultp-block-image-none\"><a href=\"https:\/\/super-weddings.com\/pl\/poradnik\/slub-w-hiszpanii-hiszpanskie-wesele\/\" ><img decoding=\"async\" alt=\"slub w Hiszpani\" src=\"https:\/\/super-weddings.com\/wp-content\/uploads\/2021\/11\/15\/slub-w-hiszpanii-870x570.jpg\" title=\"\"><\/a><\/div><div class=\"ultp-block-content ultp-block-content-bottomPosition\"><div class=\"ultp-block-content-inner\"><h3 class=\"ultp-block-title \"><a href=\"https:\/\/super-weddings.com\/pl\/poradnik\/slub-w-hiszpanii-hiszpanskie-wesele\/\" >\u015alub w Hiszpanii \u2013 inspiracje od Super Weddings<\/a><\/h3><\/div><\/div><\/div><\/div><div class=\"ultp-block-item post-id-27648\"><div class=\"ultp-block-content-wrap ultp-block-content-overlay\"><div class=\"ultp-block-image ultp-block-image-none\"><a href=\"https:\/\/super-weddings.com\/pl\/poradnik\/sluby-vip-celebrytow\/\" ><img decoding=\"async\" alt=\"\u015aluby VIP \u2013 luksusowe \u015bluby znanych os\u00f3b\" src=\"https:\/\/super-weddings.com\/wp-content\/uploads\/2021\/10\/26\/slub_znanych_ludzi-870x570.jpg\" title=\"\"><\/a><\/div><div class=\"ultp-block-content ultp-block-content-bottomPosition\"><div class=\"ultp-block-content-inner\"><h3 class=\"ultp-block-title \"><a href=\"https:\/\/super-weddings.com\/pl\/poradnik\/sluby-vip-celebrytow\/\" >\u015aluby VIP \u2013 luksusowe \u015bluby znanych os\u00f3b<\/a><\/h3><\/div><\/div><\/div><\/div><div class=\"ultp-block-item post-id-26777\"><div class=\"ultp-block-content-wrap ultp-block-content-overlay\"><div class=\"ultp-block-image ultp-block-image-none\"><a href=\"https:\/\/super-weddings.com\/pl\/poradnik\/fotograf-kamerzysta-na-wesele-wroclaw-dolnoslaskie\/\" ><img decoding=\"async\" alt=\"Fotograf i kamerzysta na wesele we Wroc\u0142awiu i Dolnym \u015al\u0105sku\" src=\"https:\/\/super-weddings.com\/wp-content\/uploads\/2021\/05\/14\/kamerzysta_na_wesele_we_wroclawiu-870x570.jpg\" title=\"\"><\/a><\/div><div class=\"ultp-block-content ultp-block-content-bottomPosition\"><div class=\"ultp-block-content-inner\"><h3 class=\"ultp-block-title \"><a href=\"https:\/\/super-weddings.com\/pl\/poradnik\/fotograf-kamerzysta-na-wesele-wroclaw-dolnoslaskie\/\" >Fotograf i kamerzysta na wesele we Wroc\u0142awiu i Dolnym \u015al\u0105sku<\/a><\/h3><\/div><\/div><\/div><\/div><div class=\"ultp-block-item post-id-26385\"><div class=\"ultp-block-content-wrap ultp-block-content-overlay\"><div class=\"ultp-block-image ultp-block-image-none\"><a href=\"https:\/\/super-weddings.com\/pl\/poradnik\/canon-r5-test-aparatu\/\" ><img decoding=\"async\" alt=\"canon r5 test aparatu\" src=\"https:\/\/super-weddings.com\/wp-content\/uploads\/2021\/03\/07\/test_aparatu_canon_r5-870x570.jpg\" title=\"\"><\/a><\/div><div class=\"ultp-block-content ultp-block-content-bottomPosition\"><div class=\"ultp-block-content-inner\"><h3 class=\"ultp-block-title \"><a href=\"https:\/\/super-weddings.com\/pl\/poradnik\/canon-r5-test-aparatu\/\" >Canon R5 &#8211; test aparatu w akcji!<\/a><\/h3><\/div><\/div><\/div><\/div><div class=\"ultp-block-item post-id-24915\"><div class=\"ultp-block-content-wrap ultp-block-content-overlay\"><div class=\"ultp-block-image ultp-block-image-none\"><a href=\"https:\/\/super-weddings.com\/pl\/poradnik\/wesele-glamour-eleganckie-sluby\/\" ><img decoding=\"async\" alt=\"wesele glamour jak zaplanowac eleganckie wesele w Polsce i za granica\" src=\"https:\/\/super-weddings.com\/wp-content\/uploads\/2020\/07\/Abu-Dhabi-Wedding-Photographer-Sonam-and-Shrenik-SuperWeddings-01.jpg\" title=\"\"><\/a><\/div><div class=\"ultp-block-content ultp-block-content-bottomPosition\"><div class=\"ultp-block-content-inner\"><h3 class=\"ultp-block-title \"><a href=\"https:\/\/super-weddings.com\/pl\/poradnik\/wesele-glamour-eleganckie-sluby\/\" >Wesele glamour &#8211; Jak wygl\u0105da ekskluzywny \u015blub od SuperWeddings<\/a><\/h3><\/div><\/div><\/div><\/div><\/div><\/div><div class=\"pagination-block-html\" aria-hidden=\"true\" style=\"display: none;\"><div class=\"ultp-pagination-wrap ultp-pagination-ajax-action\"  data-for=\"ultp-block-51bc93\"  data-blockid=\"51bc93\"  data-expost=\"\"  data-paged=\"1\"  data-pages=\"2\"  data-blockname=\"ultimate-post_post-grid-2\"  data-postid=\"23918\"  data-selfpostid=\"yes\" ><ul class=\"ultp-pagination\"><li class=\"ultp-prev-page-numbers\" style=\"display:none\"><a href=\"https:\/\/super-weddings.com\/pl\/wp-json\/wp\/v2\/pages\/23918\/\"><svg xmlns=\"http:\/\/www.w3.org\/2000\/svg\" fill=\"none\" viewBox=\"0 0 24 24\">\n  <path stroke=\"currentColor\" stroke-linecap=\"round\" stroke-linejoin=\"round\" stroke-width=\"1.5\" d=\"m15 18-6-6 6-6\"\/>\n<\/svg>\n Previous<\/a><\/li><li class=\"ultp-center-item pagination-active\" data-current=\"1\"><a href=\"https:\/\/super-weddings.com\/pl\/wp-json\/wp\/v2\/pages\/23918\/\">1<\/a><\/li><li class=\"ultp-center-item\" data-current=\"2\" ><a href=\"https:\/\/super-weddings.com\/pl\/wp-json\/wp\/v2\/pages\/23918\/page\/2\/\">2<\/a><\/li><li class=\"ultp-last-dot\" style=\"display:none\"><a href=\"#\">&#8230;<\/a><\/li><li class=\"ultp-next-page-numbers\"><a href=\"https:\/\/super-weddings.com\/pl\/wp-json\/wp\/v2\/pages\/23918\/page\/2\/\">Next<svg xmlns=\"http:\/\/www.w3.org\/2000\/svg\" fill=\"none\" viewBox=\"0 0 24 24\">\n  <path stroke=\"currentColor\" stroke-linecap=\"round\" stroke-linejoin=\"round\" stroke-width=\"1.5\" d=\"m9 18 6-6-6-6\"\/>\n<\/svg>\n<\/a><\/li><\/ul><\/div><\/div><\/div>\n\n\n<div class=\"wp-block-ultimate-post-post-pagination ultp-block-1dc32f ultp-pagination-block ultp-pagination-wrap\"><div class=\"ultp-pagination-wrap ultp-disable-editor-click ultp-pagination-ajax-action\"><ul class=\"ultp-pagination\"><li><a href=\"#\" class=\"ultp-prev-page-numbers\"><svg enable-background=\"new 0 0 477.175 477.175\" version=\"1.1\" viewBox=\"0 0 477.18 477.18\"><path d=\"m145.19 238.58 215.5-215.5c5.3-5.3 5.3-13.8 0-19.1s-13.8-5.3-19.1 0l-225.1 225.1c-5.3 5.3-5.3 13.8 0 19.1l225.1 225c2.6 2.6 6.1 4 9.5 4s6.9-1.3 9.5-4c5.3-5.3 5.3-13.8 0-19.1l-215.4-215.5z\"><\/path><\/svg> Previous<\/a><\/li><li><a href=\"#\">1<\/a><\/li><li><a href=\"#\">2<\/a><\/li><li><a href=\"#\">3<\/a><\/li><li><a href=\"#\" class=\"ultp-next-page-numbers\">Next <svg enable-background=\"new 0 0 477.175 477.175\" version=\"1.1\" viewBox=\"0 0 477.18 477.18\"><path d=\"m360.73 229.08-225.1-225.1c-5.3-5.3-13.8-5.3-19.1 0s-5.3 13.8 0 19.1l215.5 215.5-215.5 215.5c-5.3 5.3-5.3 13.8 0 19.1 2.6 2.6 6.1 4 9.5 4s6.9-1.3 9.5-4l225.1-225.1c5.3-5.2 5.3-13.8 0.1-19z\"><\/path><\/svg><\/a><\/li><\/ul><\/div><\/div>\n<\/div>\n\n<\/div><\/div>","protected":false},"excerpt":{"rendered":"<p>Wskaz\u00f3wki i porady dotycz\u0105ce planowania \u015blubu Jeste\u015bmy zapraszani na \u015bluby w ca\u0142ej Polsce ale r\u00f3wnie\u017c na \u015awiecie. Byli\u015bmy w takich miejscach jak Toskania, Sycylia, Szkocja, Australia, Dubai czy USA. Pracujemy zar\u00f3wno na bardzo ma\u0142ych i klimatycznych \u015blubach jak r\u00f3wnie\u017c na bardzo du\u017cych mi\u0119dzynarodowych ceremoniach. Jednym s\u0142owem &#8211; widzieli\u015bmy bardzo du\u017co. Teraz chcieliby\u015bmy podzieli\u0107 si\u0119 nasz\u0105 &#8230; <a title=\"Planowanie \u015alubu\" class=\"read-more\" href=\"https:\/\/super-weddings.com\/pl\/planowanie-slubu\/\" aria-label=\"Dowiedz si\u0119 wi\u0119cej o Planowanie \u015alubu\">Czytaj dalej<\/a><\/p>\n","protected":false},"author":1,"featured_media":21934,"parent":0,"menu_order":0,"comment_status":"closed","ping_status":"closed","template":"","meta":{"_gspb_post_css":"","footnotes":""},"class_list":["post-23918","page","type-page","status-publish","has-post-thumbnail"],"featured_image_src":"https:\/\/super-weddings.com\/wp-content\/uploads\/2020\/10\/barcelona_wedding_videographer-6091.jpg","_links":{"self":[{"href":"https:\/\/super-weddings.com\/pl\/wp-json\/wp\/v2\/pages\/23918","targetHints":{"allow":["GET"]}}],"collection":[{"href":"https:\/\/super-weddings.com\/pl\/wp-json\/wp\/v2\/pages"}],"about":[{"href":"https:\/\/super-weddings.com\/pl\/wp-json\/wp\/v2\/types\/page"}],"author":[{"embeddable":true,"href":"https:\/\/super-weddings.com\/pl\/wp-json\/wp\/v2\/users\/1"}],"replies":[{"embeddable":true,"href":"https:\/\/super-weddings.com\/pl\/wp-json\/wp\/v2\/comments?post=23918"}],"version-history":[{"count":1,"href":"https:\/\/super-weddings.com\/pl\/wp-json\/wp\/v2\/pages\/23918\/revisions"}],"predecessor-version":[{"id":41192,"href":"https:\/\/super-weddings.com\/pl\/wp-json\/wp\/v2\/pages\/23918\/revisions\/41192"}],"wp:featuredmedia":[{"embeddable":true,"href":"https:\/\/super-weddings.com\/pl\/wp-json\/wp\/v2\/media\/21934"}],"wp:attachment":[{"href":"https:\/\/super-weddings.com\/pl\/wp-json\/wp\/v2\/media?parent=23918"}],"curies":[{"name":"wp","href":"https:\/\/api.w.org\/{rel}","templated":true}]}}