{"id":23767,"date":"2020-11-11T14:09:33","date_gmt":"2020-11-11T14:09:33","guid":{"rendered":"https:\/\/super.robak.dev\/edukacja\/"},"modified":"2025-11-03T12:28:07","modified_gmt":"2025-11-03T12:28:07","slug":"edukacja","status":"publish","type":"page","link":"https:\/\/super-weddings.com\/pl\/edukacja\/","title":{"rendered":"Edukacja"},"content":{"rendered":"<div class=\"gb-container gb-container-65f3c06c\"><div class=\"gb-inside-container\">\n<div class=\"wp-block-image\">\n<figure class=\"aligncenter size-large\"><img loading=\"lazy\" decoding=\"async\" width=\"300\" height=\"300\" src=\"https:\/\/super-weddings.com\/wp-content\/uploads\/2020\/10\/logo300.png\" alt=\"\" class=\"wp-image-23318\" title=\"\"><\/figure>\n<\/div>\n\n\n<h1 class=\"gb-headline gb-headline-9ff4794e gb-headline-text\">Warsztaty &amp; Presety<\/h1>\n\n\n<div class=\"gb-container gb-container-32dfb8c1\"><div class=\"gb-inside-container\">\n\n<p class=\"has-text-align-center\">Moje warsztaty to przede wszystkim wyznaczanie drogi \u2013 Twojej drogi w d\u0105\u017ceniu do kreowania nie tylko lepszych film\u00f3w czy zdj\u0119\u0107, ale r\u00f3wnie\u017c w\u0142asnego \u017cycia.<\/p>\n\n<\/div><\/div>\n\n<div class=\"gb-container gb-container-e302dc99\"><div class=\"gb-inside-container\">\n<div class=\"gb-grid-wrapper gb-grid-wrapper-6601e790\">\n<div class=\"gb-grid-column gb-grid-column-83027255\"><div class=\"gb-container gb-container-83027255 clickable-block\"><div class=\"gb-inside-container\">\n\n<figure class=\"wp-block-image size-large\"><a href=\"https:\/\/superweddingsacademy.com\/\" target=\"_blank\" rel=\"noopener noreferrer\"><img loading=\"lazy\" decoding=\"async\" width=\"1000\" height=\"667\" src=\"https:\/\/super-weddings.com\/wp-content\/uploads\/2020\/10\/santorini_wedding_videographer_photographer-67-1000x667.jpg\" alt=\"\" class=\"wp-image-22050\" title=\"\" srcset=\"https:\/\/super-weddings.com\/wp-content\/uploads\/2020\/10\/santorini_wedding_videographer_photographer-67-1000x667.jpg 1000w, https:\/\/super-weddings.com\/wp-content\/uploads\/2020\/10\/santorini_wedding_videographer_photographer-67-800x533.jpg 800w, https:\/\/super-weddings.com\/wp-content\/uploads\/2020\/10\/santorini_wedding_videographer_photographer-67-768x512.jpg 768w, https:\/\/super-weddings.com\/wp-content\/uploads\/2020\/10\/santorini_wedding_videographer_photographer-67.jpg 1080w\" sizes=\"auto, (max-width: 1000px) 100vw, 1000px\" \/><\/a><\/figure>\n\n\n\n<h2 class=\"gb-headline gb-headline-890dfa4f gb-headline-text\">SuperWeddings Academy<\/h2>\n\n\n\n<p class=\"gb-headline gb-headline-abd7e28e gb-headline-text\">Online Masterclass &amp; Live Workshop<\/p>\n\n<\/div><\/div><\/div>\n\n<div class=\"gb-grid-column gb-grid-column-346663bc\"><div class=\"gb-container gb-container-346663bc clickable-block\"><div class=\"gb-inside-container\">\n\n<figure class=\"wp-block-image size-large\"><a href=\"https:\/\/flamesandroses.com\/\" target=\"_blank\" rel=\"noopener noreferrer\"><img loading=\"lazy\" decoding=\"async\" width=\"1000\" height=\"667\" src=\"https:\/\/super-weddings.com\/wp-content\/uploads\/2020\/10\/beach_elopement_gran_canaria-36-1000x667.jpg\" alt=\"\" class=\"wp-image-21451\" title=\"\" srcset=\"https:\/\/super-weddings.com\/wp-content\/uploads\/2020\/10\/beach_elopement_gran_canaria-36-1000x667.jpg 1000w, https:\/\/super-weddings.com\/wp-content\/uploads\/2020\/10\/beach_elopement_gran_canaria-36-800x533.jpg 800w, https:\/\/super-weddings.com\/wp-content\/uploads\/2020\/10\/beach_elopement_gran_canaria-36-768x512.jpg 768w, https:\/\/super-weddings.com\/wp-content\/uploads\/2020\/10\/beach_elopement_gran_canaria-36.jpg 1080w\" sizes=\"auto, (max-width: 1000px) 100vw, 1000px\" \/><\/a><\/figure>\n\n\n\n<h2 class=\"gb-headline gb-headline-00610ed4 gb-headline-text\">Flames &amp; Roses<\/h2>\n\n\n\n<p class=\"gb-headline gb-headline-d0f1e2ea gb-headline-text\">LUTy + PRESETY<\/p>\n\n<\/div><\/div><\/div>\n\n<div class=\"gb-grid-column gb-grid-column-006c1abf\"><div class=\"gb-container gb-container-006c1abf\"><div class=\"gb-inside-container\">\n\n<figure class=\"wp-block-image size-large\"><a href=\"https:\/\/super-weddings.com\/pl\/edukacja\/warsztaty-slubne-warszawa\/\" target=\"_blank\" rel=\"noopener noreferrer\"><img loading=\"lazy\" decoding=\"async\" width=\"1000\" height=\"667\" src=\"https:\/\/super-weddings.com\/wp-content\/uploads\/2021\/02\/24\/fuertaventura_photographer_wedding_fashion-04765-1000x667.jpg\" alt=\"\" class=\"wp-image-26346\" title=\"\" srcset=\"https:\/\/super-weddings.com\/wp-content\/uploads\/2021\/02\/24\/fuertaventura_photographer_wedding_fashion-04765-1000x667.jpg 1000w, https:\/\/super-weddings.com\/wp-content\/uploads\/2021\/02\/24\/fuertaventura_photographer_wedding_fashion-04765-800x533.jpg 800w, https:\/\/super-weddings.com\/wp-content\/uploads\/2021\/02\/24\/fuertaventura_photographer_wedding_fashion-04765-768x512.jpg 768w, https:\/\/super-weddings.com\/wp-content\/uploads\/2021\/02\/24\/fuertaventura_photographer_wedding_fashion-04765.jpg 1080w\" sizes=\"auto, (max-width: 1000px) 100vw, 1000px\" \/><\/a><\/figure>\n\n\n\n<h2 class=\"gb-headline gb-headline-db6c747a gb-headline-text\"><a href=\"https:\/\/super-weddings.com\/pl\/edukacja\/warsztaty-slubne-warszawa\/\">Warsztaty Super-Wedding<\/a><\/h2>\n\n\n\n<p class=\"gb-headline gb-headline-b3daaea6 gb-headline-text\"><a class=\"rank-math-link\" href=\"https:\/\/super-weddings.com\/pl\/edukacja\/warsztaty-sierpien-2021\/\">07.02.2026 &#8211; Wars<\/a>zawa<\/p>\n\n<\/div><\/div><\/div>\n\n<div class=\"gb-grid-column gb-grid-column-28fd6eaf\"><div class=\"gb-container gb-container-28fd6eaf clickable-block\"><div class=\"gb-inside-container\">\n\n<figure class=\"wp-block-image size-large\"><a href=\"https:\/\/super-weddings.com\/pl\/edukacja\/kurs-online\/\"><img loading=\"lazy\" decoding=\"async\" width=\"1000\" height=\"667\" src=\"https:\/\/super-weddings.com\/wp-content\/uploads\/2020\/10\/wedding_session7-1000x667.jpg\" alt=\"\" class=\"wp-image-21245\" title=\"\" srcset=\"https:\/\/super-weddings.com\/wp-content\/uploads\/2020\/10\/wedding_session7-1000x667.jpg 1000w, https:\/\/super-weddings.com\/wp-content\/uploads\/2020\/10\/wedding_session7-800x533.jpg 800w, https:\/\/super-weddings.com\/wp-content\/uploads\/2020\/10\/wedding_session7-768x512.jpg 768w, https:\/\/super-weddings.com\/wp-content\/uploads\/2020\/10\/wedding_session7.jpg 1080w\" sizes=\"auto, (max-width: 1000px) 100vw, 1000px\" \/><\/a><\/figure>\n\n\n\n<h2 class=\"gb-headline gb-headline-b8c7950a gb-headline-text\">Skype Warsztaty<\/h2>\n\n\n\n<p class=\"gb-headline gb-headline-02f896bc gb-headline-text\">Online Class<\/p>\n\n<\/div><\/div><\/div>\n<\/div>\n<\/div><\/div>\n<\/div><\/div>","protected":false},"excerpt":{"rendered":"<p>Warsztaty &amp; Presety Moje warsztaty to przede wszystkim wyznaczanie drogi \u2013 Twojej drogi w d\u0105\u017ceniu do kreowania nie tylko lepszych film\u00f3w czy zdj\u0119\u0107, ale r\u00f3wnie\u017c w\u0142asnego \u017cycia.<\/p>\n","protected":false},"author":1,"featured_media":0,"parent":0,"menu_order":0,"comment_status":"closed","ping_status":"closed","template":"","meta":{"_gspb_post_css":"","footnotes":""},"class_list":["post-23767","page","type-page","status-publish"],"featured_image_src":null,"_links":{"self":[{"href":"https:\/\/super-weddings.com\/pl\/wp-json\/wp\/v2\/pages\/23767","targetHints":{"allow":["GET"]}}],"collection":[{"href":"https:\/\/super-weddings.com\/pl\/wp-json\/wp\/v2\/pages"}],"about":[{"href":"https:\/\/super-weddings.com\/pl\/wp-json\/wp\/v2\/types\/page"}],"author":[{"embeddable":true,"href":"https:\/\/super-weddings.com\/pl\/wp-json\/wp\/v2\/users\/1"}],"replies":[{"embeddable":true,"href":"https:\/\/super-weddings.com\/pl\/wp-json\/wp\/v2\/comments?post=23767"}],"version-history":[{"count":6,"href":"https:\/\/super-weddings.com\/pl\/wp-json\/wp\/v2\/pages\/23767\/revisions"}],"predecessor-version":[{"id":49813,"href":"https:\/\/super-weddings.com\/pl\/wp-json\/wp\/v2\/pages\/23767\/revisions\/49813"}],"wp:attachment":[{"href":"https:\/\/super-weddings.com\/pl\/wp-json\/wp\/v2\/media?parent=23767"}],"curies":[{"name":"wp","href":"https:\/\/api.w.org\/{rel}","templated":true}]}}