{"id":22489,"date":"2020-10-19T13:40:27","date_gmt":"2020-10-19T13:40:27","guid":{"rendered":"https:\/\/super.robak.dev\/?page_id=22489"},"modified":"2024-07-17T06:14:09","modified_gmt":"2024-07-17T06:14:09","slug":"filmy","status":"publish","type":"page","link":"https:\/\/super-weddings.com\/pl\/filmy\/","title":{"rendered":"Filmy"},"content":{"rendered":"<div class=\"gb-container gb-container-9406b663\"><div class=\"gb-inside-container\">\n\n<h2 class=\"gb-headline gb-headline-d1099973 gb-headline-text\">Niezwyk\u0142e historie film\u00f3w \u015blubnych<\/h2>\n\n\n\n<h1 class=\"gb-headline gb-headline-71ff291b gb-headline-text\">KA\u017bDA HISTORIA JEST INNA. KA\u017bDA HISTORIA JEST WA\u017bNA.<br><a href=\"https:\/\/en.super-weddings.com\/film\/italy-wedding-videographer-boho-chic-wedding\/\"><\/a><\/h1>\n\n<\/div><\/div>\n\n<div class=\"gb-container gb-container-9f37db45\"><div class=\"gb-inside-container\">\n\n<div class=\"wp-block-ultimate-post-post-grid-parent ultp-post-grid-parent\" data-postid=\"22489\" data-grids=\"[{&quot;blockId&quot;:&quot;489824&quot;,&quot;name&quot;:&quot;ultimate-post_post-grid-2&quot;}]\" data-pagi=\"[&quot;ultp-block-766db0&quot;]\"><div  class=\"ultp-post-grid-block wp-block-ultimate-post-post-grid-2 ultp-block-489824 aligncenter\"><div class=\"ultp-block-wrapper\"><div class=\"ultp-loading\"><div class=\"ultp-loading-blocks\" style=\"width:100%;height:100%;\"><div style=\"left: 0;top: 0;animation-delay:0s;\"><\/div><div style=\"left: 21px;top: 0;animation-delay:0.125s;\"><\/div><div style=\"left: 42px;top: 0;animation-delay:0.25s;\"><\/div><div style=\"left: 0;top: 21px;animation-delay:0.875s;\"><\/div><div style=\"left: 42px;top: 21px;animation-delay:0.375s;\"><\/div><div style=\"left: 0;top: 42px;animation-delay:0.75s;\"><\/div><div style=\"left: 42px;top: 42px;animation-delay:0.625s;\"><\/div><div style=\"left: 21px;top: 42px;animation-delay:0.5s;\"><\/div><\/div><\/div><div class=\"ultp-block-items-wrap ultp-block-row\"><div class=\"ultp-block-item post-id-36339\"><div class=\"ultp-block-content-wrap ultp-block-content-overlay\"><div class=\"ultp-block-image ultp-block-image-none\"><a href=\"https:\/\/super-weddings.com\/pl\/film\/trzydniowy-slub-w-barcelonie\/\" ><img decoding=\"async\" alt=\"slub w barcelonie\" src=\"https:\/\/super-weddings.com\/wp-content\/uploads\/2023\/10\/slub-w-barcelonie-870x570.jpg\" title=\"\"><\/a><\/div><div class=\"ultp-block-content ultp-block-content-bottomPosition\"><div class=\"ultp-block-content-inner\"><h3 class=\"ultp-block-title \"><a href=\"https:\/\/super-weddings.com\/pl\/film\/trzydniowy-slub-w-barcelonie\/\" >Trzydniowy \u015blub w Barcelonie<\/a><\/h3><\/div><\/div><\/div><\/div><div class=\"ultp-block-item post-id-36333\"><div class=\"ultp-block-content-wrap ultp-block-content-overlay\"><div class=\"ultp-block-image ultp-block-image-none\"><a href=\"https:\/\/super-weddings.com\/pl\/film\/slub-na-majorce\/\" ><img decoding=\"async\" alt=\"\u015blub na majorce\" src=\"https:\/\/super-weddings.com\/wp-content\/uploads\/2023\/10\/slub-na-majorce-w-finca-son-mir-870x570.jpg\" title=\"\"><\/a><\/div><div class=\"ultp-block-content ultp-block-content-bottomPosition\"><div class=\"ultp-block-content-inner\"><h3 class=\"ultp-block-title \"><a href=\"https:\/\/super-weddings.com\/pl\/film\/slub-na-majorce\/\" >\u015alub na Majorce w Finca Son Mir<\/a><\/h3><\/div><\/div><\/div><\/div><div class=\"ultp-block-item post-id-24467\"><div class=\"ultp-block-content-wrap ultp-block-content-overlay\"><div class=\"ultp-block-image ultp-block-image-none\"><a href=\"https:\/\/super-weddings.com\/pl\/film\/folwark-ruchenka-wesele-slub-w-stodole\/\" ><img decoding=\"async\" alt=\"Folwark Ruchenka Wesele - Dagmara i Maciej podczas niesamowitego \u015blubu w stodole folwarku ruchenka\" src=\"https:\/\/super-weddings.com\/wp-content\/uploads\/2020\/12\/03\/folwark-ruchenka-wesele-870x570.jpg\" title=\"\"><\/a><\/div><div class=\"ultp-block-content ultp-block-content-bottomPosition\"><div class=\"ultp-block-content-inner\"><h3 class=\"ultp-block-title \"><a href=\"https:\/\/super-weddings.com\/pl\/film\/folwark-ruchenka-wesele-slub-w-stodole\/\" >Folwark Ruchenka Wesele &#8211; szalony \u015blub w stodole<\/a><\/h3><\/div><\/div><\/div><\/div><div class=\"ultp-block-item post-id-5037\"><div class=\"ultp-block-content-wrap ultp-block-content-overlay\"><div class=\"ultp-block-image ultp-block-image-none\"><a href=\"https:\/\/super-weddings.com\/pl\/film\/filmowiec-slubny-wlochy-sara-giulio-film-w-stylu-boho\/\" ><img decoding=\"async\" alt=\"Sara &#038; Giulio &#8211; W\u0142oskie Wesele w stylu Boho\" src=\"https:\/\/super-weddings.com\/wp-content\/uploads\/2019\/06\/brescia_wedding_videographer-4liquify.jpg\" title=\"\"><\/a><\/div><div class=\"ultp-block-content ultp-block-content-bottomPosition\"><div class=\"ultp-block-content-inner\"><h3 class=\"ultp-block-title \"><a href=\"https:\/\/super-weddings.com\/pl\/film\/filmowiec-slubny-wlochy-sara-giulio-film-w-stylu-boho\/\" >Sara &#038; Giulio &#8211; W\u0142oskie Wesele w stylu Boho<\/a><\/h3><\/div><\/div><\/div><\/div><div class=\"ultp-block-item post-id-3556\"><div class=\"ultp-block-content-wrap ultp-block-content-overlay\"><div class=\"ultp-block-image ultp-block-image-none\"><a href=\"https:\/\/super-weddings.com\/pl\/film\/ceremonia-w-stylu-boho-na-farmie-bananow\/\" ><img decoding=\"async\" alt=\"Ceremonia w stylu Boho na farmie banan\u00f3w\" src=\"https:\/\/super-weddings.com\/wp-content\/uploads\/2020\/10\/gran_canaria_elopement-13-870x570.jpg\" title=\"\"><\/a><\/div><div class=\"ultp-block-content ultp-block-content-bottomPosition\"><div class=\"ultp-block-content-inner\"><h3 class=\"ultp-block-title \"><a href=\"https:\/\/super-weddings.com\/pl\/film\/ceremonia-w-stylu-boho-na-farmie-bananow\/\" >Ceremonia w stylu Boho na farmie banan\u00f3w<\/a><\/h3><\/div><\/div><\/div><\/div><div class=\"ultp-block-item post-id-3530\"><div class=\"ultp-block-content-wrap ultp-block-content-overlay\"><div class=\"ultp-block-image ultp-block-image-none\"><a href=\"https:\/\/super-weddings.com\/pl\/film\/catmax-hotel-alfonso-xiii-w-sewilli\/\" ><img decoding=\"async\" alt=\"Destination Wedding Photographer working in Seville in Hotel Alfonso \" src=\"https:\/\/super-weddings.com\/wp-content\/uploads\/2020\/10\/seville_wedding_videographer-2-1.jpg\" title=\"\"><\/a><\/div><div class=\"ultp-block-content ultp-block-content-bottomPosition\"><div class=\"ultp-block-content-inner\"><h3 class=\"ultp-block-title \"><a href=\"https:\/\/super-weddings.com\/pl\/film\/catmax-hotel-alfonso-xiii-w-sewilli\/\" >Cat&#038;Max &#8211; Hotel Alfonso XIII w Sewilli<\/a><\/h3><\/div><\/div><\/div><\/div><\/div><\/div><div class=\"pagination-block-html\" aria-hidden=\"true\" style=\"display: none;\"><div class=\"ultp-pagination-wrap ultp-pagination-ajax-action\"  data-for=\"ultp-block-489824\"  data-blockid=\"489824\"  data-expost=\"\"  data-paged=\"1\"  data-pages=\"4\"  data-blockname=\"ultimate-post_post-grid-2\"  data-postid=\"22489\"  data-selfpostid=\"yes\" ><ul class=\"ultp-pagination\"><li class=\"ultp-prev-page-numbers\" style=\"display:none\"><a href=\"https:\/\/super-weddings.com\/pl\/wp-json\/wp\/v2\/pages\/22489\/\"><svg xmlns=\"http:\/\/www.w3.org\/2000\/svg\" fill=\"none\" viewBox=\"0 0 24 24\">\n  <path stroke=\"currentColor\" stroke-linecap=\"round\" stroke-linejoin=\"round\" stroke-width=\"1.5\" d=\"m15 18-6-6 6-6\"\/>\n<\/svg>\n Previous<\/a><\/li><li class=\"ultp-first-pages\" style=\"display:none\" data-current=\"1\"><a href=\"https:\/\/super-weddings.com\/pl\/wp-json\/wp\/v2\/pages\/22489\/\">1<\/a><\/li><li class=\"ultp-center-item pagination-active\" data-current=\"1\"><a href=\"https:\/\/super-weddings.com\/pl\/wp-json\/wp\/v2\/pages\/22489\/\">1<\/a><\/li><li class=\"ultp-center-item\" data-current=\"2\" ><a href=\"https:\/\/super-weddings.com\/pl\/wp-json\/wp\/v2\/pages\/22489\/page\/2\/\">2<\/a><\/li><li class=\"ultp-center-item\" data-current=\"3\" ><a href=\"https:\/\/super-weddings.com\/pl\/wp-json\/wp\/v2\/pages\/22489\/page\/3\/\">3<\/a><\/li><li class=\"ultp-last-dot\" ><a href=\"#\">&#8230;<\/a><\/li><li class=\"ultp-last-pages\" data-current=\"4\"><a href=\"https:\/\/super-weddings.com\/pl\/wp-json\/wp\/v2\/pages\/22489\/page\/4\/\">4<\/a><\/li><li class=\"ultp-next-page-numbers\"><a href=\"https:\/\/super-weddings.com\/pl\/wp-json\/wp\/v2\/pages\/22489\/page\/2\/\">Next<svg xmlns=\"http:\/\/www.w3.org\/2000\/svg\" fill=\"none\" viewBox=\"0 0 24 24\">\n  <path stroke=\"currentColor\" stroke-linecap=\"round\" stroke-linejoin=\"round\" stroke-width=\"1.5\" d=\"m9 18 6-6-6-6\"\/>\n<\/svg>\n<\/a><\/li><\/ul><\/div><\/div><\/div>\n\n\n<div class=\"wp-block-ultimate-post-post-pagination ultp-block-766db0 ultp-pagination-block ultp-pagination-wrap\"><div class=\"ultp-pagination-wrap ultp-disable-editor-click ultp-pagination-ajax-action\"><ul class=\"ultp-pagination\"><li><a href=\"#\" class=\"ultp-prev-page-numbers\"><svg enable-background=\"new 0 0 477.175 477.175\" version=\"1.1\" viewBox=\"0 0 477.18 477.18\"><path d=\"m145.19 238.58 215.5-215.5c5.3-5.3 5.3-13.8 0-19.1s-13.8-5.3-19.1 0l-225.1 225.1c-5.3 5.3-5.3 13.8 0 19.1l225.1 225c2.6 2.6 6.1 4 9.5 4s6.9-1.3 9.5-4c5.3-5.3 5.3-13.8 0-19.1l-215.4-215.5z\"><\/path><\/svg> Previous<\/a><\/li><li><a href=\"#\">1<\/a><\/li><li><a href=\"#\">2<\/a><\/li><li><a href=\"#\">3<\/a><\/li><li><a href=\"#\" class=\"ultp-next-page-numbers\">Next <svg enable-background=\"new 0 0 477.175 477.175\" version=\"1.1\" viewBox=\"0 0 477.18 477.18\"><path d=\"m360.73 229.08-225.1-225.1c-5.3-5.3-13.8-5.3-19.1 0s-5.3 13.8 0 19.1l215.5 215.5-215.5 215.5c-5.3 5.3-5.3 13.8 0 19.1 2.6 2.6 6.1 4 9.5 4s6.9-1.3 9.5-4l225.1-225.1c5.3-5.2 5.3-13.8 0.1-19z\"><\/path><\/svg><\/a><\/li><\/ul><\/div><\/div>\n<\/div>\n\n<\/div><\/div>\n\n<div class=\"gb-container gb-container-8116d52a\"><div class=\"gb-inside-container\">\n\n<h2 class=\"gb-headline gb-headline-280185d3 gb-headline-text\">Na jakich \u015blubach pracujemy?<\/h2>\n\n\n<div class=\"gb-grid-wrapper gb-grid-wrapper-fafa70f0\">\n<div class=\"gb-grid-column gb-grid-column-44ee5002\"><div class=\"gb-container gb-container-44ee5002\"><div class=\"gb-inside-container\">\n\n<h3 class=\"gb-headline gb-headline-0b1d0738 gb-headline-text\">Tradycyjne wesele czy intymny &#8222;Elopement&#8221;?<\/h3>\n\n\n\n<p class=\"gb-headline gb-headline-740ff088 gb-headline-text\">Je\u017celi wczytali\u015bcie si\u0119 w informacje zawarte na stronie to szybko zrozumieli\u015bcie, \u017ce nasze pary bywaj\u0105 od siebie bardzo r\u00f3\u017cne. Czasami nie jest to r\u00f3\u017cnica wynikaj\u0105ca tylko z r\u00f3\u017cnych miejsc ceremonii, ale cz\u0119\u015bciej z r\u00f3\u017cnych kraj\u00f3w, kultur czy religii. Pracujemy zar\u00f3wno na du\u017cych, mi\u0119dzynarodowych \u015blubach w stylu <a href=\"https:\/\/super-weddings.com\/pl\/poradnik\/wesele-glamour-eleganckie-sluby\/\" class=\"rank-math-link\">glamour<\/a> a\u017c po bardzo intymne, nastrojowe ceremonie w stylu elopement. Je\u017celi wi\u0119c wasz \u015blub jest tradycyjny, elegancki, rustykalny, slow, boho lub jeszcze inny &#8211; odezwijcie si\u0119 do nas i pogadajmy o tym co mo\u017cemy wsp\u00f3lnie stworzy\u0107 dla was.<\/p>\n\n\n<div class=\"gb-button-wrapper gb-button-wrapper-1532ed5e\">\n\n<a class=\"gb-button gb-button-2e7941f5 gb-button-text\" href=\"https:\/\/super-weddings.com\/pl\/kontakt\/\" target=\"_blank\" rel=\"noopener noreferrer\">pogadajmy<\/a>\n\n<\/div>\n<\/div><\/div><\/div>\n\n<div class=\"gb-grid-column gb-grid-column-de08e602\"><div class=\"gb-container gb-container-de08e602\"><div class=\"gb-inside-container\">\n\n<figure class=\"wp-block-image size-large\"><img loading=\"lazy\" decoding=\"async\" width=\"1000\" height=\"820\" src=\"https:\/\/super-weddings.com\/wp-content\/uploads\/2020\/11\/london-wedding-00001-1000x820.jpeg\" alt=\"\" class=\"wp-image-23594\" title=\"\" srcset=\"https:\/\/super-weddings.com\/wp-content\/uploads\/2020\/11\/london-wedding-00001-1000x820.jpeg 1000w, https:\/\/super-weddings.com\/wp-content\/uploads\/2020\/11\/london-wedding-00001-800x656.jpeg 800w, https:\/\/super-weddings.com\/wp-content\/uploads\/2020\/11\/london-wedding-00001-768x630.jpeg 768w, https:\/\/super-weddings.com\/wp-content\/uploads\/2020\/11\/london-wedding-00001.jpeg 1080w\" sizes=\"auto, (max-width: 1000px) 100vw, 1000px\" \/><\/figure>\n\n<\/div><\/div><\/div>\n<\/div>\n\n<div class=\"gb-grid-wrapper gb-grid-wrapper-17c4fadd\">\n<div class=\"gb-grid-column gb-grid-column-19c99e7a\"><div class=\"gb-container gb-container-19c99e7a\"><div class=\"gb-inside-container\">\n\n<figure class=\"wp-block-image size-large\"><img loading=\"lazy\" decoding=\"async\" width=\"1000\" height=\"750\" src=\"https:\/\/super-weddings.com\/wp-content\/uploads\/2020\/10\/london_wedding_photographer-26-1000x750.jpg\" alt=\"najlepszy fotograf i kamerzysta na wesele w warszawie i ca\u0142ej polsce podczas pracy z pi\u0119kn\u0105 par\u0105 na weselu\" class=\"wp-image-23160\" title=\"\" srcset=\"https:\/\/super-weddings.com\/wp-content\/uploads\/2020\/10\/london_wedding_photographer-26-1000x750.jpg 1000w, https:\/\/super-weddings.com\/wp-content\/uploads\/2020\/10\/london_wedding_photographer-26-800x600.jpg 800w, https:\/\/super-weddings.com\/wp-content\/uploads\/2020\/10\/london_wedding_photographer-26-768x576.jpg 768w, https:\/\/super-weddings.com\/wp-content\/uploads\/2020\/10\/london_wedding_photographer-26.jpg 1080w\" sizes=\"auto, (max-width: 1000px) 100vw, 1000px\" \/><\/figure>\n\n<\/div><\/div><\/div>\n\n<div class=\"gb-grid-column gb-grid-column-fdc30404\"><div class=\"gb-container gb-container-fdc30404\"><div class=\"gb-inside-container\">\n\n<h3 class=\"gb-headline gb-headline-81e5719f gb-headline-text\"><a href=\"https:\/\/super-weddings.com\/pl\/poradnik\/slub-za-granica-lista-25-najlepszych-miejsc-na-wesele\/\" data-type=\"advice\" data-id=\"23993\">\u015alub za granic\u0105<\/a><\/h3>\n\n\n\n<p class=\"gb-headline gb-headline-d189f2c9 gb-headline-text\">Jako jedni z nielicznych kamerzyst\u00f3w czy fotograf\u00f3w \u015blubnych w Polsce mamy bardzo du\u017ce do\u015bwiadczenie na \u015blubach zar\u00f3wno w Polsce jak i za granic\u0105. Co roku go\u015bcimy na \u015blubach we W\u0142oszech, <a href=\"https:\/\/super-weddings.com\/pl\/poradnik\/slub-w-hiszpanii-hiszpanskie-wesele\/\" data-type=\"URL\" data-id=\"https:\/\/super-weddings.com\/pl\/poradnik\/slub-w-hiszpanii-hiszpanskie-wesele\/\">Hiszpanii<\/a>, Grecji, Maroko czy USA a nawet Australii. Je\u017celi planujecie ceremonie za granic\u0105, odezwijcie si\u0119 do nas najpierw &#8211; jeste\u015bmy w stanie pom\u00f3c wam absolutnie ze wszystkim przy <a class=\"rank-math-link\" href=\"https:\/\/super-weddings.com\/pl\/poradnik\/slub-za-granica-lista-25-najlepszych-miejsc-na-wesele\/\">organizacji \u015blubu za granic\u0105<\/a>. <\/p>\n\n\n<div class=\"gb-button-wrapper gb-button-wrapper-29f95e21\">\n\n<a class=\"gb-button gb-button-13923d5b gb-button-text\" href=\"https:\/\/super-weddings.com\/pl\/kontakt\/\" target=\"_blank\" rel=\"noopener noreferrer\">pogadajmy<\/a>\n\n<\/div>\n<\/div><\/div><\/div>\n<\/div>\n\n<div class=\"gb-grid-wrapper gb-grid-wrapper-8d68d33d\">\n<div class=\"gb-grid-column gb-grid-column-881cdf1f\"><div class=\"gb-container gb-container-881cdf1f\"><div class=\"gb-inside-container\">\n\n<h3 class=\"gb-headline gb-headline-bff6b803 gb-headline-text\">\u015alub w plenerze<\/h3>\n\n\n\n<p class=\"gb-headline gb-headline-89cf2d29 gb-headline-text\">Pragniecie czego\u015b niestandardowego? Najwa\u017cniejszy dla was jest kontakt z natur\u0105 i klimatyczna ceremonia na dworze, polanie, lesie, szklarni czy ogrodzie? Kr\u0119c\u0105 was \u015blubu humanistyczne i chcieliby\u015bcie, \u017ceby ceremonia odby\u0142a si\u0119 w ruinach starego zamku? Te i inny szalone pomys\u0142y mo\u017cecie \u015bmia\u0142o zrealizowa\u0107 z nami. Mamy mas\u0119 pomys\u0142\u00f3w jak wam pom\u00f3c!<\/p>\n\n\n<div class=\"gb-button-wrapper gb-button-wrapper-1cb1b6c4\">\n\n<a class=\"gb-button gb-button-6fc43ac4 gb-button-text\" href=\"https:\/\/super-weddings.com\/pl\/kontakt\/\" target=\"_blank\" rel=\"noopener noreferrer\">pogadajmy<\/a>\n\n<\/div>\n<\/div><\/div><\/div>\n\n<div class=\"gb-grid-column gb-grid-column-70ee28aa\"><div class=\"gb-container gb-container-70ee28aa\"><div class=\"gb-inside-container\">\n\n<figure class=\"wp-block-image size-large\"><img loading=\"lazy\" decoding=\"async\" width=\"1000\" height=\"877\" src=\"https:\/\/super-weddings.com\/wp-content\/uploads\/2020\/10\/elopement_videographer_photographer-48-1000x877.jpg\" alt=\"fotograf i kamerzysta \u015blubny podczas pracy w Warszawie\" class=\"wp-image-23128\" title=\"\" srcset=\"https:\/\/super-weddings.com\/wp-content\/uploads\/2020\/10\/elopement_videographer_photographer-48-1000x877.jpg 1000w, https:\/\/super-weddings.com\/wp-content\/uploads\/2020\/10\/elopement_videographer_photographer-48-800x701.jpg 800w, https:\/\/super-weddings.com\/wp-content\/uploads\/2020\/10\/elopement_videographer_photographer-48-768x673.jpg 768w, https:\/\/super-weddings.com\/wp-content\/uploads\/2020\/10\/elopement_videographer_photographer-48.jpg 1080w\" sizes=\"auto, (max-width: 1000px) 100vw, 1000px\" \/><\/figure>\n\n<\/div><\/div><\/div>\n<\/div>\n<\/div><\/div>","protected":false},"excerpt":{"rendered":"<p>Niezwyk\u0142e historie film\u00f3w \u015blubnych KA\u017bDA HISTORIA JEST INNA. KA\u017bDA HISTORIA JEST WA\u017bNA. Na jakich \u015blubach pracujemy?<\/p>\n","protected":false},"author":1,"featured_media":21363,"parent":0,"menu_order":0,"comment_status":"closed","ping_status":"closed","template":"","meta":{"_gspb_post_css":"","footnotes":""},"class_list":["post-22489","page","type-page","status-publish","has-post-thumbnail"],"featured_image_src":"https:\/\/super-weddings.com\/wp-content\/uploads\/2020\/10\/weddings_session6.jpg","jetpack_sharing_enabled":true,"_links":{"self":[{"href":"https:\/\/super-weddings.com\/pl\/wp-json\/wp\/v2\/pages\/22489","targetHints":{"allow":["GET"]}}],"collection":[{"href":"https:\/\/super-weddings.com\/pl\/wp-json\/wp\/v2\/pages"}],"about":[{"href":"https:\/\/super-weddings.com\/pl\/wp-json\/wp\/v2\/types\/page"}],"author":[{"embeddable":true,"href":"https:\/\/super-weddings.com\/pl\/wp-json\/wp\/v2\/users\/1"}],"replies":[{"embeddable":true,"href":"https:\/\/super-weddings.com\/pl\/wp-json\/wp\/v2\/comments?post=22489"}],"version-history":[{"count":4,"href":"https:\/\/super-weddings.com\/pl\/wp-json\/wp\/v2\/pages\/22489\/revisions"}],"predecessor-version":[{"id":40878,"href":"https:\/\/super-weddings.com\/pl\/wp-json\/wp\/v2\/pages\/22489\/revisions\/40878"}],"wp:featuredmedia":[{"embeddable":true,"href":"https:\/\/super-weddings.com\/pl\/wp-json\/wp\/v2\/media\/21363"}],"wp:attachment":[{"href":"https:\/\/super-weddings.com\/pl\/wp-json\/wp\/v2\/media?parent=22489"}],"curies":[{"name":"wp","href":"https:\/\/api.w.org\/{rel}","templated":true}]}}