{"id":22187,"date":"2020-10-19T11:36:57","date_gmt":"2020-10-19T11:36:57","guid":{"rendered":"https:\/\/super.robak.dev\/?page_id=22187"},"modified":"2024-07-17T06:15:07","modified_gmt":"2024-07-17T06:15:07","slug":"blog","status":"publish","type":"page","link":"https:\/\/super-weddings.com\/pl\/blog\/","title":{"rendered":"Blog"},"content":{"rendered":"<div class=\"gb-container gb-container-9406b663\"><div class=\"gb-inside-container\">\n\n<h2 class=\"gb-headline gb-headline-d1099973 gb-headline-text\">To co nas wyr\u00f3\u017cnia to WY<\/h2>\n\n\n\n<h3 class=\"gb-headline gb-headline-71ff291b gb-headline-text\">nie ma nic lepeszego na \u015awiecie ni\u017c praca na \u015blubach &#8211; serio, kochamy filmy i zdj\u0119cia \u015blubne<\/h3>\n\n\n<div class=\"gb-container gb-container-d3a34919\"><div class=\"gb-inside-container\">\n\n<p class=\"has-text-align-center\">Kiedy\u015b jedna z par poprosi\u0142a nas, \u017ceby\u015bmy opr\u00f3cz filmu \u015blubnego zrobili r\u00f3wnie\u017c zdj\u0119cia, bo styl naszych film\u00f3w tak bardzo im si\u0119 spodoba\u0142, \u017ce nie wyobra\u017cali sobie nikogo innego kto m\u00f3g\u0142by zrobi\u0107 dla nich zdj\u0119cia. I wiecie co? Mieli racj\u0119! Od tego czasu min\u0119\u0142o kilka lat a my totalnie pokochali\u015bmy robi\u0107 zdj\u0119cia. <\/p>\n\n<\/div><\/div>\n<\/div><\/div>\n\n<div class=\"gb-container gb-container-4aa2e354\"><div class=\"gb-inside-container\">\n\n<div class=\"wp-block-ultimate-post-post-grid-parent ultp-post-grid-parent\" data-postid=\"22187\" data-grids=\"[{&quot;blockId&quot;:&quot;5b7186&quot;,&quot;name&quot;:&quot;ultimate-post_post-grid-2&quot;}]\" data-pagi=\"[&quot;ultp-block-8ba7b7&quot;]\"><div  class=\"ultp-post-grid-block wp-block-ultimate-post-post-grid-2 ultp-block-5b7186 aligncenter\"><div class=\"ultp-block-wrapper\"><div class=\"ultp-loading\"><div class=\"ultp-loading-blocks\" style=\"width:100%;height:100%;\"><div style=\"left: 0;top: 0;animation-delay:0s;\"><\/div><div style=\"left: 21px;top: 0;animation-delay:0.125s;\"><\/div><div style=\"left: 42px;top: 0;animation-delay:0.25s;\"><\/div><div style=\"left: 0;top: 21px;animation-delay:0.875s;\"><\/div><div style=\"left: 42px;top: 21px;animation-delay:0.375s;\"><\/div><div style=\"left: 0;top: 42px;animation-delay:0.75s;\"><\/div><div style=\"left: 42px;top: 42px;animation-delay:0.625s;\"><\/div><div style=\"left: 21px;top: 42px;animation-delay:0.5s;\"><\/div><\/div><\/div><div class=\"ultp-block-items-wrap ultp-block-row\"><div class=\"ultp-block-item post-id-51330\"><div class=\"ultp-block-content-wrap ultp-block-content-overlay\"><div class=\"ultp-block-image ultp-block-image-none\"><a href=\"https:\/\/super-weddings.com\/pl\/slub-w-six-senses-ibiza-magiczny-dzien-amandy-i-denisa\/\" ><img decoding=\"async\" alt=\"six senses ibiza wedding\" src=\"https:\/\/super-weddings.com\/wp-content\/uploads\/2024\/10\/six_senses_ibiza_wedding.com-271-870x570.jpg\" title=\"\"><\/a><\/div><div class=\"ultp-block-content ultp-block-content-bottomPosition\"><div class=\"ultp-block-content-inner\"><h3 class=\"ultp-block-title \"><a href=\"https:\/\/super-weddings.com\/pl\/slub-w-six-senses-ibiza-magiczny-dzien-amandy-i-denisa\/\" >\u015alub w Six Senses Ibiza \u2013 magiczny dzie\u0144 Amandy i Denisa<\/a><\/h3><\/div><\/div><\/div><\/div><div class=\"ultp-block-item post-id-36349\"><div class=\"ultp-block-content-wrap ultp-block-content-overlay\"><div class=\"ultp-block-image ultp-block-image-none\"><a href=\"https:\/\/super-weddings.com\/pl\/slub-w-castell-sant-marcal\/\" ><img decoding=\"async\" alt=\"slub w Castell Sant Marcal\" src=\"https:\/\/super-weddings.com\/wp-content\/uploads\/2023\/10\/slub-w-Castell-Sant-Marcal--870x570.jpg\" title=\"\"><\/a><\/div><div class=\"ultp-block-content ultp-block-content-bottomPosition\"><div class=\"ultp-block-content-inner\"><h3 class=\"ultp-block-title \"><a href=\"https:\/\/super-weddings.com\/pl\/slub-w-castell-sant-marcal\/\" >\u015alub w Castell Sant Marcal<\/a><\/h3><\/div><\/div><\/div><\/div><div class=\"ultp-block-item post-id-13157\"><div class=\"ultp-block-content-wrap ultp-block-content-overlay\"><div class=\"ultp-block-image ultp-block-image-none\"><a href=\"https:\/\/super-weddings.com\/pl\/fotograf-i-filmowiec-slubny-florencja\/\" ><img decoding=\"async\" alt=\"Fotograf i Filmowiec \u015alubny Florencja\" src=\"https:\/\/super-weddings.com\/wp-content\/uploads\/2020\/10\/florence_wedding_photographer_videographer-334-1.jpg\" title=\"\"><\/a><\/div><div class=\"ultp-block-content ultp-block-content-bottomPosition\"><div class=\"ultp-block-content-inner\"><h3 class=\"ultp-block-title \"><a href=\"https:\/\/super-weddings.com\/pl\/fotograf-i-filmowiec-slubny-florencja\/\" >Fotograf i Filmowiec \u015alubny Florencja<\/a><\/h3><\/div><\/div><\/div><\/div><div class=\"ultp-block-item post-id-13153\"><div class=\"ultp-block-content-wrap ultp-block-content-overlay\"><div class=\"ultp-block-image ultp-block-image-none\"><a href=\"https:\/\/super-weddings.com\/pl\/fotograf-slubny-abu-dhabi-sonam-and-shrenik\/\" ><img decoding=\"async\" alt=\"Fotograf \u015alubny Abu Dhabi &#8211; Sonam and Shrenik\" src=\"https:\/\/super-weddings.com\/wp-content\/uploads\/2019\/06\/Abu-Dhabi-Wedding-Photographer-Sonam-and-Shrenik-SuperWeddings-01.jpg\" title=\"\"><\/a><\/div><div class=\"ultp-block-content ultp-block-content-bottomPosition\"><div class=\"ultp-block-content-inner\"><h3 class=\"ultp-block-title \"><a href=\"https:\/\/super-weddings.com\/pl\/fotograf-slubny-abu-dhabi-sonam-and-shrenik\/\" >Fotograf \u015alubny Abu Dhabi &#8211; Sonam and Shrenik<\/a><\/h3><\/div><\/div><\/div><\/div><div class=\"ultp-block-item post-id-13147\"><div class=\"ultp-block-content-wrap ultp-block-content-overlay\"><div class=\"ultp-block-image ultp-block-image-none\"><a href=\"https:\/\/super-weddings.com\/pl\/fotograf-slubny-londyn-india-oliver\/\" ><img decoding=\"async\" alt=\"destination wedding photographer working in London on an amazing wedding\" src=\"https:\/\/super-weddings.com\/wp-content\/uploads\/2020\/10\/London-Wedding-Photographer-SuperWeddings-01-870x570.jpg\" title=\"\"><\/a><\/div><div class=\"ultp-block-content ultp-block-content-bottomPosition\"><div class=\"ultp-block-content-inner\"><h3 class=\"ultp-block-title \"><a href=\"https:\/\/super-weddings.com\/pl\/fotograf-slubny-londyn-india-oliver\/\" >Fotograf \u015alubny Londyn &#8211; India &#038; Oliver<\/a><\/h3><\/div><\/div><\/div><\/div><div class=\"ultp-block-item post-id-4798\"><div class=\"ultp-block-content-wrap ultp-block-content-overlay\"><div class=\"ultp-block-image ultp-block-image-none\"><a href=\"https:\/\/super-weddings.com\/pl\/filmowiec-slubny-barcelona-eden-domi-sesja-slubna\/\" ><img decoding=\"async\" alt=\"ta para lubi filmy i zdj\u0119cia \u015blubne w Warszawie\" src=\"https:\/\/super-weddings.com\/wp-content\/uploads\/2020\/10\/barcelona_wedding_videographer-6079-870x570.jpg\" title=\"\"><\/a><\/div><div class=\"ultp-block-content ultp-block-content-bottomPosition\"><div class=\"ultp-block-content-inner\"><h3 class=\"ultp-block-title \"><a href=\"https:\/\/super-weddings.com\/pl\/filmowiec-slubny-barcelona-eden-domi-sesja-slubna\/\" >Eden &#038; Domi &#8211; Sesja \u015alubna<\/a><\/h3><\/div><\/div><\/div><\/div><\/div><\/div><div class=\"pagination-block-html\" aria-hidden=\"true\" style=\"display: none;\"><div class=\"ultp-pagination-wrap ultp-pagination-ajax-action\"  data-for=\"ultp-block-5b7186\"  data-blockid=\"5b7186\"  data-expost=\"\"  data-paged=\"1\"  data-pages=\"3\"  data-blockname=\"ultimate-post_post-grid-2\"  data-postid=\"22187\"  data-selfpostid=\"yes\" ><ul class=\"ultp-pagination\"><li class=\"ultp-prev-page-numbers\" style=\"display:none\"><a href=\"https:\/\/super-weddings.com\/pl\/wp-json\/wp\/v2\/pages\/22187\/\"><svg xmlns=\"http:\/\/www.w3.org\/2000\/svg\" fill=\"none\" viewBox=\"0 0 24 24\">\n  <path stroke=\"currentColor\" stroke-linecap=\"round\" stroke-linejoin=\"round\" stroke-width=\"1.5\" d=\"m15 18-6-6 6-6\"\/>\n<\/svg>\n Previous<\/a><\/li><li class=\"ultp-center-item pagination-active\" data-current=\"1\"><a href=\"https:\/\/super-weddings.com\/pl\/wp-json\/wp\/v2\/pages\/22187\/\">1<\/a><\/li><li class=\"ultp-center-item\" data-current=\"2\" ><a href=\"https:\/\/super-weddings.com\/pl\/wp-json\/wp\/v2\/pages\/22187\/page\/2\/\">2<\/a><\/li><li class=\"ultp-center-item\" data-current=\"3\" ><a href=\"https:\/\/super-weddings.com\/pl\/wp-json\/wp\/v2\/pages\/22187\/page\/3\/\">3<\/a><\/li><li class=\"ultp-next-page-numbers\"><a href=\"https:\/\/super-weddings.com\/pl\/wp-json\/wp\/v2\/pages\/22187\/page\/2\/\">Next<svg xmlns=\"http:\/\/www.w3.org\/2000\/svg\" fill=\"none\" viewBox=\"0 0 24 24\">\n  <path stroke=\"currentColor\" stroke-linecap=\"round\" stroke-linejoin=\"round\" stroke-width=\"1.5\" d=\"m9 18 6-6-6-6\"\/>\n<\/svg>\n<\/a><\/li><\/ul><\/div><\/div><\/div>\n\n\n<div class=\"wp-block-ultimate-post-post-pagination ultp-block-8ba7b7 ultp-pagination-block ultp-pagination-wrap\"><div class=\"ultp-pagination-wrap ultp-disable-editor-click ultp-pagination-ajax-action\"><ul class=\"ultp-pagination\"><li><a href=\"#\" class=\"ultp-prev-page-numbers\"><svg enable-background=\"new 0 0 477.175 477.175\" version=\"1.1\" viewBox=\"0 0 477.18 477.18\"><path d=\"m145.19 238.58 215.5-215.5c5.3-5.3 5.3-13.8 0-19.1s-13.8-5.3-19.1 0l-225.1 225.1c-5.3 5.3-5.3 13.8 0 19.1l225.1 225c2.6 2.6 6.1 4 9.5 4s6.9-1.3 9.5-4c5.3-5.3 5.3-13.8 0-19.1l-215.4-215.5z\"><\/path><\/svg> Previous<\/a><\/li><li><a href=\"#\">1<\/a><\/li><li><a href=\"#\">2<\/a><\/li><li><a href=\"#\">3<\/a><\/li><li><a href=\"#\" class=\"ultp-next-page-numbers\">Next <svg enable-background=\"new 0 0 477.175 477.175\" version=\"1.1\" viewBox=\"0 0 477.18 477.18\"><path d=\"m360.73 229.08-225.1-225.1c-5.3-5.3-13.8-5.3-19.1 0s-5.3 13.8 0 19.1l215.5 215.5-215.5 215.5c-5.3 5.3-5.3 13.8 0 19.1 2.6 2.6 6.1 4 9.5 4s6.9-1.3 9.5-4l225.1-225.1c5.3-5.2 5.3-13.8 0.1-19z\"><\/path><\/svg><\/a><\/li><\/ul><\/div><\/div>\n<\/div>\n\n<\/div><\/div>\n\n<div class=\"gb-container gb-container-8116d52a\"><div class=\"gb-inside-container\">\n\n<h2 class=\"gb-headline gb-headline-280185d3 gb-headline-text\">Co jest w naszej ofercie fotografii \u015blubnej?<\/h2>\n\n\n<div class=\"gb-grid-wrapper gb-grid-wrapper-fafa70f0\">\n<div class=\"gb-grid-column gb-grid-column-44ee5002\"><div class=\"gb-container gb-container-44ee5002\"><div class=\"gb-inside-container\">\n\n<h3 class=\"gb-headline gb-headline-0b1d0738 gb-headline-text\">Film i zdj\u0119cia od nas<\/h3>\n\n\n\n<p class=\"gb-headline gb-headline-740ff088 gb-headline-text\">Tak, mo\u017cemy wykona\u0107 dla was zar\u00f3wno film jak i zdj\u0119cia \u015blubne, \u015bwietnia &#8211; prawda? <br\/>Pary co raz cz\u0119\u015bciej decyduj\u0105 si\u0119 na pakiet filmowo-zdj\u0119ciowy, w kt\u00f3rym wszystko otrzymuj\u0105 od jednej ekipy, w tym samym stylu co sprawia, \u017ce historia waszego dnia \u015blubu jest kompletna. <br\/>Mo\u017cecie zobaczy\u0107 jeden z przyk\u0142ad\u00f3w takiego po\u0142\u0105czenia na \u015blubie jaki zrealizowali\u015bmy w Rzymie w <a href=\"https:\/\/super-weddings.com\/rome-wedding-videographer-and-photographer-villa-aurelia-danielle-and-keith\/\" class=\"rank-math-link\">Villa Aurelia.<\/a> <\/p>\n\n\n<div class=\"gb-button-wrapper gb-button-wrapper-1532ed5e\">\n\n<a class=\"gb-button gb-button-2e7941f5 gb-button-text\" href=\"https:\/\/super-weddings.com\/pl\/kontakt\/\" target=\"_blank\" rel=\"noopener noreferrer\">pogadajmy<\/a>\n\n<\/div>\n<\/div><\/div><\/div>\n\n<div class=\"gb-grid-column gb-grid-column-de08e602\"><div class=\"gb-container gb-container-de08e602\"><div class=\"gb-inside-container\">\n\n<figure class=\"wp-block-image size-large\"><img loading=\"lazy\" decoding=\"async\" width=\"1000\" height=\"667\" src=\"https:\/\/super-weddings.com\/wp-content\/uploads\/2020\/10\/cqiLjazQ-1000x667.jpeg\" alt=\"\u015blub folwark w\u0105sowo\" class=\"wp-image-23244\" title=\"\" srcset=\"https:\/\/super-weddings.com\/wp-content\/uploads\/2020\/10\/cqiLjazQ-1000x667.jpeg 1000w, https:\/\/super-weddings.com\/wp-content\/uploads\/2020\/10\/cqiLjazQ-800x533.jpeg 800w, https:\/\/super-weddings.com\/wp-content\/uploads\/2020\/10\/cqiLjazQ-768x512.jpeg 768w, https:\/\/super-weddings.com\/wp-content\/uploads\/2020\/10\/cqiLjazQ-600x400.jpeg 600w, https:\/\/super-weddings.com\/wp-content\/uploads\/2020\/10\/cqiLjazQ.jpeg 1080w\" sizes=\"auto, (max-width: 1000px) 100vw, 1000px\" \/><\/figure>\n\n<\/div><\/div><\/div>\n<\/div>\n\n<div class=\"gb-grid-wrapper gb-grid-wrapper-17c4fadd\">\n<div class=\"gb-grid-column gb-grid-column-19c99e7a\"><div class=\"gb-container gb-container-19c99e7a\"><div class=\"gb-inside-container\">\n\n<figure class=\"wp-block-image size-large\"><img loading=\"lazy\" decoding=\"async\" width=\"1000\" height=\"933\" src=\"https:\/\/super-weddings.com\/wp-content\/uploads\/2020\/10\/barcelona_wedding_videographer-6079-1000x933.jpg\" alt=\"ta para lubi filmy i zdj\u0119cia \u015blubne w Warszawie\" class=\"wp-image-21930\" title=\"\" srcset=\"https:\/\/super-weddings.com\/wp-content\/uploads\/2020\/10\/barcelona_wedding_videographer-6079-1000x933.jpg 1000w, https:\/\/super-weddings.com\/wp-content\/uploads\/2020\/10\/barcelona_wedding_videographer-6079-800x746.jpg 800w, https:\/\/super-weddings.com\/wp-content\/uploads\/2020\/10\/barcelona_wedding_videographer-6079-768x716.jpg 768w, https:\/\/super-weddings.com\/wp-content\/uploads\/2020\/10\/barcelona_wedding_videographer-6079-1536x1433.jpg 1536w, https:\/\/super-weddings.com\/wp-content\/uploads\/2020\/10\/barcelona_wedding_videographer-6079-2048x1910.jpg 2048w\" sizes=\"auto, (max-width: 1000px) 100vw, 1000px\" \/><\/figure>\n\n<\/div><\/div><\/div>\n\n<div class=\"gb-grid-column gb-grid-column-fdc30404\"><div class=\"gb-container gb-container-fdc30404\"><div class=\"gb-inside-container\">\n\n<h3 class=\"gb-headline gb-headline-81e5719f gb-headline-text\">Pe\u0142en reporta\u017c zdj\u0119ciowy<\/h3>\n\n\n\n<p class=\"gb-headline gb-headline-d189f2c9 gb-headline-text\">Mo\u017cemy jak najbardziej wykona\u0107 dla was te\u017c same zdj\u0119cia na \u015blubie, bez konieczno\u015bci nagrania filmu &#8211; lub nagra\u0107 tylko kilka wybranych moment\u00f3w jak np. ceremonia. Kochamy robi\u0107 zdj\u0119cia<br\/>a \u015bwiadomo\u015b\u0107 tego \u017ce nasze zdj\u0119cia zostan\u0105 z wami na d\u0142ugie lata, sprawia \u017ce czujemy z wszystkimi naszymi parami specjaln\u0105 wi\u0119\u017a podczas robienia reporta\u017cu zdj\u0119ciowego \u015blubnego. <br\/>Mo\u017cemy r\u00f3wnie\u017c zaproponowa\u0107 wam wykonanie wydruk\u00f3w lub specjalnie przygotowanych album\u00f3w.<\/p>\n\n\n<div class=\"gb-button-wrapper gb-button-wrapper-29f95e21\">\n\n<a class=\"gb-button gb-button-13923d5b gb-button-text\" href=\"https:\/\/super-weddings.com\/pl\/kontakt\/\" target=\"_blank\" rel=\"noopener noreferrer\">pogadajmy<\/a>\n\n<\/div>\n<\/div><\/div><\/div>\n<\/div>\n\n<div class=\"gb-grid-wrapper gb-grid-wrapper-8d68d33d\">\n<div class=\"gb-grid-column gb-grid-column-881cdf1f\"><div class=\"gb-container gb-container-881cdf1f\"><div class=\"gb-inside-container\">\n\n<h3 class=\"gb-headline gb-headline-bff6b803 gb-headline-text\">Sesja \u015blubna i narzecze\u0144ska <\/h3>\n\n\n\n<p class=\"gb-headline gb-headline-89cf2d29 gb-headline-text\">To jedno z naszych &#8222;cr\u00e8me de la cr\u00e8me&#8221; &#8211; uwa\u017camy, \u017ce nie ma lepszego sposobu \u017ceby lepiej si\u0119 pozna\u0107 ni\u017c sesja narzecze\u0144ska, gdzie mo\u017cemy wykorzysta\u0107 wasz\u0105 i nasz\u0105 energi\u0119 do stworzenia czego\u015b niesamowitego i kreatywnego. Podobnie jest z sesj\u0105 \u015blubn\u0105, kt\u00f3ra najcz\u0119\u015bciej wykonujemy po \u015blubie we wsp\u00f3lnie wybranym miejscu a cz\u0119sto jest to sesja za granic\u0105 np. na <a href=\"https:\/\/super-weddings.com\/pl\/film\/ceremonia-w-stylu-boho-na-farmie-bananow\/\" target=\"_blank\" aria-label=\"Gran Canarii.  (opens in a new tab)\" rel=\"noreferrer noopener\" class=\"rank-math-link\">Gran Canarii. <\/a><\/p>\n\n\n<div class=\"gb-button-wrapper gb-button-wrapper-1cb1b6c4\">\n\n<a class=\"gb-button gb-button-6fc43ac4 gb-button-text\" href=\"https:\/\/super-weddings.com\/pl\/kontakt\/\">pogadajmy<\/a>\n\n<\/div>\n<\/div><\/div><\/div>\n\n<div class=\"gb-grid-column gb-grid-column-70ee28aa\"><div class=\"gb-container gb-container-70ee28aa\"><div class=\"gb-inside-container\">\n\n<figure class=\"wp-block-image size-large\"><img loading=\"lazy\" decoding=\"async\" width=\"1000\" height=\"667\" src=\"https:\/\/super-weddings.com\/wp-content\/uploads\/2020\/10\/beach_elopement_gran_canaria-14-1000x667.jpg\" alt=\"\" class=\"wp-image-21405\" title=\"\" srcset=\"https:\/\/super-weddings.com\/wp-content\/uploads\/2020\/10\/beach_elopement_gran_canaria-14-1000x667.jpg 1000w, https:\/\/super-weddings.com\/wp-content\/uploads\/2020\/10\/beach_elopement_gran_canaria-14-800x533.jpg 800w, https:\/\/super-weddings.com\/wp-content\/uploads\/2020\/10\/beach_elopement_gran_canaria-14-768x512.jpg 768w, https:\/\/super-weddings.com\/wp-content\/uploads\/2020\/10\/beach_elopement_gran_canaria-14.jpg 1080w\" sizes=\"auto, (max-width: 1000px) 100vw, 1000px\" \/><\/figure>\n\n<\/div><\/div><\/div>\n<\/div>\n<\/div><\/div>","protected":false},"excerpt":{"rendered":"<p>To co nas wyr\u00f3\u017cnia to WY nie ma nic lepeszego na \u015awiecie ni\u017c praca na \u015blubach &#8211; serio, kochamy filmy i zdj\u0119cia \u015blubne Kiedy\u015b jedna z par poprosi\u0142a nas, \u017ceby\u015bmy opr\u00f3cz filmu \u015blubnego zrobili r\u00f3wnie\u017c zdj\u0119cia, bo styl naszych film\u00f3w tak bardzo im si\u0119 spodoba\u0142, \u017ce nie wyobra\u017cali sobie nikogo innego kto m\u00f3g\u0142by zrobi\u0107 dla &#8230; <a title=\"Blog\" class=\"read-more\" href=\"https:\/\/super-weddings.com\/pl\/blog\/\" aria-label=\"Dowiedz si\u0119 wi\u0119cej o Blog\">Czytaj dalej<\/a><\/p>\n","protected":false},"author":1,"featured_media":22685,"parent":0,"menu_order":0,"comment_status":"closed","ping_status":"closed","template":"","meta":{"_gspb_post_css":"","footnotes":""},"class_list":["post-22187","page","type-page","status-publish","has-post-thumbnail"],"featured_image_src":"https:\/\/super-weddings.com\/wp-content\/uploads\/2020\/10\/hOuqWkwB-1-scaled.jpeg","_links":{"self":[{"href":"https:\/\/super-weddings.com\/pl\/wp-json\/wp\/v2\/pages\/22187","targetHints":{"allow":["GET"]}}],"collection":[{"href":"https:\/\/super-weddings.com\/pl\/wp-json\/wp\/v2\/pages"}],"about":[{"href":"https:\/\/super-weddings.com\/pl\/wp-json\/wp\/v2\/types\/page"}],"author":[{"embeddable":true,"href":"https:\/\/super-weddings.com\/pl\/wp-json\/wp\/v2\/users\/1"}],"replies":[{"embeddable":true,"href":"https:\/\/super-weddings.com\/pl\/wp-json\/wp\/v2\/comments?post=22187"}],"version-history":[{"count":1,"href":"https:\/\/super-weddings.com\/pl\/wp-json\/wp\/v2\/pages\/22187\/revisions"}],"predecessor-version":[{"id":40882,"href":"https:\/\/super-weddings.com\/pl\/wp-json\/wp\/v2\/pages\/22187\/revisions\/40882"}],"wp:featuredmedia":[{"embeddable":true,"href":"https:\/\/super-weddings.com\/pl\/wp-json\/wp\/v2\/media\/22685"}],"wp:attachment":[{"href":"https:\/\/super-weddings.com\/pl\/wp-json\/wp\/v2\/media?parent=22187"}],"curies":[{"name":"wp","href":"https:\/\/api.w.org\/{rel}","templated":true}]}}