{"id":16839,"date":"2020-07-16T09:18:09","date_gmt":"2020-07-16T09:18:09","guid":{"rendered":"https:\/\/super.robak.dev\/home-polski\/"},"modified":"2023-07-12T13:07:02","modified_gmt":"2023-07-12T13:07:02","slug":"home-polski","status":"publish","type":"page","link":"https:\/\/super-weddings.com\/pl\/","title":{"rendered":"Home &#8211; Polski"},"content":{"rendered":"\n<div class=\"wp-block-stackable-columns stk-block-columns stk-block stk-4753b38\" data-block-id=\"4753b38\"><style>.stk-4753b38 .stk--block-align-4753b38{align-items:center !important}<\/style><div class=\"stk-row stk-inner-blocks stk--block-align-4753b38 stk-block-content stk-content-align stk-4753b38-column\">\n<div class=\"wp-block-stackable-column stk-block-column stk-column stk-block stk-dcab628 stk-block-background stk--has-background-overlay\" data-v=\"4\" data-block-id=\"dcab628\"><style>.stk-dcab628{align-self:center !important;background-color:var(--contrast) !important;background-image:url(https:\/\/super-weddings.com\/wp-content\/uploads\/2023\/07\/10\/super-weddings-destination-wedding-videographer-photographer.jpg.jpg) !important;align-items:center !important;display:flex !important}.stk-dcab628-inner-blocks{justify-content:center !important}.stk-dcab628:before{background-color:var(--contrast) !important;opacity:0.1 !important}.stk-dcab628-container{min-height:80vh !important}@media screen and (max-width:1023px){.stk-dcab628{background-image:url(https:\/\/super-weddings.com\/wp-content\/uploads\/2023\/07\/10\/front-superweddings-2023.jpg) !important}}@media screen and (max-width:767px){.stk-dcab628{background-image:url(https:\/\/super-weddings.com\/wp-content\/uploads\/2023\/07\/10\/front-mobile.jpg) !important}}<\/style><div class=\"stk-column-wrapper stk-block-column__content stk-container stk-dcab628-container stk--no-background stk--no-padding\"><div class=\"has-text-align-center stk--column-flex stk-block-content stk-inner-blocks stk-dcab628-inner-blocks\">\n<figure class=\"gb-block-image gb-block-image-16b23ea9\"><img loading=\"lazy\" decoding=\"async\" width=\"715\" height=\"258\" class=\"gb-image gb-image-16b23ea9\" src=\"https:\/\/super-weddings.com\/wp-content\/uploads\/2023\/07\/super-weddings-destination-wedding-videographer-photographerr.png\" alt=\"Super Weddings - destination wedding videographer &amp; photographer\" title=\"super-weddings-destination-wedding-videographer-photographerr\"\/><\/figure>\n<\/div><\/div><\/div>\n<\/div><\/div>\n\n\n<div class=\"gb-container gb-container-5cb64c88\"><div class=\"gb-inside-container\">\n\n<h1 class=\"gb-headline gb-headline-3efe1796 gb-headline-text\">Twoja historia widziana naszymi oczami<\/h1>\n\n\n\n<h2 class=\"gb-headline gb-headline-ab821325 gb-headline-text\">Emocjonalne Filmy i Zdj\u0119cia \u015alubne<\/h2>\n\n<\/div><\/div>\n\n<div class=\"gb-container gb-container-6b66d22d\"><div class=\"gb-inside-container\">\n<div class=\"gb-grid-wrapper gb-grid-wrapper-3526ad39\">\n<div class=\"gb-grid-column gb-grid-column-0cac6b3f\"><div class=\"gb-container gb-container-0cac6b3f\"><div class=\"gb-inside-container\">\n\n<p class=\"has-drop-cap has-text-align-left\">Moja historia r\u00f3wnie\u017c. Wszystko co robi\u0119 pochodzi prosto z serca i tam te\u017c ma trafia\u0107. Moje filmy s\u0105 o ludziach, o was \u2013 interesuje mnie Twoja historia, kt\u00f3ra tylko przypadkowo rozgrywa si\u0119 podczas \u015blubu. Tym jest dla mnie bycie filmowcem, &#8222;<a href=\"https:\/\/super-weddings.com\/pl\/fotograf-i-kamerzysta-na-wesele-warszawa\/\" class=\"rank-math-link\">kamerzyst\u0105<\/a>&#8221; \u015blubnym.<\/p>\n\n\n\n<p class=\"has-text-align-left\">Nazywam si\u0119 Sebastian i to jest m\u00f3j ma\u0142y \u015awiat, kt\u00f3ry nazywam&nbsp;<strong>SuperWeddings<\/strong>. Nie wszystko Ci si\u0119 w nim spodoba, ale ka\u017cdy jeden film i ka\u017cde jedno zdj\u0119cia wywo\u0142a emocje. Bez nich, nic nie b\u0119dzie takie samo.<\/p>\n\n\n\n<div style=\"height:24px\" aria-hidden=\"true\" class=\"wp-block-spacer\"><\/div>\n\n\n<div class=\"gb-button-wrapper gb-button-wrapper-1532ed5e\">\n\n<a class=\"gb-button gb-button-2e7941f5 gb-button-text\" href=\"https:\/\/super-weddings.com\/pl\/o-nas\/\">czytaj dalej<\/a>\n\n<\/div>\n<\/div><\/div><\/div>\n\n<div class=\"gb-grid-column gb-grid-column-b0975337\"><div class=\"gb-container gb-container-b0975337\"><div class=\"gb-inside-container\">\n\n<figure class=\"wp-block-image size-large\"><img loading=\"lazy\" decoding=\"async\" width=\"1000\" height=\"1000\" src=\"https:\/\/super-weddings.com\/wp-content\/uploads\/2023\/07\/10\/SEBASTIAN_NANDRYKA_SUPER_WEDDINGS-1000x1000.jpg\" alt=\"\" class=\"wp-image-34848\" title=\"\" srcset=\"https:\/\/super-weddings.com\/wp-content\/uploads\/2023\/07\/10\/SEBASTIAN_NANDRYKA_SUPER_WEDDINGS-1000x1000.jpg 1000w, https:\/\/super-weddings.com\/wp-content\/uploads\/2023\/07\/10\/SEBASTIAN_NANDRYKA_SUPER_WEDDINGS-800x800.jpg 800w, https:\/\/super-weddings.com\/wp-content\/uploads\/2023\/07\/10\/SEBASTIAN_NANDRYKA_SUPER_WEDDINGS-768x768.jpg 768w, https:\/\/super-weddings.com\/wp-content\/uploads\/2023\/07\/10\/SEBASTIAN_NANDRYKA_SUPER_WEDDINGS-1536x1536.jpg 1536w, https:\/\/super-weddings.com\/wp-content\/uploads\/2023\/07\/10\/SEBASTIAN_NANDRYKA_SUPER_WEDDINGS-600x600.jpg 600w, https:\/\/super-weddings.com\/wp-content\/uploads\/2023\/07\/10\/SEBASTIAN_NANDRYKA_SUPER_WEDDINGS.jpg 1755w\" sizes=\"auto, (max-width: 1000px) 100vw, 1000px\" \/><\/figure>\n\n<\/div><\/div><\/div>\n<\/div>\n<\/div><\/div>\n\n<div class=\"gb-container gb-container-534bcea5\"><div class=\"gb-inside-container\">\n<div class=\"gb-grid-wrapper gb-grid-wrapper-1ef0e19c\">\n<div class=\"gb-grid-column gb-grid-column-c39b4f54\"><div class=\"gb-container gb-container-c39b4f54\"><div class=\"gb-inside-container\">\n\n<h3 class=\"gb-headline gb-headline-f93745eb gb-headline-text\">Filmy \u015alubne<\/h3>\n\n\n\n<p>Kilka wybranych film\u00f3w \u015blubnych o naszych parach. <br>Ka\u017cda historia jest inna, ka\u017cda z nich jest bardzo bliska naszemu sercu.<\/p>\n\n<\/div><\/div><\/div>\n\n<div class=\"gb-grid-column gb-grid-column-5f347338\"><div class=\"gb-container gb-container-5f347338\"><div class=\"gb-inside-container\"><\/div><\/div><\/div>\n<\/div>\n<\/div><\/div>\n\n<div class=\"gb-container gb-container-29c5d454\"><div class=\"gb-inside-container\">\n<div  class=\"ultp-post-grid-block wp-block-ultimate-post-post-grid-2 ultp-block-2c4e52\"><div class=\"ultp-block-wrapper\"><div class=\"ultp-loading\"><div class=\"ultp-loading-blocks\" style=\"width:100%;height:100%;\"><div style=\"left: 0;top: 0;animation-delay:0s;\"><\/div><div style=\"left: 21px;top: 0;animation-delay:0.125s;\"><\/div><div style=\"left: 42px;top: 0;animation-delay:0.25s;\"><\/div><div style=\"left: 0;top: 21px;animation-delay:0.875s;\"><\/div><div style=\"left: 42px;top: 21px;animation-delay:0.375s;\"><\/div><div style=\"left: 0;top: 42px;animation-delay:0.75s;\"><\/div><div style=\"left: 42px;top: 42px;animation-delay:0.625s;\"><\/div><div style=\"left: 21px;top: 42px;animation-delay:0.5s;\"><\/div><\/div><\/div><div class=\"ultp-block-items-wrap ultp-block-row\"><div class=\"ultp-block-item post-id-36339\"><div class=\"ultp-block-content-wrap ultp-block-content-overlay\"><div class=\"ultp-block-image ultp-block-image-none\"><a href=\"https:\/\/super-weddings.com\/pl\/film\/trzydniowy-slub-w-barcelonie\/\" ><img decoding=\"async\" alt=\"slub w barcelonie\" src=\"https:\/\/super-weddings.com\/wp-content\/uploads\/2023\/10\/slub-w-barcelonie-870x570.jpg\" title=\"\"><\/a><\/div><div class=\"ultp-block-content ultp-block-content-bottomPosition\"><div class=\"ultp-block-content-inner\"><h3 class=\"ultp-block-title \"><a href=\"https:\/\/super-weddings.com\/pl\/film\/trzydniowy-slub-w-barcelonie\/\" >Trzydniowy \u015blub w Barcelonie<\/a><\/h3><\/div><\/div><\/div><\/div><div class=\"ultp-block-item post-id-36333\"><div class=\"ultp-block-content-wrap ultp-block-content-overlay\"><div class=\"ultp-block-image ultp-block-image-none\"><a href=\"https:\/\/super-weddings.com\/pl\/film\/slub-na-majorce\/\" ><img decoding=\"async\" alt=\"\u015blub na majorce\" src=\"https:\/\/super-weddings.com\/wp-content\/uploads\/2023\/10\/slub-na-majorce-w-finca-son-mir-870x570.jpg\" title=\"\"><\/a><\/div><div class=\"ultp-block-content ultp-block-content-bottomPosition\"><div class=\"ultp-block-content-inner\"><h3 class=\"ultp-block-title \"><a href=\"https:\/\/super-weddings.com\/pl\/film\/slub-na-majorce\/\" >\u015alub na Majorce w Finca Son Mir<\/a><\/h3><\/div><\/div><\/div><\/div><div class=\"ultp-block-item post-id-24467\"><div class=\"ultp-block-content-wrap ultp-block-content-overlay\"><div class=\"ultp-block-image ultp-block-image-none\"><a href=\"https:\/\/super-weddings.com\/pl\/film\/folwark-ruchenka-wesele-slub-w-stodole\/\" ><img decoding=\"async\" alt=\"Folwark Ruchenka Wesele - Dagmara i Maciej podczas niesamowitego \u015blubu w stodole folwarku ruchenka\" src=\"https:\/\/super-weddings.com\/wp-content\/uploads\/2020\/12\/03\/folwark-ruchenka-wesele-870x570.jpg\" title=\"\"><\/a><\/div><div class=\"ultp-block-content ultp-block-content-bottomPosition\"><div class=\"ultp-block-content-inner\"><h3 class=\"ultp-block-title \"><a href=\"https:\/\/super-weddings.com\/pl\/film\/folwark-ruchenka-wesele-slub-w-stodole\/\" >Folwark Ruchenka Wesele &#8211; szalony \u015blub w stodole<\/a><\/h3><\/div><\/div><\/div><\/div><div class=\"ultp-block-item post-id-5037\"><div class=\"ultp-block-content-wrap ultp-block-content-overlay\"><div class=\"ultp-block-image ultp-block-image-none\"><a href=\"https:\/\/super-weddings.com\/pl\/film\/filmowiec-slubny-wlochy-sara-giulio-film-w-stylu-boho\/\" ><img decoding=\"async\" alt=\"Sara &#038; Giulio &#8211; W\u0142oskie Wesele w stylu Boho\" src=\"https:\/\/super-weddings.com\/wp-content\/uploads\/2019\/06\/brescia_wedding_videographer-4liquify.jpg\" title=\"\"><\/a><\/div><div class=\"ultp-block-content ultp-block-content-bottomPosition\"><div class=\"ultp-block-content-inner\"><h3 class=\"ultp-block-title \"><a href=\"https:\/\/super-weddings.com\/pl\/film\/filmowiec-slubny-wlochy-sara-giulio-film-w-stylu-boho\/\" >Sara &#038; Giulio &#8211; W\u0142oskie Wesele w stylu Boho<\/a><\/h3><\/div><\/div><\/div><\/div><div class=\"ultp-block-item post-id-3556\"><div class=\"ultp-block-content-wrap ultp-block-content-overlay\"><div class=\"ultp-block-image ultp-block-image-none\"><a href=\"https:\/\/super-weddings.com\/pl\/film\/ceremonia-w-stylu-boho-na-farmie-bananow\/\" ><img decoding=\"async\" alt=\"Ceremonia w stylu Boho na farmie banan\u00f3w\" src=\"https:\/\/super-weddings.com\/wp-content\/uploads\/2020\/10\/gran_canaria_elopement-13-870x570.jpg\" title=\"\"><\/a><\/div><div class=\"ultp-block-content ultp-block-content-bottomPosition\"><div class=\"ultp-block-content-inner\"><h3 class=\"ultp-block-title \"><a href=\"https:\/\/super-weddings.com\/pl\/film\/ceremonia-w-stylu-boho-na-farmie-bananow\/\" >Ceremonia w stylu Boho na farmie banan\u00f3w<\/a><\/h3><\/div><\/div><\/div><\/div><div class=\"ultp-block-item post-id-3530\"><div class=\"ultp-block-content-wrap ultp-block-content-overlay\"><div class=\"ultp-block-image ultp-block-image-none\"><a href=\"https:\/\/super-weddings.com\/pl\/film\/catmax-hotel-alfonso-xiii-w-sewilli\/\" ><img decoding=\"async\" alt=\"Destination Wedding Photographer working in Seville in Hotel Alfonso \" src=\"https:\/\/super-weddings.com\/wp-content\/uploads\/2020\/10\/seville_wedding_videographer-2-1.jpg\" title=\"\"><\/a><\/div><div class=\"ultp-block-content ultp-block-content-bottomPosition\"><div class=\"ultp-block-content-inner\"><h3 class=\"ultp-block-title \"><a href=\"https:\/\/super-weddings.com\/pl\/film\/catmax-hotel-alfonso-xiii-w-sewilli\/\" >Cat&#038;Max &#8211; Hotel Alfonso XIII w Sewilli<\/a><\/h3><\/div><\/div><\/div><\/div><div class=\"ultp-block-item post-id-13449\"><div class=\"ultp-block-content-wrap ultp-block-content-overlay\"><div class=\"ultp-block-image ultp-block-image-none\"><a href=\"https:\/\/super-weddings.com\/pl\/film\/film-slubny-dubaj-i-abu-dhabi-sonam-i-shrenik\/\" ><img decoding=\"async\" alt=\"Hinduski Film \u015alubny w Dubaju i Abu Dhabi\" src=\"https:\/\/super-weddings.com\/wp-content\/uploads\/2019\/06\/Abu-Dhabi-Wedding-Photographer-Sonam-and-Shrenik-SuperWeddings-01.jpg\" title=\"\"><\/a><\/div><div class=\"ultp-block-content ultp-block-content-bottomPosition\"><div class=\"ultp-block-content-inner\"><h3 class=\"ultp-block-title \"><a href=\"https:\/\/super-weddings.com\/pl\/film\/film-slubny-dubaj-i-abu-dhabi-sonam-i-shrenik\/\" >Hinduski Film \u015alubny w Dubaju i Abu Dhabi<\/a><\/h3><\/div><\/div><\/div><\/div><div class=\"ultp-block-item post-id-13163\"><div class=\"ultp-block-content-wrap ultp-block-content-overlay\"><div class=\"ultp-block-image ultp-block-image-none\"><a href=\"https:\/\/super-weddings.com\/pl\/film\/film-slubny-londyn-india-oli\/\" ><img decoding=\"async\" alt=\"barcelona castle wedding venue\" src=\"https:\/\/super-weddings.com\/wp-content\/uploads\/2019\/06\/London-Wedding-Photographer-SuperWeddings-01.jpg\" title=\"\"><\/a><\/div><div class=\"ultp-block-content ultp-block-content-bottomPosition\"><div class=\"ultp-block-content-inner\"><h3 class=\"ultp-block-title \"><a href=\"https:\/\/super-weddings.com\/pl\/film\/film-slubny-londyn-india-oli\/\" >Film \u015alubny Londyn &#8211; India &#038; Oli<\/a><\/h3><\/div><\/div><\/div><\/div><\/div><\/div><div class=\"pagination-block-html\" aria-hidden=\"true\" style=\"display: none;\"><\/div><\/div>\n<\/div><\/div>\n\n<div class=\"gb-container gb-container-13857e8f\"><div class=\"gb-inside-container\">\n<div class=\"gb-grid-wrapper gb-grid-wrapper-6df52aa9\">\n<div class=\"gb-grid-column gb-grid-column-72d1f738\"><div class=\"gb-container gb-container-72d1f738\"><div class=\"gb-inside-container\">\n\n<h3 class=\"gb-headline gb-headline-acd35866 gb-headline-text\">Fotografia \u015alubna<\/h3>\n\n\n\n<p>Kilka wybranych historii naszych par gdzie mieli\u015bmy niezwyk\u0142\u0105 przyjemno\u015b\u0107 wykona\u0107 nie tylko film ale r\u00f3wnie\u017c zdj\u0119cia \u015blubne<\/p>\n\n<\/div><\/div><\/div>\n\n<div class=\"gb-grid-column gb-grid-column-bc1bb02d\"><div class=\"gb-container gb-container-bc1bb02d\"><div class=\"gb-inside-container\"><\/div><\/div><\/div>\n<\/div>\n<\/div><\/div>\n\n<div class=\"gb-container gb-container-483279b3\"><div class=\"gb-inside-container\">\n<div class=\"gb-container gb-container-025de6a5\"><div class=\"gb-inside-container\"><\/div><\/div>\n\n<div  class=\"ultp-post-grid-block wp-block-ultimate-post-post-grid-3 ultp-block-4d5377\"><div class=\"ultp-block-wrapper\"><div class=\"ultp-loading\"><div class=\"ultp-loading-blocks\" style=\"width:100%;height:100%;\"><div style=\"left: 0;top: 0;animation-delay:0s;\"><\/div><div style=\"left: 21px;top: 0;animation-delay:0.125s;\"><\/div><div style=\"left: 42px;top: 0;animation-delay:0.25s;\"><\/div><div style=\"left: 0;top: 21px;animation-delay:0.875s;\"><\/div><div style=\"left: 42px;top: 21px;animation-delay:0.375s;\"><\/div><div style=\"left: 0;top: 42px;animation-delay:0.75s;\"><\/div><div style=\"left: 42px;top: 42px;animation-delay:0.625s;\"><\/div><div style=\"left: 21px;top: 42px;animation-delay:0.5s;\"><\/div><\/div><\/div><div class=\"ultp-block-items-wrap ultp-block-row ultp-layout5 ultp-block-column3\"><div class=\"ultp-block-item post-id-51330\"><div class=\"ultp-block-content-wrap ultp-block-content-overlay\"><div class=\"ultp-block-image ultp-block-image-none\"><a href=\"https:\/\/super-weddings.com\/pl\/slub-w-six-senses-ibiza-magiczny-dzien-amandy-i-denisa\/\" ><img decoding=\"async\" alt=\"six senses ibiza wedding\" src=\"https:\/\/super-weddings.com\/wp-content\/uploads\/2024\/10\/six_senses_ibiza_wedding.com-271-870x570.jpg\" title=\"\"><\/a><\/div><div class=\"ultp-block-content ultp-block-content-bottomPosition\"><div class=\"ultp-block-content-inner\"><h3 class=\"ultp-block-title \"><a href=\"https:\/\/super-weddings.com\/pl\/slub-w-six-senses-ibiza-magiczny-dzien-amandy-i-denisa\/\" >\u015alub w Six Senses Ibiza \u2013 magiczny dzie\u0144 Amandy i Denisa<\/a><\/h3><\/div><\/div><\/div><\/div><div class=\"ultp-block-item post-id-36349\"><div class=\"ultp-block-content-wrap ultp-block-content-overlay\"><div class=\"ultp-block-image ultp-block-image-none\"><a href=\"https:\/\/super-weddings.com\/pl\/slub-w-castell-sant-marcal\/\" ><img decoding=\"async\" alt=\"slub w Castell Sant Marcal\" src=\"https:\/\/super-weddings.com\/wp-content\/uploads\/2023\/10\/slub-w-Castell-Sant-Marcal--600x600.jpg\" title=\"\"><\/a><\/div><div class=\"ultp-block-content ultp-block-content-bottomPosition\"><div class=\"ultp-block-content-inner\"><h3 class=\"ultp-block-title \"><a href=\"https:\/\/super-weddings.com\/pl\/slub-w-castell-sant-marcal\/\" >\u015alub w Castell Sant Marcal<\/a><\/h3><\/div><\/div><\/div><\/div><div class=\"ultp-block-item post-id-13157\"><div class=\"ultp-block-content-wrap ultp-block-content-overlay\"><div class=\"ultp-block-image ultp-block-image-none\"><a href=\"https:\/\/super-weddings.com\/pl\/fotograf-i-filmowiec-slubny-florencja\/\" ><img decoding=\"async\" alt=\"Fotograf i Filmowiec \u015alubny Florencja\" src=\"https:\/\/super-weddings.com\/wp-content\/uploads\/2020\/10\/florence_wedding_photographer_videographer-334-1.jpg\" title=\"\"><\/a><\/div><div class=\"ultp-block-content ultp-block-content-bottomPosition\"><div class=\"ultp-block-content-inner\"><h3 class=\"ultp-block-title \"><a href=\"https:\/\/super-weddings.com\/pl\/fotograf-i-filmowiec-slubny-florencja\/\" >Fotograf i Filmowiec \u015alubny Florencja<\/a><\/h3><\/div><\/div><\/div><\/div><div class=\"ultp-block-item post-id-13153\"><div class=\"ultp-block-content-wrap ultp-block-content-overlay\"><div class=\"ultp-block-image ultp-block-image-none\"><a href=\"https:\/\/super-weddings.com\/pl\/fotograf-slubny-abu-dhabi-sonam-and-shrenik\/\" ><img decoding=\"async\" alt=\"Fotograf \u015alubny Abu Dhabi &#8211; Sonam and Shrenik\" src=\"https:\/\/super-weddings.com\/wp-content\/uploads\/2019\/06\/Abu-Dhabi-Wedding-Photographer-Sonam-and-Shrenik-SuperWeddings-01.jpg\" title=\"\"><\/a><\/div><div class=\"ultp-block-content ultp-block-content-bottomPosition\"><div class=\"ultp-block-content-inner\"><h3 class=\"ultp-block-title \"><a href=\"https:\/\/super-weddings.com\/pl\/fotograf-slubny-abu-dhabi-sonam-and-shrenik\/\" >Fotograf \u015alubny Abu Dhabi &#8211; Sonam and Shrenik<\/a><\/h3><\/div><\/div><\/div><\/div><div class=\"ultp-block-item post-id-13147\"><div class=\"ultp-block-content-wrap ultp-block-content-overlay\"><div class=\"ultp-block-image ultp-block-image-none\"><a href=\"https:\/\/super-weddings.com\/pl\/fotograf-slubny-londyn-india-oliver\/\" ><img decoding=\"async\" alt=\"destination wedding photographer working in London on an amazing wedding\" src=\"https:\/\/super-weddings.com\/wp-content\/uploads\/2020\/10\/London-Wedding-Photographer-SuperWeddings-01-600x600.jpg\" title=\"\"><\/a><\/div><div class=\"ultp-block-content ultp-block-content-bottomPosition\"><div class=\"ultp-block-content-inner\"><h3 class=\"ultp-block-title \"><a href=\"https:\/\/super-weddings.com\/pl\/fotograf-slubny-londyn-india-oliver\/\" >Fotograf \u015alubny Londyn &#8211; India &#038; Oliver<\/a><\/h3><\/div><\/div><\/div><\/div><\/div><\/div><div class=\"pagination-block-html\" aria-hidden=\"true\" style=\"display: none;\"><\/div><\/div>\n<\/div><\/div>\n\n\n<p><\/p>\n","protected":false},"excerpt":{"rendered":"<p>Twoja historia widziana naszymi oczami Emocjonalne Filmy i Zdj\u0119cia \u015alubne<\/p>\n","protected":false},"author":1,"featured_media":21703,"parent":0,"menu_order":0,"comment_status":"closed","ping_status":"closed","template":"","meta":{"_gspb_post_css":"","footnotes":""},"class_list":["post-16839","page","type-page","status-publish","has-post-thumbnail"],"featured_image_src":"https:\/\/super-weddings.com\/wp-content\/uploads\/2020\/10\/gran_canaria_elopement-2-1.jpg","_links":{"self":[{"href":"https:\/\/super-weddings.com\/pl\/wp-json\/wp\/v2\/pages\/16839","targetHints":{"allow":["GET"]}}],"collection":[{"href":"https:\/\/super-weddings.com\/pl\/wp-json\/wp\/v2\/pages"}],"about":[{"href":"https:\/\/super-weddings.com\/pl\/wp-json\/wp\/v2\/types\/page"}],"author":[{"embeddable":true,"href":"https:\/\/super-weddings.com\/pl\/wp-json\/wp\/v2\/users\/1"}],"replies":[{"embeddable":true,"href":"https:\/\/super-weddings.com\/pl\/wp-json\/wp\/v2\/comments?post=16839"}],"version-history":[{"count":9,"href":"https:\/\/super-weddings.com\/pl\/wp-json\/wp\/v2\/pages\/16839\/revisions"}],"predecessor-version":[{"id":35585,"href":"https:\/\/super-weddings.com\/pl\/wp-json\/wp\/v2\/pages\/16839\/revisions\/35585"}],"wp:featuredmedia":[{"embeddable":true,"href":"https:\/\/super-weddings.com\/pl\/wp-json\/wp\/v2\/media\/21703"}],"wp:attachment":[{"href":"https:\/\/super-weddings.com\/pl\/wp-json\/wp\/v2\/media?parent=16839"}],"curies":[{"name":"wp","href":"https:\/\/api.w.org\/{rel}","templated":true}]}}