{"id":103,"date":"2020-07-16T05:16:36","date_gmt":"2020-07-16T05:16:36","guid":{"rendered":"http:\/\/super-weddings.com\/?page_id=103"},"modified":"2023-07-12T13:40:28","modified_gmt":"2023-07-12T13:40:28","slug":"o-nas","status":"publish","type":"page","link":"https:\/\/super-weddings.com\/pl\/o-nas\/","title":{"rendered":"O Nas"},"content":{"rendered":"<div class=\"gb-container gb-container-14a0a8c0\"><div class=\"gb-inside-container\">\n\n<h2 class=\"gb-headline gb-headline-85025f53 gb-headline-text\">Wszystkie historie zaczynaj\u0105 si\u0119 od bicia serca<\/h2>\n\n\n\n<h3 class=\"gb-headline gb-headline-3437908d gb-headline-text\">Sebastian Nandryka<\/h3>\n\n<\/div><\/div>\n\n<div class=\"gb-container gb-container-6b66d22d\"><div class=\"gb-inside-container\">\n<div class=\"gb-grid-wrapper gb-grid-wrapper-3526ad39\">\n<div class=\"gb-grid-column gb-grid-column-b0975337\"><div class=\"gb-container gb-container-b0975337\"><div class=\"gb-inside-container\">\n\n<figure class=\"wp-block-image size-large\"><img loading=\"lazy\" decoding=\"async\" width=\"1000\" height=\"1000\" src=\"https:\/\/super-weddings.com\/wp-content\/uploads\/2023\/07\/10\/SEBASTIAN_NANDRYKA_SUPER_WEDDINGS-1000x1000.jpg\" alt=\"\" class=\"wp-image-34848\" title=\"\" srcset=\"https:\/\/super-weddings.com\/wp-content\/uploads\/2023\/07\/10\/SEBASTIAN_NANDRYKA_SUPER_WEDDINGS-1000x1000.jpg 1000w, https:\/\/super-weddings.com\/wp-content\/uploads\/2023\/07\/10\/SEBASTIAN_NANDRYKA_SUPER_WEDDINGS-800x800.jpg 800w, https:\/\/super-weddings.com\/wp-content\/uploads\/2023\/07\/10\/SEBASTIAN_NANDRYKA_SUPER_WEDDINGS-768x768.jpg 768w, https:\/\/super-weddings.com\/wp-content\/uploads\/2023\/07\/10\/SEBASTIAN_NANDRYKA_SUPER_WEDDINGS-1536x1536.jpg 1536w, https:\/\/super-weddings.com\/wp-content\/uploads\/2023\/07\/10\/SEBASTIAN_NANDRYKA_SUPER_WEDDINGS-600x600.jpg 600w, https:\/\/super-weddings.com\/wp-content\/uploads\/2023\/07\/10\/SEBASTIAN_NANDRYKA_SUPER_WEDDINGS.jpg 1755w\" sizes=\"auto, (max-width: 1000px) 100vw, 1000px\" \/><\/figure>\n\n<\/div><\/div><\/div>\n\n<div class=\"gb-grid-column gb-grid-column-3ce05f6c\"><div class=\"gb-container gb-container-3ce05f6c\"><div class=\"gb-inside-container\">\n\n<p class=\"has-drop-cap\">Nigdy nie s\u0105dzi\u0142em, \u017ce kiedykolwiek b\u0119d\u0119 filmowcem lub fotografem \u015blubnym; To przeznaczenie wybra\u0142o ten kierunek dla mnie. I wiecie co? Nie mam zamiaru nic zmienia\u0107. Uwa\u017cam si\u0119 za najszcz\u0119\u015bliwsz\u0105 osob\u0119 na \u015bwiecie, robi\u0105c co\u015b, co kocham, a emocje uchwycone na naszych filmach i zdj\u0119ciach to zdecydowanie co\u015b, co kocham najbardziej!<\/p>\n\n<\/div><\/div><\/div>\n<\/div>\n<\/div><\/div>\n\n<div class=\"gb-container gb-container-40f11e18\"><div class=\"gb-inside-container\">\n\n<h2 class=\"gb-headline gb-headline-305f23aa gb-headline-text\">Ze nami odkryjesz swoj\u0105 kreatywno\u015b\u0107!<\/h2>\n\n\n<div class=\"gb-button-wrapper gb-button-wrapper-6239e71d\">\n\n<a class=\"gb-button gb-button-324e8cd6 data-featherlight=&quot;iframe&quot;\" href=\"https:\/\/player.vimeo.com\/video\/193615747?byline=0&amp;portrait=0&amp;autoplay=1\" target=\"_blank\" rel=\"noopener\"><span class=\"gb-icon\"><svg xmlns=\"http:\/\/www.w3.org\/2000\/svg\" viewBox=\"0 0 576 512\" width=\"1em\" height=\"1em\" aria-hidden=\"true\"><path d=\"M549.655 124.083c-6.281-23.65-24.787-42.276-48.284-48.597C458.781 64 288 64 288 64S117.22 64 74.629 75.486c-23.497 6.322-42.003 24.947-48.284 48.597-11.412 42.867-11.412 132.305-11.412 132.305s0 89.438 11.412 132.305c6.281 23.65 24.787 41.5 48.284 47.821C117.22 448 288 448 288 448s170.78 0 213.371-11.486c23.497-6.321 42.003-24.171 48.284-47.821 11.412-42.867 11.412-132.305 11.412-132.305s0-89.438-11.412-132.305zm-317.51 213.508V175.185l142.739 81.205-142.739 81.201z\" fill=\"currentColor\"><\/path><\/svg><\/span><\/a>\n\n<\/div>\n<\/div><\/div>\n\n<div class=\"gb-container gb-container-84047ad8\"><div class=\"gb-inside-container\">\n<div class=\"gb-grid-wrapper gb-grid-wrapper-ab1cd88f\">\n<div class=\"gb-grid-column gb-grid-column-98e84f1a\"><div class=\"gb-container gb-container-98e84f1a\"><div class=\"gb-inside-container\">\n<div class=\"wp-block-image\">\n<figure class=\"aligncenter size-large\"><img loading=\"lazy\" decoding=\"async\" width=\"1000\" height=\"1500\" src=\"https:\/\/super-weddings.com\/wp-content\/uploads\/2023\/07\/10\/barcelona_wedding_photographer-479-1000x1500.jpg\" alt=\"\" class=\"wp-image-35266\" title=\"\" srcset=\"https:\/\/super-weddings.com\/wp-content\/uploads\/2023\/07\/10\/barcelona_wedding_photographer-479-1000x1500.jpg 1000w, https:\/\/super-weddings.com\/wp-content\/uploads\/2023\/07\/10\/barcelona_wedding_photographer-479-800x1200.jpg 800w, https:\/\/super-weddings.com\/wp-content\/uploads\/2023\/07\/10\/barcelona_wedding_photographer-479-768x1152.jpg 768w, https:\/\/super-weddings.com\/wp-content\/uploads\/2023\/07\/10\/barcelona_wedding_photographer-479-1024x1536.jpg 1024w, https:\/\/super-weddings.com\/wp-content\/uploads\/2023\/07\/10\/barcelona_wedding_photographer-479-600x900.jpg 600w, https:\/\/super-weddings.com\/wp-content\/uploads\/2023\/07\/10\/barcelona_wedding_photographer-479.jpg 1365w\" sizes=\"auto, (max-width: 1000px) 100vw, 1000px\" \/><\/figure>\n<\/div>\n<\/div><\/div><\/div>\n\n<div class=\"gb-grid-column gb-grid-column-5d7ec676\"><div class=\"gb-container gb-container-5d7ec676\"><div class=\"gb-inside-container\">\n<div class=\"gb-container gb-container-677c4ee8\">\n\n<div class=\"wp-block-stackable-heading stk-block-heading stk-block-heading--v2 stk-block stk-81b61f7\" id=\"wiedza\" data-block-id=\"81b61f7\"><style>.stk-81b61f7{margin-bottom:50px !important;margin-left:-373px !important}.stk-81b61f7 .stk-block-heading__text{font-size:130px !important;color:var(--contrast) !important;line-height:1em !important;font-weight:800 !important;font-family:\"Playfair Display\",Sans-serif !important}@media screen and (max-width:1023px){.stk-81b61f7 .stk-block-heading__text{font-size:120px !important}}@media screen and (max-width:767px){.stk-81b61f7{margin-top:0px !important;margin-right:0px !important;margin-bottom:50px !important;margin-left:0px !important}.stk-81b61f7 .stk-block-heading__text{font-size:35px !important}}<\/style><h3 class=\"stk-block-heading__text has-text-color has-contrast-color has-text-align-center-mobile\">WIEDZA<\/h3><\/div>\n\n\n\n<div class=\"wp-block-stackable-text stk-block-text stk-block stk-8a3953e\" data-block-id=\"8a3953e\"><style>.stk-8a3953e{margin-bottom:0px !important}.stk-8a3953e .stk-block-text__text{font-size:19px !important;font-family:\"Crimson Text\",Sans-serif !important}@media screen and (max-width:1023px){.stk-8a3953e .stk-block-text__text{font-size:19px !important}}<\/style><p class=\"stk-block-text__text\">Moje filmy \u015blubne s\u0105 o ma\u0142ych rzeczach. U\u015bmiechy, \u0142zy, iskierki w oczach i usta, kt\u00f3re wyczekuj\u0105 poca\u0142unku ukochanej osoby. To ludzie tworz\u0105 histori\u0119, to Wy jeste\u015bcie dla mnie najwa\u017cniejsi w dniu \u015blubu &#8211; wype\u0142niacie m\u00f3j wszech\u015bwiat.<\/p><\/div>\n\n<\/div>\n<\/div><\/div><\/div>\n<\/div>\n<\/div><\/div>\n\n<div class=\"gb-container gb-container-daede644\"><div class=\"gb-inside-container\">\n<div class=\"gb-grid-wrapper gb-grid-wrapper-2a2eadca\">\n<div class=\"gb-grid-column gb-grid-column-a2c350bb\"><div class=\"gb-container gb-container-a2c350bb\"><div class=\"gb-inside-container\">\n\n<h3 class=\"gb-headline gb-headline-b176eab3 gb-headline-text\">Filozofia SuperWeddings<\/h3>\n\n\n\n<p>Super Weddings to zdj\u0119cia oraz filmy i teledyski \u015blubne o ma\u0142ych rzeczach; o u\u015bmiechu, \u0142zach, b\u0142ysku w oczach. O ustach, kt\u00f3re spotykaj\u0105 si\u0119 w poca\u0142unku z ukochan\u0105 osob\u0105. To ludzie tworz\u0105cy historie.<br>To Wy jeste\u015bcie dla nas najwa\u017cniejsi w dniu \u015blubu \u2013 wype\u0142niacie nasz wszech\u015bwiat.<\/p>\n\n\n\n<p>Chcemy poczu\u0107 Wasze emocje, oddycha\u0107 Wasz\u0105 mi\u0142o\u015bci\u0105, dop\u00f3ki nie znajdziemy odpowiednich s\u0142\u00f3w, by opowiedzie\u0107 Wasz\u0105 wyj\u0105tkow\u0105 histori\u0119. Przede wszystkim, niech obcy zostan\u0105 przyjaci\u00f3\u0142mi.<br>To, co stanie si\u0119 w tym dniu, stanie si\u0119 wieczne dla Was i dla nas.<\/p>\n\n\n\n<p>W\u0142a\u015bnie dlatego jeste\u015bcie dla nas tak wyj\u0105tkowi.<br>W\u0142a\u015bnie dlatego tworzymy zdj\u0119cia <a href=\"https:\/\/super-weddings.com\/pl\/filmy-slubne-warszawa\/\" class=\"rank-math-link\">filmy<\/a> i teledyski \u015blubne.<\/p>\n\n<\/div><\/div><\/div>\n\n<div class=\"gb-grid-column gb-grid-column-f2ea2c62\"><div class=\"gb-container gb-container-f2ea2c62\"><div class=\"gb-inside-container\">\n<div class=\"wp-block-image\">\n<figure class=\"aligncenter size-large\"><img loading=\"lazy\" decoding=\"async\" width=\"300\" height=\"300\" src=\"https:\/\/super-weddings.com\/wp-content\/uploads\/2020\/10\/logo300.png\" alt=\"\" class=\"wp-image-23318\" title=\"\"><\/figure>\n<\/div>\n<\/div><\/div><\/div>\n<\/div>\n<\/div><\/div>\n\n<div class=\"gb-container gb-container-7c6c4759\"><div class=\"gb-inside-container\">\n<div class=\"gb-container gb-container-80590816\"><div class=\"gb-inside-container\">\n<div class=\"gb-grid-wrapper gb-grid-wrapper-2d829d68\">\n<div class=\"gb-grid-column gb-grid-column-69111e97\"><div class=\"gb-container gb-container-69111e97\"><div class=\"gb-inside-container\">\n<div class=\"gb-button-wrapper gb-button-wrapper-40d18859\">\n\n<span class=\"gb-button gb-button-07a1fbbe\"><span class=\"gb-icon\"><svg viewBox=\"0 0 24 24\" height=\"24\" width=\"24\" xmlns=\"http:\/\/www.w3.org\/2000\/svg\"><path d=\"M13 14.725c0-5.141 3.892-10.519 10-11.725l.984 2.126c-2.215.835-4.163 3.742-4.38 5.746 2.491.392 4.396 2.547 4.396 5.149 0 3.182-2.584 4.979-5.199 4.979-3.015 0-5.801-2.305-5.801-6.275zm-13 0c0-5.141 3.892-10.519 10-11.725l.984 2.126c-2.215.835-4.163 3.742-4.38 5.746 2.491.392 4.396 2.547 4.396 5.149 0 3.182-2.584 4.979-5.199 4.979-3.015 0-5.801-2.305-5.801-6.275z\"><\/path><\/svg><\/span><\/span>\n\n<\/div>\n\n\n<p class=\"gb-headline gb-headline-65a0ddf9 gb-headline-text\">O tak! To by\u0142o co\u015b niesamowitego &#8211; m\u00f3c pracowa\u0107 wraz z Super Weddings. Nasz dzie\u0144 uchwycony na filmie i zdj\u0119ciach to spe\u0142nienie marze\u0144. Doskona\u0142a praca, jeste\u015bmy zachwyceni. <\/p>\n\n\n\n<p class=\"gb-headline gb-headline-21122630 gb-headline-text\">Cat &amp; Max, Seville<\/p>\n\n<\/div><\/div><\/div>\n\n<div class=\"gb-grid-column gb-grid-column-fce2251d\"><div class=\"gb-container gb-container-fce2251d\"><div class=\"gb-inside-container\">\n<div class=\"wp-block-image\">\n<figure class=\"aligncenter size-large\"><img loading=\"lazy\" decoding=\"async\" width=\"456\" height=\"456\" src=\"https:\/\/super-weddings.com\/wp-content\/uploads\/2020\/10\/seville_wedding_videographer-2-1-edited-1.jpg\" alt=\"videografo y fotografo sevilla\" class=\"wp-image-23424\" title=\"\"><\/figure>\n<\/div>\n<\/div><\/div><\/div>\n<\/div>\n<\/div><\/div>\n<\/div><\/div>\n\n<div class=\"gb-container gb-container-4489f852\"><div class=\"gb-inside-container\">\n<div class=\"gb-container gb-container-66d058f1\"><div class=\"gb-inside-container\">\n\n<h2 class=\"gb-headline gb-headline-dd852847 gb-headline-text\">Nawet Batman nie dzia\u0142a\u0142 sam<\/h2>\n\n\n\n<p class=\"has-text-align-center\">G\u0142\u0119boko wierzymy w to, a \u017ceby m\u00f3c si\u0119 rozwija\u0107 i ci\u0105gle i\u015b\u0107 do przodu nale\u017cy otacza\u0107 si\u0119 fantastycznymi lud\u017ami, z kt\u00f3rymi razem mo\u017cemy marzy\u0107, kreowa\u0107 i si\u0119ga\u0107 gwiazd.<\/p>\n\n\n\n<p class=\"has-text-align-center\"><strong>Poznaj pozosta\u0142ych marzycieli.<\/strong><\/p>\n\n<\/div><\/div>\n\n\n<div style=\"height:80px\" aria-hidden=\"true\" class=\"wp-block-spacer\"><\/div>\n\n\n<div class=\"gb-grid-wrapper gb-grid-wrapper-7f3e2a01\">\n<div class=\"gb-grid-column gb-grid-column-3e7e9316\"><div class=\"gb-container gb-container-3e7e9316\"><div class=\"gb-inside-container\">\n\n<h3 class=\"gb-headline gb-headline-45269ec1 gb-headline-text\">Adam Fabian Szewczyk<\/h3>\n\n\n\n<p>Fan kosmosu i wszystkiego co si\u0119 z tym wi\u0105\u017ce. Od film\u00f3w, seriali i ksi\u0105\u017cek science fiction po astrofotografi\u0119 i wielogodzinne wpatrywanie si\u0119 w drog\u0119 mleczn\u0105. Lubi\u0119 by\u0107 w zgodzie z natur\u0105 i by\u0107 jej cz\u0119\u015bci\u0105.<\/p>\n\n\n\n<p>Zdrowy tryb \u017cycia, zdrowe jedzenie, bycie fit \u2013 rower, bieganie, p\u0142ywanie, zdobywanie szczyt\u00f3w i wycieczki w nieznane. Koniecznie z jakim\u015b wyzwaniem dla samego siebie. Do tego muzyka, ale nie s\u0142uchanie tylko jej tworzenie. Kreacja, melodia, harmonia, puls i rytm. Ambient i trans. Cicho albo g\u0142o\u015bno, szybko albo wolno. Troch\u0119 jak w dobrym filmie.<\/p>\n\n<\/div><\/div><\/div>\n\n<div class=\"gb-grid-column gb-grid-column-90adaec8\"><div class=\"gb-container gb-container-90adaec8\"><div class=\"gb-inside-container\">\n\n<figure class=\"wp-block-image size-medium\"><img loading=\"lazy\" decoding=\"async\" width=\"800\" height=\"800\" src=\"https:\/\/super-weddings.com\/wp-content\/uploads\/2020\/07\/fabian_superweddings-800x800.jpg\" alt=\"\" class=\"wp-image-16785\" title=\"\" srcset=\"https:\/\/super-weddings.com\/wp-content\/uploads\/2020\/07\/fabian_superweddings-800x800.jpg 800w, https:\/\/super-weddings.com\/wp-content\/uploads\/2020\/07\/fabian_superweddings-1000x1000.jpg 1000w, https:\/\/super-weddings.com\/wp-content\/uploads\/2020\/07\/fabian_superweddings-768x768.jpg 768w, https:\/\/super-weddings.com\/wp-content\/uploads\/2020\/07\/fabian_superweddings.jpg 1536w\" sizes=\"auto, (max-width: 800px) 100vw, 800px\" \/><\/figure>\n\n<\/div><\/div><\/div>\n<\/div>\n\n<div class=\"gb-grid-wrapper gb-grid-wrapper-6915a125\">\n<div class=\"gb-grid-column gb-grid-column-9c006a14\"><div class=\"gb-container gb-container-9c006a14\"><div class=\"gb-inside-container\">\n\n<figure class=\"wp-block-image size-large\"><img loading=\"lazy\" decoding=\"async\" width=\"810\" height=\"810\" src=\"https:\/\/super-weddings.com\/wp-content\/uploads\/2020\/07\/kamil_wojtak_superweddings.jpg\" alt=\"\" class=\"wp-image-16791\" title=\"\" srcset=\"https:\/\/super-weddings.com\/wp-content\/uploads\/2020\/07\/kamil_wojtak_superweddings.jpg 810w, https:\/\/super-weddings.com\/wp-content\/uploads\/2020\/07\/kamil_wojtak_superweddings-800x800.jpg 800w, https:\/\/super-weddings.com\/wp-content\/uploads\/2020\/07\/kamil_wojtak_superweddings-768x768.jpg 768w\" sizes=\"auto, (max-width: 810px) 100vw, 810px\" \/><\/figure>\n\n<\/div><\/div><\/div>\n\n<div class=\"gb-grid-column gb-grid-column-cd4023eb\"><div class=\"gb-container gb-container-cd4023eb\"><div class=\"gb-inside-container\">\n\n<h3 class=\"gb-headline gb-headline-065676d2 gb-headline-text\">Kamil Wojtak<\/h3>\n\n\n\n<p>Kiedy\u015b wydawa\u0142o mi si\u0119, \u017ce musz\u0119 i\u015b\u0107 za t\u0142umem. Mia\u0142em racj\u0119 \u2013 tylko mi si\u0119 wydawa\u0142o. Dzisiaj wiem, \u017ce musz\u0119 i\u015b\u0107 za g\u0142osem serca.<\/p>\n\n\n\n<p>Oto ja: uzale\u017cniony od poczucia wolno\u015bci i towarzysz\u0105cych jej d\u017awi\u0119k\u00f3w dobrej muzyki pogodny realista. Motocyklista, cz\u0142onek live band\u2019u, fan boksu i aktywnego stylu \u017cycia.<\/p>\n\n<\/div><\/div><\/div>\n<\/div>\n\n<div class=\"gb-grid-wrapper gb-grid-wrapper-c0ed398c\">\n<div class=\"gb-grid-column gb-grid-column-a46e62c0\"><div class=\"gb-container gb-container-a46e62c0\"><div class=\"gb-inside-container\">\n\n<h3 class=\"gb-headline gb-headline-993c30f1 gb-headline-text\">Agnieszka Ostrowska &amp; Maciek Jencz<\/h3>\n\n\n\n<p>Fotografujemy, piszemy, w\u0119drujemy po \u015bwiecie, \u015bpimy w namiocie, jemy ro\u015bliny, gubimy si\u0119, podr\u00f3\u017cujemy bez planu, poznajemy tradycje, kultury, ch\u0142oniemy natur\u0119. Uciekli\u015bmy z miasta do ma\u0142ej wioski w Norwegii.<\/p>\n\n\n\n<p>Jeste\u015bmy elastyczni, kochamy podr\u00f3\u017cowa\u0107, a na wasz \u015blub pojedziemy nawet na drugi koniec \u015bwiata.<\/p>\n\n<\/div><\/div><\/div>\n\n<div class=\"gb-grid-column gb-grid-column-63a69b1a\"><div class=\"gb-container gb-container-63a69b1a\"><div class=\"gb-inside-container\">\n\n<figure class=\"wp-block-image size-large\"><img loading=\"lazy\" decoding=\"async\" width=\"1000\" height=\"1000\" src=\"https:\/\/super-weddings.com\/wp-content\/uploads\/2020\/07\/superweddings_aga_maciek-1000x1000.jpg\" alt=\"\" class=\"wp-image-16797\" title=\"\" srcset=\"https:\/\/super-weddings.com\/wp-content\/uploads\/2020\/07\/superweddings_aga_maciek-1000x1000.jpg 1000w, https:\/\/super-weddings.com\/wp-content\/uploads\/2020\/07\/superweddings_aga_maciek-800x800.jpg 800w, https:\/\/super-weddings.com\/wp-content\/uploads\/2020\/07\/superweddings_aga_maciek-768x768.jpg 768w, https:\/\/super-weddings.com\/wp-content\/uploads\/2020\/07\/superweddings_aga_maciek.jpg 1282w\" sizes=\"auto, (max-width: 1000px) 100vw, 1000px\" \/><\/figure>\n\n<\/div><\/div><\/div>\n<\/div>\n<\/div><\/div>\n\n<div class=\"gb-container gb-container-f0965227\"><div class=\"gb-inside-container\">\n\n<h2 class=\"gb-headline gb-headline-22f42a2e gb-headline-text\">Nasza Playlista<\/h2>\n\n\n\n<p class=\"has-text-align-center\">Kochamy muzyk\u0119 &#8211; jest ona wa\u017cnym elementem naszej pracy jako fotografowie czy filmowcy \u015blubni. <br>Cz\u0119sto nasze pary szukaj\u0105 inspiracji &#8211; co zagra\u0107 na \u015blubie, dlatego te\u017c przygotowali\u015bmy dla was list\u0119 muzyki, kt\u00f3ra nas inspiruje. <\/p>\n\n\n\n<div style=\"height:60px\" aria-hidden=\"true\" class=\"wp-block-spacer\"><\/div>\n\n\n\n<figure class=\"wp-block-embed is-type-rich is-provider-spotify wp-block-embed-spotify wp-embed-aspect-21-9 wp-has-aspect-ratio\"><div class=\"wp-block-embed__wrapper\">\n<iframe title=\"Spotify Embed: SuperWeddings - best music ever\" style=\"border-radius: 12px\" width=\"100%\" height=\"352\" frameborder=\"0\" allowfullscreen allow=\"autoplay; clipboard-write; encrypted-media; fullscreen; picture-in-picture\" loading=\"lazy\" src=\"https:\/\/open.spotify.com\/embed\/playlist\/1SqjKJe2SIdF8v6h2LczbF?utm_source=oembed\"><\/iframe>\n<\/div><\/figure>\n\n<\/div><\/div>\n\n<div class=\"gb-container gb-container-d06d0d60\"><div class=\"gb-inside-container\">\n<div class=\"gb-container gb-container-72095852\"><div class=\"gb-inside-container\">\n\n<h2 class=\"gb-headline gb-headline-18cb0ad1 gb-headline-text\">Podr\u00f3\u017ce SuperWeddings<\/h2>\n\n\n\n<p class=\"has-text-align-center\">Mieszkamy w <a class=\"rank-math-link\" href=\"https:\/\/super-weddings.com\/pl\/filmy-slubne-warszawa\/\">Warszawie<\/a>, jednak uwielbiamy podr\u00f3\u017cowa\u0107 i pracowa\u0107 w ca\u0142ej Polsce i na \u015awiecie. Tw\u00f3j \u015blub mo\u017ce odby\u0107 si\u0119 na drugim kra\u0144cu \u015awiata, ale przecie\u017c to tylko jeden lot. Jest tak wiele miejsc na \u015awiecie, kt\u00f3re chcieliby\u015bmy odwiedzi\u0107. Przed nami kilka z nich, w kt\u00f3rych b\u0119dziemy \u015bwiadkiem pocz\u0105tku przygody. Jeste\u015bcie z Polski? Wasza miasto to <a class=\"rank-math-link\" href=\"https:\/\/super-weddings.com\/pl\/fotograf-i-kamerzysta-na-wesele-warszawa\/\">Warszawa<\/a>, <a class=\"rank-math-link\" href=\"https:\/\/super-weddings.com\/pl\/filmy-slubne-krakow\/\">Krak\u00f3w<\/a>, <a class=\"rank-math-link\" href=\"https:\/\/super-weddings.com\/pl\/filmy-slubne-poznan\/\">Pozna\u0144<\/a>? A mo\u017ce mieszkacie na sta\u0142e w Anglii, Szwajcarii, Norwegii? Przyjedziemy w ka\u017cde miejsce na ziemi.&nbsp;<strong>Dlatego kochamy kr\u0119ci\u0107 filmy i teledyski \u015blubne.<\/strong><\/p>\n\n<\/div><\/div>\n\n<div class=\"wp-block-image\">\n<figure class=\"aligncenter size-medium is-resized\"><img loading=\"lazy\" decoding=\"async\" src=\"https:\/\/super-weddings.com\/wp-content\/uploads\/2020\/07\/Destination-Wedding-Videographer-800x409.png\" alt=\"\" class=\"wp-image-16816\" width=\"600\" height=\"307\" title=\"\" srcset=\"https:\/\/super-weddings.com\/wp-content\/uploads\/2020\/07\/Destination-Wedding-Videographer-800x409.png 800w, https:\/\/super-weddings.com\/wp-content\/uploads\/2020\/07\/Destination-Wedding-Videographer-1000x512.png 1000w, https:\/\/super-weddings.com\/wp-content\/uploads\/2020\/07\/Destination-Wedding-Videographer-768x393.png 768w, https:\/\/super-weddings.com\/wp-content\/uploads\/2020\/07\/Destination-Wedding-Videographer.png 1200w\" sizes=\"auto, (max-width: 600px) 100vw, 600px\" \/><\/figure>\n<\/div>\n\n\n<div style=\"height:60px\" aria-hidden=\"true\" class=\"wp-block-spacer\"><\/div>\n\n\n<div class=\"gb-grid-wrapper gb-grid-wrapper-1371915d\">\n<div class=\"gb-grid-column gb-grid-column-dccdf570\"><div class=\"gb-container gb-container-dccdf570\"><div class=\"gb-inside-container\">\n\n<p><strong>Maj<\/strong> W\u0142ochy, Jezioro Como<\/p>\n\n\n\n<p><strong>Maj<\/strong> W\u0142ochy, Toskania<\/p>\n\n\n\n<p><strong>Czerwiec<\/strong> W\u0142ochy, Sycylia<\/p>\n\n\n\n<p><strong>Lipiec<\/strong> Grecja, Santorini<\/p>\n\n<\/div><\/div><\/div>\n\n<div class=\"gb-grid-column gb-grid-column-b7a8f3c0\"><div class=\"gb-container gb-container-b7a8f3c0\"><div class=\"gb-inside-container\">\n\n<p>&nbsp;<strong>Sierpie\u0144<\/strong> Hiszpania, Majorka<\/p>\n\n\n\n<p><strong>Sierpie\u0144<\/strong> Polska, <a href=\"https:\/\/super-weddings.com\/pl\/fotograf-i-kamerzysta-na-wesele-warszawa\/\" target=\"_blank\" aria-label=\"Warszawa (opens in a new tab)\" rel=\"noreferrer noopener\" class=\"rank-math-link\">Warszawa<\/a><\/p>\n\n\n\n<p><strong>Sierpie\u0144&nbsp;<\/strong><a href=\"https:\/\/super-weddings.com\/pl\/najlepsze-filmy-slubne-w-polsce\/\" target=\"_blank\" aria-label=\"Polska (opens in a new tab)\" rel=\"noreferrer noopener\" class=\"rank-math-link\">Polska<\/a>, <a href=\"https:\/\/super-weddings.com\/pl\/filmy-slubne-krakow\/\" target=\"_blank\" aria-label=\"Krak\u00f3w (opens in a new tab)\" rel=\"noreferrer noopener\" class=\"rank-math-link\">Krak\u00f3w<\/a><\/p>\n\n\n\n<p><strong>Wrzesie\u0144<\/strong>&nbsp;Polska, <a href=\"https:\/\/super-weddings.com\/pl\/filmy-slubne-poznan\/\" target=\"_blank\" aria-label=\"Pozna\u0144 (opens in a new tab)\" rel=\"noreferrer noopener\" class=\"rank-math-link\">Pozna\u0144<\/a><\/p>\n\n<\/div><\/div><\/div>\n<\/div>\n<\/div><\/div>\n\n\n<p><\/p>\n","protected":false},"excerpt":{"rendered":"<p>Wszystkie historie zaczynaj\u0105 si\u0119 od bicia serca Sebastian Nandryka Ze nami odkryjesz swoj\u0105 kreatywno\u015b\u0107! Nawet Batman nie dzia\u0142a\u0142 sam G\u0142\u0119boko wierzymy w to, a \u017ceby m\u00f3c si\u0119 rozwija\u0107 i ci\u0105gle i\u015b\u0107 do przodu nale\u017cy otacza\u0107 si\u0119 fantastycznymi lud\u017ami, z kt\u00f3rymi razem mo\u017cemy marzy\u0107, kreowa\u0107 i si\u0119ga\u0107 gwiazd. Poznaj pozosta\u0142ych marzycieli. Nasza Playlista Kochamy muzyk\u0119 &#8211; &#8230; <a title=\"O Nas\" class=\"read-more\" href=\"https:\/\/super-weddings.com\/pl\/o-nas\/\" aria-label=\"Dowiedz si\u0119 wi\u0119cej o O Nas\">Czytaj dalej<\/a><\/p>\n","protected":false},"author":1,"featured_media":17442,"parent":0,"menu_order":0,"comment_status":"closed","ping_status":"closed","template":"","meta":{"_gspb_post_css":"","footnotes":""},"class_list":["post-103","page","type-page","status-publish","has-post-thumbnail"],"featured_image_src":"https:\/\/super-weddings.com\/wp-content\/uploads\/2020\/08\/gran_canaria_photographer-72.jpg","jetpack_sharing_enabled":true,"_links":{"self":[{"href":"https:\/\/super-weddings.com\/pl\/wp-json\/wp\/v2\/pages\/103","targetHints":{"allow":["GET"]}}],"collection":[{"href":"https:\/\/super-weddings.com\/pl\/wp-json\/wp\/v2\/pages"}],"about":[{"href":"https:\/\/super-weddings.com\/pl\/wp-json\/wp\/v2\/types\/page"}],"author":[{"embeddable":true,"href":"https:\/\/super-weddings.com\/pl\/wp-json\/wp\/v2\/users\/1"}],"replies":[{"embeddable":true,"href":"https:\/\/super-weddings.com\/pl\/wp-json\/wp\/v2\/comments?post=103"}],"version-history":[{"count":4,"href":"https:\/\/super-weddings.com\/pl\/wp-json\/wp\/v2\/pages\/103\/revisions"}],"predecessor-version":[{"id":35618,"href":"https:\/\/super-weddings.com\/pl\/wp-json\/wp\/v2\/pages\/103\/revisions\/35618"}],"wp:featuredmedia":[{"embeddable":true,"href":"https:\/\/super-weddings.com\/pl\/wp-json\/wp\/v2\/media\/17442"}],"wp:attachment":[{"href":"https:\/\/super-weddings.com\/pl\/wp-json\/wp\/v2\/media?parent=103"}],"curies":[{"name":"wp","href":"https:\/\/api.w.org\/{rel}","templated":true}]}}