{"id":23919,"date":"2020-11-12T10:35:34","date_gmt":"2020-11-12T10:35:34","guid":{"rendered":"https:\/\/super.robak.dev\/wedding-planning\/"},"modified":"2024-07-22T14:00:58","modified_gmt":"2024-07-22T14:00:58","slug":"planificacion-de-boda","status":"publish","type":"page","link":"https:\/\/super-weddings.com\/es\/planificacion-de-boda\/","title":{"rendered":"Planificaci\u00f3n de boda"},"content":{"rendered":"<div class=\"gb-container gb-container-9406b663\"><div class=\"gb-inside-container\">\n\n<h2 class=\"gb-headline gb-headline-d1099973 gb-headline-text\">Consejos y sugerencias para la planificaci\u00f3n de bodas<\/h2>\n\n\n<div class=\"gb-container gb-container-d3a34919\"><div class=\"gb-inside-container\">\n\n<p class=\"has-text-align-center\">A lo largo de los a\u00f1os, hemos viajado por el mundo con nuestras incre\u00edbles parejas y hemos descubierto muchos lugares hermosos y, lo m\u00e1s importante, ideas que podr\u00edan inspirarte para el d\u00eda de tu boda.<br>En esta p\u00e1gina encontrar\u00e1s muchos consejos y sugerencias para la planificaci\u00f3n de bodas que, con suerte, responder\u00e1n algunas de tus preguntas y necesidades. Hemos filmado v\u00eddeos y fotograf\u00edas de bodas desde Estados Unidos hasta Italia, Espa\u00f1a, Marruecos, Dub\u00e1i y Australia. Realmente hemos visto muchas cosas y ahora es el momento de compartir esto con ustedes.<br>Pero recuerda que si hay algo m\u00e1s que te gustar\u00eda saber o si tienes ideas para consejos y sugerencias para la planificaci\u00f3n de bodas, no dudes en contactarnos.<\/p>\n\n<\/div><\/div>\n<\/div><\/div>\n\n<div class=\"gb-container gb-container-4aa2e354\"><div class=\"gb-inside-container\">\n\n<div class=\"wp-block-ultimate-post-post-grid-parent ultp-post-grid-parent\" data-postid=\"23919\" data-grids=\"[{&quot;blockId&quot;:&quot;891239&quot;,&quot;name&quot;:&quot;ultimate-post_post-grid-2&quot;}]\" data-pagi=\"[&quot;ultp-block-2f0ffd&quot;]\"><div  class=\"ultp-post-grid-block wp-block-ultimate-post-post-grid-2 ultp-block-891239 aligncenter\"><div class=\"ultp-block-wrapper\"><div class=\"ultp-loading\"><div class=\"ultp-loading-blocks\" style=\"width:100%;height:100%;\"><div style=\"left: 0;top: 0;animation-delay:0s;\"><\/div><div style=\"left: 21px;top: 0;animation-delay:0.125s;\"><\/div><div style=\"left: 42px;top: 0;animation-delay:0.25s;\"><\/div><div style=\"left: 0;top: 21px;animation-delay:0.875s;\"><\/div><div style=\"left: 42px;top: 21px;animation-delay:0.375s;\"><\/div><div style=\"left: 0;top: 42px;animation-delay:0.75s;\"><\/div><div style=\"left: 42px;top: 42px;animation-delay:0.625s;\"><\/div><div style=\"left: 21px;top: 42px;animation-delay:0.5s;\"><\/div><\/div><\/div><div class=\"ultp-block-items-wrap ultp-block-row\"><div class=\"ultp-block-item post-id-26826\"><div class=\"ultp-block-content-wrap ultp-block-content-overlay\"><div class=\"ultp-block-image ultp-block-image-none\"><a href=\"https:\/\/super-weddings.com\/es\/guia\/mejores-fotografos-de-bodas-en-madrid\/\" ><img decoding=\"async\" alt=\"Mejores Fot\u00f3grafos de Bodas en Madrid\" src=\"https:\/\/super-weddings.com\/wp-content\/uploads\/2021\/05\/16\/mejores_fotografos_en_madrid-870x570.jpg\" title=\"\"><\/a><\/div><div class=\"ultp-block-content ultp-block-content-bottomPosition\"><div class=\"ultp-block-content-inner\"><h3 class=\"ultp-block-title \"><a href=\"https:\/\/super-weddings.com\/es\/guia\/mejores-fotografos-de-bodas-en-madrid\/\" >Mejores Fot\u00f3grafos de Bodas en Madrid: Gu\u00eda para capturar tu boda<\/a><\/h3><\/div><\/div><\/div><\/div><div class=\"ultp-block-item post-id-25033\"><div class=\"ultp-block-content-wrap ultp-block-content-overlay\"><div class=\"ultp-block-image ultp-block-image-none\"><a href=\"https:\/\/super-weddings.com\/es\/guia\/los-mejores-lugares-para-bodas-en-barcelona\/\" ><img decoding=\"async\" alt=\"una pareja en una boda real en un mejor lugar para bodas en barcelona\" src=\"https:\/\/super-weddings.com\/wp-content\/uploads\/2021\/01\/08\/mejores-lugares-para-bodas-en-barcelona-870x570.jpg\" title=\"\"><\/a><\/div><div class=\"ultp-block-content ultp-block-content-bottomPosition\"><div class=\"ultp-block-content-inner\"><h3 class=\"ultp-block-title \"><a href=\"https:\/\/super-weddings.com\/es\/guia\/los-mejores-lugares-para-bodas-en-barcelona\/\" >Los Mejores Lugares para Bodas en Barcelona<\/a><\/h3><\/div><\/div><\/div><\/div><div class=\"ultp-block-item post-id-24446\"><div class=\"ultp-block-content-wrap ultp-block-content-overlay\"><div class=\"ultp-block-image ultp-block-image-none\"><a href=\"https:\/\/super-weddings.com\/es\/guia\/lugares-para-casarse-en-espana-top\/\" ><img decoding=\"async\" alt=\"Los mejores lugares para bodas en Espa\u00f1a\" src=\"https:\/\/super-weddings.com\/wp-content\/uploads\/2020\/11\/30\/abbie-bernet-iVmUXothgGY-unsplash-870x570.jpg\" title=\"\"><\/a><\/div><div class=\"ultp-block-content ultp-block-content-bottomPosition\"><div class=\"ultp-block-content-inner\"><h3 class=\"ultp-block-title \"><a href=\"https:\/\/super-weddings.com\/es\/guia\/lugares-para-casarse-en-espana-top\/\" >Lugares para Casarse en Espa\u00f1a &#8211; A los Ojos de Un Fot\u00f3grafo<\/a><\/h3><\/div><\/div><\/div><\/div><div class=\"ultp-block-item post-id-24018\"><div class=\"ultp-block-content-wrap ultp-block-content-overlay\"><div class=\"ultp-block-image ultp-block-image-none\"><a href=\"https:\/\/super-weddings.com\/es\/guia\/casarse-en-europa-25-lugares-increibles-para-una-boda\/\" ><img decoding=\"async\" alt=\"Casarse en Europa &#8211; 25 lugares incre\u00edbles para una boda\" src=\"https:\/\/super-weddings.com\/wp-content\/uploads\/2020\/11\/tuscany-wedding-00002-870x570.jpeg\" title=\"\"><\/a><\/div><div class=\"ultp-block-content ultp-block-content-bottomPosition\"><div class=\"ultp-block-content-inner\"><h3 class=\"ultp-block-title \"><a href=\"https:\/\/super-weddings.com\/es\/guia\/casarse-en-europa-25-lugares-increibles-para-una-boda\/\" >Casarse en Europa &#8211; 25 lugares incre\u00edbles para una boda<\/a><\/h3><\/div><\/div><\/div><\/div><\/div><\/div><div class=\"pagination-block-html\" aria-hidden=\"true\" style=\"display: none;\"><div class=\"ultp-pagination-wrap ultp-pagination-ajax-action\"  data-for=\"ultp-block-891239\"  data-blockid=\"891239\"  data-expost=\"\"  data-paged=\"1\"  data-pages=\"1\"  data-blockname=\"ultimate-post_post-grid-2\"  data-postid=\"23919\"  data-selfpostid=\"yes\" ><\/div><\/div><\/div>\n\n\n<div class=\"wp-block-ultimate-post-post-pagination ultp-block-2f0ffd ultp-pagination-block ultp-pagination-wrap\"><div class=\"ultp-pagination-wrap ultp-disable-editor-click ultp-pagination-ajax-action\"><ul class=\"ultp-pagination\"><li><a href=\"#\" class=\"ultp-prev-page-numbers\"><svg enable-background=\"new 0 0 477.175 477.175\" version=\"1.1\" viewBox=\"0 0 477.18 477.18\"><path d=\"m145.19 238.58 215.5-215.5c5.3-5.3 5.3-13.8 0-19.1s-13.8-5.3-19.1 0l-225.1 225.1c-5.3 5.3-5.3 13.8 0 19.1l225.1 225c2.6 2.6 6.1 4 9.5 4s6.9-1.3 9.5-4c5.3-5.3 5.3-13.8 0-19.1l-215.4-215.5z\"><\/path><\/svg> Previous<\/a><\/li><li><a href=\"#\">1<\/a><\/li><li><a href=\"#\">2<\/a><\/li><li><a href=\"#\">3<\/a><\/li><li><a href=\"#\" class=\"ultp-next-page-numbers\">Next <svg enable-background=\"new 0 0 477.175 477.175\" version=\"1.1\" viewBox=\"0 0 477.18 477.18\"><path d=\"m360.73 229.08-225.1-225.1c-5.3-5.3-13.8-5.3-19.1 0s-5.3 13.8 0 19.1l215.5 215.5-215.5 215.5c-5.3 5.3-5.3 13.8 0 19.1 2.6 2.6 6.1 4 9.5 4s6.9-1.3 9.5-4l225.1-225.1c5.3-5.2 5.3-13.8 0.1-19z\"><\/path><\/svg><\/a><\/li><\/ul><\/div><\/div>\n<\/div>\n\n<\/div><\/div>","protected":false},"excerpt":{"rendered":"<p>Consejos y sugerencias para la planificaci\u00f3n de bodas A lo largo de los a\u00f1os, hemos viajado por el mundo con nuestras incre\u00edbles parejas y hemos descubierto muchos lugares hermosos y, lo m\u00e1s importante, ideas que podr\u00edan inspirarte para el d\u00eda de tu boda.En esta p\u00e1gina encontrar\u00e1s muchos consejos y sugerencias para la planificaci\u00f3n de bodas &#8230; <a title=\"Planificaci\u00f3n de boda\" class=\"read-more\" href=\"https:\/\/super-weddings.com\/es\/planificacion-de-boda\/\" aria-label=\"Leer m\u00e1s sobre Planificaci\u00f3n de boda\">Leer m\u00e1s<\/a><\/p>\n","protected":false},"author":1,"featured_media":21935,"parent":0,"menu_order":0,"comment_status":"closed","ping_status":"closed","template":"","meta":{"_gspb_post_css":"","footnotes":""},"class_list":["post-23919","page","type-page","status-publish","has-post-thumbnail"],"featured_image_src":"https:\/\/super-weddings.com\/wp-content\/uploads\/2020\/10\/barcelona_wedding_videographer-6091.jpg","jetpack_sharing_enabled":true,"_links":{"self":[{"href":"https:\/\/super-weddings.com\/es\/wp-json\/wp\/v2\/pages\/23919","targetHints":{"allow":["GET"]}}],"collection":[{"href":"https:\/\/super-weddings.com\/es\/wp-json\/wp\/v2\/pages"}],"about":[{"href":"https:\/\/super-weddings.com\/es\/wp-json\/wp\/v2\/types\/page"}],"author":[{"embeddable":true,"href":"https:\/\/super-weddings.com\/es\/wp-json\/wp\/v2\/users\/1"}],"replies":[{"embeddable":true,"href":"https:\/\/super-weddings.com\/es\/wp-json\/wp\/v2\/comments?post=23919"}],"version-history":[{"count":1,"href":"https:\/\/super-weddings.com\/es\/wp-json\/wp\/v2\/pages\/23919\/revisions"}],"predecessor-version":[{"id":41193,"href":"https:\/\/super-weddings.com\/es\/wp-json\/wp\/v2\/pages\/23919\/revisions\/41193"}],"wp:featuredmedia":[{"embeddable":true,"href":"https:\/\/super-weddings.com\/es\/wp-json\/wp\/v2\/media\/21935"}],"wp:attachment":[{"href":"https:\/\/super-weddings.com\/es\/wp-json\/wp\/v2\/media?parent=23919"}],"curies":[{"name":"wp","href":"https:\/\/api.w.org\/{rel}","templated":true}]}}