{"id":23772,"date":"2020-11-11T14:12:39","date_gmt":"2020-11-11T14:12:39","guid":{"rendered":"https:\/\/super.robak.dev\/educacion-2\/"},"modified":"2020-11-11T18:04:37","modified_gmt":"2020-11-11T18:04:37","slug":"educacion","status":"publish","type":"page","link":"https:\/\/super-weddings.com\/es\/educacion\/","title":{"rendered":"Educaci\u00f3n"},"content":{"rendered":"\n<div class=\"gb-container gb-container-65f3c06c\"><div class=\"gb-inside-container\">\n<div class=\"wp-block-image\"><figure class=\"aligncenter size-large\"><img loading=\"lazy\" decoding=\"async\" width=\"300\" height=\"300\" src=\"https:\/\/super-weddings.com\/wp-content\/uploads\/2020\/10\/logo300.png\" alt=\"\" class=\"wp-image-23318\" title=\"\"><\/figure><\/div>\n\n\n\n<h1 class=\"gb-headline gb-headline-9ff4794e\">Taller &amp; Presets<\/h1>\n\n\n\n<div class=\"gb-container gb-container-32dfb8c1\"><div class=\"gb-inside-container\">\n<p class=\"has-text-align-center\">Mis talleres tienen que ver con crear la mentalidad correcta que no solo te ayudar\u00e1 a hacer mejores videos o fotograf\u00edas de bodas, sino que te ayudar\u00e1 a comprender mejor por qu\u00e9 lo haces y c\u00f3mo puedes influir en tu propia vida para ser feliz en los negocios y a nivel personal.\n\n<\/p>\n<\/div><\/div>\n\n\n\n<div class=\"gb-container gb-container-e302dc99\"><div class=\"gb-inside-container\">\n<div class=\"gb-grid-wrapper gb-grid-wrapper-6601e790\">\n<div class=\"gb-grid-column gb-grid-column-83027255\"><div class=\"gb-container gb-container-83027255 clickable-block\"><div class=\"gb-inside-container\">\n<figure class=\"wp-block-image size-large\"><a href=\"https:\/\/superweddingsacademy.com\/\" target=\"_blank\" rel=\"noopener noreferrer\"><img loading=\"lazy\" decoding=\"async\" width=\"1000\" height=\"667\" src=\"https:\/\/super-weddings.com\/wp-content\/uploads\/2020\/10\/santorini_wedding_videographer_photographer-67-1000x667.jpg\" alt=\"\" class=\"wp-image-22050\" title=\"\" srcset=\"https:\/\/super-weddings.com\/wp-content\/uploads\/2020\/10\/santorini_wedding_videographer_photographer-67-1000x667.jpg 1000w, https:\/\/super-weddings.com\/wp-content\/uploads\/2020\/10\/santorini_wedding_videographer_photographer-67-800x533.jpg 800w, https:\/\/super-weddings.com\/wp-content\/uploads\/2020\/10\/santorini_wedding_videographer_photographer-67-768x512.jpg 768w, https:\/\/super-weddings.com\/wp-content\/uploads\/2020\/10\/santorini_wedding_videographer_photographer-67.jpg 1080w\" sizes=\"auto, (max-width: 1000px) 100vw, 1000px\" \/><\/a><\/figure>\n\n\n\n<h2 class=\"gb-headline gb-headline-890dfa4f\">SuperWeddings Academy<\/h2>\n\n\n\n<p class=\"gb-headline gb-headline-abd7e28e\">Online Masterclass &amp; Live Taller<\/p>\n<\/div><\/div><\/div>\n\n\n\n<div class=\"gb-grid-column gb-grid-column-346663bc\"><div class=\"gb-container gb-container-346663bc clickable-block\"><div class=\"gb-inside-container\">\n<figure class=\"wp-block-image size-large\"><a href=\"https:\/\/flamesandroses.com\/\" target=\"_blank\" rel=\"noopener noreferrer\"><img loading=\"lazy\" decoding=\"async\" width=\"1000\" height=\"667\" src=\"https:\/\/super-weddings.com\/wp-content\/uploads\/2020\/10\/beach_elopement_gran_canaria-36-1000x667.jpg\" alt=\"\" class=\"wp-image-21451\" title=\"\" srcset=\"https:\/\/super-weddings.com\/wp-content\/uploads\/2020\/10\/beach_elopement_gran_canaria-36-1000x667.jpg 1000w, https:\/\/super-weddings.com\/wp-content\/uploads\/2020\/10\/beach_elopement_gran_canaria-36-800x533.jpg 800w, https:\/\/super-weddings.com\/wp-content\/uploads\/2020\/10\/beach_elopement_gran_canaria-36-768x512.jpg 768w, https:\/\/super-weddings.com\/wp-content\/uploads\/2020\/10\/beach_elopement_gran_canaria-36.jpg 1080w\" sizes=\"auto, (max-width: 1000px) 100vw, 1000px\" \/><\/a><\/figure>\n\n\n\n<h2 class=\"gb-headline gb-headline-00610ed4\">Flames &amp; Roses<\/h2>\n\n\n\n<p class=\"gb-headline gb-headline-d0f1e2ea\">LUTs + PRESETS<\/p>\n<\/div><\/div><\/div>\n\n\n\n<div class=\"gb-grid-column gb-grid-column-28fd6eaf\"><div class=\"gb-container gb-container-28fd6eaf clickable-block\"><div class=\"gb-inside-container\">\n<figure class=\"wp-block-image size-large\"><a href=\"https:\/\/super-weddings.com\/es\/educacion\/online-class\/\"><img loading=\"lazy\" decoding=\"async\" width=\"1000\" height=\"667\" src=\"https:\/\/super-weddings.com\/wp-content\/uploads\/2020\/10\/wedding_session7-1000x667.jpg\" alt=\"\" class=\"wp-image-21245\" title=\"\" srcset=\"https:\/\/super-weddings.com\/wp-content\/uploads\/2020\/10\/wedding_session7-1000x667.jpg 1000w, https:\/\/super-weddings.com\/wp-content\/uploads\/2020\/10\/wedding_session7-800x533.jpg 800w, https:\/\/super-weddings.com\/wp-content\/uploads\/2020\/10\/wedding_session7-768x512.jpg 768w, https:\/\/super-weddings.com\/wp-content\/uploads\/2020\/10\/wedding_session7.jpg 1080w\" sizes=\"auto, (max-width: 1000px) 100vw, 1000px\" \/><\/a><\/figure>\n\n\n\n<h2 class=\"gb-headline gb-headline-b8c7950a\">Skype Taller<\/h2>\n\n\n\n<p class=\"gb-headline gb-headline-02f896bc\">Online Clase<\/p>\n<\/div><\/div><\/div>\n<\/div>\n<\/div><\/div>\n<\/div><\/div>\n","protected":false},"excerpt":{"rendered":"<p>Taller &amp; Presets Mis talleres tienen que ver con crear la mentalidad correcta que no solo te ayudar\u00e1 a hacer mejores videos o fotograf\u00edas de bodas, sino que te ayudar\u00e1 a comprender mejor por qu\u00e9 lo haces y c\u00f3mo puedes influir en tu propia vida para ser feliz en los negocios y a nivel personal.<\/p>\n","protected":false},"author":1,"featured_media":0,"parent":0,"menu_order":0,"comment_status":"closed","ping_status":"closed","template":"","meta":{"_gspb_post_css":"","footnotes":""},"class_list":["post-23772","page","type-page","status-publish"],"featured_image_src":null,"_links":{"self":[{"href":"https:\/\/super-weddings.com\/es\/wp-json\/wp\/v2\/pages\/23772","targetHints":{"allow":["GET"]}}],"collection":[{"href":"https:\/\/super-weddings.com\/es\/wp-json\/wp\/v2\/pages"}],"about":[{"href":"https:\/\/super-weddings.com\/es\/wp-json\/wp\/v2\/types\/page"}],"author":[{"embeddable":true,"href":"https:\/\/super-weddings.com\/es\/wp-json\/wp\/v2\/users\/1"}],"replies":[{"embeddable":true,"href":"https:\/\/super-weddings.com\/es\/wp-json\/wp\/v2\/comments?post=23772"}],"version-history":[{"count":0,"href":"https:\/\/super-weddings.com\/es\/wp-json\/wp\/v2\/pages\/23772\/revisions"}],"wp:attachment":[{"href":"https:\/\/super-weddings.com\/es\/wp-json\/wp\/v2\/media?parent=23772"}],"curies":[{"name":"wp","href":"https:\/\/api.w.org\/{rel}","templated":true}]}}