{"id":22491,"date":"2020-10-19T13:41:19","date_gmt":"2020-10-19T13:41:19","guid":{"rendered":"https:\/\/super.robak.dev\/?page_id=22491"},"modified":"2024-07-17T06:14:20","modified_gmt":"2024-07-17T06:14:20","slug":"videos-de-bodas-de-destino","status":"publish","type":"page","link":"https:\/\/super-weddings.com\/es\/videos-de-bodas-de-destino\/","title":{"rendered":"Videos"},"content":{"rendered":"<div class=\"gb-container gb-container-9406b663\"><div class=\"gb-inside-container\">\n\n<h2 class=\"gb-headline gb-headline-d1099973 gb-headline-text\">Historias \u00fanicas de mis incre\u00edbles parejas<\/h2>\n\n\n\n<h1 class=\"gb-headline gb-headline-71ff291b gb-headline-text\">CADA UNA DE ELLAS ES DIFERENTE. CADA UNA DE ELLAS ES ESPECIAL.<br\/><a href=\"https:\/\/en.super-weddings.com\/film\/italy-wedding-videographer-boho-chic-wedding\/\"><\/a><\/h1>\n\n<\/div><\/div>\n\n<div class=\"gb-container gb-container-ee99b72d\"><div class=\"gb-inside-container\">\n\n<div class=\"wp-block-ultimate-post-post-grid-parent ultp-post-grid-parent\" data-postid=\"22491\" data-grids=\"[{&quot;blockId&quot;:&quot;38822f&quot;,&quot;name&quot;:&quot;ultimate-post_post-grid-2&quot;}]\" data-pagi=\"[&quot;ultp-block-243a3b&quot;]\"><div  class=\"ultp-post-grid-block wp-block-ultimate-post-post-grid-2 ultp-block-38822f aligncenter\"><div class=\"ultp-block-wrapper\"><div class=\"ultp-loading\"><div class=\"ultp-loading-blocks\" style=\"width:100%;height:100%;\"><div style=\"left: 0;top: 0;animation-delay:0s;\"><\/div><div style=\"left: 21px;top: 0;animation-delay:0.125s;\"><\/div><div style=\"left: 42px;top: 0;animation-delay:0.25s;\"><\/div><div style=\"left: 0;top: 21px;animation-delay:0.875s;\"><\/div><div style=\"left: 42px;top: 21px;animation-delay:0.375s;\"><\/div><div style=\"left: 0;top: 42px;animation-delay:0.75s;\"><\/div><div style=\"left: 42px;top: 42px;animation-delay:0.625s;\"><\/div><div style=\"left: 21px;top: 42px;animation-delay:0.5s;\"><\/div><\/div><\/div><div class=\"ultp-block-items-wrap ultp-block-row\"><div class=\"ultp-block-item post-id-12103\"><div class=\"ultp-block-content-wrap ultp-block-content-overlay\"><div class=\"ultp-block-image ultp-block-image-none\"><a href=\"https:\/\/super-weddings.com\/es\/video\/sara-giulio-boda-italiana-boho-chic\/\" ><img decoding=\"async\" alt=\"Sara &#038; Giulio Boda Italiana Boho Chic\" src=\"https:\/\/super-weddings.com\/wp-content\/uploads\/2019\/06\/brescia_wedding_videographer.jpg\" title=\"\"><\/a><\/div><div class=\"ultp-block-content ultp-block-content-bottomPosition\"><div class=\"ultp-block-content-inner\"><h3 class=\"ultp-block-title \"><a href=\"https:\/\/super-weddings.com\/es\/video\/sara-giulio-boda-italiana-boho-chic\/\" >Sara &#038; Giulio Boda Italiana Boho Chic<\/a><\/h3><\/div><\/div><\/div><\/div><div class=\"ultp-block-item post-id-12168\"><div class=\"ultp-block-content-wrap ultp-block-content-overlay\"><div class=\"ultp-block-image ultp-block-image-none\"><a href=\"https:\/\/super-weddings.com\/es\/video\/videografo-de-bodas-en-sevilla-hotel-alfonso-xiii\/\" ><img decoding=\"async\" alt=\"elope in Spain seville wedding videographer\" src=\"https:\/\/super-weddings.com\/wp-content\/uploads\/2020\/10\/seville_wedding_videographer-2.jpg\" title=\"\"><\/a><\/div><div class=\"ultp-block-content ultp-block-content-bottomPosition\"><div class=\"ultp-block-content-inner\"><h3 class=\"ultp-block-title \"><a href=\"https:\/\/super-weddings.com\/es\/video\/videografo-de-bodas-en-sevilla-hotel-alfonso-xiii\/\" >Vide\u00f3grafo de Bodas en Sevilla &#8211; Hotel Alfonso XIII<\/a><\/h3><\/div><\/div><\/div><\/div><div class=\"ultp-block-item post-id-12173\"><div class=\"ultp-block-content-wrap ultp-block-content-overlay\"><div class=\"ultp-block-image ultp-block-image-none\"><a href=\"https:\/\/super-weddings.com\/es\/video\/alba-y-william-video-de-boda-en-gran-canaria-espana\/\" ><img decoding=\"async\" alt=\"V\u00eddeo de Boda en Gran Canaria &#8211; Alba y William\" src=\"https:\/\/super-weddings.com\/wp-content\/uploads\/2020\/10\/gran_canaria_elopement-130-870x570.jpg\" title=\"\"><\/a><\/div><div class=\"ultp-block-content ultp-block-content-bottomPosition\"><div class=\"ultp-block-content-inner\"><h3 class=\"ultp-block-title \"><a href=\"https:\/\/super-weddings.com\/es\/video\/alba-y-william-video-de-boda-en-gran-canaria-espana\/\" >V\u00eddeo de Boda en Gran Canaria &#8211; Alba y William<\/a><\/h3><\/div><\/div><\/div><\/div><div class=\"ultp-block-item post-id-12151\"><div class=\"ultp-block-content-wrap ultp-block-content-overlay\"><div class=\"ultp-block-image ultp-block-image-none\"><a href=\"https:\/\/super-weddings.com\/es\/video\/videografo-de-bodas-en-florencia-carla-y-andrew\/\" ><img decoding=\"async\" alt=\"Vide\u00f3grafo de bodas en Florencia &#8211; Carla y Andrew\" src=\"https:\/\/super-weddings.com\/wp-content\/uploads\/2017\/12\/beach_elopement_gran_canaria-31.jpg\" title=\"\"><\/a><\/div><div class=\"ultp-block-content ultp-block-content-bottomPosition\"><div class=\"ultp-block-content-inner\"><h3 class=\"ultp-block-title \"><a href=\"https:\/\/super-weddings.com\/es\/video\/videografo-de-bodas-en-florencia-carla-y-andrew\/\" >Vide\u00f3grafo de bodas en Florencia &#8211; Carla y Andrew<\/a><\/h3><\/div><\/div><\/div><\/div><div class=\"ultp-block-item post-id-12148\"><div class=\"ultp-block-content-wrap ultp-block-content-overlay\"><div class=\"ultp-block-image ultp-block-image-none\"><a href=\"https:\/\/super-weddings.com\/es\/video\/renovacion-de-votos-en-la-playa-de-gran-canaria\/\" ><img decoding=\"async\" alt=\"Renovaci\u00f3n de votos en la playa de gran canaria\" src=\"https:\/\/super-weddings.com\/wp-content\/uploads\/2017\/12\/beach_elopement_gran_canaria-16.jpg\" title=\"\"><\/a><\/div><div class=\"ultp-block-content ultp-block-content-bottomPosition\"><div class=\"ultp-block-content-inner\"><h3 class=\"ultp-block-title \"><a href=\"https:\/\/super-weddings.com\/es\/video\/renovacion-de-votos-en-la-playa-de-gran-canaria\/\" >Renovaci\u00f3n de votos en la playa de gran canaria<\/a><\/h3><\/div><\/div><\/div><\/div><div class=\"ultp-block-item post-id-12145\"><div class=\"ultp-block-content-wrap ultp-block-content-overlay\"><div class=\"ultp-block-image ultp-block-image-none\"><a href=\"https:\/\/super-weddings.com\/es\/video\/dagmara-y-pawel-la-historia-de-su-boda-en-un-granero\/\" ><img decoding=\"async\" alt=\"Dagmara y Pawel \u2013 La historia de su boda en un granero\" src=\"https:\/\/super-weddings.com\/wp-content\/uploads\/2020\/10\/boho_barn_wedding_session-2.jpg\" title=\"\"><\/a><\/div><div class=\"ultp-block-content ultp-block-content-bottomPosition\"><div class=\"ultp-block-content-inner\"><h3 class=\"ultp-block-title \"><a href=\"https:\/\/super-weddings.com\/es\/video\/dagmara-y-pawel-la-historia-de-su-boda-en-un-granero\/\" >Dagmara y Pawel \u2013 La historia de su boda en un granero<\/a><\/h3><\/div><\/div><\/div><\/div><\/div><\/div><div class=\"pagination-block-html\" aria-hidden=\"true\" style=\"display: none;\"><div class=\"ultp-pagination-wrap ultp-pagination-ajax-action\"  data-for=\"ultp-block-38822f\"  data-blockid=\"38822f\"  data-expost=\"\"  data-paged=\"1\"  data-pages=\"2\"  data-blockname=\"ultimate-post_post-grid-2\"  data-postid=\"22491\"  data-selfpostid=\"yes\" ><ul class=\"ultp-pagination\"><li class=\"ultp-prev-page-numbers\" style=\"display:none\"><a href=\"https:\/\/super-weddings.com\/es\/wp-json\/wp\/v2\/pages\/22491\/\"><svg xmlns=\"http:\/\/www.w3.org\/2000\/svg\" fill=\"none\" viewBox=\"0 0 24 24\">\n  <path stroke=\"currentColor\" stroke-linecap=\"round\" stroke-linejoin=\"round\" stroke-width=\"1.5\" d=\"m15 18-6-6 6-6\"\/>\n<\/svg>\n Previous<\/a><\/li><li class=\"ultp-center-item pagination-active\" data-current=\"1\"><a href=\"https:\/\/super-weddings.com\/es\/wp-json\/wp\/v2\/pages\/22491\/\">1<\/a><\/li><li class=\"ultp-center-item\" data-current=\"2\" ><a href=\"https:\/\/super-weddings.com\/es\/wp-json\/wp\/v2\/pages\/22491\/page\/2\/\">2<\/a><\/li><li class=\"ultp-last-dot\" style=\"display:none\"><a href=\"#\">&#8230;<\/a><\/li><li class=\"ultp-next-page-numbers\"><a href=\"https:\/\/super-weddings.com\/es\/wp-json\/wp\/v2\/pages\/22491\/page\/2\/\">Next<svg xmlns=\"http:\/\/www.w3.org\/2000\/svg\" fill=\"none\" viewBox=\"0 0 24 24\">\n  <path stroke=\"currentColor\" stroke-linecap=\"round\" stroke-linejoin=\"round\" stroke-width=\"1.5\" d=\"m9 18 6-6-6-6\"\/>\n<\/svg>\n<\/a><\/li><\/ul><\/div><\/div><\/div>\n\n\n<div class=\"wp-block-ultimate-post-post-pagination ultp-block-243a3b ultp-pagination-block ultp-pagination-wrap\"><div class=\"ultp-pagination-wrap ultp-disable-editor-click ultp-pagination-ajax-action\"><ul class=\"ultp-pagination\"><li><a href=\"#\" class=\"ultp-prev-page-numbers\"><svg enable-background=\"new 0 0 477.175 477.175\" version=\"1.1\" viewBox=\"0 0 477.18 477.18\"><path d=\"m145.19 238.58 215.5-215.5c5.3-5.3 5.3-13.8 0-19.1s-13.8-5.3-19.1 0l-225.1 225.1c-5.3 5.3-5.3 13.8 0 19.1l225.1 225c2.6 2.6 6.1 4 9.5 4s6.9-1.3 9.5-4c5.3-5.3 5.3-13.8 0-19.1l-215.4-215.5z\"><\/path><\/svg> Previous<\/a><\/li><li><a href=\"#\">1<\/a><\/li><li><a href=\"#\">2<\/a><\/li><li><a href=\"#\">3<\/a><\/li><li><a href=\"#\" class=\"ultp-next-page-numbers\">Next <svg enable-background=\"new 0 0 477.175 477.175\" version=\"1.1\" viewBox=\"0 0 477.18 477.18\"><path d=\"m360.73 229.08-225.1-225.1c-5.3-5.3-13.8-5.3-19.1 0s-5.3 13.8 0 19.1l215.5 215.5-215.5 215.5c-5.3 5.3-5.3 13.8 0 19.1 2.6 2.6 6.1 4 9.5 4s6.9-1.3 9.5-4l225.1-225.1c5.3-5.2 5.3-13.8 0.1-19z\"><\/path><\/svg><\/a><\/li><\/ul><\/div><\/div>\n<\/div>\n\n<\/div><\/div>\n\n<div class=\"gb-container gb-container-8116d52a\"><div class=\"gb-inside-container\">\n\n<h2 class=\"gb-headline gb-headline-280185d3 gb-headline-text\">Paquetes de Videograf\u00edas para Boda<\/h2>\n\n\n<div class=\"gb-grid-wrapper gb-grid-wrapper-fafa70f0\">\n<div class=\"gb-grid-column gb-grid-column-44ee5002\"><div class=\"gb-container gb-container-44ee5002\"><div class=\"gb-inside-container\">\n\n<h3 class=\"gb-headline gb-headline-0b1d0738 gb-headline-text\">Boda Tradicional o Boda de Fugaz<\/h3>\n\n\n\n<p class=\"gb-headline gb-headline-740ff088 gb-headline-text\">\u00bfEst\u00e1s planeando una gran celebraci\u00f3n de boda glamorosa con muchos familiares y amigos en un castillo, una villa o un hotel? \u00bfO tal vez te encantar\u00eda una boda fugaz \u00edntima y peque\u00f1a con solo unos pocos invitados o incluso solo? No te preocupes, estamos listos para todo. Con m\u00e1s de 200 bodas, estamos perfectamente preparados para servir la videograf\u00eda y fotograf\u00eda de tu boda que mejor se adapte a tus necesidades.<\/p>\n\n\n<div class=\"gb-button-wrapper gb-button-wrapper-1532ed5e\">\n\n<a class=\"gb-button gb-button-2e7941f5 gb-button-text\" href=\"https:\/\/super-weddings.com\/es\/contacto\/\">\u00a1Vamos a conectar!<\/a>\n\n<\/div>\n<\/div><\/div><\/div>\n\n<div class=\"gb-grid-column gb-grid-column-de08e602\"><div class=\"gb-container gb-container-de08e602\"><div class=\"gb-inside-container\">\n\n<figure class=\"wp-block-image size-large\"><img loading=\"lazy\" decoding=\"async\" width=\"1000\" height=\"667\" src=\"https:\/\/super-weddings.com\/wp-content\/uploads\/2020\/10\/santorini_wedding_videographer_photographer-27-1000x667.jpg\" alt=\"videografo de bodas en gran canaria\" class=\"wp-image-22017\" title=\"\" srcset=\"https:\/\/super-weddings.com\/wp-content\/uploads\/2020\/10\/santorini_wedding_videographer_photographer-27-1000x667.jpg 1000w, https:\/\/super-weddings.com\/wp-content\/uploads\/2020\/10\/santorini_wedding_videographer_photographer-27-800x533.jpg 800w, https:\/\/super-weddings.com\/wp-content\/uploads\/2020\/10\/santorini_wedding_videographer_photographer-27-768x512.jpg 768w, https:\/\/super-weddings.com\/wp-content\/uploads\/2020\/10\/santorini_wedding_videographer_photographer-27.jpg 1080w\" sizes=\"auto, (max-width: 1000px) 100vw, 1000px\" \/><\/figure>\n\n<\/div><\/div><\/div>\n<\/div>\n\n<div class=\"gb-grid-wrapper gb-grid-wrapper-17c4fadd\">\n<div class=\"gb-grid-column gb-grid-column-19c99e7a\"><div class=\"gb-container gb-container-19c99e7a\"><div class=\"gb-inside-container\">\n\n<figure class=\"wp-block-image size-large\"><img loading=\"lazy\" decoding=\"async\" width=\"1000\" height=\"750\" src=\"https:\/\/super-weddings.com\/wp-content\/uploads\/2020\/10\/brescia_wedding_videographer-190-1000x750.jpg\" alt=\"videografo de bodas en gran canaria\" class=\"wp-image-21920\" title=\"\" srcset=\"https:\/\/super-weddings.com\/wp-content\/uploads\/2020\/10\/brescia_wedding_videographer-190-1000x750.jpg 1000w, https:\/\/super-weddings.com\/wp-content\/uploads\/2020\/10\/brescia_wedding_videographer-190-800x600.jpg 800w, https:\/\/super-weddings.com\/wp-content\/uploads\/2020\/10\/brescia_wedding_videographer-190-768x576.jpg 768w, https:\/\/super-weddings.com\/wp-content\/uploads\/2020\/10\/brescia_wedding_videographer-190-1536x1152.jpg 1536w, https:\/\/super-weddings.com\/wp-content\/uploads\/2020\/10\/brescia_wedding_videographer-190-2048x1536.jpg 2048w\" sizes=\"auto, (max-width: 1000px) 100vw, 1000px\" \/><\/figure>\n\n<\/div><\/div><\/div>\n\n<div class=\"gb-grid-column gb-grid-column-fdc30404\"><div class=\"gb-container gb-container-fdc30404\"><div class=\"gb-inside-container\">\n\n<h3 class=\"gb-headline gb-headline-81e5719f gb-headline-text\">Bodas de Destino<\/h3>\n\n\n\n<p class=\"gb-headline gb-headline-d189f2c9 gb-headline-text\">\u00bfSue\u00f1as con una aventura y est\u00e1s planeando una boda en un destino incre\u00edble cerca de tu coraz\u00f3n? \u00bfQuieres a alguien que capture todo esto en una experiencia de por vida de una manera \u00fanica y moderna? Te tenemos cubierto. La videograf\u00eda y fotograf\u00eda de bodas de destino es nuestro pan de cada d\u00eda y estamos ansiosos por irnos de aventura contigo.<\/p>\n\n\n<div class=\"gb-button-wrapper gb-button-wrapper-29f95e21\">\n\n<a class=\"gb-button gb-button-13923d5b gb-button-text\" href=\"https:\/\/super-weddings.com\/es\/contacto\/\">\u00a1Vamos a conectar!<\/a>\n\n<\/div>\n<\/div><\/div><\/div>\n<\/div>\n\n<div class=\"gb-grid-wrapper gb-grid-wrapper-8d68d33d\">\n<div class=\"gb-grid-column gb-grid-column-881cdf1f\"><div class=\"gb-container gb-container-881cdf1f\"><div class=\"gb-inside-container\">\n\n<h3 class=\"gb-headline gb-headline-bff6b803 gb-headline-text\">Sesi\u00f3n Pre-Boda o de Compromiso<\/h3>\n\n\n\n<p class=\"gb-headline gb-headline-89cf2d29 gb-headline-text\">Si planeas hacer la GRAN pregunta y te encantar\u00eda que este hermoso momento se grabe en una foto, ser\u00eda un honor para nosotros ser considerados para esto. \u00bfPosiblemente te encantar\u00eda filmar una sesi\u00f3n previa a la boda en algunos de los lugares incre\u00edbles, como por ejemplo Gran Canaria o Marrakesh?<\/p>\n\n\n<div class=\"gb-button-wrapper gb-button-wrapper-1cb1b6c4\">\n\n<a class=\"gb-button gb-button-6fc43ac4 gb-button-text\" href=\"https:\/\/super-weddings.com\/es\/contacto\/\">\u00a1Vamos a conectar!<\/a>\n\n<\/div>\n<\/div><\/div><\/div>\n\n<div class=\"gb-grid-column gb-grid-column-70ee28aa\"><div class=\"gb-container gb-container-70ee28aa\"><div class=\"gb-inside-container\">\n\n<figure class=\"wp-block-image size-large\"><img loading=\"lazy\" decoding=\"async\" width=\"1000\" height=\"750\" src=\"https:\/\/super-weddings.com\/wp-content\/uploads\/2020\/10\/London-Wedding-Photographer-SuperWeddings-02-1-1000x750.jpg\" alt=\"videografo de bodas en gran canaria\" class=\"wp-image-22092\" title=\"\" srcset=\"https:\/\/super-weddings.com\/wp-content\/uploads\/2020\/10\/London-Wedding-Photographer-SuperWeddings-02-1-1000x750.jpg 1000w, https:\/\/super-weddings.com\/wp-content\/uploads\/2020\/10\/London-Wedding-Photographer-SuperWeddings-02-1-800x600.jpg 800w, https:\/\/super-weddings.com\/wp-content\/uploads\/2020\/10\/London-Wedding-Photographer-SuperWeddings-02-1-768x576.jpg 768w, https:\/\/super-weddings.com\/wp-content\/uploads\/2020\/10\/London-Wedding-Photographer-SuperWeddings-02-1.jpg 1080w\" sizes=\"auto, (max-width: 1000px) 100vw, 1000px\" \/><\/figure>\n\n<\/div><\/div><\/div>\n<\/div>\n<\/div><\/div>","protected":false},"excerpt":{"rendered":"<p>Historias \u00fanicas de mis incre\u00edbles parejas CADA UNA DE ELLAS ES DIFERENTE. CADA UNA DE ELLAS ES ESPECIAL. Paquetes de Videograf\u00edas para Boda<\/p>\n","protected":false},"author":1,"featured_media":21732,"parent":0,"menu_order":0,"comment_status":"closed","ping_status":"closed","template":"","meta":{"_gspb_post_css":"","footnotes":""},"class_list":["post-22491","page","type-page","status-publish","has-post-thumbnail"],"featured_image_src":"https:\/\/super-weddings.com\/wp-content\/uploads\/2020\/10\/gran_canaria_elopement-13.jpg","jetpack_sharing_enabled":true,"_links":{"self":[{"href":"https:\/\/super-weddings.com\/es\/wp-json\/wp\/v2\/pages\/22491","targetHints":{"allow":["GET"]}}],"collection":[{"href":"https:\/\/super-weddings.com\/es\/wp-json\/wp\/v2\/pages"}],"about":[{"href":"https:\/\/super-weddings.com\/es\/wp-json\/wp\/v2\/types\/page"}],"author":[{"embeddable":true,"href":"https:\/\/super-weddings.com\/es\/wp-json\/wp\/v2\/users\/1"}],"replies":[{"embeddable":true,"href":"https:\/\/super-weddings.com\/es\/wp-json\/wp\/v2\/comments?post=22491"}],"version-history":[{"count":1,"href":"https:\/\/super-weddings.com\/es\/wp-json\/wp\/v2\/pages\/22491\/revisions"}],"predecessor-version":[{"id":40879,"href":"https:\/\/super-weddings.com\/es\/wp-json\/wp\/v2\/pages\/22491\/revisions\/40879"}],"wp:featuredmedia":[{"embeddable":true,"href":"https:\/\/super-weddings.com\/es\/wp-json\/wp\/v2\/media\/21732"}],"wp:attachment":[{"href":"https:\/\/super-weddings.com\/es\/wp-json\/wp\/v2\/media?parent=22491"}],"curies":[{"name":"wp","href":"https:\/\/api.w.org\/{rel}","templated":true}]}}