{"id":22479,"date":"2020-07-16T05:16:36","date_gmt":"2020-07-16T05:16:36","guid":{"rendered":"https:\/\/super.robak.dev\/?page_id=22479"},"modified":"2023-07-12T13:40:25","modified_gmt":"2023-07-12T13:40:25","slug":"acerca-de","status":"publish","type":"page","link":"https:\/\/super-weddings.com\/es\/acerca-de\/","title":{"rendered":"Acerca de"},"content":{"rendered":"<div class=\"gb-container gb-container-14a0a8c0\"><div class=\"gb-inside-container\">\n\n<h2 class=\"gb-headline gb-headline-85025f53 gb-headline-text\">Todas las buenas historias comienzan con un latido del coraz\u00f3n<\/h2>\n\n\n\n<h3 class=\"gb-headline gb-headline-3437908d gb-headline-text\">Sebastian Nandryka<\/h3>\n\n<\/div><\/div>\n\n<div class=\"gb-container gb-container-6b66d22d\"><div class=\"gb-inside-container\">\n<div class=\"gb-grid-wrapper gb-grid-wrapper-3526ad39\">\n<div class=\"gb-grid-column gb-grid-column-b0975337\"><div class=\"gb-container gb-container-b0975337\"><div class=\"gb-inside-container\">\n\n<figure class=\"wp-block-image size-large\"><img loading=\"lazy\" decoding=\"async\" width=\"1000\" height=\"1000\" src=\"https:\/\/super-weddings.com\/wp-content\/uploads\/2023\/07\/10\/SEBASTIAN_NANDRYKA_SUPER_WEDDINGS-1000x1000.jpg\" alt=\"\" class=\"wp-image-34849\" title=\"\" srcset=\"https:\/\/super-weddings.com\/wp-content\/uploads\/2023\/07\/10\/SEBASTIAN_NANDRYKA_SUPER_WEDDINGS-1000x1000.jpg 1000w, https:\/\/super-weddings.com\/wp-content\/uploads\/2023\/07\/10\/SEBASTIAN_NANDRYKA_SUPER_WEDDINGS-800x800.jpg 800w, https:\/\/super-weddings.com\/wp-content\/uploads\/2023\/07\/10\/SEBASTIAN_NANDRYKA_SUPER_WEDDINGS-768x768.jpg 768w, https:\/\/super-weddings.com\/wp-content\/uploads\/2023\/07\/10\/SEBASTIAN_NANDRYKA_SUPER_WEDDINGS-1536x1536.jpg 1536w, https:\/\/super-weddings.com\/wp-content\/uploads\/2023\/07\/10\/SEBASTIAN_NANDRYKA_SUPER_WEDDINGS-600x600.jpg 600w, https:\/\/super-weddings.com\/wp-content\/uploads\/2023\/07\/10\/SEBASTIAN_NANDRYKA_SUPER_WEDDINGS.jpg 1755w\" sizes=\"auto, (max-width: 1000px) 100vw, 1000px\" \/><\/figure>\n\n<\/div><\/div><\/div>\n\n<div class=\"gb-grid-column gb-grid-column-3ce05f6c\"><div class=\"gb-container gb-container-3ce05f6c\"><div class=\"gb-inside-container\">\n\n<p class=\"has-drop-cap\">\u00bfY sabes qu\u00e9? No cambiar\u00eda nada. Me considero la persona m\u00e1s afortunada del mundo al hacer algo de lo que me enamor\u00e9. \u00a1S\u00ed, definitivamente me encanta retratar emociones con mis pel\u00edculas!<\/p>\n\n<\/div><\/div><\/div>\n<\/div>\n<\/div><\/div>\n\n<div class=\"gb-container gb-container-40f11e18\"><div class=\"gb-inside-container\">\n\n<h2 class=\"gb-headline gb-headline-305f23aa gb-headline-text\">\u00a1Mira como de creativo puedes ser conmigo!<\/h2>\n\n\n<div class=\"gb-button-wrapper gb-button-wrapper-6239e71d\">\n\n<a class=\"gb-button gb-button-324e8cd6 data-featherlight=&quot;iframe&quot;\" href=\"https:\/\/player.vimeo.com\/video\/193615747?byline=0&amp;portrait=0&amp;autoplay=1\" target=\"_blank\" rel=\"noopener\"><span class=\"gb-icon\"><svg aria-hidden=\"true\" height=\"1em\" width=\"1em\" viewBox=\"0 0 576 512\" xmlns=\"http:\/\/www.w3.org\/2000\/svg\"><path fill=\"currentColor\" d=\"M549.655 124.083c-6.281-23.65-24.787-42.276-48.284-48.597C458.781 64 288 64 288 64S117.22 64 74.629 75.486c-23.497 6.322-42.003 24.947-48.284 48.597-11.412 42.867-11.412 132.305-11.412 132.305s0 89.438 11.412 132.305c6.281 23.65 24.787 41.5 48.284 47.821C117.22 448 288 448 288 448s170.78 0 213.371-11.486c23.497-6.321 42.003-24.171 48.284-47.821 11.412-42.867 11.412-132.305 11.412-132.305s0-89.438-11.412-132.305zm-317.51 213.508V175.185l142.739 81.205-142.739 81.201z\"><\/path><\/svg><\/span><\/a>\n\n<\/div>\n<\/div><\/div>\n\n<div class=\"gb-container gb-container-84047ad8\"><div class=\"gb-inside-container\">\n<div class=\"gb-grid-wrapper gb-grid-wrapper-ab1cd88f\">\n<div class=\"gb-grid-column gb-grid-column-98e84f1a\"><div class=\"gb-container gb-container-98e84f1a\"><div class=\"gb-inside-container\">\n<div class=\"wp-block-image\">\n<figure class=\"aligncenter size-large\"><img loading=\"lazy\" decoding=\"async\" width=\"1000\" height=\"1500\" src=\"https:\/\/super-weddings.com\/wp-content\/uploads\/2023\/07\/10\/barcelona_wedding_photographer-479-1000x1500.jpg\" alt=\"\" class=\"wp-image-35266\" title=\"\" srcset=\"https:\/\/super-weddings.com\/wp-content\/uploads\/2023\/07\/10\/barcelona_wedding_photographer-479-1000x1500.jpg 1000w, https:\/\/super-weddings.com\/wp-content\/uploads\/2023\/07\/10\/barcelona_wedding_photographer-479-800x1200.jpg 800w, https:\/\/super-weddings.com\/wp-content\/uploads\/2023\/07\/10\/barcelona_wedding_photographer-479-768x1152.jpg 768w, https:\/\/super-weddings.com\/wp-content\/uploads\/2023\/07\/10\/barcelona_wedding_photographer-479-1024x1536.jpg 1024w, https:\/\/super-weddings.com\/wp-content\/uploads\/2023\/07\/10\/barcelona_wedding_photographer-479-600x900.jpg 600w, https:\/\/super-weddings.com\/wp-content\/uploads\/2023\/07\/10\/barcelona_wedding_photographer-479.jpg 1365w\" sizes=\"auto, (max-width: 1000px) 100vw, 1000px\" \/><\/figure>\n<\/div>\n<\/div><\/div><\/div>\n\n<div class=\"gb-grid-column gb-grid-column-5d7ec676\"><div class=\"gb-container gb-container-5d7ec676\"><div class=\"gb-inside-container\">\n<div class=\"gb-container gb-container-677c4ee8\">\n\n<div class=\"wp-block-stackable-text stk-block-text stk-block stk-ef3525d\" data-block-id=\"ef3525d\"><style>.stk-ef3525d{margin-bottom:0px !important}.stk-ef3525d .stk-block-text__text{font-size:50px !important;line-height:1em !important;font-weight:800 !important;font-family:\"Playfair Display\",Sans-serif !important}@media screen and (max-width:1023px){.stk-ef3525d .stk-block-text__text{font-size:50px !important}}@media screen and (max-width:767px){.stk-ef3525d .stk-block-text__text{font-size:70px !important}}<\/style><p class=\"stk-block-text__text has-text-align-center-mobile\">la<\/p><\/div>\n\n\n\n<div class=\"wp-block-stackable-heading stk-block-heading stk-block-heading--v2 stk-block stk-81b61f7\" id=\"experiencia\" data-block-id=\"81b61f7\"><style>.stk-81b61f7{margin-bottom:50px !important;margin-left:-373px !important}.stk-81b61f7 .stk-block-heading__text{font-size:130px !important;color:var(--contrast) !important;line-height:1em !important;font-weight:800 !important;font-family:\"Playfair Display\",Sans-serif !important}@media screen and (max-width:1023px){.stk-81b61f7 .stk-block-heading__text{font-size:120px !important}}@media screen and (max-width:767px){.stk-81b61f7{margin-top:0px !important;margin-right:0px !important;margin-bottom:50px !important;margin-left:0px !important}.stk-81b61f7 .stk-block-heading__text{font-size:35px !important}}<\/style><h3 class=\"stk-block-heading__text has-text-color has-contrast-color has-text-align-center-mobile\">EXPERIENCIA<\/h3><\/div>\n\n\n\n<div class=\"wp-block-stackable-text stk-block-text stk-block stk-8a3953e\" data-block-id=\"8a3953e\"><style>.stk-8a3953e{margin-bottom:0px !important}.stk-8a3953e .stk-block-text__text{font-size:19px !important;font-family:\"Crimson Text\",Sans-serif !important}@media screen and (max-width:1023px){.stk-8a3953e .stk-block-text__text{font-size:19px !important}}<\/style><p class=\"stk-block-text__text\">Mis pel\u00edculas de boda tratan de los peque\u00f1os detalles. Las sonrisas, las l\u00e1grimas, las chispas en los ojos y los labios que anticipan el beso de tu ser querido. Son las personas las que hacen la historia, sois vosotros los m\u00e1s importantes para m\u00ed el d\u00eda de vuestra boda: llen\u00e1is mi universo.<\/p><\/div>\n\n<\/div>\n<\/div><\/div><\/div>\n<\/div>\n<\/div><\/div>\n\n<div class=\"gb-container gb-container-daede644\"><div class=\"gb-inside-container\">\n<div class=\"gb-grid-wrapper gb-grid-wrapper-2a2eadca\">\n<div class=\"gb-grid-column gb-grid-column-a2c350bb\"><div class=\"gb-container gb-container-a2c350bb\"><div class=\"gb-inside-container\">\n\n<h3 class=\"gb-headline gb-headline-b176eab3 gb-headline-text\">Filosof\u00eda<\/h3>\n\n\n\n<p>Mis videos de boda son sobre las peque\u00f1as cosas. Las sonrisas, las l\u00e1grimas, los destellos en los ojos y los labios que anticipan el beso del ser querido. Son las personas quienes hacen la historia, tu eres la persona m\u00e1s importante para m\u00ed en el d\u00eda de la boda. Tu completas mi universo.<\/p>\n\n\n\n<p>Quiero sentir tus emociones, respirar tu amor hasta que encuentre el vocabulario adecuado para contar tu historia \u00fanica. Primero somos extra\u00f1os, despues nos convertiremos en amigos.<\/p>\n\n\n\n<p>Lo que suceder\u00e1 en ese d\u00eda se volver\u00e1 eterno para ti, para mi, para nosotros.<\/p>\n\n\n\n<p><strong>Por eso tambi\u00e9n eres tan especial para m\u00ed.<\/strong><br><strong>Por eso hago videos de boda.<\/strong><\/p>\n\n<\/div><\/div><\/div>\n\n<div class=\"gb-grid-column gb-grid-column-f2ea2c62\"><div class=\"gb-container gb-container-f2ea2c62\"><div class=\"gb-inside-container\">\n<div class=\"wp-block-image\">\n<figure class=\"aligncenter size-large\"><img loading=\"lazy\" decoding=\"async\" width=\"300\" height=\"300\" src=\"https:\/\/super-weddings.com\/wp-content\/uploads\/2020\/10\/logo300.png\" alt=\"\" class=\"wp-image-23318\" title=\"\"><\/figure>\n<\/div>\n<\/div><\/div><\/div>\n<\/div>\n<\/div><\/div>\n\n<div class=\"gb-container gb-container-7c6c4759\"><div class=\"gb-inside-container\">\n<div class=\"gb-container gb-container-80590816\"><div class=\"gb-inside-container\">\n<div class=\"gb-grid-wrapper gb-grid-wrapper-2d829d68\">\n<div class=\"gb-grid-column gb-grid-column-69111e97\"><div class=\"gb-container gb-container-69111e97\"><div class=\"gb-inside-container\">\n<div class=\"gb-button-wrapper gb-button-wrapper-40d18859\">\n\n<span class=\"gb-button gb-button-07a1fbbe\"><span class=\"gb-icon\"><svg xmlns=\"http:\/\/www.w3.org\/2000\/svg\" width=\"24\" height=\"24\" viewBox=\"0 0 24 24\"><path d=\"M13 14.725c0-5.141 3.892-10.519 10-11.725l.984 2.126c-2.215.835-4.163 3.742-4.38 5.746 2.491.392 4.396 2.547 4.396 5.149 0 3.182-2.584 4.979-5.199 4.979-3.015 0-5.801-2.305-5.801-6.275zm-13 0c0-5.141 3.892-10.519 10-11.725l.984 2.126c-2.215.835-4.163 3.742-4.38 5.746 2.491.392 4.396 2.547 4.396 5.149 0 3.182-2.584 4.979-5.199 4.979-3.015 0-5.801-2.305-5.801-6.275z\"><\/path><\/svg><\/span><\/span>\n\n<\/div>\n\n\n<p class=\"gb-headline gb-headline-65a0ddf9 gb-headline-text\">\u00a1Hurra! \u00a1S\u00faper emocionante, Seb! Es maravilloso ver el d\u00eda organizado de una manera tan rom\u00e1ntica. Trabajo fenomenal, habilidades asombrosas. Realmente capt\u00f3 todas las emociones y fue un placer tenerlo cerca para nuestra boda.<\/p>\n\n\n\n<p class=\"gb-headline gb-headline-21122630 gb-headline-text\">Cat &amp; Max, Seville<\/p>\n\n<\/div><\/div><\/div>\n\n<div class=\"gb-grid-column gb-grid-column-fce2251d\"><div class=\"gb-container gb-container-fce2251d\"><div class=\"gb-inside-container\">\n<div class=\"wp-block-image\">\n<figure class=\"aligncenter size-large\"><img loading=\"lazy\" decoding=\"async\" width=\"456\" height=\"456\" src=\"https:\/\/super-weddings.com\/wp-content\/uploads\/2020\/10\/seville_wedding_videographer-2-1-edited-1.jpg\" alt=\"videografo y fotografo sevilla\" class=\"wp-image-23424\" title=\"\"><\/figure>\n<\/div>\n<\/div><\/div><\/div>\n<\/div>\n<\/div><\/div>\n<\/div><\/div>\n\n<div class=\"gb-container gb-container-4489f852\"><div class=\"gb-inside-container\">\n<div class=\"gb-container gb-container-66d058f1\"><div class=\"gb-inside-container\">\n\n<h2 class=\"gb-headline gb-headline-dd852847 gb-headline-text\">Incluso Batman no trabajaba solo<\/h2>\n\n\n\n<p class=\"has-text-align-center\">Creo profundamente que para ser capaz de desarrollarte y avanzar constantemente debes rodearte de gente fant\u00e1stica con quien podamos so\u00f1ar juntos, crear y alcanzar las estrellas.<\/p>\n\n\n\n<p class=\"has-text-align-center\"><strong>Conoce a mi compa\u00f1ero de aventuras.<\/strong><\/p>\n\n<\/div><\/div>\n\n\n<div style=\"height:80px\" aria-hidden=\"true\" class=\"wp-block-spacer\"><\/div>\n\n\n<div class=\"gb-grid-wrapper gb-grid-wrapper-7f3e2a01\">\n<div class=\"gb-grid-column gb-grid-column-3e7e9316\"><div class=\"gb-container gb-container-3e7e9316\"><div class=\"gb-inside-container\">\n\n<h3 class=\"gb-headline gb-headline-45269ec1 gb-headline-text\">Adam Fabian Szewczyk<\/h3>\n\n\n\n<p>Probablemente una de las pocas personas en el mundo que no tiene miedo de vivir en otro planeta.<\/p>\n\n\n\n<p>Desde que tengo uso de memoria siempre me interes\u00f3 el universo. Definitivamente me encantar\u00eda viajar al espacio alg\u00fan dia, usar una de esas naves espaciales en lugar de un drone. En realidad, cada vez que no estoy haciendo bodas me gusta ir al campo, observar las estrellas y hacer astrofotograf\u00eda. \u00bfEstar\u00e1s t\u00fa en mi v\u00eda l\u00e1ctea?<\/p>\n\n\n\n<p>Aparte de esto, llevo una vida sana desde hace a\u00f1os y voy a continuar asi. Miles de kilometros de ciclismo, correr, nadar, escalar y viajar fuera de las rutas tradicionales hasta el infinito.<\/p>\n\n<\/div><\/div><\/div>\n\n<div class=\"gb-grid-column gb-grid-column-90adaec8\"><div class=\"gb-container gb-container-90adaec8\"><div class=\"gb-inside-container\">\n\n<figure class=\"wp-block-image size-medium\"><img loading=\"lazy\" decoding=\"async\" width=\"800\" height=\"800\" src=\"https:\/\/super-weddings.com\/wp-content\/uploads\/2020\/07\/fabian_superweddings-800x800.jpg\" alt=\"\" class=\"wp-image-16785\" title=\"\" srcset=\"https:\/\/super-weddings.com\/wp-content\/uploads\/2020\/07\/fabian_superweddings-800x800.jpg 800w, https:\/\/super-weddings.com\/wp-content\/uploads\/2020\/07\/fabian_superweddings-1000x1000.jpg 1000w, https:\/\/super-weddings.com\/wp-content\/uploads\/2020\/07\/fabian_superweddings-768x768.jpg 768w, https:\/\/super-weddings.com\/wp-content\/uploads\/2020\/07\/fabian_superweddings.jpg 1536w\" sizes=\"auto, (max-width: 800px) 100vw, 800px\" \/><\/figure>\n\n<\/div><\/div><\/div>\n<\/div>\n\n<div class=\"gb-grid-wrapper gb-grid-wrapper-6915a125\">\n<div class=\"gb-grid-column gb-grid-column-9c006a14\"><div class=\"gb-container gb-container-9c006a14\"><div class=\"gb-inside-container\">\n\n<figure class=\"wp-block-image size-large\"><img loading=\"lazy\" decoding=\"async\" width=\"810\" height=\"810\" src=\"https:\/\/super-weddings.com\/wp-content\/uploads\/2020\/07\/kamil_wojtak_superweddings.jpg\" alt=\"\" class=\"wp-image-16791\" title=\"\" srcset=\"https:\/\/super-weddings.com\/wp-content\/uploads\/2020\/07\/kamil_wojtak_superweddings.jpg 810w, https:\/\/super-weddings.com\/wp-content\/uploads\/2020\/07\/kamil_wojtak_superweddings-800x800.jpg 800w, https:\/\/super-weddings.com\/wp-content\/uploads\/2020\/07\/kamil_wojtak_superweddings-768x768.jpg 768w\" sizes=\"auto, (max-width: 810px) 100vw, 810px\" \/><\/figure>\n\n<\/div><\/div><\/div>\n\n<div class=\"gb-grid-column gb-grid-column-cd4023eb\"><div class=\"gb-container gb-container-cd4023eb\"><div class=\"gb-inside-container\">\n\n<h3 class=\"gb-headline gb-headline-065676d2 gb-headline-text\">Kamil Wojtak<\/h3>\n\n\n\n<p>Siempre me pareci\u00f3 que seguir a la multitud era una buena idea. Ahora s\u00e9 que el \u00fanico camino que debo seguir es el del coraz\u00f3n.<br><br>Aqu\u00ed estoy: un alegre realista adicto al sentimiento de libertad y buena m\u00fasica que le acompa\u00f1a. Un ciclista, miembro de una banda en vivo, fan\u00e1tico del boxeo y el estilo de vida aventurero y al aire libre.<\/p>\n\n\n\n<p><\/p>\n\n<\/div><\/div><\/div>\n<\/div>\n\n<div class=\"gb-grid-wrapper gb-grid-wrapper-c0ed398c\">\n<div class=\"gb-grid-column gb-grid-column-a46e62c0\"><div class=\"gb-container gb-container-a46e62c0\"><div class=\"gb-inside-container\">\n\n<h3 class=\"gb-headline gb-headline-993c30f1 gb-headline-text\">Agnieszka Ostrowska &amp; Maciek Jencz<\/h3>\n\n\n\n<p>Fotografiamos, escribimos, viajamos por el mundo, dormimos en una tienda de campa\u00f1a, comemos plantas, nos perdemos, viajamos sin rumbo alguno, aprendemos sobre tradiciones, culturas y nos empapamos de la naturaleza. Nos escapamos de la gran ciudad a un peque\u00f1o pueblo de Noruega.<\/p>\n\n\n\n<p>Somos flexibles, enamorados de los viajes, e iremos a tu boda hasta las \u00faltimas fronteras.<\/p>\n\n<\/div><\/div><\/div>\n\n<div class=\"gb-grid-column gb-grid-column-63a69b1a\"><div class=\"gb-container gb-container-63a69b1a\"><div class=\"gb-inside-container\">\n\n<figure class=\"wp-block-image size-large\"><img loading=\"lazy\" decoding=\"async\" width=\"1000\" height=\"1000\" src=\"https:\/\/super-weddings.com\/wp-content\/uploads\/2020\/07\/superweddings_aga_maciek-1000x1000.jpg\" alt=\"\" class=\"wp-image-16797\" title=\"\" srcset=\"https:\/\/super-weddings.com\/wp-content\/uploads\/2020\/07\/superweddings_aga_maciek-1000x1000.jpg 1000w, https:\/\/super-weddings.com\/wp-content\/uploads\/2020\/07\/superweddings_aga_maciek-800x800.jpg 800w, https:\/\/super-weddings.com\/wp-content\/uploads\/2020\/07\/superweddings_aga_maciek-768x768.jpg 768w, https:\/\/super-weddings.com\/wp-content\/uploads\/2020\/07\/superweddings_aga_maciek.jpg 1282w\" sizes=\"auto, (max-width: 1000px) 100vw, 1000px\" \/><\/figure>\n\n<\/div><\/div><\/div>\n<\/div>\n<\/div><\/div>\n\n<div class=\"gb-container gb-container-f0965227\"><div class=\"gb-inside-container\">\n\n<h2 class=\"gb-headline gb-headline-22f42a2e gb-headline-text\">Mi Playlist<\/h2>\n\n\n\n<p class=\"has-text-align-center\">Realmente creo que la mejor manera de conocer a una persona es escuchar la m\u00fasica que le gusta. Esta lista de reproducci\u00f3n te ayudar\u00e1 a entender mi onda. Pero honestamente, hay algunas melod\u00edas geniales que har\u00e1n que quieras bailar, Salta, divi\u00e9rtete pero tambi\u00e9n si\u00e9ntete melanc\u00f3lico o pierde una l\u00e1grima o dos. Disfruta!<\/p>\n\n\n\n<div style=\"height:60px\" aria-hidden=\"true\" class=\"wp-block-spacer\"><\/div>\n\n\n\n<figure class=\"wp-block-embed is-type-rich is-provider-spotify wp-block-embed-spotify wp-embed-aspect-21-9 wp-has-aspect-ratio\"><div class=\"wp-block-embed__wrapper\">\n<iframe title=\"Spotify Embed: SuperWeddings - best music ever\" style=\"border-radius: 12px\" width=\"100%\" height=\"352\" frameborder=\"0\" allowfullscreen allow=\"autoplay; clipboard-write; encrypted-media; fullscreen; picture-in-picture\" loading=\"lazy\" src=\"https:\/\/open.spotify.com\/embed\/playlist\/1SqjKJe2SIdF8v6h2LczbF?utm_source=oembed\"><\/iframe>\n<\/div><\/figure>\n\n<\/div><\/div>\n\n<div class=\"gb-container gb-container-d06d0d60\"><div class=\"gb-inside-container\">\n<div class=\"gb-container gb-container-72095852\"><div class=\"gb-inside-container\">\n\n<h2 class=\"gb-headline gb-headline-18cb0ad1 gb-headline-text\">Viajes<\/h2>\n\n\n\n<p class=\"has-text-align-center\">Simplemente me encanta viajar. Tu boda puede ser en la otra parte del mundo, pero est\u00e1 solo a un vuelo de distancia. Hay tantos lugares alrededor del mundo que me encantar\u00eda visitar y experimentar. Aqu\u00ed est\u00e1n algunos de los lugares a los que ir\u00e9 para ser testigo de primera mano.<\/p>\n\n<\/div><\/div>\n\n<div class=\"wp-block-image\">\n<figure class=\"aligncenter size-medium is-resized\"><img loading=\"lazy\" decoding=\"async\" src=\"https:\/\/super-weddings.com\/wp-content\/uploads\/2020\/07\/Destination-Wedding-Videographer-800x409.png\" alt=\"\" class=\"wp-image-16816\" width=\"600\" height=\"307\" title=\"\" srcset=\"https:\/\/super-weddings.com\/wp-content\/uploads\/2020\/07\/Destination-Wedding-Videographer-800x409.png 800w, https:\/\/super-weddings.com\/wp-content\/uploads\/2020\/07\/Destination-Wedding-Videographer-1000x512.png 1000w, https:\/\/super-weddings.com\/wp-content\/uploads\/2020\/07\/Destination-Wedding-Videographer-768x393.png 768w, https:\/\/super-weddings.com\/wp-content\/uploads\/2020\/07\/Destination-Wedding-Videographer.png 1200w\" sizes=\"auto, (max-width: 600px) 100vw, 600px\" \/><\/figure>\n<\/div>\n\n\n<div style=\"height:60px\" aria-hidden=\"true\" class=\"wp-block-spacer\"><\/div>\n\n\n<div class=\"gb-grid-wrapper gb-grid-wrapper-1371915d\">\n<div class=\"gb-grid-column gb-grid-column-dccdf570\"><div class=\"gb-container gb-container-dccdf570\"><div class=\"gb-inside-container\">\n\n<p><strong>May<\/strong>&nbsp;Italia, Lago Como<\/p>\n\n\n\n<p><strong>May<\/strong>&nbsp;Porto, Portugal<\/p>\n\n\n\n<p><strong>July<\/strong>&nbsp;Puglia, Italia<\/p>\n\n\n\n<p><strong>August<\/strong>&nbsp;Marrakech, Marruecos<\/p>\n\n<\/div><\/div><\/div>\n\n<div class=\"gb-grid-column gb-grid-column-b7a8f3c0\"><div class=\"gb-container gb-container-b7a8f3c0\"><div class=\"gb-inside-container\">\n\n<p><strong>August<\/strong>&nbsp;Roma, Italia<\/p>\n\n\n\n<p><strong>August<\/strong>&nbsp;Santorini, Grecia<\/p>\n\n\n\n<p><strong>September<\/strong>&nbsp;Silicia, Italia<\/p>\n\n\n\n<p><strong>October<\/strong>&nbsp;Gran Canaria, Espa\u00f1a<\/p>\n\n<\/div><\/div><\/div>\n<\/div>\n<\/div><\/div>\n\n\n<p><\/p>\n","protected":false},"excerpt":{"rendered":"<p>Todas las buenas historias comienzan con un latido del coraz\u00f3n Sebastian Nandryka \u00a1Mira como de creativo puedes ser conmigo! Incluso Batman no trabajaba solo Creo profundamente que para ser capaz de desarrollarte y avanzar constantemente debes rodearte de gente fant\u00e1stica con quien podamos so\u00f1ar juntos, crear y alcanzar las estrellas. Conoce a mi compa\u00f1ero de &#8230; <a title=\"Acerca de\" class=\"read-more\" href=\"https:\/\/super-weddings.com\/es\/acerca-de\/\" aria-label=\"Leer m\u00e1s sobre Acerca de\">Leer m\u00e1s<\/a><\/p>\n","protected":false},"author":1,"featured_media":17439,"parent":0,"menu_order":0,"comment_status":"closed","ping_status":"closed","template":"","meta":{"_gspb_post_css":"","footnotes":""},"class_list":["post-22479","page","type-page","status-publish","has-post-thumbnail"],"featured_image_src":"https:\/\/super-weddings.com\/wp-content\/uploads\/2020\/08\/gran_canaria_photographer-72.jpg","jetpack_sharing_enabled":true,"_links":{"self":[{"href":"https:\/\/super-weddings.com\/es\/wp-json\/wp\/v2\/pages\/22479","targetHints":{"allow":["GET"]}}],"collection":[{"href":"https:\/\/super-weddings.com\/es\/wp-json\/wp\/v2\/pages"}],"about":[{"href":"https:\/\/super-weddings.com\/es\/wp-json\/wp\/v2\/types\/page"}],"author":[{"embeddable":true,"href":"https:\/\/super-weddings.com\/es\/wp-json\/wp\/v2\/users\/1"}],"replies":[{"embeddable":true,"href":"https:\/\/super-weddings.com\/es\/wp-json\/wp\/v2\/comments?post=22479"}],"version-history":[{"count":2,"href":"https:\/\/super-weddings.com\/es\/wp-json\/wp\/v2\/pages\/22479\/revisions"}],"predecessor-version":[{"id":35617,"href":"https:\/\/super-weddings.com\/es\/wp-json\/wp\/v2\/pages\/22479\/revisions\/35617"}],"wp:featuredmedia":[{"embeddable":true,"href":"https:\/\/super-weddings.com\/es\/wp-json\/wp\/v2\/media\/17439"}],"wp:attachment":[{"href":"https:\/\/super-weddings.com\/es\/wp-json\/wp\/v2\/media?parent=22479"}],"curies":[{"name":"wp","href":"https:\/\/api.w.org\/{rel}","templated":true}]}}