{"id":22191,"date":"2020-10-19T11:42:09","date_gmt":"2020-10-19T11:42:09","guid":{"rendered":"https:\/\/super.robak.dev\/?page_id=22191"},"modified":"2024-07-17T06:15:16","modified_gmt":"2024-07-17T06:15:16","slug":"fotografia","status":"publish","type":"page","link":"https:\/\/super-weddings.com\/es\/fotografia\/","title":{"rendered":"Fotograf\u00eda"},"content":{"rendered":"<div class=\"gb-container gb-container-9406b663\"><div class=\"gb-inside-container\">\n\n<h2 class=\"gb-headline gb-headline-d1099973 gb-headline-text\">Lo que nos hace diferentes es nuestra melancol\u00eda<\/h2>\n\n\n\n<h3 class=\"gb-headline gb-headline-71ff291b gb-headline-text\">SOY UN VIDE\u00d3GRAFO, PERO AMO TOMAR FOTOS SIEMPRE Y PUEDO.<\/h3>\n\n\n<div class=\"gb-container gb-container-d3a34919\"><div class=\"gb-inside-container\">\n\n<p class=\"has-text-align-center\">Lo que encontrar\u00e1s aqu\u00ed son mis historias fotogr\u00e1ficas acompa\u00f1adas con videos de modo que puedes hacerte una idea de mi visi\u00f3n. Siempre tomo fotos cuando filmo una pel\u00edcula.<br>En algunos casos las fotos son incluso m\u00e1s importantes. Si te gustan estas historias, d\u00edmelo, y quiz\u00e1s alg\u00fan dia escribir\u00e9 tu historia tambien.<\/p>\n\n<\/div><\/div>\n<\/div><\/div>\n\n<div class=\"gb-container gb-container-4aa2e354\"><div class=\"gb-inside-container\">\n\n<div class=\"wp-block-ultimate-post-post-grid-parent ultp-post-grid-parent\" data-postid=\"22191\" data-grids=\"[{&quot;blockId&quot;:&quot;116721&quot;,&quot;name&quot;:&quot;ultimate-post_post-grid-2&quot;}]\" data-pagi=\"[&quot;ultp-block-872ae4&quot;]\"><div  class=\"ultp-post-grid-block wp-block-ultimate-post-post-grid-2 ultp-block-116721 aligncenter\"><div class=\"ultp-block-wrapper\"><div class=\"ultp-loading\"><div class=\"ultp-loading-blocks\" style=\"width:100%;height:100%;\"><div style=\"left: 0;top: 0;animation-delay:0s;\"><\/div><div style=\"left: 21px;top: 0;animation-delay:0.125s;\"><\/div><div style=\"left: 42px;top: 0;animation-delay:0.25s;\"><\/div><div style=\"left: 0;top: 21px;animation-delay:0.875s;\"><\/div><div style=\"left: 42px;top: 21px;animation-delay:0.375s;\"><\/div><div style=\"left: 0;top: 42px;animation-delay:0.75s;\"><\/div><div style=\"left: 42px;top: 42px;animation-delay:0.625s;\"><\/div><div style=\"left: 21px;top: 42px;animation-delay:0.5s;\"><\/div><\/div><\/div><div class=\"ultp-block-items-wrap ultp-block-row\"><div class=\"ultp-block-item post-id-20415\"><div class=\"ultp-block-content-wrap ultp-block-content-overlay\"><div class=\"ultp-block-image ultp-block-image-none\"><a href=\"https:\/\/super-weddings.com\/es\/fotografo-de-boda-gay-espana\/\" ><img decoding=\"async\" alt=\"gay wedding photographer\" src=\"https:\/\/super-weddings.com\/wp-content\/uploads\/2020\/10\/maspalomas_dunes_photographer-73.jpg\" title=\"\"><\/a><\/div><div class=\"ultp-block-content ultp-block-content-bottomPosition\"><div class=\"ultp-block-content-inner\"><h3 class=\"ultp-block-title \"><a href=\"https:\/\/super-weddings.com\/es\/fotografo-de-boda-gay-espana\/\" >Sesi\u00f3n de Boda Gay en Espa\u00f1a &#8211; Dunas Maspalomas + Baobab Resort<\/a><\/h3><\/div><\/div><\/div><\/div><div class=\"ultp-block-item post-id-20412\"><div class=\"ultp-block-content-wrap ultp-block-content-overlay\"><div class=\"ultp-block-image ultp-block-image-none\"><a href=\"https:\/\/super-weddings.com\/es\/fotografo-de-bodas-en-gran-canaria\/\" ><img decoding=\"async\" alt=\"fotografo de bodas en gran canaria y canarias\" src=\"https:\/\/super-weddings.com\/wp-content\/uploads\/2020\/10\/gran_canaria_wedding_photography-216.jpg\" title=\"\"><\/a><\/div><div class=\"ultp-block-content ultp-block-content-bottomPosition\"><div class=\"ultp-block-content-inner\"><h3 class=\"ultp-block-title \"><a href=\"https:\/\/super-weddings.com\/es\/fotografo-de-bodas-en-gran-canaria\/\" >Fot\u00f3grafo de Bodas en Gran Canaria &#8211; Louisa &#038; Alexander<\/a><\/h3><\/div><\/div><\/div><\/div><div class=\"ultp-block-item post-id-12245\"><div class=\"ultp-block-content-wrap ultp-block-content-overlay\"><div class=\"ultp-block-image ultp-block-image-none\"><a href=\"https:\/\/super-weddings.com\/es\/videografo-de-boda-en-barcelona\/\" ><img decoding=\"async\" alt=\"ta para lubi filmy i zdj\u0119cia \u015blubne w Warszawie\" src=\"https:\/\/super-weddings.com\/wp-content\/uploads\/2020\/10\/barcelona_wedding_videographer-6079-870x570.jpg\" title=\"\"><\/a><\/div><div class=\"ultp-block-content ultp-block-content-bottomPosition\"><div class=\"ultp-block-content-inner\"><h3 class=\"ultp-block-title \"><a href=\"https:\/\/super-weddings.com\/es\/videografo-de-boda-en-barcelona\/\" >Eden &#038; Domi &#8211; Sesi\u00f3n de Pareja<\/a><\/h3><\/div><\/div><\/div><\/div><div class=\"ultp-block-item post-id-12241\"><div class=\"ultp-block-content-wrap ultp-block-content-overlay\"><div class=\"ultp-block-image ultp-block-image-none\"><a href=\"https:\/\/super-weddings.com\/es\/sara-giulio-boda-italiana-loca\/\" ><img decoding=\"async\" alt=\"Sara + Giulio &#8211; Boda Italiana Loca\" src=\"https:\/\/super-weddings.com\/wp-content\/uploads\/2020\/10\/brescia_wedding_videographer-19-870x570.jpg\" title=\"\"><\/a><\/div><div class=\"ultp-block-content ultp-block-content-bottomPosition\"><div class=\"ultp-block-content-inner\"><h3 class=\"ultp-block-title \"><a href=\"https:\/\/super-weddings.com\/es\/sara-giulio-boda-italiana-loca\/\" >Sara + Giulio &#8211; Boda Italiana Loca<\/a><\/h3><\/div><\/div><\/div><\/div><div class=\"ultp-block-item post-id-12237\"><div class=\"ultp-block-content-wrap ultp-block-content-overlay\"><div class=\"ultp-block-image ultp-block-image-none\"><a href=\"https:\/\/super-weddings.com\/es\/sesion-de-playa-en-gran-canaria\/\" ><img decoding=\"async\" alt=\"Sesi\u00f3n de playa en Gran Canaria\" src=\"https:\/\/super-weddings.com\/wp-content\/uploads\/2020\/10\/gran_canaria_photographer-12-1-870x570.jpg\" title=\"\"><\/a><\/div><div class=\"ultp-block-content ultp-block-content-bottomPosition\"><div class=\"ultp-block-content-inner\"><h3 class=\"ultp-block-title \"><a href=\"https:\/\/super-weddings.com\/es\/sesion-de-playa-en-gran-canaria\/\" >Sesi\u00f3n de playa en Gran Canaria<\/a><\/h3><\/div><\/div><\/div><\/div><div class=\"ultp-block-item post-id-12231\"><div class=\"ultp-block-content-wrap ultp-block-content-overlay\"><div class=\"ultp-block-image ultp-block-image-none\"><a href=\"https:\/\/super-weddings.com\/es\/videografo-de-bodas-en-la-bananera-de-gran-canaria\/\" ><img decoding=\"async\" alt=\"Vide\u00f3grafo de bodas en la bananera de Gran Canaria\" src=\"https:\/\/super-weddings.com\/wp-content\/uploads\/2020\/10\/gran_canaria_elopement-130-870x570.jpg\" title=\"\"><\/a><\/div><div class=\"ultp-block-content ultp-block-content-bottomPosition\"><div class=\"ultp-block-content-inner\"><h3 class=\"ultp-block-title \"><a href=\"https:\/\/super-weddings.com\/es\/videografo-de-bodas-en-la-bananera-de-gran-canaria\/\" >Vide\u00f3grafo de bodas en la bananera de Gran Canaria<\/a><\/h3><\/div><\/div><\/div><\/div><\/div><\/div><div class=\"pagination-block-html\" aria-hidden=\"true\" style=\"display: none;\"><div class=\"ultp-pagination-wrap ultp-pagination-ajax-action\"  data-for=\"ultp-block-116721\"  data-blockid=\"116721\"  data-expost=\"\"  data-paged=\"1\"  data-pages=\"2\"  data-blockname=\"ultimate-post_post-grid-2\"  data-postid=\"22191\"  data-selfpostid=\"yes\" ><ul class=\"ultp-pagination\"><li class=\"ultp-prev-page-numbers\" style=\"display:none\"><a href=\"https:\/\/super-weddings.com\/es\/wp-json\/wp\/v2\/pages\/22191\/\"><svg xmlns=\"http:\/\/www.w3.org\/2000\/svg\" fill=\"none\" viewBox=\"0 0 24 24\">\n  <path stroke=\"currentColor\" stroke-linecap=\"round\" stroke-linejoin=\"round\" stroke-width=\"1.5\" d=\"m15 18-6-6 6-6\"\/>\n<\/svg>\n Previous<\/a><\/li><li class=\"ultp-center-item pagination-active\" data-current=\"1\"><a href=\"https:\/\/super-weddings.com\/es\/wp-json\/wp\/v2\/pages\/22191\/\">1<\/a><\/li><li class=\"ultp-center-item\" data-current=\"2\" ><a href=\"https:\/\/super-weddings.com\/es\/wp-json\/wp\/v2\/pages\/22191\/page\/2\/\">2<\/a><\/li><li class=\"ultp-last-dot\" style=\"display:none\"><a href=\"#\">&#8230;<\/a><\/li><li class=\"ultp-next-page-numbers\"><a href=\"https:\/\/super-weddings.com\/es\/wp-json\/wp\/v2\/pages\/22191\/page\/2\/\">Next<svg xmlns=\"http:\/\/www.w3.org\/2000\/svg\" fill=\"none\" viewBox=\"0 0 24 24\">\n  <path stroke=\"currentColor\" stroke-linecap=\"round\" stroke-linejoin=\"round\" stroke-width=\"1.5\" d=\"m9 18 6-6-6-6\"\/>\n<\/svg>\n<\/a><\/li><\/ul><\/div><\/div><\/div>\n\n\n<div class=\"wp-block-ultimate-post-post-pagination ultp-block-872ae4 ultp-pagination-block ultp-pagination-wrap\"><div class=\"ultp-pagination-wrap ultp-disable-editor-click ultp-pagination-ajax-action\"><ul class=\"ultp-pagination\"><li><a href=\"#\" class=\"ultp-prev-page-numbers\"><svg enable-background=\"new 0 0 477.175 477.175\" version=\"1.1\" viewBox=\"0 0 477.18 477.18\"><path d=\"m145.19 238.58 215.5-215.5c5.3-5.3 5.3-13.8 0-19.1s-13.8-5.3-19.1 0l-225.1 225.1c-5.3 5.3-5.3 13.8 0 19.1l225.1 225c2.6 2.6 6.1 4 9.5 4s6.9-1.3 9.5-4c5.3-5.3 5.3-13.8 0-19.1l-215.4-215.5z\"><\/path><\/svg> Previous<\/a><\/li><li><a href=\"#\">1<\/a><\/li><li><a href=\"#\">2<\/a><\/li><li><a href=\"#\">3<\/a><\/li><li><a href=\"#\" class=\"ultp-next-page-numbers\">Next <svg enable-background=\"new 0 0 477.175 477.175\" version=\"1.1\" viewBox=\"0 0 477.18 477.18\"><path d=\"m360.73 229.08-225.1-225.1c-5.3-5.3-13.8-5.3-19.1 0s-5.3 13.8 0 19.1l215.5 215.5-215.5 215.5c-5.3 5.3-5.3 13.8 0 19.1 2.6 2.6 6.1 4 9.5 4s6.9-1.3 9.5-4l225.1-225.1c5.3-5.2 5.3-13.8 0.1-19z\"><\/path><\/svg><\/a><\/li><\/ul><\/div><\/div>\n<\/div>\n\n<\/div><\/div>\n\n<div class=\"gb-container gb-container-8116d52a\"><div class=\"gb-inside-container\">\n\n<h2 class=\"gb-headline gb-headline-280185d3 gb-headline-text\">Paquetes para Fotograf\u00edas de Bodas<\/h2>\n\n\n<div class=\"gb-grid-wrapper gb-grid-wrapper-fafa70f0\">\n<div class=\"gb-grid-column gb-grid-column-44ee5002\"><div class=\"gb-container gb-container-44ee5002\"><div class=\"gb-inside-container\">\n\n<h3 class=\"gb-headline gb-headline-0b1d0738 gb-headline-text\">Fotograf\u00eda y Videograf\u00eda de Bodas<\/h3>\n\n\n\n<p class=\"gb-headline gb-headline-740ff088 gb-headline-text\">Si te preguntas si puedes contratarnos tanto para videograf\u00eda como para fotograf\u00eda, la respuesta es S\u00cd. Creemos firmemente que tener todo en manos del mismo equipo te hace la vida mucho m\u00e1s f\u00e1cil. Adem\u00e1s, el resultado final es una hermosa historia contada con un vocabulario diferente, el del cine y la fotograf\u00eda. Por lo general, este paquete creativo consta de alrededor de 250-300 fotos. Probablemente el paquete m\u00e1s vendido en nuestra oferta de fotograf\u00eda de bodas.<\/p>\n\n\n<div class=\"gb-button-wrapper gb-button-wrapper-1532ed5e\">\n\n<a class=\"gb-button gb-button-2e7941f5 gb-button-text\" href=\"https:\/\/super-weddings.com\/es\/contacto\/\">\u00a1Vamos a conectar!<\/a>\n\n<\/div>\n<\/div><\/div><\/div>\n\n<div class=\"gb-grid-column gb-grid-column-de08e602\"><div class=\"gb-container gb-container-de08e602\"><div class=\"gb-inside-container\">\n\n<figure class=\"wp-block-image size-large\"><img loading=\"lazy\" decoding=\"async\" width=\"1000\" height=\"667\" src=\"https:\/\/super-weddings.com\/wp-content\/uploads\/2020\/10\/6P_F77qw-1000x667.jpeg\" alt=\"Editorial and Beauty Photographer and Videographer Gran Canaria\" class=\"wp-image-22748\" title=\"\" srcset=\"https:\/\/super-weddings.com\/wp-content\/uploads\/2020\/10\/6P_F77qw-1000x667.jpeg 1000w, https:\/\/super-weddings.com\/wp-content\/uploads\/2020\/10\/6P_F77qw-800x533.jpeg 800w, https:\/\/super-weddings.com\/wp-content\/uploads\/2020\/10\/6P_F77qw-768x512.jpeg 768w, https:\/\/super-weddings.com\/wp-content\/uploads\/2020\/10\/6P_F77qw-1536x1024.jpeg 1536w, https:\/\/super-weddings.com\/wp-content\/uploads\/2020\/10\/6P_F77qw-2048x1366.jpeg 2048w, https:\/\/super-weddings.com\/wp-content\/uploads\/2020\/10\/6P_F77qw-600x400.jpeg 600w, https:\/\/super-weddings.com\/wp-content\/uploads\/2020\/10\/6P_F77qw-1200x800.jpeg 1200w\" sizes=\"auto, (max-width: 1000px) 100vw, 1000px\" \/><\/figure>\n\n<\/div><\/div><\/div>\n<\/div>\n\n<div class=\"gb-grid-wrapper gb-grid-wrapper-17c4fadd\">\n<div class=\"gb-grid-column gb-grid-column-19c99e7a\"><div class=\"gb-container gb-container-19c99e7a\"><div class=\"gb-inside-container\">\n\n<figure class=\"wp-block-image size-large\"><img loading=\"lazy\" decoding=\"async\" width=\"1000\" height=\"785\" src=\"https:\/\/super-weddings.com\/wp-content\/uploads\/2020\/10\/gran_canaria_elopement-18-1000x785.jpg\" alt=\"fotografo de bodas en gran canaria\" class=\"wp-image-21752\" title=\"\" srcset=\"https:\/\/super-weddings.com\/wp-content\/uploads\/2020\/10\/gran_canaria_elopement-18-1000x785.jpg 1000w, https:\/\/super-weddings.com\/wp-content\/uploads\/2020\/10\/gran_canaria_elopement-18-800x628.jpg 800w, https:\/\/super-weddings.com\/wp-content\/uploads\/2020\/10\/gran_canaria_elopement-18-768x603.jpg 768w, https:\/\/super-weddings.com\/wp-content\/uploads\/2020\/10\/gran_canaria_elopement-18.jpg 1079w\" sizes=\"auto, (max-width: 1000px) 100vw, 1000px\" \/><\/figure>\n\n<\/div><\/div><\/div>\n\n<div class=\"gb-grid-column gb-grid-column-fdc30404\"><div class=\"gb-container gb-container-fdc30404\"><div class=\"gb-inside-container\">\n\n<h3 class=\"gb-headline gb-headline-81e5719f gb-headline-text\">Paquete Completo de Fotograf\u00eda<\/h3>\n\n\n\n<p class=\"gb-headline gb-headline-d189f2c9 gb-headline-text\">Podemos dar un paso m\u00e1s y ofrecerte un reportaje fotogr\u00e1fico completo del d\u00eda de la boda, comenzando con la preparaci\u00f3n de los novios, el primer vistazo, la ceremonia, la recepci\u00f3n y el c\u00f3ctel. \u00bfNo es suficiente? Por supuesto, podemos encontrarnos contigo un d\u00eda antes para la cena de ensayo, un retrato privado o una sesi\u00f3n de pareja.<\/p>\n\n\n<div class=\"gb-button-wrapper gb-button-wrapper-29f95e21\">\n\n<a class=\"gb-button gb-button-13923d5b gb-button-text\" href=\"https:\/\/super-weddings.com\/es\/contacto\/\">\u00a1Vamos a conectar!<\/a>\n\n<\/div>\n<\/div><\/div><\/div>\n<\/div>\n\n<div class=\"gb-grid-wrapper gb-grid-wrapper-8d68d33d\">\n<div class=\"gb-grid-column gb-grid-column-881cdf1f\"><div class=\"gb-container gb-container-881cdf1f\"><div class=\"gb-inside-container\">\n\n<h3 class=\"gb-headline gb-headline-bff6b803 gb-headline-text\">Sesi\u00f3n PreBodas y en Pareja<\/h3>\n\n\n\n<p class=\"gb-headline gb-headline-89cf2d29 gb-headline-text\">Una de nuestras formas favoritas de ser realmente creativos con las fotograf\u00edas de boda para nuestras incre\u00edbles parejas es durante nuestra sesi\u00f3n en pareja previo a la ceremonia de boda. El cielo es el l\u00edmite, ya que realmente podemos pensar en tantas posibilidades diferentes inspiradas en la moda, los libros, las pel\u00edculas o la m\u00fasica. \u00bfTe gustar\u00eda viajar a un hermoso destino o visitarnos en Gran Canaria? \u00bfO deber\u00edamos reunirnos unos d\u00edas antes del d\u00eda de tu boda y viajar por el lugar y el sitio de la boda?<\/p>\n\n\n<div class=\"gb-button-wrapper gb-button-wrapper-1cb1b6c4\">\n\n<a class=\"gb-button gb-button-6fc43ac4 gb-button-text\" href=\"https:\/\/super-weddings.com\/es\/contacto\/\">\u00a1Vamos a conectar!<\/a>\n\n<\/div>\n<\/div><\/div><\/div>\n\n<div class=\"gb-grid-column gb-grid-column-70ee28aa\"><div class=\"gb-container gb-container-70ee28aa\"><div class=\"gb-inside-container\">\n\n<figure class=\"wp-block-image size-large\"><img loading=\"lazy\" decoding=\"async\" width=\"1000\" height=\"668\" src=\"https:\/\/super-weddings.com\/wp-content\/uploads\/2020\/11\/image_preview-20-1-1000x668.jpeg\" alt=\"videografo de bodas en gran canaria\" class=\"wp-image-23660\" title=\"\" srcset=\"https:\/\/super-weddings.com\/wp-content\/uploads\/2020\/11\/image_preview-20-1-1000x668.jpeg 1000w, https:\/\/super-weddings.com\/wp-content\/uploads\/2020\/11\/image_preview-20-1-800x534.jpeg 800w, https:\/\/super-weddings.com\/wp-content\/uploads\/2020\/11\/image_preview-20-1-768x513.jpeg 768w, https:\/\/super-weddings.com\/wp-content\/uploads\/2020\/11\/image_preview-20-1.jpeg 1080w\" sizes=\"auto, (max-width: 1000px) 100vw, 1000px\" \/><\/figure>\n\n<\/div><\/div><\/div>\n<\/div>\n<\/div><\/div>","protected":false},"excerpt":{"rendered":"<p>Lo que nos hace diferentes es nuestra melancol\u00eda SOY UN VIDE\u00d3GRAFO, PERO AMO TOMAR FOTOS SIEMPRE Y PUEDO. Lo que encontrar\u00e1s aqu\u00ed son mis historias fotogr\u00e1ficas acompa\u00f1adas con videos de modo que puedes hacerte una idea de mi visi\u00f3n. Siempre tomo fotos cuando filmo una pel\u00edcula.En algunos casos las fotos son incluso m\u00e1s importantes. Si &#8230; <a title=\"Fotograf\u00eda\" class=\"read-more\" href=\"https:\/\/super-weddings.com\/es\/fotografia\/\" aria-label=\"Leer m\u00e1s sobre Fotograf\u00eda\">Leer m\u00e1s<\/a><\/p>\n","protected":false},"author":1,"featured_media":22041,"parent":0,"menu_order":0,"comment_status":"closed","ping_status":"closed","template":"","meta":{"_gspb_post_css":"","footnotes":""},"class_list":["post-22191","page","type-page","status-publish","has-post-thumbnail"],"featured_image_src":"https:\/\/super-weddings.com\/wp-content\/uploads\/2020\/10\/santorini_wedding_videographer_photographer-62.jpg","jetpack_sharing_enabled":true,"_links":{"self":[{"href":"https:\/\/super-weddings.com\/es\/wp-json\/wp\/v2\/pages\/22191","targetHints":{"allow":["GET"]}}],"collection":[{"href":"https:\/\/super-weddings.com\/es\/wp-json\/wp\/v2\/pages"}],"about":[{"href":"https:\/\/super-weddings.com\/es\/wp-json\/wp\/v2\/types\/page"}],"author":[{"embeddable":true,"href":"https:\/\/super-weddings.com\/es\/wp-json\/wp\/v2\/users\/1"}],"replies":[{"embeddable":true,"href":"https:\/\/super-weddings.com\/es\/wp-json\/wp\/v2\/comments?post=22191"}],"version-history":[{"count":1,"href":"https:\/\/super-weddings.com\/es\/wp-json\/wp\/v2\/pages\/22191\/revisions"}],"predecessor-version":[{"id":40883,"href":"https:\/\/super-weddings.com\/es\/wp-json\/wp\/v2\/pages\/22191\/revisions\/40883"}],"wp:featuredmedia":[{"embeddable":true,"href":"https:\/\/super-weddings.com\/es\/wp-json\/wp\/v2\/media\/22041"}],"wp:attachment":[{"href":"https:\/\/super-weddings.com\/es\/wp-json\/wp\/v2\/media?parent=22191"}],"curies":[{"name":"wp","href":"https:\/\/api.w.org\/{rel}","templated":true}]}}