{"id":16841,"date":"2020-07-16T09:18:09","date_gmt":"2020-07-16T09:18:09","guid":{"rendered":"https:\/\/super.robak.dev\/home-espanol\/"},"modified":"2023-07-12T13:07:18","modified_gmt":"2023-07-12T13:07:18","slug":"home-espanol","status":"publish","type":"page","link":"https:\/\/super-weddings.com\/es\/","title":{"rendered":"Home"},"content":{"rendered":"\n<div class=\"wp-block-stackable-columns stk-block-columns stk-block stk-4753b38\" data-block-id=\"4753b38\"><style>.stk-4753b38 .stk--block-align-4753b38{align-items:center !important}<\/style><div class=\"stk-row stk-inner-blocks stk--block-align-4753b38 stk-block-content stk-content-align stk-4753b38-column\">\n<div class=\"wp-block-stackable-column stk-block-column stk-column stk-block stk-dcab628 stk-block-background stk--has-background-overlay\" data-v=\"4\" data-block-id=\"dcab628\"><style>.stk-dcab628{align-self:center !important;background-color:var(--contrast) !important;background-image:url(https:\/\/super-weddings.com\/wp-content\/uploads\/2023\/07\/10\/super-weddings-destination-wedding-videographer-photographer.jpg.jpg) !important;align-items:center !important;display:flex !important}.stk-dcab628-inner-blocks{justify-content:center !important}.stk-dcab628:before{background-color:var(--contrast) !important;opacity:0.1 !important}.stk-dcab628-container{min-height:80vh !important}@media screen and (max-width:1023px){.stk-dcab628{background-image:url(https:\/\/super-weddings.com\/wp-content\/uploads\/2023\/07\/10\/front-superweddings-2023.jpg) !important}}@media screen and (max-width:767px){.stk-dcab628{background-image:url(https:\/\/super-weddings.com\/wp-content\/uploads\/2023\/07\/10\/front-mobile.jpg) !important}}<\/style><div class=\"stk-column-wrapper stk-block-column__content stk-container stk-dcab628-container stk--no-background stk--no-padding\"><div class=\"has-text-align-center stk--column-flex stk-block-content stk-inner-blocks stk-dcab628-inner-blocks\">\n<figure class=\"gb-block-image gb-block-image-16b23ea9\"><img loading=\"lazy\" decoding=\"async\" width=\"715\" height=\"258\" class=\"gb-image gb-image-16b23ea9\" src=\"https:\/\/super-weddings.com\/wp-content\/uploads\/2023\/07\/super-weddings-destination-wedding-videographer-photographerr.png\" alt=\"Super Weddings - destination wedding videographer &amp; photographer\" title=\"super-weddings-destination-wedding-videographer-photographerr\"\/><\/figure>\n<\/div><\/div><\/div>\n<\/div><\/div>\n\n\n<div class=\"gb-container gb-container-5cb64c88\"><div class=\"gb-inside-container\">\n\n<h1 class=\"gb-headline gb-headline-3efe1796 gb-headline-text\">Videografo y fotografo de bodas en Gran canaria y todo el Mundo<\/h1>\n\n\n\n<h2 class=\"gb-headline gb-headline-ab821325 gb-headline-text\">Peliculas hechas a mano con amor<\/h2>\n\n<\/div><\/div>\n\n<div class=\"gb-container gb-container-6b66d22d\"><div class=\"gb-inside-container\">\n<div class=\"gb-grid-wrapper gb-grid-wrapper-3526ad39\">\n<div class=\"gb-grid-column gb-grid-column-0cac6b3f\"><div class=\"gb-container gb-container-0cac6b3f\"><div class=\"gb-inside-container\">\n\n<p class=\"has-drop-cap has-text-align-left\">Mi historia tiene que ver con las emociones sensuales y la belleza entre dos corazones en su viaje para convertirse en uno. As\u00ed es como defino Fine Art Wedding Films. As\u00ed es como defino mi forma de vida.<\/p>\n\n\n\n<p class=\"has-text-align-left\">Mi nombre es Sebastian, y este es mi peque\u00f1o pedazo de mundo que llamo SuperWeddings. Y s\u00ed, mi historia comienza en alg\u00fan lugar profundo de mi coraz\u00f3n que late con mi familia: mi esposa y mis dos hijos incre\u00edbles, a quienes amo con locura.<\/p>\n\n\n\n<div style=\"height:24px\" aria-hidden=\"true\" class=\"wp-block-spacer\"><\/div>\n\n\n<div class=\"gb-button-wrapper gb-button-wrapper-1532ed5e\">\n\n<a class=\"gb-button gb-button-2e7941f5 gb-button-text\" href=\"https:\/\/super-weddings.com\/es\/acerca-de\/\">Lee mas<\/a>\n\n<\/div>\n<\/div><\/div><\/div>\n\n<div class=\"gb-grid-column gb-grid-column-b0975337\"><div class=\"gb-container gb-container-b0975337\"><div class=\"gb-inside-container\">\n\n<figure class=\"wp-block-image size-large\"><img loading=\"lazy\" decoding=\"async\" width=\"1000\" height=\"1000\" src=\"https:\/\/super-weddings.com\/wp-content\/uploads\/2023\/07\/10\/SEBASTIAN_NANDRYKA_SUPER_WEDDINGS-1000x1000.jpg\" alt=\"\" class=\"wp-image-34849\" title=\"\" srcset=\"https:\/\/super-weddings.com\/wp-content\/uploads\/2023\/07\/10\/SEBASTIAN_NANDRYKA_SUPER_WEDDINGS-1000x1000.jpg 1000w, https:\/\/super-weddings.com\/wp-content\/uploads\/2023\/07\/10\/SEBASTIAN_NANDRYKA_SUPER_WEDDINGS-800x800.jpg 800w, https:\/\/super-weddings.com\/wp-content\/uploads\/2023\/07\/10\/SEBASTIAN_NANDRYKA_SUPER_WEDDINGS-768x768.jpg 768w, https:\/\/super-weddings.com\/wp-content\/uploads\/2023\/07\/10\/SEBASTIAN_NANDRYKA_SUPER_WEDDINGS-1536x1536.jpg 1536w, https:\/\/super-weddings.com\/wp-content\/uploads\/2023\/07\/10\/SEBASTIAN_NANDRYKA_SUPER_WEDDINGS-600x600.jpg 600w, https:\/\/super-weddings.com\/wp-content\/uploads\/2023\/07\/10\/SEBASTIAN_NANDRYKA_SUPER_WEDDINGS.jpg 1755w\" sizes=\"auto, (max-width: 1000px) 100vw, 1000px\" \/><\/figure>\n\n<\/div><\/div><\/div>\n<\/div>\n<\/div><\/div>\n\n<div class=\"gb-container gb-container-6fd8454a\"><div class=\"gb-inside-container\">\n<div class=\"gb-grid-wrapper gb-grid-wrapper-1ef0e19c\">\n<div class=\"gb-grid-column gb-grid-column-c39b4f54\"><div class=\"gb-container gb-container-c39b4f54\"><div class=\"gb-inside-container\">\n\n<h3 class=\"gb-headline gb-headline-f93745eb gb-headline-text\" id=\"4-pel%C3%ADculas-de-boda\">Pel\u00edculas de boda<\/h3>\n\n\n\n<p>Algunas historias \u00fanicas cuidadosamente seleccionadas de mis incre\u00edbles parejas. Cada una de ellas es diferente. Cada una de ellas es especial y cercana a mi coraz\u00f3n.<\/p>\n\n<\/div><\/div><\/div>\n\n<div class=\"gb-grid-column gb-grid-column-5f347338\"><div class=\"gb-container gb-container-5f347338\"><div class=\"gb-inside-container\"><\/div><\/div><\/div>\n<\/div>\n<\/div><\/div>\n\n<div class=\"gb-container gb-container-29c5d454\"><div class=\"gb-inside-container\">\n<div  class=\"ultp-post-grid-block wp-block-ultimate-post-post-grid-2 ultp-block-e154f4\"><div class=\"ultp-block-wrapper\"><div class=\"ultp-loading\"><div class=\"ultp-loading-blocks\" style=\"width:100%;height:100%;\"><div style=\"left: 0;top: 0;animation-delay:0s;\"><\/div><div style=\"left: 21px;top: 0;animation-delay:0.125s;\"><\/div><div style=\"left: 42px;top: 0;animation-delay:0.25s;\"><\/div><div style=\"left: 0;top: 21px;animation-delay:0.875s;\"><\/div><div style=\"left: 42px;top: 21px;animation-delay:0.375s;\"><\/div><div style=\"left: 0;top: 42px;animation-delay:0.75s;\"><\/div><div style=\"left: 42px;top: 42px;animation-delay:0.625s;\"><\/div><div style=\"left: 21px;top: 42px;animation-delay:0.5s;\"><\/div><\/div><\/div><div class=\"ultp-block-items-wrap ultp-block-row\"><div class=\"ultp-block-item post-id-12103\"><div class=\"ultp-block-content-wrap ultp-block-content-overlay\"><div class=\"ultp-block-image ultp-block-image-none\"><a href=\"https:\/\/super-weddings.com\/es\/video\/sara-giulio-boda-italiana-boho-chic\/\" ><img decoding=\"async\" alt=\"Sara &#038; Giulio Boda Italiana Boho Chic\" src=\"https:\/\/super-weddings.com\/wp-content\/uploads\/2019\/06\/brescia_wedding_videographer.jpg\" title=\"\"><\/a><\/div><div class=\"ultp-block-content ultp-block-content-bottomPosition\"><div class=\"ultp-block-content-inner\"><h3 class=\"ultp-block-title \"><a href=\"https:\/\/super-weddings.com\/es\/video\/sara-giulio-boda-italiana-boho-chic\/\" >Sara &#038; Giulio Boda Italiana Boho Chic<\/a><\/h3><\/div><\/div><\/div><\/div><div class=\"ultp-block-item post-id-12168\"><div class=\"ultp-block-content-wrap ultp-block-content-overlay\"><div class=\"ultp-block-image ultp-block-image-none\"><a href=\"https:\/\/super-weddings.com\/es\/video\/videografo-de-bodas-en-sevilla-hotel-alfonso-xiii\/\" ><img decoding=\"async\" alt=\"elope in Spain seville wedding videographer\" src=\"https:\/\/super-weddings.com\/wp-content\/uploads\/2020\/10\/seville_wedding_videographer-2.jpg\" title=\"\"><\/a><\/div><div class=\"ultp-block-content ultp-block-content-bottomPosition\"><div class=\"ultp-block-content-inner\"><h3 class=\"ultp-block-title \"><a href=\"https:\/\/super-weddings.com\/es\/video\/videografo-de-bodas-en-sevilla-hotel-alfonso-xiii\/\" >Vide\u00f3grafo de Bodas en Sevilla &#8211; Hotel Alfonso XIII<\/a><\/h3><\/div><\/div><\/div><\/div><div class=\"ultp-block-item post-id-12173\"><div class=\"ultp-block-content-wrap ultp-block-content-overlay\"><div class=\"ultp-block-image ultp-block-image-none\"><a href=\"https:\/\/super-weddings.com\/es\/video\/alba-y-william-video-de-boda-en-gran-canaria-espana\/\" ><img decoding=\"async\" alt=\"V\u00eddeo de Boda en Gran Canaria &#8211; Alba y William\" src=\"https:\/\/super-weddings.com\/wp-content\/uploads\/2020\/10\/gran_canaria_elopement-130-870x570.jpg\" title=\"\"><\/a><\/div><div class=\"ultp-block-content ultp-block-content-bottomPosition\"><div class=\"ultp-block-content-inner\"><h3 class=\"ultp-block-title \"><a href=\"https:\/\/super-weddings.com\/es\/video\/alba-y-william-video-de-boda-en-gran-canaria-espana\/\" >V\u00eddeo de Boda en Gran Canaria &#8211; Alba y William<\/a><\/h3><\/div><\/div><\/div><\/div><div class=\"ultp-block-item post-id-12151\"><div class=\"ultp-block-content-wrap ultp-block-content-overlay\"><div class=\"ultp-block-image ultp-block-image-none\"><a href=\"https:\/\/super-weddings.com\/es\/video\/videografo-de-bodas-en-florencia-carla-y-andrew\/\" ><img decoding=\"async\" alt=\"Vide\u00f3grafo de bodas en Florencia &#8211; Carla y Andrew\" src=\"https:\/\/super-weddings.com\/wp-content\/uploads\/2017\/12\/beach_elopement_gran_canaria-31.jpg\" title=\"\"><\/a><\/div><div class=\"ultp-block-content ultp-block-content-bottomPosition\"><div class=\"ultp-block-content-inner\"><h3 class=\"ultp-block-title \"><a href=\"https:\/\/super-weddings.com\/es\/video\/videografo-de-bodas-en-florencia-carla-y-andrew\/\" >Vide\u00f3grafo de bodas en Florencia &#8211; Carla y Andrew<\/a><\/h3><\/div><\/div><\/div><\/div><div class=\"ultp-block-item post-id-12148\"><div class=\"ultp-block-content-wrap ultp-block-content-overlay\"><div class=\"ultp-block-image ultp-block-image-none\"><a href=\"https:\/\/super-weddings.com\/es\/video\/renovacion-de-votos-en-la-playa-de-gran-canaria\/\" ><img decoding=\"async\" alt=\"Renovaci\u00f3n de votos en la playa de gran canaria\" src=\"https:\/\/super-weddings.com\/wp-content\/uploads\/2017\/12\/beach_elopement_gran_canaria-16.jpg\" title=\"\"><\/a><\/div><div class=\"ultp-block-content ultp-block-content-bottomPosition\"><div class=\"ultp-block-content-inner\"><h3 class=\"ultp-block-title \"><a href=\"https:\/\/super-weddings.com\/es\/video\/renovacion-de-votos-en-la-playa-de-gran-canaria\/\" >Renovaci\u00f3n de votos en la playa de gran canaria<\/a><\/h3><\/div><\/div><\/div><\/div><div class=\"ultp-block-item post-id-12145\"><div class=\"ultp-block-content-wrap ultp-block-content-overlay\"><div class=\"ultp-block-image ultp-block-image-none\"><a href=\"https:\/\/super-weddings.com\/es\/video\/dagmara-y-pawel-la-historia-de-su-boda-en-un-granero\/\" ><img decoding=\"async\" alt=\"Dagmara y Pawel \u2013 La historia de su boda en un granero\" src=\"https:\/\/super-weddings.com\/wp-content\/uploads\/2020\/10\/boho_barn_wedding_session-2.jpg\" title=\"\"><\/a><\/div><div class=\"ultp-block-content ultp-block-content-bottomPosition\"><div class=\"ultp-block-content-inner\"><h3 class=\"ultp-block-title \"><a href=\"https:\/\/super-weddings.com\/es\/video\/dagmara-y-pawel-la-historia-de-su-boda-en-un-granero\/\" >Dagmara y Pawel \u2013 La historia de su boda en un granero<\/a><\/h3><\/div><\/div><\/div><\/div><div class=\"ultp-block-item post-id-12142\"><div class=\"ultp-block-content-wrap ultp-block-content-overlay\"><div class=\"ultp-block-image ultp-block-image-none\"><a href=\"https:\/\/super-weddings.com\/es\/video\/video-de-boda-en-toscana-alessandra-diego\/\" ><img decoding=\"async\" alt=\"destination wedding films\" src=\"https:\/\/super-weddings.com\/wp-content\/uploads\/2020\/10\/Tuscany_Wedding_Film-e1588621728929.jpg\" title=\"\"><\/a><\/div><div class=\"ultp-block-content ultp-block-content-bottomPosition\"><div class=\"ultp-block-content-inner\"><h3 class=\"ultp-block-title \"><a href=\"https:\/\/super-weddings.com\/es\/video\/video-de-boda-en-toscana-alessandra-diego\/\" >Video de boda en Toscana \u2013 Alessandra + Diego<\/a><\/h3><\/div><\/div><\/div><\/div><div class=\"ultp-block-item post-id-12135\"><div class=\"ultp-block-content-wrap ultp-block-content-overlay\"><div class=\"ultp-block-image ultp-block-image-none\"><a href=\"https:\/\/super-weddings.com\/es\/video\/video-de-boda-en-un-granero-maria-jan\/\" ><img decoding=\"async\" alt=\"filmy \u015blubny amber room\" src=\"https:\/\/super-weddings.com\/wp-content\/uploads\/2017\/09\/Barn-wedding-film-osada-mlynska-870x570.jpg\" title=\"\"><\/a><\/div><div class=\"ultp-block-content ultp-block-content-bottomPosition\"><div class=\"ultp-block-content-inner\"><h3 class=\"ultp-block-title \"><a href=\"https:\/\/super-weddings.com\/es\/video\/video-de-boda-en-un-granero-maria-jan\/\" >Video de boda en un granero &#8211; Maria + Jan<\/a><\/h3><\/div><\/div><\/div><\/div><\/div><\/div><div class=\"pagination-block-html\" aria-hidden=\"true\" style=\"display: none;\"><\/div><\/div>\n<\/div><\/div>\n\n<div class=\"gb-container gb-container-13857e8f\"><div class=\"gb-inside-container\">\n<div class=\"gb-grid-wrapper gb-grid-wrapper-6df52aa9\">\n<div class=\"gb-grid-column gb-grid-column-72d1f738\"><div class=\"gb-container gb-container-72d1f738\"><div class=\"gb-inside-container\">\n\n<h3 class=\"gb-headline gb-headline-acd35866 gb-headline-text\" id=\"5-fotograf%C3%ADa-de-boda\">Fotograf\u00eda de boda<\/h3>\n\n\n\n<p>Hermosos ejemplos de bodas donde tambi\u00e9n trabajamos como fot\u00f3grafos de bodas.<\/p>\n\n<\/div><\/div><\/div>\n\n<div class=\"gb-grid-column gb-grid-column-bc1bb02d\"><div class=\"gb-container gb-container-bc1bb02d\"><div class=\"gb-inside-container\"><\/div><\/div><\/div>\n<\/div>\n<\/div><\/div>\n\n<div class=\"gb-container gb-container-483279b3\"><div class=\"gb-inside-container\">\n<div class=\"gb-container gb-container-025de6a5\"><div class=\"gb-inside-container\"><\/div><\/div>\n\n<div  class=\"ultp-post-grid-block wp-block-ultimate-post-post-grid-3 ultp-block-7d07b0\"><div class=\"ultp-block-wrapper\"><div class=\"ultp-loading\"><div class=\"ultp-loading-blocks\" style=\"width:100%;height:100%;\"><div style=\"left: 0;top: 0;animation-delay:0s;\"><\/div><div style=\"left: 21px;top: 0;animation-delay:0.125s;\"><\/div><div style=\"left: 42px;top: 0;animation-delay:0.25s;\"><\/div><div style=\"left: 0;top: 21px;animation-delay:0.875s;\"><\/div><div style=\"left: 42px;top: 21px;animation-delay:0.375s;\"><\/div><div style=\"left: 0;top: 42px;animation-delay:0.75s;\"><\/div><div style=\"left: 42px;top: 42px;animation-delay:0.625s;\"><\/div><div style=\"left: 21px;top: 42px;animation-delay:0.5s;\"><\/div><\/div><\/div><div class=\"ultp-block-items-wrap ultp-block-row ultp-layout5 ultp-block-column3\"><div class=\"ultp-block-item post-id-20415\"><div class=\"ultp-block-content-wrap ultp-block-content-overlay\"><div class=\"ultp-block-image ultp-block-image-none\"><a href=\"https:\/\/super-weddings.com\/es\/fotografo-de-boda-gay-espana\/\" ><img decoding=\"async\" alt=\"gay wedding photographer\" src=\"https:\/\/super-weddings.com\/wp-content\/uploads\/2020\/10\/maspalomas_dunes_photographer-73.jpg\" title=\"\"><\/a><\/div><div class=\"ultp-block-content ultp-block-content-bottomPosition\"><div class=\"ultp-block-content-inner\"><h3 class=\"ultp-block-title \"><a href=\"https:\/\/super-weddings.com\/es\/fotografo-de-boda-gay-espana\/\" >Sesi\u00f3n de Boda Gay en Espa\u00f1a &#8211; Dunas Maspalomas + Baobab Resort<\/a><\/h3><\/div><\/div><\/div><\/div><div class=\"ultp-block-item post-id-20412\"><div class=\"ultp-block-content-wrap ultp-block-content-overlay\"><div class=\"ultp-block-image ultp-block-image-none\"><a href=\"https:\/\/super-weddings.com\/es\/fotografo-de-bodas-en-gran-canaria\/\" ><img decoding=\"async\" alt=\"fotografo de bodas en gran canaria y canarias\" src=\"https:\/\/super-weddings.com\/wp-content\/uploads\/2020\/10\/gran_canaria_wedding_photography-216.jpg\" title=\"\"><\/a><\/div><div class=\"ultp-block-content ultp-block-content-bottomPosition\"><div class=\"ultp-block-content-inner\"><h3 class=\"ultp-block-title \"><a href=\"https:\/\/super-weddings.com\/es\/fotografo-de-bodas-en-gran-canaria\/\" >Fot\u00f3grafo de Bodas en Gran Canaria &#8211; Louisa &#038; Alexander<\/a><\/h3><\/div><\/div><\/div><\/div><div class=\"ultp-block-item post-id-12245\"><div class=\"ultp-block-content-wrap ultp-block-content-overlay\"><div class=\"ultp-block-image ultp-block-image-none\"><a href=\"https:\/\/super-weddings.com\/es\/videografo-de-boda-en-barcelona\/\" ><img decoding=\"async\" alt=\"ta para lubi filmy i zdj\u0119cia \u015blubne w Warszawie\" src=\"https:\/\/super-weddings.com\/wp-content\/uploads\/2020\/10\/barcelona_wedding_videographer-6079-600x600.jpg\" title=\"\"><\/a><\/div><div class=\"ultp-block-content ultp-block-content-bottomPosition\"><div class=\"ultp-block-content-inner\"><h3 class=\"ultp-block-title \"><a href=\"https:\/\/super-weddings.com\/es\/videografo-de-boda-en-barcelona\/\" >Eden &#038; Domi &#8211; Sesi\u00f3n de Pareja<\/a><\/h3><\/div><\/div><\/div><\/div><div class=\"ultp-block-item post-id-12241\"><div class=\"ultp-block-content-wrap ultp-block-content-overlay\"><div class=\"ultp-block-image ultp-block-image-none\"><a href=\"https:\/\/super-weddings.com\/es\/sara-giulio-boda-italiana-loca\/\" ><img decoding=\"async\" alt=\"Sara + Giulio &#8211; Boda Italiana Loca\" src=\"https:\/\/super-weddings.com\/wp-content\/uploads\/2020\/10\/brescia_wedding_videographer-19-600x600.jpg\" title=\"\"><\/a><\/div><div class=\"ultp-block-content ultp-block-content-bottomPosition\"><div class=\"ultp-block-content-inner\"><h3 class=\"ultp-block-title \"><a href=\"https:\/\/super-weddings.com\/es\/sara-giulio-boda-italiana-loca\/\" >Sara + Giulio &#8211; Boda Italiana Loca<\/a><\/h3><\/div><\/div><\/div><\/div><div class=\"ultp-block-item post-id-12237\"><div class=\"ultp-block-content-wrap ultp-block-content-overlay\"><div class=\"ultp-block-image ultp-block-image-none\"><a href=\"https:\/\/super-weddings.com\/es\/sesion-de-playa-en-gran-canaria\/\" ><img decoding=\"async\" alt=\"Sesi\u00f3n de playa en Gran Canaria\" src=\"https:\/\/super-weddings.com\/wp-content\/uploads\/2020\/10\/gran_canaria_photographer-12-1-600x600.jpg\" title=\"\"><\/a><\/div><div class=\"ultp-block-content ultp-block-content-bottomPosition\"><div class=\"ultp-block-content-inner\"><h3 class=\"ultp-block-title \"><a href=\"https:\/\/super-weddings.com\/es\/sesion-de-playa-en-gran-canaria\/\" >Sesi\u00f3n de playa en Gran Canaria<\/a><\/h3><\/div><\/div><\/div><\/div><\/div><\/div><div class=\"pagination-block-html\" aria-hidden=\"true\" style=\"display: none;\"><\/div><\/div>\n<\/div><\/div>\n\n\n<p><\/p>\n","protected":false},"excerpt":{"rendered":"<p>Videografo y fotografo de bodas en Gran canaria y todo el Mundo Peliculas hechas a mano con amor<\/p>\n","protected":false},"author":1,"featured_media":21704,"parent":0,"menu_order":0,"comment_status":"closed","ping_status":"closed","template":"","meta":{"_gspb_post_css":"","footnotes":""},"class_list":["post-16841","page","type-page","status-publish","has-post-thumbnail"],"featured_image_src":"https:\/\/super-weddings.com\/wp-content\/uploads\/2020\/10\/gran_canaria_elopement-2-1.jpg","jetpack_sharing_enabled":true,"_links":{"self":[{"href":"https:\/\/super-weddings.com\/es\/wp-json\/wp\/v2\/pages\/16841","targetHints":{"allow":["GET"]}}],"collection":[{"href":"https:\/\/super-weddings.com\/es\/wp-json\/wp\/v2\/pages"}],"about":[{"href":"https:\/\/super-weddings.com\/es\/wp-json\/wp\/v2\/types\/page"}],"author":[{"embeddable":true,"href":"https:\/\/super-weddings.com\/es\/wp-json\/wp\/v2\/users\/1"}],"replies":[{"embeddable":true,"href":"https:\/\/super-weddings.com\/es\/wp-json\/wp\/v2\/comments?post=16841"}],"version-history":[{"count":17,"href":"https:\/\/super-weddings.com\/es\/wp-json\/wp\/v2\/pages\/16841\/revisions"}],"predecessor-version":[{"id":35586,"href":"https:\/\/super-weddings.com\/es\/wp-json\/wp\/v2\/pages\/16841\/revisions\/35586"}],"wp:featuredmedia":[{"embeddable":true,"href":"https:\/\/super-weddings.com\/es\/wp-json\/wp\/v2\/media\/21704"}],"wp:attachment":[{"href":"https:\/\/super-weddings.com\/es\/wp-json\/wp\/v2\/media?parent=16841"}],"curies":[{"name":"wp","href":"https:\/\/api.w.org\/{rel}","templated":true}]}}