{"id":23917,"date":"2020-11-12T10:35:34","date_gmt":"2020-11-12T10:35:34","guid":{"rendered":"https:\/\/super.robak.dev\/wedding-planning\/"},"modified":"2024-07-22T14:01:01","modified_gmt":"2024-07-22T14:01:01","slug":"hochzeitsplanung","status":"publish","type":"page","link":"https:\/\/super-weddings.com\/de\/hochzeitsplanung\/","title":{"rendered":"Hochzeitsplanung"},"content":{"rendered":"<div class=\"gb-container gb-container-9406b663\"><div class=\"gb-inside-container\">\n\n<h2 class=\"gb-headline gb-headline-d1099973 gb-headline-text\">Tipps und Ratschl\u00e4ge zur Hochzeitsplanung<\/h2>\n\n\n<div class=\"gb-container gb-container-d3a34919\"><div class=\"gb-inside-container\">\n\n<p class=\"has-text-align-center\">Im Laufe der Jahre sind wir mit unseren erstaunlichen Paaren um die Welt gereist und haben viele sch\u00f6ne Veranstaltungsorte und vor allem Ideen entdeckt, die EUCH f\u00fcr Ihren Hochzeitstag inspirieren k\u00f6nnten.<br>Auf dieser Seite finden Sie viele Tipps und Ratschl\u00e4ge zur Hochzeitsplanung, die hoffentlich einige Ihrer Fragen und Bed\u00fcrfnisse beantworten. Wir haben Hochzeitsfilme und Fotos auf Hochzeiten von den USA bis nach Italien, Spanien, Marokko, Dubai und Australien gedreht &#8211; wir haben wirklich viel gesehen und jetzt ist es Zeit, dies mit Ihnen zu teilen.<br>Aber denken Sie daran, wenn Sie noch etwas wissen m\u00f6chten oder Ideen f\u00fcr Tipps und Ratschl\u00e4ge zur Hochzeitsplanung haben, k\u00f6nnen Sie sich gerne an uns wenden.<\/p>\n\n<\/div><\/div>\n<\/div><\/div>\n\n<div class=\"gb-container gb-container-4aa2e354\"><div class=\"gb-inside-container\">\n\n<div class=\"wp-block-ultimate-post-post-grid-parent ultp-post-grid-parent\" data-postid=\"23917\" data-grids=\"[{&quot;blockId&quot;:&quot;3cf1b2&quot;,&quot;name&quot;:&quot;ultimate-post_post-grid-2&quot;}]\" data-pagi=\"[&quot;ultp-block-4262fc&quot;]\"><div  class=\"ultp-post-grid-block wp-block-ultimate-post-post-grid-2 ultp-block-3cf1b2 aligncenter\"><div class=\"ultp-block-wrapper\"><div class=\"ultp-loading\"><div class=\"ultp-loading-blocks\" style=\"width:100%;height:100%;\"><div style=\"left: 0;top: 0;animation-delay:0s;\"><\/div><div style=\"left: 21px;top: 0;animation-delay:0.125s;\"><\/div><div style=\"left: 42px;top: 0;animation-delay:0.25s;\"><\/div><div style=\"left: 0;top: 21px;animation-delay:0.875s;\"><\/div><div style=\"left: 42px;top: 21px;animation-delay:0.375s;\"><\/div><div style=\"left: 0;top: 42px;animation-delay:0.75s;\"><\/div><div style=\"left: 42px;top: 42px;animation-delay:0.625s;\"><\/div><div style=\"left: 21px;top: 42px;animation-delay:0.5s;\"><\/div><\/div><\/div><div class=\"ultp-block-items-wrap ultp-block-row\"><div class=\"ultp-block-item post-id-24005\"><div class=\"ultp-block-content-wrap ultp-block-content-overlay\"><div class=\"ultp-block-image ultp-block-image-none\"><a href=\"https:\/\/super-weddings.com\/de\/fuehren\/heiraten-im-ausland-25-beste-orte-um-zu-heiraten\/\" ><img decoding=\"async\" alt=\"Heiraten im Ausland\" src=\"https:\/\/super-weddings.com\/wp-content\/uploads\/2020\/10\/Abu-Dhabi-Wedding-Photographer-Sonam-and-Shrenik-SuperWeddings-08-870x570.jpg\" title=\"\"><\/a><\/div><div class=\"ultp-block-content ultp-block-content-bottomPosition\"><div class=\"ultp-block-content-inner\"><h3 class=\"ultp-block-title \"><a href=\"https:\/\/super-weddings.com\/de\/fuehren\/heiraten-im-ausland-25-beste-orte-um-zu-heiraten\/\" >Heiraten im Ausland &#8211; 25 beste Orte, um zu heiraten<\/a><\/h3><\/div><\/div><\/div><\/div><\/div><\/div><div class=\"pagination-block-html\" aria-hidden=\"true\" style=\"display: none;\"><div class=\"ultp-pagination-wrap ultp-pagination-ajax-action\"  data-for=\"ultp-block-3cf1b2\"  data-blockid=\"3cf1b2\"  data-expost=\"\"  data-paged=\"1\"  data-pages=\"1\"  data-blockname=\"ultimate-post_post-grid-2\"  data-postid=\"23917\"  data-selfpostid=\"yes\" ><\/div><\/div><\/div>\n\n\n<div class=\"wp-block-ultimate-post-post-pagination ultp-block-4262fc ultp-pagination-block ultp-pagination-wrap\"><div class=\"ultp-pagination-wrap ultp-disable-editor-click ultp-pagination-ajax-action\"><ul class=\"ultp-pagination\"><li><a href=\"#\" class=\"ultp-prev-page-numbers\"><svg enable-background=\"new 0 0 477.175 477.175\" version=\"1.1\" viewBox=\"0 0 477.18 477.18\"><path d=\"m145.19 238.58 215.5-215.5c5.3-5.3 5.3-13.8 0-19.1s-13.8-5.3-19.1 0l-225.1 225.1c-5.3 5.3-5.3 13.8 0 19.1l225.1 225c2.6 2.6 6.1 4 9.5 4s6.9-1.3 9.5-4c5.3-5.3 5.3-13.8 0-19.1l-215.4-215.5z\"><\/path><\/svg> Previous<\/a><\/li><li><a href=\"#\">1<\/a><\/li><li><a href=\"#\">2<\/a><\/li><li><a href=\"#\">3<\/a><\/li><li><a href=\"#\" class=\"ultp-next-page-numbers\">Next <svg enable-background=\"new 0 0 477.175 477.175\" version=\"1.1\" viewBox=\"0 0 477.18 477.18\"><path d=\"m360.73 229.08-225.1-225.1c-5.3-5.3-13.8-5.3-19.1 0s-5.3 13.8 0 19.1l215.5 215.5-215.5 215.5c-5.3 5.3-5.3 13.8 0 19.1 2.6 2.6 6.1 4 9.5 4s6.9-1.3 9.5-4l225.1-225.1c5.3-5.2 5.3-13.8 0.1-19z\"><\/path><\/svg><\/a><\/li><\/ul><\/div><\/div>\n<\/div>\n\n<\/div><\/div>","protected":false},"excerpt":{"rendered":"<p>Tipps und Ratschl\u00e4ge zur Hochzeitsplanung Im Laufe der Jahre sind wir mit unseren erstaunlichen Paaren um die Welt gereist und haben viele sch\u00f6ne Veranstaltungsorte und vor allem Ideen entdeckt, die EUCH f\u00fcr Ihren Hochzeitstag inspirieren k\u00f6nnten.Auf dieser Seite finden Sie viele Tipps und Ratschl\u00e4ge zur Hochzeitsplanung, die hoffentlich einige Ihrer Fragen und Bed\u00fcrfnisse beantworten. Wir &#8230; <a title=\"Hochzeitsplanung\" class=\"read-more\" href=\"https:\/\/super-weddings.com\/de\/hochzeitsplanung\/\" aria-label=\"Mehr Informationen \u00fcber Hochzeitsplanung\">Weiterlesen &#8230;<\/a><\/p>\n","protected":false},"author":1,"featured_media":21933,"parent":0,"menu_order":0,"comment_status":"closed","ping_status":"closed","template":"","meta":{"_gspb_post_css":"","footnotes":""},"class_list":["post-23917","page","type-page","status-publish","has-post-thumbnail"],"featured_image_src":"https:\/\/super-weddings.com\/wp-content\/uploads\/2020\/10\/barcelona_wedding_videographer-6091.jpg","jetpack_sharing_enabled":true,"_links":{"self":[{"href":"https:\/\/super-weddings.com\/de\/wp-json\/wp\/v2\/pages\/23917","targetHints":{"allow":["GET"]}}],"collection":[{"href":"https:\/\/super-weddings.com\/de\/wp-json\/wp\/v2\/pages"}],"about":[{"href":"https:\/\/super-weddings.com\/de\/wp-json\/wp\/v2\/types\/page"}],"author":[{"embeddable":true,"href":"https:\/\/super-weddings.com\/de\/wp-json\/wp\/v2\/users\/1"}],"replies":[{"embeddable":true,"href":"https:\/\/super-weddings.com\/de\/wp-json\/wp\/v2\/comments?post=23917"}],"version-history":[{"count":1,"href":"https:\/\/super-weddings.com\/de\/wp-json\/wp\/v2\/pages\/23917\/revisions"}],"predecessor-version":[{"id":41191,"href":"https:\/\/super-weddings.com\/de\/wp-json\/wp\/v2\/pages\/23917\/revisions\/41191"}],"wp:featuredmedia":[{"embeddable":true,"href":"https:\/\/super-weddings.com\/de\/wp-json\/wp\/v2\/media\/21933"}],"wp:attachment":[{"href":"https:\/\/super-weddings.com\/de\/wp-json\/wp\/v2\/media?parent=23917"}],"curies":[{"name":"wp","href":"https:\/\/api.w.org\/{rel}","templated":true}]}}