{"id":22507,"date":"2020-10-19T14:09:34","date_gmt":"2020-10-19T14:09:34","guid":{"rendered":"https:\/\/super.robak.dev\/?page_id=22507"},"modified":"2024-07-17T06:15:01","modified_gmt":"2024-07-17T06:15:01","slug":"das-journal","status":"publish","type":"page","link":"https:\/\/super-weddings.com\/de\/das-journal\/","title":{"rendered":"Das Journal"},"content":{"rendered":"<div class=\"gb-container gb-container-9406b663\"><div class=\"gb-inside-container\">\n\n<h2 class=\"gb-headline gb-headline-d1099973 gb-headline-text\">Was uns anders macht ist unsere Melancholie<\/h2>\n\n\n\n<h3 class=\"gb-headline gb-headline-71ff291b gb-headline-text\">ICH BIN EIN VIDEOGRAPH. JEDOCH LIEBE ICH AUCH BILDER ZU MACHEN, WANN IMMER ICH KANN.<\/h3>\n\n\n<div class=\"gb-container gb-container-d3a34919\"><div class=\"gb-inside-container\">\n\n<p class=\"has-text-align-center\">Was du hier findest, sind meine pers\u00f6nlichen Geschichten, die ich jeden Tag mit meiner Frau und meiner Familie an besonderen Momenten aus Hochzeiten und meiner Reisen aus der ganzen Welt dokumentiere. Wenn dir gef\u00e4llt, was du siehst, lass es mich wissen und wer wei\u00df, vielleicht werde ich auch deine Geschichte schreiben.<\/p>\n\n<\/div><\/div>\n<\/div><\/div>\n\n<div class=\"gb-container gb-container-4aa2e354\"><div class=\"gb-inside-container\">\n\n<div class=\"wp-block-ultimate-post-post-grid-parent ultp-post-grid-parent\" data-postid=\"22507\" data-grids=\"[{&quot;blockId&quot;:&quot;b7760b&quot;,&quot;name&quot;:&quot;ultimate-post_post-grid-2&quot;}]\" data-pagi=\"[&quot;ultp-block-82baeb&quot;]\"><div  class=\"ultp-post-grid-block wp-block-ultimate-post-post-grid-2 ultp-block-b7760b aligncenter\"><div class=\"ultp-block-wrapper\"><div class=\"ultp-loading\"><div class=\"ultp-loading-blocks\" style=\"width:100%;height:100%;\"><div style=\"left: 0;top: 0;animation-delay:0s;\"><\/div><div style=\"left: 21px;top: 0;animation-delay:0.125s;\"><\/div><div style=\"left: 42px;top: 0;animation-delay:0.25s;\"><\/div><div style=\"left: 0;top: 21px;animation-delay:0.875s;\"><\/div><div style=\"left: 42px;top: 21px;animation-delay:0.375s;\"><\/div><div style=\"left: 0;top: 42px;animation-delay:0.75s;\"><\/div><div style=\"left: 42px;top: 42px;animation-delay:0.625s;\"><\/div><div style=\"left: 21px;top: 42px;animation-delay:0.5s;\"><\/div><\/div><\/div><div class=\"ultp-block-items-wrap ultp-block-row\"><div class=\"ultp-block-item post-id-3877\"><div class=\"ultp-block-content-wrap ultp-block-content-overlay\"><div class=\"ultp-block-image ultp-block-image-none\"><a href=\"https:\/\/super-weddings.com\/de\/strandshooting-auf-gran-canaria\/\" ><img decoding=\"async\" alt=\"Strandshooting auf Gran Canaria\" src=\"https:\/\/super-weddings.com\/wp-content\/uploads\/2020\/10\/gran_canaria_photographer-12-1-870x570.jpg\" title=\"\"><\/a><\/div><div class=\"ultp-block-content ultp-block-content-bottomPosition\"><div class=\"ultp-block-content-inner\"><h3 class=\"ultp-block-title \"><a href=\"https:\/\/super-weddings.com\/de\/strandshooting-auf-gran-canaria\/\" >Strandshooting auf Gran Canaria<\/a><\/h3><\/div><\/div><\/div><\/div><div class=\"ultp-block-item post-id-3872\"><div class=\"ultp-block-content-wrap ultp-block-content-overlay\"><div class=\"ultp-block-image ultp-block-image-none\"><a href=\"https:\/\/super-weddings.com\/de\/hochzeit-videofilmer-gran-canaria\/\" ><img decoding=\"async\" alt=\"Eine total Bananen Hochzeit auf Gran Canaria\" src=\"https:\/\/super-weddings.com\/wp-content\/uploads\/2020\/10\/gran_canaria_elopement-130-870x570.jpg\" title=\"\"><\/a><\/div><div class=\"ultp-block-content ultp-block-content-bottomPosition\"><div class=\"ultp-block-content-inner\"><h3 class=\"ultp-block-title \"><a href=\"https:\/\/super-weddings.com\/de\/hochzeit-videofilmer-gran-canaria\/\" >Eine total Bananen Hochzeit auf Gran Canaria<\/a><\/h3><\/div><\/div><\/div><\/div><div class=\"ultp-block-item post-id-2837\"><div class=\"ultp-block-content-wrap ultp-block-content-overlay\"><div class=\"ultp-block-image ultp-block-image-none\"><a href=\"https:\/\/super-weddings.com\/de\/samar-und-julian-lago-maggiore\/\" ><img decoding=\"async\" alt=\"Samar &#038; Julian \u2013 Eine Hochzeit am Lago Maggiore\" src=\"https:\/\/super-weddings.com\/wp-content\/uploads\/2018\/01\/wedding_lago_maggiore_video-93-870x570.jpg\" title=\"\"><\/a><\/div><div class=\"ultp-block-content ultp-block-content-bottomPosition\"><div class=\"ultp-block-content-inner\"><h3 class=\"ultp-block-title \"><a href=\"https:\/\/super-weddings.com\/de\/samar-und-julian-lago-maggiore\/\" >Samar &#038; Julian \u2013 Eine Hochzeit am Lago Maggiore<\/a><\/h3><\/div><\/div><\/div><\/div><div class=\"ultp-block-item post-id-3862\"><div class=\"ultp-block-content-wrap ultp-block-content-overlay\"><div class=\"ultp-block-image ultp-block-image-none\"><a href=\"https:\/\/super-weddings.com\/de\/eine-hochzeit-in-paris-hochzeitsfilm-fotographie\/\" ><img decoding=\"async\" alt=\"Eine Hochzeit in Paris\" src=\"https:\/\/super-weddings.com\/wp-content\/uploads\/2020\/10\/paris_wedding_session-90-870x570.jpg\" title=\"\"><\/a><\/div><div class=\"ultp-block-content ultp-block-content-bottomPosition\"><div class=\"ultp-block-content-inner\"><h3 class=\"ultp-block-title \"><a href=\"https:\/\/super-weddings.com\/de\/eine-hochzeit-in-paris-hochzeitsfilm-fotographie\/\" >Eine Hochzeit in Paris<\/a><\/h3><\/div><\/div><\/div><\/div><div class=\"ultp-block-item post-id-836\"><div class=\"ultp-block-content-wrap ultp-block-content-overlay\"><div class=\"ultp-block-image ultp-block-image-none\"><a href=\"https:\/\/super-weddings.com\/de\/ein-wahnsinniges-elopemeny-von-mia-tom-auf-der-isle-skye\/\" ><img decoding=\"async\" alt=\"Ein wahnsinniges Elopemeny von Mia + Tom auf der Isle of Skye\" src=\"https:\/\/super-weddings.com\/wp-content\/uploads\/2020\/10\/destination-wedding-videographer-isle-skye-3-870x570.jpg\" title=\"\"><\/a><\/div><div class=\"ultp-block-content ultp-block-content-bottomPosition\"><div class=\"ultp-block-content-inner\"><h3 class=\"ultp-block-title \"><a href=\"https:\/\/super-weddings.com\/de\/ein-wahnsinniges-elopemeny-von-mia-tom-auf-der-isle-skye\/\" >Ein wahnsinniges Elopemeny von Mia + Tom auf der Isle of Skye<\/a><\/h3><\/div><\/div><\/div><\/div><div class=\"ultp-block-item post-id-824\"><div class=\"ultp-block-content-wrap ultp-block-content-overlay\"><div class=\"ultp-block-image ultp-block-image-none\"><a href=\"https:\/\/super-weddings.com\/de\/eine-hochzeitsreportage-von-den-azoren\/\" ><img decoding=\"async\" alt=\"Eine Hochzeitsreportage von den Azoren\" src=\"https:\/\/super-weddings.com\/wp-content\/uploads\/2020\/10\/Destination-Wedding-Videographer-Azores-34-870x570.jpg\" title=\"\"><\/a><\/div><div class=\"ultp-block-content ultp-block-content-bottomPosition\"><div class=\"ultp-block-content-inner\"><h3 class=\"ultp-block-title \"><a href=\"https:\/\/super-weddings.com\/de\/eine-hochzeitsreportage-von-den-azoren\/\" >Eine Hochzeitsreportage von den Azoren<\/a><\/h3><\/div><\/div><\/div><\/div><\/div><\/div><div class=\"pagination-block-html\" aria-hidden=\"true\" style=\"display: none;\"><div class=\"ultp-pagination-wrap ultp-pagination-ajax-action\"  data-for=\"ultp-block-b7760b\"  data-blockid=\"b7760b\"  data-expost=\"\"  data-paged=\"1\"  data-pages=\"1\"  data-blockname=\"ultimate-post_post-grid-2\"  data-postid=\"22507\"  data-selfpostid=\"yes\" ><\/div><\/div><\/div>\n\n\n<div class=\"wp-block-ultimate-post-post-pagination ultp-block-82baeb ultp-pagination-block ultp-pagination-wrap\"><div class=\"ultp-pagination-wrap ultp-disable-editor-click ultp-pagination-ajax-action\"><ul class=\"ultp-pagination\"><li><a href=\"#\" class=\"ultp-prev-page-numbers\"><svg enable-background=\"new 0 0 477.175 477.175\" version=\"1.1\" viewBox=\"0 0 477.18 477.18\"><path d=\"m145.19 238.58 215.5-215.5c5.3-5.3 5.3-13.8 0-19.1s-13.8-5.3-19.1 0l-225.1 225.1c-5.3 5.3-5.3 13.8 0 19.1l225.1 225c2.6 2.6 6.1 4 9.5 4s6.9-1.3 9.5-4c5.3-5.3 5.3-13.8 0-19.1l-215.4-215.5z\"><\/path><\/svg> Previous<\/a><\/li><li><a href=\"#\">1<\/a><\/li><li><a href=\"#\">2<\/a><\/li><li><a href=\"#\">3<\/a><\/li><li><a href=\"#\" class=\"ultp-next-page-numbers\">Next <svg enable-background=\"new 0 0 477.175 477.175\" version=\"1.1\" viewBox=\"0 0 477.18 477.18\"><path d=\"m360.73 229.08-225.1-225.1c-5.3-5.3-13.8-5.3-19.1 0s-5.3 13.8 0 19.1l215.5 215.5-215.5 215.5c-5.3 5.3-5.3 13.8 0 19.1 2.6 2.6 6.1 4 9.5 4s6.9-1.3 9.5-4l225.1-225.1c5.3-5.2 5.3-13.8 0.1-19z\"><\/path><\/svg><\/a><\/li><\/ul><\/div><\/div>\n<\/div>\n\n<\/div><\/div>\n\n<div class=\"gb-container gb-container-8116d52a\"><div class=\"gb-inside-container\">\n\n<h2 class=\"gb-headline gb-headline-280185d3 gb-headline-text\">Hochzeitsfotografie-Pakete<\/h2>\n\n\n<div class=\"gb-grid-wrapper gb-grid-wrapper-fafa70f0\">\n<div class=\"gb-grid-column gb-grid-column-44ee5002\"><div class=\"gb-container gb-container-44ee5002\"><div class=\"gb-inside-container\">\n\n<h3 class=\"gb-headline gb-headline-0b1d0738 gb-headline-text\">Hochzeitsfotografie + Videografie<\/h3>\n\n\n\n<p class=\"gb-headline gb-headline-740ff088 gb-headline-text\">Wenn Sie sich fragen, ob Sie uns sowohl f\u00fcr Videografie als auch f\u00fcr Fotografie buchen k\u00f6nnen, lautet die Antwort JA. Wir sind der festen \u00dcberzeugung, dass es viel einfacher ist, alles in den H\u00e4nden des gleichen Teams zu haben. Das Endergebnis ist eine sch\u00f6ne Geschichte, die mit unterschiedlichen Vokabeln erz\u00e4hlt wird, n\u00e4mlich Film und Fotografie. Normalerweise besteht dieses Kreativpaket aus ca. 250-300 Fotos. Wahrscheinlich das meistverkaufte Paket in unserem Angebot f\u00fcr Hochzeitsfotografie<\/p>\n\n\n<div class=\"gb-button-wrapper gb-button-wrapper-1532ed5e\">\n\n<a class=\"gb-button gb-button-2e7941f5 gb-button-text\" href=\"https:\/\/super-weddings.com\/de\/kontakt\/\">kontakt<\/a>\n\n<\/div>\n<\/div><\/div><\/div>\n\n<div class=\"gb-grid-column gb-grid-column-de08e602\"><div class=\"gb-container gb-container-de08e602\"><div class=\"gb-inside-container\">\n\n<figure class=\"wp-block-image size-large\"><img loading=\"lazy\" decoding=\"async\" width=\"1000\" height=\"667\" src=\"https:\/\/super-weddings.com\/wp-content\/uploads\/2020\/10\/xqqZiyTz-1000x667.jpeg\" alt=\"filmy \u015blubne Grand hotel Krak\u00f3w\" class=\"wp-image-22713\" title=\"\" srcset=\"https:\/\/super-weddings.com\/wp-content\/uploads\/2020\/10\/xqqZiyTz-1000x667.jpeg 1000w, https:\/\/super-weddings.com\/wp-content\/uploads\/2020\/10\/xqqZiyTz-800x533.jpeg 800w, https:\/\/super-weddings.com\/wp-content\/uploads\/2020\/10\/xqqZiyTz-768x512.jpeg 768w, https:\/\/super-weddings.com\/wp-content\/uploads\/2020\/10\/xqqZiyTz-1536x1024.jpeg 1536w, https:\/\/super-weddings.com\/wp-content\/uploads\/2020\/10\/xqqZiyTz-2048x1365.jpeg 2048w, https:\/\/super-weddings.com\/wp-content\/uploads\/2020\/10\/xqqZiyTz-1200x800.jpeg 1200w\" sizes=\"auto, (max-width: 1000px) 100vw, 1000px\" \/><\/figure>\n\n<\/div><\/div><\/div>\n<\/div>\n\n<div class=\"gb-grid-wrapper gb-grid-wrapper-17c4fadd\">\n<div class=\"gb-grid-column gb-grid-column-19c99e7a\"><div class=\"gb-container gb-container-19c99e7a\"><div class=\"gb-inside-container\">\n\n<figure class=\"wp-block-image size-large\"><img loading=\"lazy\" decoding=\"async\" width=\"1000\" height=\"750\" src=\"https:\/\/super-weddings.com\/wp-content\/uploads\/2019\/06\/brescia_wedding_videographer-1-1000x750.jpg\" alt=\"destination wedding photographer working on an amazing wedding in Tuscany\" class=\"wp-image-23374\" title=\"\" srcset=\"https:\/\/super-weddings.com\/wp-content\/uploads\/2019\/06\/brescia_wedding_videographer-1-1000x750.jpg 1000w, https:\/\/super-weddings.com\/wp-content\/uploads\/2019\/06\/brescia_wedding_videographer-1-800x600.jpg 800w, https:\/\/super-weddings.com\/wp-content\/uploads\/2019\/06\/brescia_wedding_videographer-1-768x576.jpg 768w, https:\/\/super-weddings.com\/wp-content\/uploads\/2019\/06\/brescia_wedding_videographer-1-1536x1152.jpg 1536w, https:\/\/super-weddings.com\/wp-content\/uploads\/2019\/06\/brescia_wedding_videographer-1.jpg 1920w\" sizes=\"auto, (max-width: 1000px) 100vw, 1000px\" \/><\/figure>\n\n<\/div><\/div><\/div>\n\n<div class=\"gb-grid-column gb-grid-column-fdc30404\"><div class=\"gb-container gb-container-fdc30404\"><div class=\"gb-inside-container\">\n\n<h3 class=\"gb-headline gb-headline-81e5719f gb-headline-text\">Vollst\u00e4ndiges Fotopaket<\/h3>\n\n\n\n<p class=\"gb-headline gb-headline-d189f2c9 gb-headline-text\">Wir k\u00f6nnen noch einen Schritt weiter gehen und Ihnen eine vollst\u00e4ndige Fotoreportage des Hochzeitstags anbieten, beginnend mit der Vorbereitung von Braut und Br\u00e4utigam, dem ersten Blick, der Zeremonie, dem Empfang und der Cocktailparty. Nicht genug? Nat\u00fcrlich k\u00f6nnen wir Sie einen Tag zuvor zum Probenessen oder zu einer privaten Portr\u00e4t- oder Paarsitzung treffen.<\/p>\n\n\n<div class=\"gb-button-wrapper gb-button-wrapper-29f95e21\">\n\n<a class=\"gb-button gb-button-13923d5b gb-button-text\" href=\"https:\/\/super-weddings.com\/de\/kontakt\/\">kontakt<\/a>\n\n<\/div>\n<\/div><\/div><\/div>\n<\/div>\n\n<div class=\"gb-grid-wrapper gb-grid-wrapper-8d68d33d\">\n<div class=\"gb-grid-column gb-grid-column-881cdf1f\"><div class=\"gb-container gb-container-881cdf1f\"><div class=\"gb-inside-container\">\n\n<h3 class=\"gb-headline gb-headline-bff6b803 gb-headline-text\">Pre Hochzeit Shoot<\/h3>\n\n\n\n<p class=\"gb-headline gb-headline-89cf2d29 gb-headline-text\">Eine unserer Lieblingsmethoden, um mit unseren fantastischen Paaren f\u00fcr ihre Hochzeitsfotografie wirklich kreativ zu werden, sind die Sitzungen vor der Hochzeit. Himmel ist die Grenze &#8211; da wir uns wirklich so viele verschiedene M\u00f6glichkeiten vorstellen k\u00f6nnen, die von Mode, B\u00fcchern, Filmen oder Musik inspiriert sind. M\u00f6chten Sie zu einem sch\u00f6nen Ziel reisen oder uns auf Gran Canaria besuchen? Oder sollten wir uns ein paar Tage vor Ihrem Hochzeitstag treffen und durch den Ort und den Ort der Hochzeit reisen?<\/p>\n\n\n<div class=\"gb-button-wrapper gb-button-wrapper-1cb1b6c4\">\n\n<a class=\"gb-button gb-button-6fc43ac4 gb-button-text\" href=\"https:\/\/super-weddings.com\/de\/kontakt\/\">kontakt<\/a>\n\n<\/div>\n<\/div><\/div><\/div>\n\n<div class=\"gb-grid-column gb-grid-column-70ee28aa\"><div class=\"gb-container gb-container-70ee28aa\"><div class=\"gb-inside-container\">\n\n<figure class=\"wp-block-image size-large\"><img loading=\"lazy\" decoding=\"async\" width=\"1000\" height=\"667\" src=\"https:\/\/super-weddings.com\/wp-content\/uploads\/2020\/10\/hOuqWkwB-1-1000x667.jpeg\" alt=\"barcelona wedding videographer\" class=\"wp-image-22684\" title=\"\" srcset=\"https:\/\/super-weddings.com\/wp-content\/uploads\/2020\/10\/hOuqWkwB-1-1000x667.jpeg 1000w, https:\/\/super-weddings.com\/wp-content\/uploads\/2020\/10\/hOuqWkwB-1-800x533.jpeg 800w, https:\/\/super-weddings.com\/wp-content\/uploads\/2020\/10\/hOuqWkwB-1-768x512.jpeg 768w, https:\/\/super-weddings.com\/wp-content\/uploads\/2020\/10\/hOuqWkwB-1-1536x1024.jpeg 1536w, https:\/\/super-weddings.com\/wp-content\/uploads\/2020\/10\/hOuqWkwB-1-2048x1365.jpeg 2048w, https:\/\/super-weddings.com\/wp-content\/uploads\/2020\/10\/hOuqWkwB-1-1200x800.jpeg 1200w\" sizes=\"auto, (max-width: 1000px) 100vw, 1000px\" \/><\/figure>\n\n<\/div><\/div><\/div>\n<\/div>\n<\/div><\/div>","protected":false},"excerpt":{"rendered":"<p>Was uns anders macht ist unsere Melancholie ICH BIN EIN VIDEOGRAPH. JEDOCH LIEBE ICH AUCH BILDER ZU MACHEN, WANN IMMER ICH KANN. Was du hier findest, sind meine pers\u00f6nlichen Geschichten, die ich jeden Tag mit meiner Frau und meiner Familie an besonderen Momenten aus Hochzeiten und meiner Reisen aus der ganzen Welt dokumentiere. Wenn dir &#8230; <a title=\"Das Journal\" class=\"read-more\" href=\"https:\/\/super-weddings.com\/de\/das-journal\/\" aria-label=\"Mehr Informationen \u00fcber Das Journal\">Weiterlesen &#8230;<\/a><\/p>\n","protected":false},"author":1,"featured_media":22332,"parent":0,"menu_order":0,"comment_status":"closed","ping_status":"closed","template":"","meta":{"_gspb_post_css":"","footnotes":""},"class_list":["post-22507","page","type-page","status-publish","has-post-thumbnail"],"featured_image_src":"https:\/\/super-weddings.com\/wp-content\/uploads\/2020\/10\/Destination-Wedding-Videographer-Azores-34.jpg","jetpack_sharing_enabled":true,"_links":{"self":[{"href":"https:\/\/super-weddings.com\/de\/wp-json\/wp\/v2\/pages\/22507","targetHints":{"allow":["GET"]}}],"collection":[{"href":"https:\/\/super-weddings.com\/de\/wp-json\/wp\/v2\/pages"}],"about":[{"href":"https:\/\/super-weddings.com\/de\/wp-json\/wp\/v2\/types\/page"}],"author":[{"embeddable":true,"href":"https:\/\/super-weddings.com\/de\/wp-json\/wp\/v2\/users\/1"}],"replies":[{"embeddable":true,"href":"https:\/\/super-weddings.com\/de\/wp-json\/wp\/v2\/comments?post=22507"}],"version-history":[{"count":1,"href":"https:\/\/super-weddings.com\/de\/wp-json\/wp\/v2\/pages\/22507\/revisions"}],"predecessor-version":[{"id":40881,"href":"https:\/\/super-weddings.com\/de\/wp-json\/wp\/v2\/pages\/22507\/revisions\/40881"}],"wp:featuredmedia":[{"embeddable":true,"href":"https:\/\/super-weddings.com\/de\/wp-json\/wp\/v2\/media\/22332"}],"wp:attachment":[{"href":"https:\/\/super-weddings.com\/de\/wp-json\/wp\/v2\/media?parent=22507"}],"curies":[{"name":"wp","href":"https:\/\/api.w.org\/{rel}","templated":true}]}}