{"id":22487,"date":"2020-10-19T13:39:38","date_gmt":"2020-10-19T13:39:38","guid":{"rendered":"https:\/\/super.robak.dev\/?page_id=22487"},"modified":"2024-07-17T06:14:08","modified_gmt":"2024-07-17T06:14:08","slug":"filme","status":"publish","type":"page","link":"https:\/\/super-weddings.com\/de\/filme\/","title":{"rendered":"Filme"},"content":{"rendered":"<div class=\"gb-container gb-container-9406b663\"><div class=\"gb-inside-container\">\n\n<h2 class=\"gb-headline gb-headline-d1099973 gb-headline-text\">Geschichten von meinen erstaunlichen Paaren<\/h2>\n\n\n\n<h1 class=\"gb-headline gb-headline-71ff291b gb-headline-text\">JEDER VON IHNEN IST ANDERS, BESONDERES UND NAH AN MEINEM HERZEN<br\/><a href=\"https:\/\/en.super-weddings.com\/film\/italy-wedding-videographer-boho-chic-wedding\/\"><\/a><\/h1>\n\n<\/div><\/div>\n\n<div class=\"gb-container gb-container-c6b43d4e\"><div class=\"gb-inside-container\">\n\n<div class=\"wp-block-ultimate-post-post-grid-parent ultp-post-grid-parent\" data-postid=\"22487\" data-grids=\"[{&quot;blockId&quot;:&quot;e6786b&quot;,&quot;name&quot;:&quot;ultimate-post_post-grid-2&quot;}]\" data-pagi=\"[&quot;ultp-block-80e31a&quot;]\"><div  class=\"ultp-post-grid-block wp-block-ultimate-post-post-grid-2 ultp-block-e6786b aligncenter\"><div class=\"ultp-block-wrapper\"><div class=\"ultp-loading\"><div class=\"ultp-loading-blocks\" style=\"width:100%;height:100%;\"><div style=\"left: 0;top: 0;animation-delay:0s;\"><\/div><div style=\"left: 21px;top: 0;animation-delay:0.125s;\"><\/div><div style=\"left: 42px;top: 0;animation-delay:0.25s;\"><\/div><div style=\"left: 0;top: 21px;animation-delay:0.875s;\"><\/div><div style=\"left: 42px;top: 21px;animation-delay:0.375s;\"><\/div><div style=\"left: 0;top: 42px;animation-delay:0.75s;\"><\/div><div style=\"left: 42px;top: 42px;animation-delay:0.625s;\"><\/div><div style=\"left: 21px;top: 42px;animation-delay:0.5s;\"><\/div><\/div><\/div><div class=\"ultp-block-items-wrap ultp-block-row\"><div class=\"ultp-block-item post-id-3859\"><div class=\"ultp-block-content-wrap ultp-block-content-overlay\"><div class=\"ultp-block-image ultp-block-image-none\"><a href=\"https:\/\/super-weddings.com\/de\/film\/seville-hochzeitsvideograf-hochzeitsfilm-catrine-max\/\" ><img decoding=\"async\" alt=\"Destination Wedding Photographer working in Seville in Hotel Alfonso \" src=\"https:\/\/super-weddings.com\/wp-content\/uploads\/2020\/10\/seville_wedding_videographer-2-1.jpg\" title=\"\"><\/a><\/div><div class=\"ultp-block-content ultp-block-content-bottomPosition\"><div class=\"ultp-block-content-inner\"><h3 class=\"ultp-block-title \"><a href=\"https:\/\/super-weddings.com\/de\/film\/seville-hochzeitsvideograf-hochzeitsfilm-catrine-max\/\" >Hochzeitsfilm Seville Catrine&#038;Max<\/a><\/h3><\/div><\/div><\/div><\/div><div class=\"ultp-block-item post-id-817\"><div class=\"ultp-block-content-wrap ultp-block-content-overlay\"><div class=\"ultp-block-image ultp-block-image-none\"><a href=\"https:\/\/super-weddings.com\/de\/film\/eine-rustikale-bohemian-hochzeit-im-wald\/\" ><img decoding=\"async\" alt=\"Eine rustikale bohemian Hochzeit im Wald\" src=\"https:\/\/super-weddings.com\/wp-content\/uploads\/2020\/10\/boho_barn_wedding_session-2.jpg\" title=\"\"><\/a><\/div><div class=\"ultp-block-content ultp-block-content-bottomPosition\"><div class=\"ultp-block-content-inner\"><h3 class=\"ultp-block-title \"><a href=\"https:\/\/super-weddings.com\/de\/film\/eine-rustikale-bohemian-hochzeit-im-wald\/\" >Eine rustikale bohemian Hochzeit im Wald<\/a><\/h3><\/div><\/div><\/div><\/div><div class=\"ultp-block-item post-id-795\"><div class=\"ultp-block-content-wrap ultp-block-content-overlay\"><div class=\"ultp-block-image ultp-block-image-none\"><a href=\"https:\/\/super-weddings.com\/de\/film\/boho-hochzeit-der-toskana-von-alessandra-diego\/\" ><img decoding=\"async\" alt=\"destination wedding films\" src=\"https:\/\/super-weddings.com\/wp-content\/uploads\/2020\/10\/Tuscany_Wedding_Film-e1588621728929.jpg\" title=\"\"><\/a><\/div><div class=\"ultp-block-content ultp-block-content-bottomPosition\"><div class=\"ultp-block-content-inner\"><h3 class=\"ultp-block-title \"><a href=\"https:\/\/super-weddings.com\/de\/film\/boho-hochzeit-der-toskana-von-alessandra-diego\/\" >Boho-Hochzeit in der Toskana von Alessandra &#038; Diego<\/a><\/h3><\/div><\/div><\/div><\/div><div class=\"ultp-block-item post-id-768\"><div class=\"ultp-block-content-wrap ultp-block-content-overlay\"><div class=\"ultp-block-image ultp-block-image-none\"><a href=\"https:\/\/super-weddings.com\/de\/film\/ein-strand-elopement-den-azores-von-twyla-gary\/\" ><img decoding=\"async\" alt=\"Ein Strand Elopement in den Azores von Twyla + Gary\" src=\"https:\/\/super-weddings.com\/wp-content\/uploads\/2017\/10\/Elopement-Azores-Wedding-Videographer-2-870x570.jpg\" title=\"\"><\/a><\/div><div class=\"ultp-block-content ultp-block-content-bottomPosition\"><div class=\"ultp-block-content-inner\"><h3 class=\"ultp-block-title \"><a href=\"https:\/\/super-weddings.com\/de\/film\/ein-strand-elopement-den-azores-von-twyla-gary\/\" >Ein Strand Elopement in den Azores von Twyla + Gary<\/a><\/h3><\/div><\/div><\/div><\/div><div class=\"ultp-block-item post-id-805\"><div class=\"ultp-block-content-wrap ultp-block-content-overlay\"><div class=\"ultp-block-image ultp-block-image-none\"><a href=\"https:\/\/super-weddings.com\/de\/film\/traumhafte-hochzeit-comer-see-natalie-steve\/\" ><img decoding=\"async\" alt=\"Traumhafte Hochzeit am Comer See, Natalie + Steve\" src=\"https:\/\/super-weddings.com\/wp-content\/uploads\/2017\/10\/destination-wedding-videographer-milano-como-lake-870x570.jpg\" title=\"\"><\/a><\/div><div class=\"ultp-block-content ultp-block-content-bottomPosition\"><div class=\"ultp-block-content-inner\"><h3 class=\"ultp-block-title \"><a href=\"https:\/\/super-weddings.com\/de\/film\/traumhafte-hochzeit-comer-see-natalie-steve\/\" >Traumhafte Hochzeit am Comer See, Natalie + Steve<\/a><\/h3><\/div><\/div><\/div><\/div><div class=\"ultp-block-item post-id-799\"><div class=\"ultp-block-content-wrap ultp-block-content-overlay\"><div class=\"ultp-block-image ultp-block-image-none\"><a href=\"https:\/\/super-weddings.com\/de\/film\/isle-skye-elopement-von-mia-tom\/\" ><img decoding=\"async\" alt=\"Isle of Skye Elopement von Mia + Tom\" src=\"https:\/\/super-weddings.com\/wp-content\/uploads\/2017\/10\/Isle-of-Skye-Elopement.jpg\" title=\"\"><\/a><\/div><div class=\"ultp-block-content ultp-block-content-bottomPosition\"><div class=\"ultp-block-content-inner\"><h3 class=\"ultp-block-title \"><a href=\"https:\/\/super-weddings.com\/de\/film\/isle-skye-elopement-von-mia-tom\/\" >Isle of Skye Elopement von Mia + Tom<\/a><\/h3><\/div><\/div><\/div><\/div><\/div><\/div><div class=\"pagination-block-html\" aria-hidden=\"true\" style=\"display: none;\"><div class=\"ultp-pagination-wrap ultp-pagination-ajax-action\"  data-for=\"ultp-block-e6786b\"  data-blockid=\"e6786b\"  data-expost=\"\"  data-paged=\"1\"  data-pages=\"2\"  data-blockname=\"ultimate-post_post-grid-2\"  data-postid=\"22487\"  data-selfpostid=\"yes\" ><ul class=\"ultp-pagination\"><li class=\"ultp-prev-page-numbers\" style=\"display:none\"><a href=\"https:\/\/super-weddings.com\/de\/wp-json\/wp\/v2\/pages\/22487\/\"><svg xmlns=\"http:\/\/www.w3.org\/2000\/svg\" fill=\"none\" viewBox=\"0 0 24 24\">\n  <path stroke=\"currentColor\" stroke-linecap=\"round\" stroke-linejoin=\"round\" stroke-width=\"1.5\" d=\"m15 18-6-6 6-6\"\/>\n<\/svg>\n Previous<\/a><\/li><li class=\"ultp-center-item pagination-active\" data-current=\"1\"><a href=\"https:\/\/super-weddings.com\/de\/wp-json\/wp\/v2\/pages\/22487\/\">1<\/a><\/li><li class=\"ultp-center-item\" data-current=\"2\" ><a href=\"https:\/\/super-weddings.com\/de\/wp-json\/wp\/v2\/pages\/22487\/page\/2\/\">2<\/a><\/li><li class=\"ultp-last-dot\" style=\"display:none\"><a href=\"#\">&#8230;<\/a><\/li><li class=\"ultp-next-page-numbers\"><a href=\"https:\/\/super-weddings.com\/de\/wp-json\/wp\/v2\/pages\/22487\/page\/2\/\">Next<svg xmlns=\"http:\/\/www.w3.org\/2000\/svg\" fill=\"none\" viewBox=\"0 0 24 24\">\n  <path stroke=\"currentColor\" stroke-linecap=\"round\" stroke-linejoin=\"round\" stroke-width=\"1.5\" d=\"m9 18 6-6-6-6\"\/>\n<\/svg>\n<\/a><\/li><\/ul><\/div><\/div><\/div>\n\n\n<div class=\"wp-block-ultimate-post-post-pagination ultp-block-80e31a ultp-pagination-block ultp-pagination-wrap\"><div class=\"ultp-pagination-wrap ultp-disable-editor-click ultp-pagination-ajax-action\"><ul class=\"ultp-pagination\"><li><a href=\"#\" class=\"ultp-prev-page-numbers\"><svg enable-background=\"new 0 0 477.175 477.175\" version=\"1.1\" viewBox=\"0 0 477.18 477.18\"><path d=\"m145.19 238.58 215.5-215.5c5.3-5.3 5.3-13.8 0-19.1s-13.8-5.3-19.1 0l-225.1 225.1c-5.3 5.3-5.3 13.8 0 19.1l225.1 225c2.6 2.6 6.1 4 9.5 4s6.9-1.3 9.5-4c5.3-5.3 5.3-13.8 0-19.1l-215.4-215.5z\"><\/path><\/svg> Previous<\/a><\/li><li><a href=\"#\">1<\/a><\/li><li><a href=\"#\">2<\/a><\/li><li><a href=\"#\">3<\/a><\/li><li><a href=\"#\" class=\"ultp-next-page-numbers\">Next <svg enable-background=\"new 0 0 477.175 477.175\" version=\"1.1\" viewBox=\"0 0 477.18 477.18\"><path d=\"m360.73 229.08-225.1-225.1c-5.3-5.3-13.8-5.3-19.1 0s-5.3 13.8 0 19.1l215.5 215.5-215.5 215.5c-5.3 5.3-5.3 13.8 0 19.1 2.6 2.6 6.1 4 9.5 4s6.9-1.3 9.5-4l225.1-225.1c5.3-5.2 5.3-13.8 0.1-19z\"><\/path><\/svg><\/a><\/li><\/ul><\/div><\/div>\n<\/div>\n\n<\/div><\/div>\n\n<div class=\"gb-container gb-container-8116d52a\"><div class=\"gb-inside-container\">\n\n<h2 class=\"gb-headline gb-headline-280185d3 gb-headline-text\">Hochzeit Videografie-Pakete<\/h2>\n\n\n<div class=\"gb-grid-wrapper gb-grid-wrapper-fafa70f0\">\n<div class=\"gb-grid-column gb-grid-column-44ee5002\"><div class=\"gb-container gb-container-44ee5002\"><div class=\"gb-inside-container\">\n\n<h3 class=\"gb-headline gb-headline-0b1d0738 gb-headline-text\">Hochzeit oder Elopement<\/h3>\n\n\n\n<p class=\"gb-headline gb-headline-740ff088 gb-headline-text\">Planen Sie eine gro\u00dfe glamour\u00f6se Hochzeitsfeier mit vielen Familienmitgliedern und Freunden in einem Schloss, einer Villa oder einem Hotel? Oder m\u00f6chten Sie eine intime und kleine Reise mit nur wenigen G\u00e4sten oder sogar alleine? Keine Sorge, wir sind bereit f\u00fcr alles. Mit \u00fcber 200 Hochzeiten sind wir perfekt darauf vorbereitet, Ihnen Hochzeitsvideografie und Fotografie zu bieten, die Ihren Bed\u00fcrfnissen am besten entsprechen.<\/p>\n\n\n<div class=\"gb-button-wrapper gb-button-wrapper-1532ed5e\">\n\n<a class=\"gb-button gb-button-2e7941f5 gb-button-text\" href=\"https:\/\/super-weddings.com\/de\/kontakt\/\">kontakt<\/a>\n\n<\/div>\n<\/div><\/div><\/div>\n\n<div class=\"gb-grid-column gb-grid-column-de08e602\"><div class=\"gb-container gb-container-de08e602\"><div class=\"gb-inside-container\">\n\n<figure class=\"wp-block-image size-large\"><img loading=\"lazy\" decoding=\"async\" width=\"1000\" height=\"667\" src=\"https:\/\/super-weddings.com\/wp-content\/uploads\/2020\/10\/cqiLjazQ-1000x667.jpeg\" alt=\"\u015blub folwark w\u0105sowo\" class=\"wp-image-23246\" title=\"\" srcset=\"https:\/\/super-weddings.com\/wp-content\/uploads\/2020\/10\/cqiLjazQ-1000x667.jpeg 1000w, https:\/\/super-weddings.com\/wp-content\/uploads\/2020\/10\/cqiLjazQ-800x533.jpeg 800w, https:\/\/super-weddings.com\/wp-content\/uploads\/2020\/10\/cqiLjazQ-768x512.jpeg 768w, https:\/\/super-weddings.com\/wp-content\/uploads\/2020\/10\/cqiLjazQ-600x400.jpeg 600w, https:\/\/super-weddings.com\/wp-content\/uploads\/2020\/10\/cqiLjazQ.jpeg 1080w\" sizes=\"auto, (max-width: 1000px) 100vw, 1000px\" \/><\/figure>\n\n<\/div><\/div><\/div>\n<\/div>\n\n<div class=\"gb-grid-wrapper gb-grid-wrapper-17c4fadd\">\n<div class=\"gb-grid-column gb-grid-column-19c99e7a\"><div class=\"gb-container gb-container-19c99e7a\"><div class=\"gb-inside-container\">\n\n<figure class=\"wp-block-image size-large\"><img loading=\"lazy\" decoding=\"async\" width=\"1000\" height=\"820\" src=\"https:\/\/super-weddings.com\/wp-content\/uploads\/2020\/11\/london-wedding-00001-1000x820.jpeg\" alt=\"\" class=\"wp-image-23593\" title=\"\" srcset=\"https:\/\/super-weddings.com\/wp-content\/uploads\/2020\/11\/london-wedding-00001-1000x820.jpeg 1000w, https:\/\/super-weddings.com\/wp-content\/uploads\/2020\/11\/london-wedding-00001-800x656.jpeg 800w, https:\/\/super-weddings.com\/wp-content\/uploads\/2020\/11\/london-wedding-00001-768x630.jpeg 768w, https:\/\/super-weddings.com\/wp-content\/uploads\/2020\/11\/london-wedding-00001.jpeg 1080w\" sizes=\"auto, (max-width: 1000px) 100vw, 1000px\" \/><\/figure>\n\n<\/div><\/div><\/div>\n\n<div class=\"gb-grid-column gb-grid-column-fdc30404\"><div class=\"gb-container gb-container-fdc30404\"><div class=\"gb-inside-container\">\n\n<h3 class=\"gb-headline gb-headline-81e5719f gb-headline-text\">&#8222;Destination&#8220; Hochzeit<\/h3>\n\n\n\n<p class=\"gb-headline gb-headline-d189f2c9 gb-headline-text\">Sie tr\u00e4umen von einem Abenteuer und planen eine Hochzeit in einem Reiseziel an einem fantastischen Ort, der Ihnen am Herzen liegt? Sie m\u00f6chten jemanden, der dieses Erlebnis auf einzigartige und modische Weise in einer Lebenserfahrung festh\u00e4lt? Wir haben Sie abgesichert. Die Hochzeitsvideografie und -fotografie ist unser Brot und wir k\u00f6nnen es kaum erwarten, mit Ihnen ein Abenteuer zu beginnen.<\/p>\n\n\n<div class=\"gb-button-wrapper gb-button-wrapper-29f95e21\">\n\n<a class=\"gb-button gb-button-13923d5b gb-button-text\" href=\"https:\/\/super-weddings.com\/de\/kontakt\/\">kontakt<\/a>\n\n<\/div>\n<\/div><\/div><\/div>\n<\/div>\n\n<div class=\"gb-grid-wrapper gb-grid-wrapper-8d68d33d\">\n<div class=\"gb-grid-column gb-grid-column-881cdf1f\"><div class=\"gb-container gb-container-881cdf1f\"><div class=\"gb-inside-container\">\n\n<h3 class=\"gb-headline gb-headline-bff6b803 gb-headline-text\">Ein Shooting vor der Hochzeit<\/h3>\n\n\n\n<p class=\"gb-headline gb-headline-89cf2d29 gb-headline-text\">Wenn Sie vorhaben, die GROSSE Frage zu stellen, und diesen sch\u00f6nen Moment gerne auf einem Foto festhalten w\u00fcrden, w\u00e4re es uns eine Ehre, daf\u00fcr in Betracht gezogen zu werden. M\u00f6glicherweise w\u00fcrden Sie gerne eine Vorhochzeitssitzung an einigen der fantastischen Orte wie Gran Canaria oder Marrakesch drehen?<\/p>\n\n\n<div class=\"gb-button-wrapper gb-button-wrapper-1cb1b6c4\">\n\n<a class=\"gb-button gb-button-6fc43ac4 gb-button-text\" href=\"https:\/\/super-weddings.com\/de\/kontakt\/\">kontakt<\/a>\n\n<\/div>\n<\/div><\/div><\/div>\n\n<div class=\"gb-grid-column gb-grid-column-70ee28aa\"><div class=\"gb-container gb-container-70ee28aa\"><div class=\"gb-inside-container\">\n\n<figure class=\"wp-block-image size-large\"><img loading=\"lazy\" decoding=\"async\" width=\"1000\" height=\"667\" src=\"https:\/\/super-weddings.com\/wp-content\/uploads\/2020\/10\/santorini_wedding_videographer_photographer-1000x667.jpg\" alt=\"\" class=\"wp-image-22078\" title=\"\" srcset=\"https:\/\/super-weddings.com\/wp-content\/uploads\/2020\/10\/santorini_wedding_videographer_photographer-1000x667.jpg 1000w, https:\/\/super-weddings.com\/wp-content\/uploads\/2020\/10\/santorini_wedding_videographer_photographer-800x533.jpg 800w, https:\/\/super-weddings.com\/wp-content\/uploads\/2020\/10\/santorini_wedding_videographer_photographer-768x512.jpg 768w, https:\/\/super-weddings.com\/wp-content\/uploads\/2020\/10\/santorini_wedding_videographer_photographer.jpg 1080w\" sizes=\"auto, (max-width: 1000px) 100vw, 1000px\" \/><\/figure>\n\n<\/div><\/div><\/div>\n<\/div>\n<\/div><\/div>","protected":false},"excerpt":{"rendered":"<p>Geschichten von meinen erstaunlichen Paaren JEDER VON IHNEN IST ANDERS, BESONDERES UND NAH AN MEINEM HERZEN Hochzeit Videografie-Pakete<\/p>\n","protected":false},"author":1,"featured_media":22051,"parent":0,"menu_order":0,"comment_status":"closed","ping_status":"closed","template":"","meta":{"_gspb_post_css":"","footnotes":""},"class_list":["post-22487","page","type-page","status-publish","has-post-thumbnail"],"featured_image_src":"https:\/\/super-weddings.com\/wp-content\/uploads\/2020\/10\/santorini_wedding_videographer_photographer-67.jpg","jetpack_sharing_enabled":true,"_links":{"self":[{"href":"https:\/\/super-weddings.com\/de\/wp-json\/wp\/v2\/pages\/22487","targetHints":{"allow":["GET"]}}],"collection":[{"href":"https:\/\/super-weddings.com\/de\/wp-json\/wp\/v2\/pages"}],"about":[{"href":"https:\/\/super-weddings.com\/de\/wp-json\/wp\/v2\/types\/page"}],"author":[{"embeddable":true,"href":"https:\/\/super-weddings.com\/de\/wp-json\/wp\/v2\/users\/1"}],"replies":[{"embeddable":true,"href":"https:\/\/super-weddings.com\/de\/wp-json\/wp\/v2\/comments?post=22487"}],"version-history":[{"count":2,"href":"https:\/\/super-weddings.com\/de\/wp-json\/wp\/v2\/pages\/22487\/revisions"}],"predecessor-version":[{"id":40877,"href":"https:\/\/super-weddings.com\/de\/wp-json\/wp\/v2\/pages\/22487\/revisions\/40877"}],"wp:featuredmedia":[{"embeddable":true,"href":"https:\/\/super-weddings.com\/de\/wp-json\/wp\/v2\/media\/22051"}],"wp:attachment":[{"href":"https:\/\/super-weddings.com\/de\/wp-json\/wp\/v2\/media?parent=22487"}],"curies":[{"name":"wp","href":"https:\/\/api.w.org\/{rel}","templated":true}]}}