{"id":22483,"date":"2020-07-16T05:16:36","date_gmt":"2020-07-16T05:16:36","guid":{"rendered":"https:\/\/super.robak.dev\/?page_id=22483"},"modified":"2023-07-12T13:38:05","modified_gmt":"2023-07-12T13:38:05","slug":"ueber-mich","status":"publish","type":"page","link":"https:\/\/super-weddings.com\/de\/ueber-mich\/","title":{"rendered":"\u00dcber Mich"},"content":{"rendered":"<div class=\"gb-container gb-container-14a0a8c0\"><div class=\"gb-inside-container\">\n\n<h2 class=\"gb-headline gb-headline-85025f53 gb-headline-text\">Alle guten Geschichten beginnen mit einem Herzschlag<\/h2>\n\n\n\n<h3 class=\"gb-headline gb-headline-3437908d gb-headline-text\">Sebastian Nandryka<\/h3>\n\n<\/div><\/div>\n\n<div class=\"gb-container gb-container-6b66d22d\"><div class=\"gb-inside-container\">\n<div class=\"gb-grid-wrapper gb-grid-wrapper-3526ad39\">\n<div class=\"gb-grid-column gb-grid-column-b0975337\"><div class=\"gb-container gb-container-b0975337\"><div class=\"gb-inside-container\">\n\n<figure class=\"wp-block-image size-large\"><img loading=\"lazy\" decoding=\"async\" width=\"1000\" height=\"1000\" src=\"https:\/\/super-weddings.com\/wp-content\/uploads\/2023\/07\/10\/SEBASTIAN_NANDRYKA_SUPER_WEDDINGS-1000x1000.jpg\" alt=\"\" class=\"wp-image-34847\" title=\"\" srcset=\"https:\/\/super-weddings.com\/wp-content\/uploads\/2023\/07\/10\/SEBASTIAN_NANDRYKA_SUPER_WEDDINGS-1000x1000.jpg 1000w, https:\/\/super-weddings.com\/wp-content\/uploads\/2023\/07\/10\/SEBASTIAN_NANDRYKA_SUPER_WEDDINGS-800x800.jpg 800w, https:\/\/super-weddings.com\/wp-content\/uploads\/2023\/07\/10\/SEBASTIAN_NANDRYKA_SUPER_WEDDINGS-768x768.jpg 768w, https:\/\/super-weddings.com\/wp-content\/uploads\/2023\/07\/10\/SEBASTIAN_NANDRYKA_SUPER_WEDDINGS-1536x1536.jpg 1536w, https:\/\/super-weddings.com\/wp-content\/uploads\/2023\/07\/10\/SEBASTIAN_NANDRYKA_SUPER_WEDDINGS-600x600.jpg 600w, https:\/\/super-weddings.com\/wp-content\/uploads\/2023\/07\/10\/SEBASTIAN_NANDRYKA_SUPER_WEDDINGS.jpg 1755w\" sizes=\"auto, (max-width: 1000px) 100vw, 1000px\" \/><\/figure>\n\n<\/div><\/div><\/div>\n\n<div class=\"gb-grid-column gb-grid-column-3ce05f6c\"><div class=\"gb-container gb-container-3ce05f6c\"><div class=\"gb-inside-container\">\n\n<p class=\"has-drop-cap\">Ich glaube nicht, dass ich jemals entschieden habe ein Hochzeitsvideograf zu werden. Es ist das Schicksal,<br>das mich in diese Richtung gezogen hat. Und wei\u00dft du was? Ich w\u00fcrde nichts daran \u00e4ndern. Ich halte mich f\u00fcr den gl\u00fccklichsten Menschen auf Erden da ich den Beruf ausf\u00fchren kann, in den ich mich verliebt habe.<\/p>\n\n\n\n<p>Ich liebe es, Emotionen mit meinen Filmen festzuhalten und von der besten Seite zu zeigen!<\/p>\n\n<\/div><\/div><\/div>\n<\/div>\n<\/div><\/div>\n\n<div class=\"gb-container gb-container-40f11e18\"><div class=\"gb-inside-container\">\n\n<h2 class=\"gb-headline gb-headline-305f23aa gb-headline-text\">Siehe wie Kreativ do sein kannst!<\/h2>\n\n\n<div class=\"gb-button-wrapper gb-button-wrapper-6239e71d\">\n\n<a class=\"gb-button gb-button-324e8cd6 data-featherlight=&quot;iframe&quot;\" href=\"https:\/\/player.vimeo.com\/video\/193615747?byline=0&amp;portrait=0&amp;autoplay=1\" target=\"_blank\" rel=\"noopener\"><span class=\"gb-icon\"><svg aria-hidden=\"true\" height=\"1em\" width=\"1em\" viewBox=\"0 0 576 512\" xmlns=\"http:\/\/www.w3.org\/2000\/svg\"><path fill=\"currentColor\" d=\"M549.655 124.083c-6.281-23.65-24.787-42.276-48.284-48.597C458.781 64 288 64 288 64S117.22 64 74.629 75.486c-23.497 6.322-42.003 24.947-48.284 48.597-11.412 42.867-11.412 132.305-11.412 132.305s0 89.438 11.412 132.305c6.281 23.65 24.787 41.5 48.284 47.821C117.22 448 288 448 288 448s170.78 0 213.371-11.486c23.497-6.321 42.003-24.171 48.284-47.821 11.412-42.867 11.412-132.305 11.412-132.305s0-89.438-11.412-132.305zm-317.51 213.508V175.185l142.739 81.205-142.739 81.201z\"><\/path><\/svg><\/span><\/a>\n\n<\/div>\n<\/div><\/div>\n\n<div class=\"gb-container gb-container-84047ad8\"><div class=\"gb-inside-container\">\n<div class=\"gb-grid-wrapper gb-grid-wrapper-ab1cd88f\">\n<div class=\"gb-grid-column gb-grid-column-98e84f1a\"><div class=\"gb-container gb-container-98e84f1a\"><div class=\"gb-inside-container\">\n<div class=\"wp-block-image\">\n<figure class=\"aligncenter size-large\"><img loading=\"lazy\" decoding=\"async\" width=\"1000\" height=\"1500\" src=\"https:\/\/super-weddings.com\/wp-content\/uploads\/2023\/07\/10\/barcelona_wedding_photographer-479-1000x1500.jpg\" alt=\"\" class=\"wp-image-35266\" title=\"\" srcset=\"https:\/\/super-weddings.com\/wp-content\/uploads\/2023\/07\/10\/barcelona_wedding_photographer-479-1000x1500.jpg 1000w, https:\/\/super-weddings.com\/wp-content\/uploads\/2023\/07\/10\/barcelona_wedding_photographer-479-800x1200.jpg 800w, https:\/\/super-weddings.com\/wp-content\/uploads\/2023\/07\/10\/barcelona_wedding_photographer-479-768x1152.jpg 768w, https:\/\/super-weddings.com\/wp-content\/uploads\/2023\/07\/10\/barcelona_wedding_photographer-479-1024x1536.jpg 1024w, https:\/\/super-weddings.com\/wp-content\/uploads\/2023\/07\/10\/barcelona_wedding_photographer-479-600x900.jpg 600w, https:\/\/super-weddings.com\/wp-content\/uploads\/2023\/07\/10\/barcelona_wedding_photographer-479.jpg 1365w\" sizes=\"auto, (max-width: 1000px) 100vw, 1000px\" \/><\/figure>\n<\/div>\n<\/div><\/div><\/div>\n\n<div class=\"gb-grid-column gb-grid-column-5d7ec676\"><div class=\"gb-container gb-container-5d7ec676\"><div class=\"gb-inside-container\">\n<div class=\"gb-container gb-container-677c4ee8\">\n\n<div class=\"wp-block-stackable-text stk-block-text stk-block stk-ef3525d\" data-block-id=\"ef3525d\"><style>.stk-ef3525d{margin-bottom:0px !important}.stk-ef3525d .stk-block-text__text{font-size:50px !important;line-height:1em !important;font-weight:800 !important;font-family:\"Playfair Display\",Sans-serif !important}@media screen and (max-width:1023px){.stk-ef3525d .stk-block-text__text{font-size:50px !important}}@media screen and (max-width:767px){.stk-ef3525d .stk-block-text__text{font-size:70px !important}}<\/style><p class=\"stk-block-text__text has-text-align-center-mobile\">die<\/p><\/div>\n\n\n\n<div class=\"wp-block-stackable-heading stk-block-heading stk-block-heading--v2 stk-block stk-81b61f7\" id=\"erfahrung\" data-block-id=\"81b61f7\"><style>.stk-81b61f7{margin-bottom:50px !important;margin-left:-373px !important}.stk-81b61f7 .stk-block-heading__text{font-size:130px !important;color:var(--contrast) !important;line-height:1em !important;font-weight:800 !important;font-family:\"Playfair Display\",Sans-serif !important}@media screen and (max-width:1023px){.stk-81b61f7 .stk-block-heading__text{font-size:120px !important}}@media screen and (max-width:767px){.stk-81b61f7{margin-top:0px !important;margin-right:0px !important;margin-bottom:50px !important;margin-left:0px !important}.stk-81b61f7 .stk-block-heading__text{font-size:35px !important}}<\/style><h3 class=\"stk-block-heading__text has-text-color has-contrast-color has-text-align-center-mobile\">ERFAHRUNG<\/h3><\/div>\n\n\n\n<div class=\"wp-block-stackable-text stk-block-text stk-block stk-8a3953e\" data-block-id=\"8a3953e\"><style>.stk-8a3953e{margin-bottom:0px !important}.stk-8a3953e .stk-block-text__text{font-size:19px !important;font-family:\"Crimson Text\",Sans-serif !important}@media screen and (max-width:1023px){.stk-8a3953e .stk-block-text__text{font-size:19px !important}}<\/style><p class=\"stk-block-text__text\">Bei meinen Hochzeitsfilmen geht es um die kleinen Dinge. Das L\u00e4cheln, die Tr\u00e4nen, das Glitzern in den Augen und die Lippen, die den Kuss des geliebten Menschen erwarten. Es sind die Menschen, die die Geschichte ausmachen. Ihr seid f\u00fcr mich die wichtigsten Menschen am Hochzeitstag &#8211; ihr erf\u00fcllt mein Universum.<\/p><\/div>\n\n<\/div>\n<\/div><\/div><\/div>\n<\/div>\n<\/div><\/div>\n\n<div class=\"gb-container gb-container-daede644\"><div class=\"gb-inside-container\">\n<div class=\"gb-grid-wrapper gb-grid-wrapper-2a2eadca\">\n<div class=\"gb-grid-column gb-grid-column-a2c350bb\"><div class=\"gb-container gb-container-a2c350bb\"><div class=\"gb-inside-container\">\n\n<h3 class=\"gb-headline gb-headline-b176eab3 gb-headline-text\">Philosophie<\/h3>\n\n\n\n<p>Meine Hochzeitsfilme sind \u00fcber die kleinen Dinge. Das L\u00e4cheln, die Tr\u00e4nen, die funkelt in den Augen und die Lippen, die den Kuss des Geliebten vorwegnehmen. Es sind die Leute, die die Geschichte machen, Sie sind die wichtigsten Leute f\u00fcr mich am Hochzeitstag sind \u2013 du erf\u00fcllst mein Universum.<\/p>\n\n\n\n<p>Ich m\u00f6chte deine Emotionen sp\u00fcren, deine Liebe atmen, bis ich das richtige Vokabular finde, um deine einzigartige Geschichte zu erz\u00e4hlen. Erste Fremde werden wir Freunde werden. Was wird an diesem Tag passieren wird ewig f\u00fcr dich, ich \u2013 uns. Deshalb bist du auch f\u00fcr mich so besonders.<\/p>\n\n\n\n<p><strong>Deshalb mache ich Hochzeitsfilme.<\/strong><\/p>\n\n<\/div><\/div><\/div>\n\n<div class=\"gb-grid-column gb-grid-column-f2ea2c62\"><div class=\"gb-container gb-container-f2ea2c62\"><div class=\"gb-inside-container\">\n<div class=\"wp-block-image\">\n<figure class=\"aligncenter size-large\"><img loading=\"lazy\" decoding=\"async\" width=\"300\" height=\"300\" src=\"https:\/\/super-weddings.com\/wp-content\/uploads\/2020\/10\/logo300.png\" alt=\"\" class=\"wp-image-23318\" title=\"\"><\/figure>\n<\/div>\n<\/div><\/div><\/div>\n<\/div>\n<\/div><\/div>\n\n<div class=\"gb-container gb-container-7c6c4759\"><div class=\"gb-inside-container\">\n<div class=\"gb-container gb-container-80590816\"><div class=\"gb-inside-container\">\n<div class=\"gb-grid-wrapper gb-grid-wrapper-2d829d68\">\n<div class=\"gb-grid-column gb-grid-column-69111e97\"><div class=\"gb-container gb-container-69111e97\"><div class=\"gb-inside-container\">\n<div class=\"gb-button-wrapper gb-button-wrapper-40d18859\">\n\n<span class=\"gb-button gb-button-07a1fbbe\"><span class=\"gb-icon\"><svg xmlns=\"http:\/\/www.w3.org\/2000\/svg\" width=\"24\" height=\"24\" viewBox=\"0 0 24 24\"><path d=\"M13 14.725c0-5.141 3.892-10.519 10-11.725l.984 2.126c-2.215.835-4.163 3.742-4.38 5.746 2.491.392 4.396 2.547 4.396 5.149 0 3.182-2.584 4.979-5.199 4.979-3.015 0-5.801-2.305-5.801-6.275zm-13 0c0-5.141 3.892-10.519 10-11.725l.984 2.126c-2.215.835-4.163 3.742-4.38 5.746 2.491.392 4.396 2.547 4.396 5.149 0 3.182-2.584 4.979-5.199 4.979-3.015 0-5.801-2.305-5.801-6.275z\"><\/path><\/svg><\/span><\/span>\n\n<\/div>\n\n\n<p class=\"gb-headline gb-headline-65a0ddf9 gb-headline-text\">Yay- Das war genial! Es ist so wunderbar, den Tag so romantisch zusammenzustellen. Ph\u00e4nomenale Arbeit, erstaunliche F\u00e4higkeiten. Sie haben wirklich alle Emotionen gefangen und es war eine Freude, Sie f\u00fcr unsere Hochzeit bei sich zu haben<\/p>\n\n\n\n<p class=\"gb-headline gb-headline-21122630 gb-headline-text\">Cat &amp; Max, Seville<\/p>\n\n<\/div><\/div><\/div>\n\n<div class=\"gb-grid-column gb-grid-column-fce2251d\"><div class=\"gb-container gb-container-fce2251d\"><div class=\"gb-inside-container\">\n<div class=\"wp-block-image\">\n<figure class=\"aligncenter size-large\"><img loading=\"lazy\" decoding=\"async\" width=\"456\" height=\"456\" src=\"https:\/\/super-weddings.com\/wp-content\/uploads\/2020\/10\/seville_wedding_videographer-2-1-edited-1.jpg\" alt=\"videografo y fotografo sevilla\" class=\"wp-image-23424\" title=\"\"><\/figure>\n<\/div>\n<\/div><\/div><\/div>\n<\/div>\n<\/div><\/div>\n<\/div><\/div>\n\n<div class=\"gb-container gb-container-4489f852\"><div class=\"gb-inside-container\">\n<div class=\"gb-container gb-container-66d058f1\"><div class=\"gb-inside-container\">\n\n<h2 class=\"gb-headline gb-headline-dd852847 gb-headline-text\">Sogar Batman arbeitete nicht alleine<\/h2>\n\n\n\n<p>Ich bin der festen \u00dcberzeugung, dass Sie sich mit fantastischen Menschen umgeben m\u00fcssen, mit denen wir gemeinsam tr\u00e4umen, die Sterne erschaffen und erreichen k\u00f6nnen, um uns entwickeln und st\u00e4ndig weiterentwickeln zu k\u00f6nnen.<\/p>\n\n\n\n<p class=\"has-text-align-center\"><strong>Treffen Sie meine &#8222;Partner in Crime&#8220;<\/strong><\/p>\n\n<\/div><\/div>\n\n\n<div style=\"height:80px\" aria-hidden=\"true\" class=\"wp-block-spacer\"><\/div>\n\n\n<div class=\"gb-grid-wrapper gb-grid-wrapper-7f3e2a01\">\n<div class=\"gb-grid-column gb-grid-column-3e7e9316\"><div class=\"gb-container gb-container-3e7e9316\"><div class=\"gb-inside-container\">\n\n<h3 class=\"gb-headline gb-headline-45269ec1 gb-headline-text\">Adam Fabian Szewczyk<\/h3>\n\n\n\n<p>Wahrscheinlich einer der wenigen Menschen auf der Welt, der keine Angst hat, auf einem anderen Planeten zu leben.<br>Seit ich mich erinnern kann, war das Universum ein gro\u00dfes Interesse von mir. Ich w\u00fcrde definitiv gerne eines Tages ins All gehen und das Space Shuttle als Drohnenersatz nutzen. Wenn ich keine Hochzeit fotografiere, gehe ich gerne in die Wildnis und schaue mir Sterne an und denke \u00fcber Leben und Raum nach. Wenn ich meine Kamera dabei habe, liebe ich es, Astrofotografie zu machen. Wirst du auf meiner Milchstra\u00dfe sein?<\/p>\n\n\n\n<p>Davon abgesehen habe ich vor ein paar Jahren einen gesunden Lebensstil angenommen und schaue nicht zur\u00fcck. Tausende von Kilometern mit Radfahren, Laufen oder Schwimmen, Klettern und Reisen vom Weg \u00fcber den Horizont hinaus.<\/p>\n\n<\/div><\/div><\/div>\n\n<div class=\"gb-grid-column gb-grid-column-90adaec8\"><div class=\"gb-container gb-container-90adaec8\"><div class=\"gb-inside-container\">\n\n<figure class=\"wp-block-image size-medium\"><img loading=\"lazy\" decoding=\"async\" width=\"800\" height=\"800\" src=\"https:\/\/super-weddings.com\/wp-content\/uploads\/2020\/07\/fabian_superweddings-800x800.jpg\" alt=\"\" class=\"wp-image-16785\" title=\"\" srcset=\"https:\/\/super-weddings.com\/wp-content\/uploads\/2020\/07\/fabian_superweddings-800x800.jpg 800w, https:\/\/super-weddings.com\/wp-content\/uploads\/2020\/07\/fabian_superweddings-1000x1000.jpg 1000w, https:\/\/super-weddings.com\/wp-content\/uploads\/2020\/07\/fabian_superweddings-768x768.jpg 768w, https:\/\/super-weddings.com\/wp-content\/uploads\/2020\/07\/fabian_superweddings.jpg 1536w\" sizes=\"auto, (max-width: 800px) 100vw, 800px\" \/><\/figure>\n\n<\/div><\/div><\/div>\n<\/div>\n\n<div class=\"gb-grid-wrapper gb-grid-wrapper-6915a125\">\n<div class=\"gb-grid-column gb-grid-column-9c006a14\"><div class=\"gb-container gb-container-9c006a14\"><div class=\"gb-inside-container\">\n\n<figure class=\"wp-block-image size-large\"><img loading=\"lazy\" decoding=\"async\" width=\"810\" height=\"810\" src=\"https:\/\/super-weddings.com\/wp-content\/uploads\/2020\/07\/kamil_wojtak_superweddings.jpg\" alt=\"\" class=\"wp-image-16791\" title=\"\" srcset=\"https:\/\/super-weddings.com\/wp-content\/uploads\/2020\/07\/kamil_wojtak_superweddings.jpg 810w, https:\/\/super-weddings.com\/wp-content\/uploads\/2020\/07\/kamil_wojtak_superweddings-800x800.jpg 800w, https:\/\/super-weddings.com\/wp-content\/uploads\/2020\/07\/kamil_wojtak_superweddings-768x768.jpg 768w\" sizes=\"auto, (max-width: 810px) 100vw, 810px\" \/><\/figure>\n\n<\/div><\/div><\/div>\n\n<div class=\"gb-grid-column gb-grid-column-cd4023eb\"><div class=\"gb-container gb-container-cd4023eb\"><div class=\"gb-inside-container\">\n\n<h3 class=\"gb-headline gb-headline-065676d2 gb-headline-text\">Kamil Wojtak<\/h3>\n\n\n\n<p>Es schien mir immer eine gute Idee zu sein, der Menge zu folgen. Jetzt wei\u00df ich, dass der einzige Weg, dem ich folgen muss, der des Herzens ist.<\/p>\n\n\n\n<p>Hier bin ich: ein fr\u00f6hlicher Realist, der s\u00fcchtig nach dem Gef\u00fchl der Freiheit und der damit verbundenen guten Musik ist. Ein Biker, Live-Bandmitglied, ein Fan von Boxen und Outdoor-Lifestyle und Adventours.<\/p>\n\n<\/div><\/div><\/div>\n<\/div>\n\n<div class=\"gb-grid-wrapper gb-grid-wrapper-c0ed398c\">\n<div class=\"gb-grid-column gb-grid-column-a46e62c0\"><div class=\"gb-container gb-container-a46e62c0\"><div class=\"gb-inside-container\">\n\n<h3 class=\"gb-headline gb-headline-993c30f1 gb-headline-text\">Agnieszka Ostrowska &amp; Maciek Jencz<\/h3>\n\n\n\n<p>Wir fotografieren, schreiben, bereisen die Welt, schlafen in einem Zelt, essen Pflanzen, verirren uns, reisen ohne Plan, lernen Traditionen und Kulturen kennen und genie\u00dfen die Natur. Wir flohen aus der Gro\u00dfstadt in ein kleines Dorf in Norwegen.<\/p>\n\n\n\n<p>Wir sind flexibel, verliebt in Reisen und werden Ihre Hochzeit bis an die letzten Grenzen begleiten.<\/p>\n\n<\/div><\/div><\/div>\n\n<div class=\"gb-grid-column gb-grid-column-63a69b1a\"><div class=\"gb-container gb-container-63a69b1a\"><div class=\"gb-inside-container\">\n\n<figure class=\"wp-block-image size-large\"><img loading=\"lazy\" decoding=\"async\" width=\"1000\" height=\"1000\" src=\"https:\/\/super-weddings.com\/wp-content\/uploads\/2020\/07\/superweddings_aga_maciek-1000x1000.jpg\" alt=\"\" class=\"wp-image-16797\" title=\"\" srcset=\"https:\/\/super-weddings.com\/wp-content\/uploads\/2020\/07\/superweddings_aga_maciek-1000x1000.jpg 1000w, https:\/\/super-weddings.com\/wp-content\/uploads\/2020\/07\/superweddings_aga_maciek-800x800.jpg 800w, https:\/\/super-weddings.com\/wp-content\/uploads\/2020\/07\/superweddings_aga_maciek-768x768.jpg 768w, https:\/\/super-weddings.com\/wp-content\/uploads\/2020\/07\/superweddings_aga_maciek.jpg 1282w\" sizes=\"auto, (max-width: 1000px) 100vw, 1000px\" \/><\/figure>\n\n<\/div><\/div><\/div>\n<\/div>\n<\/div><\/div>\n\n<div class=\"gb-container gb-container-f0965227\"><div class=\"gb-inside-container\">\n\n<h2 class=\"gb-headline gb-headline-22f42a2e gb-headline-text\">Meine Playlist<\/h2>\n\n\n\n<p class=\"has-text-align-center\">Ich glaube wirklich, dass der beste Weg, eine Person tats\u00e4chlich kennenzulernen, darin besteht, die Musik zu h\u00f6ren, die sie mag. Diese Wiedergabeliste wird Ihnen helfen, meine Stimmung besser zu verstehen. Aber ehrlich gesagt gibt es einige gro\u00dfartige Melodien, mit denen Sie tanzen, springen, Spa\u00df haben, sich aber auch melancholisch f\u00fchlen oder ein oder zwei Tr\u00e4nen verlieren m\u00f6chten. Genie\u00dfen!<\/p>\n\n\n\n<figure class=\"wp-block-embed is-type-rich is-provider-spotify wp-block-embed-spotify wp-embed-aspect-21-9 wp-has-aspect-ratio\"><div class=\"wp-block-embed__wrapper\">\n<iframe title=\"Spotify Embed: SuperWeddings - best music ever\" style=\"border-radius: 12px\" width=\"100%\" height=\"352\" frameborder=\"0\" allowfullscreen allow=\"autoplay; clipboard-write; encrypted-media; fullscreen; picture-in-picture\" loading=\"lazy\" src=\"https:\/\/open.spotify.com\/embed\/playlist\/1SqjKJe2SIdF8v6h2LczbF?utm_source=oembed\"><\/iframe>\n<\/div><\/figure>\n\n<\/div><\/div>\n\n<div class=\"gb-container gb-container-d06d0d60\"><div class=\"gb-inside-container\">\n<div class=\"gb-container gb-container-72095852\"><div class=\"gb-inside-container\">\n\n<h2 class=\"gb-headline gb-headline-18cb0ad1 gb-headline-text\">Reise<\/h2>\n\n\n\n<p>Ich liebe es einfach zu reisen. Ihre Hochzeit findet vielleicht im anderen Teil der Welt statt, aber es ist nur ein Flug entfernt. Es gibt so viele Orte auf der Welt, die ich gerne besuchen und erleben w\u00fcrde. Hier sind einige der Orte, an denen ich aus erster Hand Zeuge werden werde.<\/p>\n\n<\/div><\/div>\n\n<div class=\"wp-block-image\">\n<figure class=\"aligncenter size-medium is-resized\"><img loading=\"lazy\" decoding=\"async\" src=\"https:\/\/super-weddings.com\/wp-content\/uploads\/2020\/07\/Destination-Wedding-Videographer-800x409.png\" alt=\"\" class=\"wp-image-16816\" width=\"600\" height=\"307\" title=\"\" srcset=\"https:\/\/super-weddings.com\/wp-content\/uploads\/2020\/07\/Destination-Wedding-Videographer-800x409.png 800w, https:\/\/super-weddings.com\/wp-content\/uploads\/2020\/07\/Destination-Wedding-Videographer-1000x512.png 1000w, https:\/\/super-weddings.com\/wp-content\/uploads\/2020\/07\/Destination-Wedding-Videographer-768x393.png 768w, https:\/\/super-weddings.com\/wp-content\/uploads\/2020\/07\/Destination-Wedding-Videographer.png 1200w\" sizes=\"auto, (max-width: 600px) 100vw, 600px\" \/><\/figure>\n<\/div>\n\n\n<div style=\"height:60px\" aria-hidden=\"true\" class=\"wp-block-spacer\"><\/div>\n\n\n<div class=\"gb-grid-wrapper gb-grid-wrapper-1371915d\">\n<div class=\"gb-grid-column gb-grid-column-dccdf570\"><div class=\"gb-container gb-container-dccdf570\"><div class=\"gb-inside-container\">\n\n<p><strong>May<\/strong>&nbsp;Italy, Como Lake<\/p>\n\n\n\n<p><strong>May<\/strong>&nbsp;Portugal, Porto<\/p>\n\n\n\n<p><strong>July<\/strong>&nbsp;Italy, Puglia<\/p>\n\n\n\n<p><strong>August<\/strong>&nbsp;Morocco, Marakech<\/p>\n\n<\/div><\/div><\/div>\n\n<div class=\"gb-grid-column gb-grid-column-b7a8f3c0\"><div class=\"gb-container gb-container-b7a8f3c0\"><div class=\"gb-inside-container\">\n\n<p><strong>August<\/strong>&nbsp;Italy, Rome<\/p>\n\n\n\n<p><strong>August<\/strong>&nbsp;Greece, Santorini<\/p>\n\n\n\n<p><strong>September<\/strong>&nbsp;Italy, Sicily<\/p>\n\n\n\n<p><strong>October<\/strong>&nbsp;Spain, Gran Canaria<\/p>\n\n<\/div><\/div><\/div>\n<\/div>\n<\/div><\/div>\n\n\n<p><\/p>\n","protected":false},"excerpt":{"rendered":"<p>Alle guten Geschichten beginnen mit einem Herzschlag Sebastian Nandryka Siehe wie Kreativ do sein kannst! Sogar Batman arbeitete nicht alleine Ich bin der festen \u00dcberzeugung, dass Sie sich mit fantastischen Menschen umgeben m\u00fcssen, mit denen wir gemeinsam tr\u00e4umen, die Sterne erschaffen und erreichen k\u00f6nnen, um uns entwickeln und st\u00e4ndig weiterentwickeln zu k\u00f6nnen. Treffen Sie meine &#8230; <a title=\"\u00dcber Mich\" class=\"read-more\" href=\"https:\/\/super-weddings.com\/de\/ueber-mich\/\" aria-label=\"Mehr Informationen \u00fcber \u00dcber Mich\">Weiterlesen &#8230;<\/a><\/p>\n","protected":false},"author":1,"featured_media":17441,"parent":0,"menu_order":0,"comment_status":"closed","ping_status":"closed","template":"","meta":{"_gspb_post_css":"","footnotes":""},"class_list":["post-22483","page","type-page","status-publish","has-post-thumbnail"],"featured_image_src":"https:\/\/super-weddings.com\/wp-content\/uploads\/2020\/08\/gran_canaria_photographer-72.jpg","_links":{"self":[{"href":"https:\/\/super-weddings.com\/de\/wp-json\/wp\/v2\/pages\/22483","targetHints":{"allow":["GET"]}}],"collection":[{"href":"https:\/\/super-weddings.com\/de\/wp-json\/wp\/v2\/pages"}],"about":[{"href":"https:\/\/super-weddings.com\/de\/wp-json\/wp\/v2\/types\/page"}],"author":[{"embeddable":true,"href":"https:\/\/super-weddings.com\/de\/wp-json\/wp\/v2\/users\/1"}],"replies":[{"embeddable":true,"href":"https:\/\/super-weddings.com\/de\/wp-json\/wp\/v2\/comments?post=22483"}],"version-history":[{"count":1,"href":"https:\/\/super-weddings.com\/de\/wp-json\/wp\/v2\/pages\/22483\/revisions"}],"predecessor-version":[{"id":35610,"href":"https:\/\/super-weddings.com\/de\/wp-json\/wp\/v2\/pages\/22483\/revisions\/35610"}],"wp:featuredmedia":[{"embeddable":true,"href":"https:\/\/super-weddings.com\/de\/wp-json\/wp\/v2\/media\/17441"}],"wp:attachment":[{"href":"https:\/\/super-weddings.com\/de\/wp-json\/wp\/v2\/media?parent=22483"}],"curies":[{"name":"wp","href":"https:\/\/api.w.org\/{rel}","templated":true}]}}