{"id":22468,"date":"2020-10-19T12:37:31","date_gmt":"2020-10-19T12:37:31","guid":{"rendered":"https:\/\/super.robak.dev\/?page_id=22468"},"modified":"2023-07-12T13:06:32","modified_gmt":"2023-07-12T13:06:32","slug":"home","status":"publish","type":"page","link":"https:\/\/super-weddings.com\/de\/","title":{"rendered":"Home"},"content":{"rendered":"\n<div class=\"wp-block-stackable-columns stk-block-columns stk-block stk-4753b38\" data-block-id=\"4753b38\"><style>.stk-4753b38 .stk--block-align-4753b38{align-items:center !important}<\/style><div class=\"stk-row stk-inner-blocks stk--block-align-4753b38 stk-block-content stk-content-align stk-4753b38-column\">\n<div class=\"wp-block-stackable-column stk-block-column stk-column stk-block stk-dcab628 stk-block-background stk--has-background-overlay\" data-v=\"4\" data-block-id=\"dcab628\"><style>.stk-dcab628{align-self:center !important;background-color:var(--contrast) !important;background-image:url(https:\/\/super-weddings.com\/wp-content\/uploads\/2023\/07\/10\/super-weddings-destination-wedding-videographer-photographer.jpg.jpg) !important;align-items:center !important;display:flex !important}.stk-dcab628-inner-blocks{justify-content:center !important}.stk-dcab628:before{background-color:var(--contrast) !important;opacity:0.1 !important}.stk-dcab628-container{min-height:80vh !important}@media screen and (max-width:1023px){.stk-dcab628{background-image:url(https:\/\/super-weddings.com\/wp-content\/uploads\/2023\/07\/10\/front-superweddings-2023.jpg) !important}}@media screen and (max-width:767px){.stk-dcab628{background-image:url(https:\/\/super-weddings.com\/wp-content\/uploads\/2023\/07\/10\/front-mobile.jpg) !important}}<\/style><div class=\"stk-column-wrapper stk-block-column__content stk-container stk-dcab628-container stk--no-background stk--no-padding\"><div class=\"has-text-align-center stk--column-flex stk-block-content stk-inner-blocks stk-dcab628-inner-blocks\">\n<figure class=\"gb-block-image gb-block-image-16b23ea9\"><img loading=\"lazy\" decoding=\"async\" width=\"715\" height=\"258\" class=\"gb-image gb-image-16b23ea9\" src=\"https:\/\/super-weddings.com\/wp-content\/uploads\/2023\/07\/super-weddings-destination-wedding-videographer-photographerr.png\" alt=\"Super Weddings - destination wedding videographer &amp; photographer\" title=\"super-weddings-destination-wedding-videographer-photographerr\"\/><\/figure>\n<\/div><\/div><\/div>\n<\/div><\/div>\n\n\n<div class=\"gb-container gb-container-5cb64c88\"><div class=\"gb-inside-container\">\n\n<h1 class=\"gb-headline gb-headline-3efe1796 gb-headline-text\">hochzeitsfotograf + hochzeitsvideograf<\/h1>\n\n\n\n<h2 class=\"gb-headline gb-headline-ab821325 gb-headline-text\">Kreative und Emotionale Hochzeitsvideos<\/h2>\n\n<\/div><\/div>\n\n<div class=\"gb-container gb-container-6b66d22d\"><div class=\"gb-inside-container\">\n<div class=\"gb-grid-wrapper gb-grid-wrapper-3526ad39\">\n<div class=\"gb-grid-column gb-grid-column-0cac6b3f\"><div class=\"gb-container gb-container-0cac6b3f\"><div class=\"gb-inside-container\">\n\n<p class=\"has-drop-cap has-text-align-justify\">Mein Name ist Sebastian, und das ist mein kleines St\u00fcck Welt, das ich SuperWeddings nenne. Und ja, meine Geschichte beginnt irgendwo tief in meinem Herzen, das zur Familie schl\u00e4gt \u2013 meine Frau und zwei erstaunliche Kinder, die ich am Tod liebe. Ich glaube nicht, dass ich jemals beschlossen habe, ein Hochzeitsvideo zu werden. Es ist das Schicksal, das mich in diese Richtung zog. Und weisst du was? Ich w\u00fcrde nichts \u00e4ndern. Ich halte mich f\u00fcr den gl\u00fccklichsten Menschen auf der Erde, indem ich das mache, in dem ich mich verliebt habe. Ja, ich liebe es, Emotionen mit meinen Filmen zu portr\u00e4tieren!<\/p>\n\n\n\n<div style=\"height:24px\" aria-hidden=\"true\" class=\"wp-block-spacer\"><\/div>\n\n\n<div class=\"gb-button-wrapper gb-button-wrapper-1532ed5e\">\n\n<a class=\"gb-button gb-button-2e7941f5 gb-button-text\" href=\"https:\/\/super-weddings.com\/de\/ueber-mich\/\">weiterlesen<\/a>\n\n<\/div>\n<\/div><\/div><\/div>\n\n<div class=\"gb-grid-column gb-grid-column-b0975337\"><div class=\"gb-container gb-container-b0975337\"><div class=\"gb-inside-container\">\n\n<figure class=\"wp-block-image size-large\"><img loading=\"lazy\" decoding=\"async\" width=\"1000\" height=\"1000\" src=\"https:\/\/super-weddings.com\/wp-content\/uploads\/2023\/07\/10\/SEBASTIAN_NANDRYKA_SUPER_WEDDINGS-1000x1000.jpg\" alt=\"\" class=\"wp-image-34847\" title=\"\" srcset=\"https:\/\/super-weddings.com\/wp-content\/uploads\/2023\/07\/10\/SEBASTIAN_NANDRYKA_SUPER_WEDDINGS-1000x1000.jpg 1000w, https:\/\/super-weddings.com\/wp-content\/uploads\/2023\/07\/10\/SEBASTIAN_NANDRYKA_SUPER_WEDDINGS-800x800.jpg 800w, https:\/\/super-weddings.com\/wp-content\/uploads\/2023\/07\/10\/SEBASTIAN_NANDRYKA_SUPER_WEDDINGS-768x768.jpg 768w, https:\/\/super-weddings.com\/wp-content\/uploads\/2023\/07\/10\/SEBASTIAN_NANDRYKA_SUPER_WEDDINGS-1536x1536.jpg 1536w, https:\/\/super-weddings.com\/wp-content\/uploads\/2023\/07\/10\/SEBASTIAN_NANDRYKA_SUPER_WEDDINGS-600x600.jpg 600w, https:\/\/super-weddings.com\/wp-content\/uploads\/2023\/07\/10\/SEBASTIAN_NANDRYKA_SUPER_WEDDINGS.jpg 1755w\" sizes=\"auto, (max-width: 1000px) 100vw, 1000px\" \/><\/figure>\n\n<\/div><\/div><\/div>\n<\/div>\n<\/div><\/div>\n\n<div class=\"gb-container gb-container-1d904934\"><div class=\"gb-inside-container\">\n<div class=\"gb-grid-wrapper gb-grid-wrapper-1ef0e19c\">\n<div class=\"gb-grid-column gb-grid-column-c39b4f54\"><div class=\"gb-container gb-container-c39b4f54\"><div class=\"gb-inside-container\">\n\n<h3 class=\"gb-headline gb-headline-f93745eb gb-headline-text\">Filme<\/h3>\n\n\n\n<p>Ein paar sorgf\u00e4ltig ausgew\u00e4hlte, einzigartige Geschichten von meinen erstaunlichen Paaren. Jeder von ihnen ist anders. Jeder von ihnen ist etwas Besonderes und nah an meinem Herzen.<\/p>\n\n<\/div><\/div><\/div>\n\n<div class=\"gb-grid-column gb-grid-column-5f347338\"><div class=\"gb-container gb-container-5f347338\"><div class=\"gb-inside-container\"><\/div><\/div><\/div>\n<\/div>\n<\/div><\/div>\n\n<div class=\"gb-container gb-container-29c5d454\"><div class=\"gb-inside-container\">\n<div  class=\"ultp-post-grid-block wp-block-ultimate-post-post-grid-2 ultp-block-1a1d59\"><div class=\"ultp-block-wrapper\"><div class=\"ultp-loading\"><div class=\"ultp-loading-blocks\" style=\"width:100%;height:100%;\"><div style=\"left: 0;top: 0;animation-delay:0s;\"><\/div><div style=\"left: 21px;top: 0;animation-delay:0.125s;\"><\/div><div style=\"left: 42px;top: 0;animation-delay:0.25s;\"><\/div><div style=\"left: 0;top: 21px;animation-delay:0.875s;\"><\/div><div style=\"left: 42px;top: 21px;animation-delay:0.375s;\"><\/div><div style=\"left: 0;top: 42px;animation-delay:0.75s;\"><\/div><div style=\"left: 42px;top: 42px;animation-delay:0.625s;\"><\/div><div style=\"left: 21px;top: 42px;animation-delay:0.5s;\"><\/div><\/div><\/div><div class=\"ultp-block-items-wrap ultp-block-row\"><div class=\"ultp-block-item post-id-3859\"><div class=\"ultp-block-content-wrap ultp-block-content-overlay\"><div class=\"ultp-block-image ultp-block-image-none\"><a href=\"https:\/\/super-weddings.com\/de\/film\/seville-hochzeitsvideograf-hochzeitsfilm-catrine-max\/\" ><img decoding=\"async\" alt=\"Destination Wedding Photographer working in Seville in Hotel Alfonso \" src=\"https:\/\/super-weddings.com\/wp-content\/uploads\/2020\/10\/seville_wedding_videographer-2-1.jpg\" title=\"\"><\/a><\/div><div class=\"ultp-block-content ultp-block-content-bottomPosition\"><div class=\"ultp-block-content-inner\"><h3 class=\"ultp-block-title \"><a href=\"https:\/\/super-weddings.com\/de\/film\/seville-hochzeitsvideograf-hochzeitsfilm-catrine-max\/\" >Hochzeitsfilm Seville Catrine&#038;Max<\/a><\/h3><\/div><\/div><\/div><\/div><div class=\"ultp-block-item post-id-817\"><div class=\"ultp-block-content-wrap ultp-block-content-overlay\"><div class=\"ultp-block-image ultp-block-image-none\"><a href=\"https:\/\/super-weddings.com\/de\/film\/eine-rustikale-bohemian-hochzeit-im-wald\/\" ><img decoding=\"async\" alt=\"Eine rustikale bohemian Hochzeit im Wald\" src=\"https:\/\/super-weddings.com\/wp-content\/uploads\/2020\/10\/boho_barn_wedding_session-2.jpg\" title=\"\"><\/a><\/div><div class=\"ultp-block-content ultp-block-content-bottomPosition\"><div class=\"ultp-block-content-inner\"><h3 class=\"ultp-block-title \"><a href=\"https:\/\/super-weddings.com\/de\/film\/eine-rustikale-bohemian-hochzeit-im-wald\/\" >Eine rustikale bohemian Hochzeit im Wald<\/a><\/h3><\/div><\/div><\/div><\/div><div class=\"ultp-block-item post-id-795\"><div class=\"ultp-block-content-wrap ultp-block-content-overlay\"><div class=\"ultp-block-image ultp-block-image-none\"><a href=\"https:\/\/super-weddings.com\/de\/film\/boho-hochzeit-der-toskana-von-alessandra-diego\/\" ><img decoding=\"async\" alt=\"destination wedding films\" src=\"https:\/\/super-weddings.com\/wp-content\/uploads\/2020\/10\/Tuscany_Wedding_Film-e1588621728929.jpg\" title=\"\"><\/a><\/div><div class=\"ultp-block-content ultp-block-content-bottomPosition\"><div class=\"ultp-block-content-inner\"><h3 class=\"ultp-block-title \"><a href=\"https:\/\/super-weddings.com\/de\/film\/boho-hochzeit-der-toskana-von-alessandra-diego\/\" >Boho-Hochzeit in der Toskana von Alessandra &#038; Diego<\/a><\/h3><\/div><\/div><\/div><\/div><div class=\"ultp-block-item post-id-768\"><div class=\"ultp-block-content-wrap ultp-block-content-overlay\"><div class=\"ultp-block-image ultp-block-image-none\"><a href=\"https:\/\/super-weddings.com\/de\/film\/ein-strand-elopement-den-azores-von-twyla-gary\/\" ><img decoding=\"async\" alt=\"Ein Strand Elopement in den Azores von Twyla + Gary\" src=\"https:\/\/super-weddings.com\/wp-content\/uploads\/2017\/10\/Elopement-Azores-Wedding-Videographer-2-870x570.jpg\" title=\"\"><\/a><\/div><div class=\"ultp-block-content ultp-block-content-bottomPosition\"><div class=\"ultp-block-content-inner\"><h3 class=\"ultp-block-title \"><a href=\"https:\/\/super-weddings.com\/de\/film\/ein-strand-elopement-den-azores-von-twyla-gary\/\" >Ein Strand Elopement in den Azores von Twyla + Gary<\/a><\/h3><\/div><\/div><\/div><\/div><div class=\"ultp-block-item post-id-805\"><div class=\"ultp-block-content-wrap ultp-block-content-overlay\"><div class=\"ultp-block-image ultp-block-image-none\"><a href=\"https:\/\/super-weddings.com\/de\/film\/traumhafte-hochzeit-comer-see-natalie-steve\/\" ><img decoding=\"async\" alt=\"Traumhafte Hochzeit am Comer See, Natalie + Steve\" src=\"https:\/\/super-weddings.com\/wp-content\/uploads\/2017\/10\/destination-wedding-videographer-milano-como-lake-870x570.jpg\" title=\"\"><\/a><\/div><div class=\"ultp-block-content ultp-block-content-bottomPosition\"><div class=\"ultp-block-content-inner\"><h3 class=\"ultp-block-title \"><a href=\"https:\/\/super-weddings.com\/de\/film\/traumhafte-hochzeit-comer-see-natalie-steve\/\" >Traumhafte Hochzeit am Comer See, Natalie + Steve<\/a><\/h3><\/div><\/div><\/div><\/div><div class=\"ultp-block-item post-id-799\"><div class=\"ultp-block-content-wrap ultp-block-content-overlay\"><div class=\"ultp-block-image ultp-block-image-none\"><a href=\"https:\/\/super-weddings.com\/de\/film\/isle-skye-elopement-von-mia-tom\/\" ><img decoding=\"async\" alt=\"Isle of Skye Elopement von Mia + Tom\" src=\"https:\/\/super-weddings.com\/wp-content\/uploads\/2017\/10\/Isle-of-Skye-Elopement.jpg\" title=\"\"><\/a><\/div><div class=\"ultp-block-content ultp-block-content-bottomPosition\"><div class=\"ultp-block-content-inner\"><h3 class=\"ultp-block-title \"><a href=\"https:\/\/super-weddings.com\/de\/film\/isle-skye-elopement-von-mia-tom\/\" >Isle of Skye Elopement von Mia + Tom<\/a><\/h3><\/div><\/div><\/div><\/div><div class=\"ultp-block-item post-id-813\"><div class=\"ultp-block-content-wrap ultp-block-content-overlay\"><div class=\"ultp-block-image ultp-block-image-none\"><a href=\"https:\/\/super-weddings.com\/de\/film\/traumhafte-bohemian-scheunen-hochzeit\/\" ><img decoding=\"async\" alt=\"Europa\" src=\"https:\/\/super-weddings.com\/wp-content\/uploads\/2017\/09\/Barn-wedding-film-osada-mlynska-870x570.jpg\" title=\"\"><\/a><\/div><div class=\"ultp-block-content ultp-block-content-bottomPosition\"><div class=\"ultp-block-content-inner\"><h3 class=\"ultp-block-title \"><a href=\"https:\/\/super-weddings.com\/de\/film\/traumhafte-bohemian-scheunen-hochzeit\/\" >Traumhafte Bohemian Scheunen-Hochzeit<\/a><\/h3><\/div><\/div><\/div><\/div><\/div><\/div><div class=\"pagination-block-html\" aria-hidden=\"true\" style=\"display: none;\"><\/div><\/div>\n<\/div><\/div>\n\n<div class=\"gb-container gb-container-13857e8f\"><div class=\"gb-inside-container\">\n<div class=\"gb-grid-wrapper gb-grid-wrapper-6df52aa9\">\n<div class=\"gb-grid-column gb-grid-column-72d1f738\"><div class=\"gb-container gb-container-72d1f738\"><div class=\"gb-inside-container\">\n\n<h3 class=\"gb-headline gb-headline-acd35866 gb-headline-text\">Fotografie<\/h3>\n\n\n\n<p>Ein paar Beispiele von unseren erstaunlichen Hochzeiten &#8211; wo wir auch als Hochzeitsfotografen gearbeitet haben.<\/p>\n\n<\/div><\/div><\/div>\n\n<div class=\"gb-grid-column gb-grid-column-bc1bb02d\"><div class=\"gb-container gb-container-bc1bb02d\"><div class=\"gb-inside-container\"><\/div><\/div><\/div>\n<\/div>\n<\/div><\/div>\n\n<div class=\"gb-container gb-container-483279b3\"><div class=\"gb-inside-container\">\n<div class=\"gb-container gb-container-025de6a5\"><div class=\"gb-inside-container\"><\/div><\/div>\n\n<div  class=\"ultp-post-grid-block wp-block-ultimate-post-post-grid-3 ultp-block-0b95f4\"><div class=\"ultp-block-wrapper\"><div class=\"ultp-loading\"><div class=\"ultp-loading-blocks\" style=\"width:100%;height:100%;\"><div style=\"left: 0;top: 0;animation-delay:0s;\"><\/div><div style=\"left: 21px;top: 0;animation-delay:0.125s;\"><\/div><div style=\"left: 42px;top: 0;animation-delay:0.25s;\"><\/div><div style=\"left: 0;top: 21px;animation-delay:0.875s;\"><\/div><div style=\"left: 42px;top: 21px;animation-delay:0.375s;\"><\/div><div style=\"left: 0;top: 42px;animation-delay:0.75s;\"><\/div><div style=\"left: 42px;top: 42px;animation-delay:0.625s;\"><\/div><div style=\"left: 21px;top: 42px;animation-delay:0.5s;\"><\/div><\/div><\/div><div class=\"ultp-block-items-wrap ultp-block-row ultp-layout5 ultp-block-column3\"><div class=\"ultp-block-item post-id-3877\"><div class=\"ultp-block-content-wrap ultp-block-content-overlay\"><div class=\"ultp-block-image ultp-block-image-none\"><a href=\"https:\/\/super-weddings.com\/de\/strandshooting-auf-gran-canaria\/\" ><img decoding=\"async\" alt=\"Strandshooting auf Gran Canaria\" src=\"https:\/\/super-weddings.com\/wp-content\/uploads\/2020\/10\/gran_canaria_photographer-12-1-870x570.jpg\" title=\"\"><\/a><\/div><div class=\"ultp-block-content ultp-block-content-bottomPosition\"><div class=\"ultp-block-content-inner\"><h3 class=\"ultp-block-title \"><a href=\"https:\/\/super-weddings.com\/de\/strandshooting-auf-gran-canaria\/\" >Strandshooting auf Gran Canaria<\/a><\/h3><\/div><\/div><\/div><\/div><div class=\"ultp-block-item post-id-3872\"><div class=\"ultp-block-content-wrap ultp-block-content-overlay\"><div class=\"ultp-block-image ultp-block-image-none\"><a href=\"https:\/\/super-weddings.com\/de\/hochzeit-videofilmer-gran-canaria\/\" ><img decoding=\"async\" alt=\"Eine total Bananen Hochzeit auf Gran Canaria\" src=\"https:\/\/super-weddings.com\/wp-content\/uploads\/2020\/10\/gran_canaria_elopement-130-600x600.jpg\" title=\"\"><\/a><\/div><div class=\"ultp-block-content ultp-block-content-bottomPosition\"><div class=\"ultp-block-content-inner\"><h3 class=\"ultp-block-title \"><a href=\"https:\/\/super-weddings.com\/de\/hochzeit-videofilmer-gran-canaria\/\" >Eine total Bananen Hochzeit auf Gran Canaria<\/a><\/h3><\/div><\/div><\/div><\/div><div class=\"ultp-block-item post-id-2837\"><div class=\"ultp-block-content-wrap ultp-block-content-overlay\"><div class=\"ultp-block-image ultp-block-image-none\"><a href=\"https:\/\/super-weddings.com\/de\/samar-und-julian-lago-maggiore\/\" ><img decoding=\"async\" alt=\"Samar &#038; Julian \u2013 Eine Hochzeit am Lago Maggiore\" src=\"https:\/\/super-weddings.com\/wp-content\/uploads\/2018\/01\/wedding_lago_maggiore_video-93-600x600.jpg\" title=\"\"><\/a><\/div><div class=\"ultp-block-content ultp-block-content-bottomPosition\"><div class=\"ultp-block-content-inner\"><h3 class=\"ultp-block-title \"><a href=\"https:\/\/super-weddings.com\/de\/samar-und-julian-lago-maggiore\/\" >Samar &#038; Julian \u2013 Eine Hochzeit am Lago Maggiore<\/a><\/h3><\/div><\/div><\/div><\/div><div class=\"ultp-block-item post-id-3862\"><div class=\"ultp-block-content-wrap ultp-block-content-overlay\"><div class=\"ultp-block-image ultp-block-image-none\"><a href=\"https:\/\/super-weddings.com\/de\/eine-hochzeit-in-paris-hochzeitsfilm-fotographie\/\" ><img decoding=\"async\" alt=\"Eine Hochzeit in Paris\" src=\"https:\/\/super-weddings.com\/wp-content\/uploads\/2020\/10\/paris_wedding_session-90-600x600.jpg\" title=\"\"><\/a><\/div><div class=\"ultp-block-content ultp-block-content-bottomPosition\"><div class=\"ultp-block-content-inner\"><h3 class=\"ultp-block-title \"><a href=\"https:\/\/super-weddings.com\/de\/eine-hochzeit-in-paris-hochzeitsfilm-fotographie\/\" >Eine Hochzeit in Paris<\/a><\/h3><\/div><\/div><\/div><\/div><div class=\"ultp-block-item post-id-836\"><div class=\"ultp-block-content-wrap ultp-block-content-overlay\"><div class=\"ultp-block-image ultp-block-image-none\"><a href=\"https:\/\/super-weddings.com\/de\/ein-wahnsinniges-elopemeny-von-mia-tom-auf-der-isle-skye\/\" ><img decoding=\"async\" alt=\"Ein wahnsinniges Elopemeny von Mia + Tom auf der Isle of Skye\" src=\"https:\/\/super-weddings.com\/wp-content\/uploads\/2020\/10\/destination-wedding-videographer-isle-skye-3-600x600.jpg\" title=\"\"><\/a><\/div><div class=\"ultp-block-content ultp-block-content-bottomPosition\"><div class=\"ultp-block-content-inner\"><h3 class=\"ultp-block-title \"><a href=\"https:\/\/super-weddings.com\/de\/ein-wahnsinniges-elopemeny-von-mia-tom-auf-der-isle-skye\/\" >Ein wahnsinniges Elopemeny von Mia + Tom auf der Isle of Skye<\/a><\/h3><\/div><\/div><\/div><\/div><\/div><\/div><div class=\"pagination-block-html\" aria-hidden=\"true\" style=\"display: none;\"><\/div><\/div>\n<\/div><\/div>\n\n\n<p><\/p>\n","protected":false},"excerpt":{"rendered":"<p>hochzeitsfotograf + hochzeitsvideograf Kreative und Emotionale Hochzeitsvideos<\/p>\n","protected":false},"author":1,"featured_media":21758,"parent":0,"menu_order":0,"comment_status":"closed","ping_status":"closed","template":"","meta":{"_gspb_post_css":"","footnotes":""},"class_list":["post-22468","page","type-page","status-publish","has-post-thumbnail"],"featured_image_src":"https:\/\/super-weddings.com\/wp-content\/uploads\/2020\/10\/gran_canaria_elopement-130.jpg","jetpack_sharing_enabled":true,"_links":{"self":[{"href":"https:\/\/super-weddings.com\/de\/wp-json\/wp\/v2\/pages\/22468","targetHints":{"allow":["GET"]}}],"collection":[{"href":"https:\/\/super-weddings.com\/de\/wp-json\/wp\/v2\/pages"}],"about":[{"href":"https:\/\/super-weddings.com\/de\/wp-json\/wp\/v2\/types\/page"}],"author":[{"embeddable":true,"href":"https:\/\/super-weddings.com\/de\/wp-json\/wp\/v2\/users\/1"}],"replies":[{"embeddable":true,"href":"https:\/\/super-weddings.com\/de\/wp-json\/wp\/v2\/comments?post=22468"}],"version-history":[{"count":9,"href":"https:\/\/super-weddings.com\/de\/wp-json\/wp\/v2\/pages\/22468\/revisions"}],"predecessor-version":[{"id":35581,"href":"https:\/\/super-weddings.com\/de\/wp-json\/wp\/v2\/pages\/22468\/revisions\/35581"}],"wp:featuredmedia":[{"embeddable":true,"href":"https:\/\/super-weddings.com\/de\/wp-json\/wp\/v2\/media\/21758"}],"wp:attachment":[{"href":"https:\/\/super-weddings.com\/de\/wp-json\/wp\/v2\/media?parent=22468"}],"curies":[{"name":"wp","href":"https:\/\/api.w.org\/{rel}","templated":true}]}}